{"id":1121,"date":"2020-10-27T09:13:03","date_gmt":"2020-10-27T06:13:03","guid":{"rendered":"https:\/\/cloudics.com\/?page_id=1121"},"modified":"2025-08-18T11:16:46","modified_gmt":"2025-08-18T08:16:46","slug":"kontosicherheit","status":"publish","type":"page","link":"https:\/\/cloudics.com\/de\/kontosicherheit\/","title":{"rendered":"Kontosicherheit"},"content":{"rendered":"\n<div id=\"general_info\" class=\"wp-block-group wrap\"><div class=\"wp-block-group__inner-container is-layout-flow wp-block-group-is-layout-flow\">\n<h2 class=\"wp-block-heading druk\">Auf allen Ger\u00e4ten vom Meinem Konto abmelden<\/h2>\n\n\n\n<p>Mit dieser Funktion k\u00f6nnen Sie sich auf allen Ger\u00e4ten gleichzeitig abmelden und weitere Cloudics-Transaktionen blockieren. Wenn Sie sich abmelden, kann niemand sonst Ihr Konto nutzen. Sobald Sie sich jedoch wieder anmelden, k\u00f6nnen Sie Cloudics weiter verwenden.<br><\/p>\n\n\n\n<p>Sie erhalten eine E-Mail mit weiteren Anleitungen!<\/p>\n\n\n\n<div id=\"logout_form\" class=\"form-group\">\n            <label for=\"accountBlockEmail\">E-Mail-Adresse<\/label>\n            <p><input type=\"email\" class=\"form-control\" id=\"accountBlockEmail\" placeholder=\"E-Mail-Adresse eingeben\"><\/p>\n\n<button type=\"submit\" id=\"email-submit\">Abschicken<\/button>\n            <p id=\"error-text\"><\/p>\n            <p id=\"success-text\"><\/p>\n<\/div>\n\n\n\n<script>\r\njQuery(document).on(\"click\", \"#email-submit\", function(e) {\r\n  e.preventDefault();\r\n  \r\n  var email = jQuery(\"#accountBlockEmail\").val(),\r\n      error = jQuery('#error-text'),\r\n      success = jQuery('#success-text');\r\n  \r\n  error.hide();\r\n  success.hide();\r\n  \r\n  if(email.length < 6 || !email.includes('@') || !email.includes('.')) {\r\n    error.text('Please enter a valid email!');\r\n    error.show();\r\n  } else {\r\n    jQuery.post({\r\n      url: \"https:\/\/cloudics.com\/wp-content\/themes\/CloudicsTheme\/js\/libs\/app.php\",\r\n      data: {\r\n        email : email,\r\n      },\r\n      success: function(data) {\r\n        console.log(data);\r\n        if(!data.error) {\r\n          success.text('Email successfully sent! Please follow instructions received in your email!');\r\n          success.show();\r\n        } else {\r\n          error.text('Unable to send the email! Please try again later!');\r\n          error.show();\r\n        }\r\n      },\r\n      dataType: \"json\"\r\n    });\r\n  }\r\n});\r\n<\/script>\n<\/div><\/div>\n","protected":false},"excerpt":{"rendered":"<p>Auf allen Ger\u00e4ten vom Meinem Konto abmelden Mit dieser Funktion k\u00f6nnen Sie sich auf allen Ger\u00e4ten gleichzeitig abmelden und weitere Cloudics-Transaktionen blockieren. Wenn Sie sich abmelden, kann niemand sonst Ihr Konto nutzen. Sobald Sie sich jedoch wieder anmelden, k\u00f6nnen Sie Cloudics weiter verwenden. Sie erhalten eine E-Mail mit weiteren Anleitungen! E-Mail-Adresse Abschicken<\/p>\n","protected":false},"author":1,"featured_media":0,"parent":0,"menu_order":0,"comment_status":"closed","ping_status":"closed","template":"template_b2c.php","meta":{"footnotes":""},"class_list":["post-1121","page","type-page","status-publish","hentry"],"yoast_head":"<!-- This site is optimized with the Yoast SEO plugin v27.4 - https:\/\/yoast.com\/product\/yoast-seo-wordpress\/ -->\n<title>Auf allen Ger\u00e4ten vom Meinem Konto abmelden - Cloudics<\/title>\n<meta name=\"description\" content=\"Mit dieser Funktion k\u00f6nnen Sie sich auf allen Ger\u00e4ten gleichzeitig abmelden und weitere Cloudics-Transaktionen blockieren.\" \/>\n<meta name=\"robots\" content=\"index, follow, max-snippet:-1, max-image-preview:large, max-video-preview:-1\" \/>\n<link rel=\"canonical\" href=\"https:\/\/cloudics.com\/de\/kontosicherheit\/\" \/>\n<meta property=\"og:locale\" content=\"de_DE\" \/>\n<meta property=\"og:type\" content=\"article\" \/>\n<meta property=\"og:title\" content=\"Auf allen Ger\u00e4ten vom Meinem Konto abmelden - Cloudics\" \/>\n<meta property=\"og:description\" content=\"Mit dieser Funktion k\u00f6nnen Sie sich auf allen Ger\u00e4ten gleichzeitig abmelden und weitere Cloudics-Transaktionen blockieren.\" \/>\n<meta property=\"og:url\" content=\"https:\/\/cloudics.com\/de\/kontosicherheit\/\" \/>\n<meta property=\"og:site_name\" content=\"Cloudics\" \/>\n<meta property=\"article:publisher\" content=\"https:\/\/www.facebook.com\/Cloudics\" \/>\n<meta property=\"article:modified_time\" content=\"2025-08-18T08:16:46+00:00\" \/>\n<meta name=\"twitter:card\" content=\"summary_large_image\" \/>\n<meta name=\"twitter:site\" content=\"@Cloudics_com\" \/>\n<meta name=\"twitter:label1\" content=\"Gesch\u00e4tzte Lesezeit\" \/>\n\t<meta name=\"twitter:data1\" content=\"1 Minute\" \/>\n<script type=\"application\/ld+json\" class=\"yoast-schema-graph\">{\"@context\":\"https:\\\/\\\/schema.org\",\"@graph\":[{\"@type\":\"WebPage\",\"@id\":\"https:\\\/\\\/cloudics.com\\\/de\\\/kontosicherheit\\\/\",\"url\":\"https:\\\/\\\/cloudics.com\\\/de\\\/kontosicherheit\\\/\",\"name\":\"Auf allen Ger\u00e4ten vom Meinem Konto abmelden - Cloudics\",\"isPartOf\":{\"@id\":\"https:\\\/\\\/cloudics.com\\\/en\\\/#website\"},\"datePublished\":\"2020-10-27T06:13:03+00:00\",\"dateModified\":\"2025-08-18T08:16:46+00:00\",\"description\":\"Mit dieser Funktion k\u00f6nnen Sie sich auf allen Ger\u00e4ten gleichzeitig abmelden und weitere Cloudics-Transaktionen blockieren.\",\"inLanguage\":\"de\",\"potentialAction\":[{\"@type\":\"ReadAction\",\"target\":[\"https:\\\/\\\/cloudics.com\\\/de\\\/kontosicherheit\\\/\"]}]},{\"@type\":\"WebSite\",\"@id\":\"https:\\\/\\\/cloudics.com\\\/en\\\/#website\",\"url\":\"https:\\\/\\\/cloudics.com\\\/en\\\/\",\"name\":\"Cloudics\",\"description\":\"\",\"publisher\":{\"@id\":\"https:\\\/\\\/cloudics.com\\\/en\\\/#organization\"},\"potentialAction\":[{\"@type\":\"SearchAction\",\"target\":{\"@type\":\"EntryPoint\",\"urlTemplate\":\"https:\\\/\\\/cloudics.com\\\/en\\\/?s={search_term_string}\"},\"query-input\":{\"@type\":\"PropertyValueSpecification\",\"valueRequired\":true,\"valueName\":\"search_term_string\"}}],\"inLanguage\":\"de\"},{\"@type\":\"Organization\",\"@id\":\"https:\\\/\\\/cloudics.com\\\/en\\\/#organization\",\"name\":\"Cloudics\",\"url\":\"https:\\\/\\\/cloudics.com\\\/en\\\/\",\"logo\":{\"@type\":\"ImageObject\",\"inLanguage\":\"de\",\"@id\":\"https:\\\/\\\/cloudics.com\\\/en\\\/#\\\/schema\\\/logo\\\/image\\\/\",\"url\":\"https:\\\/\\\/cloudics.com\\\/wp-content\\\/uploads\\\/2022\\\/12\\\/logo_sign_b.png\",\"contentUrl\":\"https:\\\/\\\/cloudics.com\\\/wp-content\\\/uploads\\\/2022\\\/12\\\/logo_sign_b.png\",\"width\":163,\"height\":133,\"caption\":\"Cloudics\"},\"image\":{\"@id\":\"https:\\\/\\\/cloudics.com\\\/en\\\/#\\\/schema\\\/logo\\\/image\\\/\"},\"sameAs\":[\"https:\\\/\\\/www.facebook.com\\\/Cloudics\",\"https:\\\/\\\/x.com\\\/Cloudics_com\",\"https:\\\/\\\/www.linkedin.com\\\/company\\\/cloudics\",\"https:\\\/\\\/www.instagram.com\\\/cloudics_com\"]}]}<\/script>\n<!-- \/ Yoast SEO plugin. -->","yoast_head_json":{"title":"Auf allen Ger\u00e4ten vom Meinem Konto abmelden - Cloudics","description":"Mit dieser Funktion k\u00f6nnen Sie sich auf allen Ger\u00e4ten gleichzeitig abmelden und weitere Cloudics-Transaktionen blockieren.","robots":{"index":"index","follow":"follow","max-snippet":"max-snippet:-1","max-image-preview":"max-image-preview:large","max-video-preview":"max-video-preview:-1"},"canonical":"https:\/\/cloudics.com\/de\/kontosicherheit\/","og_locale":"de_DE","og_type":"article","og_title":"Auf allen Ger\u00e4ten vom Meinem Konto abmelden - Cloudics","og_description":"Mit dieser Funktion k\u00f6nnen Sie sich auf allen Ger\u00e4ten gleichzeitig abmelden und weitere Cloudics-Transaktionen blockieren.","og_url":"https:\/\/cloudics.com\/de\/kontosicherheit\/","og_site_name":"Cloudics","article_publisher":"https:\/\/www.facebook.com\/Cloudics","article_modified_time":"2025-08-18T08:16:46+00:00","twitter_card":"summary_large_image","twitter_site":"@Cloudics_com","twitter_misc":{"Gesch\u00e4tzte Lesezeit":"1 Minute"},"schema":{"@context":"https:\/\/schema.org","@graph":[{"@type":"WebPage","@id":"https:\/\/cloudics.com\/de\/kontosicherheit\/","url":"https:\/\/cloudics.com\/de\/kontosicherheit\/","name":"Auf allen Ger\u00e4ten vom Meinem Konto abmelden - Cloudics","isPartOf":{"@id":"https:\/\/cloudics.com\/en\/#website"},"datePublished":"2020-10-27T06:13:03+00:00","dateModified":"2025-08-18T08:16:46+00:00","description":"Mit dieser Funktion k\u00f6nnen Sie sich auf allen Ger\u00e4ten gleichzeitig abmelden und weitere Cloudics-Transaktionen blockieren.","inLanguage":"de","potentialAction":[{"@type":"ReadAction","target":["https:\/\/cloudics.com\/de\/kontosicherheit\/"]}]},{"@type":"WebSite","@id":"https:\/\/cloudics.com\/en\/#website","url":"https:\/\/cloudics.com\/en\/","name":"Cloudics","description":"","publisher":{"@id":"https:\/\/cloudics.com\/en\/#organization"},"potentialAction":[{"@type":"SearchAction","target":{"@type":"EntryPoint","urlTemplate":"https:\/\/cloudics.com\/en\/?s={search_term_string}"},"query-input":{"@type":"PropertyValueSpecification","valueRequired":true,"valueName":"search_term_string"}}],"inLanguage":"de"},{"@type":"Organization","@id":"https:\/\/cloudics.com\/en\/#organization","name":"Cloudics","url":"https:\/\/cloudics.com\/en\/","logo":{"@type":"ImageObject","inLanguage":"de","@id":"https:\/\/cloudics.com\/en\/#\/schema\/logo\/image\/","url":"https:\/\/cloudics.com\/wp-content\/uploads\/2022\/12\/logo_sign_b.png","contentUrl":"https:\/\/cloudics.com\/wp-content\/uploads\/2022\/12\/logo_sign_b.png","width":163,"height":133,"caption":"Cloudics"},"image":{"@id":"https:\/\/cloudics.com\/en\/#\/schema\/logo\/image\/"},"sameAs":["https:\/\/www.facebook.com\/Cloudics","https:\/\/x.com\/Cloudics_com","https:\/\/www.linkedin.com\/company\/cloudics","https:\/\/www.instagram.com\/cloudics_com"]}]}},"_links":{"self":[{"href":"https:\/\/cloudics.com\/de\/wp-json\/wp\/v2\/pages\/1121","targetHints":{"allow":["GET"]}}],"collection":[{"href":"https:\/\/cloudics.com\/de\/wp-json\/wp\/v2\/pages"}],"about":[{"href":"https:\/\/cloudics.com\/de\/wp-json\/wp\/v2\/types\/page"}],"author":[{"embeddable":true,"href":"https:\/\/cloudics.com\/de\/wp-json\/wp\/v2\/users\/1"}],"replies":[{"embeddable":true,"href":"https:\/\/cloudics.com\/de\/wp-json\/wp\/v2\/comments?post=1121"}],"version-history":[{"count":9,"href":"https:\/\/cloudics.com\/de\/wp-json\/wp\/v2\/pages\/1121\/revisions"}],"predecessor-version":[{"id":25614,"href":"https:\/\/cloudics.com\/de\/wp-json\/wp\/v2\/pages\/1121\/revisions\/25614"}],"wp:attachment":[{"href":"https:\/\/cloudics.com\/de\/wp-json\/wp\/v2\/media?parent=1121"}],"curies":[{"name":"wp","href":"https:\/\/api.w.org\/{rel}","templated":true}]}}