{"id":330,"date":"2020-07-10T14:08:37","date_gmt":"2020-07-10T11:08:37","guid":{"rendered":"https:\/\/cloudics.com\/privaatsuspoliitika\/"},"modified":"2025-08-14T14:56:13","modified_gmt":"2025-08-14T11:56:13","slug":"datenschutzerklaerung","status":"publish","type":"page","link":"https:\/\/cloudics.com\/de\/datenschutzerklaerung\/","title":{"rendered":"Datenschutzerkl\u00e4rung"},"content":{"rendered":"\n<div id=\"general_info\" class=\"wp-block-group wrap\"><div class=\"wp-block-group__inner-container is-layout-flow wp-block-group-is-layout-flow\">\n<h2 class=\"wp-block-heading has-text-align-center druk has-black-color has-text-color has-link-color wp-elements-6dfce5fe36c4aefd083d26f03ed05ca1\">CLOUDICS-APP DATENSCHUTZERKL\u00c4RUNG<\/h2>\n\n\n\n<p>Willkommen in der Cloudics-App!<\/p>\n\n\n\n<p>Die folgende Datenschutzerkl\u00e4rung gilt, wenn Sie die Cloudics-App nutzen und\/oder unsere Website besuchen&nbsp;<a href=\"https:\/\/cloudics.com\/de\/\" target=\"_blank\" rel=\"noreferrer noopener\">https:\/\/cloudics.com<\/a>&nbsp;(\u201eWebsite\u201c). Verantwortlicher Ihrer personenbezogenen Daten ist Astro Baltics O\u00dc (\u201eAstro Baltics\u201c oder \u201ewir\u201c), Registernummer 10386779, legale Adresse Raatuse 20, Stadt Tartu, Kreis Tartu, 51009. Diese Datenschutzerkl\u00e4rung soll erkl\u00e4ren, wie wir personenbezogene Daten \u00fcber die mobile App und unsere Website verarbeiten (erfassen und verwenden). Bitte lesen Sie auch die allgemeine Datenschutzerkl\u00e4rung von Astro Baltics.<\/p>\n\n\n\n<p>Ihre Privatsph\u00e4re ist uns sehr wichtig und deshalb haben wir hier alle Informationen zu Ihren personenbezogenen Daten bereitgestellt. Wir verarbeiten personenbezogene Daten gem\u00e4\u00df den geltenden Rechtsvorschriften, einschlie\u00dflich der Datenschutz-Grundverordnung. In Angelegenheiten, die nicht durch diese Datenschutzerkl\u00e4rung geregelt sind, werden die geltenden Rechtsvorschriften angewendet.<\/p>\n\n\n\n<div style=\"height:20px\" aria-hidden=\"true\" class=\"wp-block-spacer\"><\/div>\n\n\n<div class=\"su-accordion su-u-trim\">\n\n\n<div class=\"su-spoiler su-spoiler-style-default su-spoiler-icon-chevron\" data-scroll-offset=\"0\" data-anchor-in-url=\"no\"><div class=\"su-spoiler-title\" tabindex=\"0\" role=\"button\"><span class=\"su-spoiler-icon\"><\/span>Welche Daten erfassen wir?<\/div><div class=\"su-spoiler-content su-u-clearfix su-u-trim\">\n\n\n\n<div class=\"wp-block-group\"><div class=\"wp-block-group__inner-container is-layout-constrained wp-block-group-is-layout-constrained\">\n<p>Wir erfassen personenbezogene Daten \u00fcber Sie, wenn Sie ein Nutzerkonto zur Nutzung der Cloudics-App erstellen. Abh\u00e4ngig von der Kooperationsvereinbarung, die Astro Baltics mit einem bestimmten Dienstleister geschlossen hat, erfassen und speichern wir folgende Daten:<\/p>\n\n\n\n<ul class=\"wp-block-list\">\n<li>Name;<\/li>\n\n\n\n<li>Geburtsdatum;<\/li>\n\n\n\n<li>Kontaktdaten (wie E-Mail-Adresse, Telefonnummer, Adresse);<\/li>\n\n\n\n<li>Informationen \u00fcber Ihr Ger\u00e4t (Art des verwendeten Ger\u00e4ts);<\/li>\n\n\n\n<li>Informationen \u00fcber Ihr Fahrzeug (m\u00f6gliche Verwendung in der Tank-App zur Identifizierung des Nummernschilds);<\/li>\n\n\n\n<li>Standort (m\u00f6gliche Verwendung in der Tank-App);<\/li>\n\n\n\n<li>Hinweise und Feedback von Ihnen (per E-Mail, Telefon, Cloudics-App, Social Media oder andere Wege, einschlie\u00dflich Ihr Feedback an die Cloudics-App).<\/li>\n<\/ul>\n\n\n\n<p>Wir erfassen auch Daten, w\u00e4hrend Sie die Cloudics-App verwenden. Insbesondere erfassen wir Informationen \u00fcber Transaktionen \u00fcber die Cloudics-App.<\/p>\n\n\n\n<p>Bitte beachten Sie, dass Ihre Bankkartendaten (sensible Zahlungsdaten) nicht auf den Servern der Cloudics-App gespeichert werden. Bankkartendaten werden direkt an den Zahlungsdienstleister in Ihrem Land gesendet (z.&nbsp;B., je nach Region, EveryPay, SIX Payment Services).<\/p>\n<\/div><\/div>\n\n\n<\/div><\/div>\n\n\n<div class=\"su-spoiler su-spoiler-style-default su-spoiler-icon-chevron su-spoiler-closed\" data-scroll-offset=\"0\" data-anchor-in-url=\"no\"><div class=\"su-spoiler-title\" tabindex=\"0\" role=\"button\"><span class=\"su-spoiler-icon\"><\/span>Was machen wir mit den Daten, die wir erfassen?<\/div><div class=\"su-spoiler-content su-u-clearfix su-u-trim\">\n\n\n\n<div class=\"wp-block-group\"><div class=\"wp-block-group__inner-container is-layout-constrained wp-block-group-is-layout-constrained\">\n<p>Ihre personenbezogenen Daten werden verarbeitet, um Ihnen eine benutzerfreundliche und fehlerfreie Zahlungsm\u00f6glichkeit zu bieten. Wenn personenbezogene Daten nicht bereitgestellt werden, k\u00f6nnen die Dienste der Cloudics-App nicht genutzt werden (au\u00dfer wenn personenbezogene Daten auf Grundlage Ihrer Einwilligung verarbeitet werden).<\/p>\n\n\n\n<p>Wir verarbeiten Ihre personenbezogenen Daten haupts\u00e4chlich zur Vorbereitung, zum Abschluss und zur Durchf\u00fchrung von Vertr\u00e4gen, aber auch zur Beilegung m\u00f6glicher aus den Vertr\u00e4gen herr\u00fchrender Streitigkeiten. \u00dcber die Cloudics-App k\u00f6nnen Sie auch Vertr\u00e4ge mit Dritten abschlie\u00dfen (Verkaufsvertr\u00e4ge, Lieferdienstvertr\u00e4ge). Daten werden von der Cloudics-App auch f\u00fcr den Abschluss dieser Vertr\u00e4ge erfasst.<\/p>\n\n\n\n<p>Wir k\u00f6nnen Ihre personenbezogenen Daten auf Grundlage Ihres Einverst\u00e4ndnisses verarbeiten. Zum Beispiel ist es in der Tank-App m\u00f6glich, der Standortermittlung Ihres Ger\u00e4ts zuzustimmen, um Ihren Standort an der Tankstelle bequem zu identifizieren. Mit Ihrer Zustimmung ist es ebenfalls m\u00f6glich, Informationen \u00fcber Ihr Fahrzeug zu verwenden und das Fahrzeugkennzeichen an der Tankstelle zu identifizieren. Wir k\u00f6nnen ebenfalls in anderen F\u00e4llen Ihre personenbezogenen Daten auf Grundlage Ihres Einverst\u00e4ndnisses verarbeiten. Der Zweck der Verarbeitung wird w\u00e4hrend des Einwilligungsprozesses angegeben. Jede Einwilligung zur Verarbeitung ist freiwillig und Sie haben das Recht, Ihre Einwilligung jederzeit zu widerrufen. Der Widerruf Ihrer Einwilligung ber\u00fchrt nicht die Rechtm\u00e4\u00dfigkeit der Verarbeitung aufgrund Ihrer Einwilligung vor dem Widerruf.<\/p>\n\n\n\n<p>Wir verarbeiten Ihre personenbezogenen Daten zur Erf\u00fcllung gesetzlicher Verpflichtungen. Diese Verpflichtungen ergeben sich vor allem aus der Datenschutz-Grundverordnung, dem Gesetz \u00fcber den Schutz personenbezogener Daten, dem Gesetz \u00fcber das Schuldrecht und anderen anwendbaren Rechtsvorschriften. Astro Baltics ist beispielsweise dazu verpflichtet, die Steuer- und Buchhaltungsvorschriften einzuhalten, und muss Ihre personenbezogenen Daten verarbeiten und verwenden, um diese Vorschriften einzuhalten. Dies kann die \u00dcbertragung Ihrer personenbezogenen Daten an Steuerbeh\u00f6rden und andere Beh\u00f6rden sowie an einen Wirtschaftspr\u00fcfer umfassen.<\/p>\n\n\n\n<p>Wir verarbeiten Ihre personenbezogenen Daten f\u00fcr die berechtigten Interessen von Astro Baltics, einschlie\u00dflich gesch\u00e4ftlicher Interessen und Sicherheitsinteressen (Betrugserkennung und -pr\u00e4vention, Malware-Pr\u00e4vention). Wir k\u00f6nnen die erfassten Daten auch verwenden, um die Cloudics-App-Website und mobile App basierend auf Ihrem Feedback anzupassen.<\/p>\n<\/div><\/div>\n\n\n<\/div><\/div>\n\n\n<div class=\"su-spoiler su-spoiler-style-default su-spoiler-icon-chevron su-spoiler-closed\" data-scroll-offset=\"0\" data-anchor-in-url=\"no\"><div class=\"su-spoiler-title\" tabindex=\"0\" role=\"button\"><span class=\"su-spoiler-icon\"><\/span>Vertraulichkeit und Sicherheit<\/div><div class=\"su-spoiler-content su-u-clearfix su-u-trim\">\n\n\n\n<div class=\"wp-block-group\"><div class=\"wp-block-group__inner-container is-layout-constrained wp-block-group-is-layout-constrained\">\n<p>Wir ergreifen technische und organisatorische Ma\u00dfnahmen, um die personenbezogenen Daten, die wir erhalten, vor Verlust, Missbrauch und unbefugter \u00c4nderung zu sch\u00fctzen und die Vertraulichkeit der Daten zu gew\u00e4hrleisten. Wir \u00fcberpr\u00fcfen regelm\u00e4\u00dfig unsere Sicherheitsverfahren und erw\u00e4gen die Einf\u00fchrung neuer, geeigneter Sicherheitstechnologien und -methoden. Wir verwenden moderne Datenverschl\u00fcsselungstechnologien, um die Daten von den Login-Seiten zu \u00fcbertragen. F\u00fcr Zeiten der Vorratsspeicherung personenbezogener Daten beachten Sie bitte die allgemeine Datenschutzerkl\u00e4rung von Astro Baltics.<\/p>\n\n\n\n<p>Astro Baltics kann personenbezogene Daten an Datenverarbeiter und Verantwortliche weitergeben, die Zugang zu den Daten ben\u00f6tigen, um Astro Baltics Dienstleistungen anbieten zu k\u00f6nnen. Wir \u00fcbertragen Ihre personenbezogenen Daten nur in dem Umfang und in der Form, wie es zur Erreichung der in der Datenschutzerkl\u00e4rung aufgef\u00fchrten Ziele erforderlich ist, einschlie\u00dflich der Vorbereitung und Durchf\u00fchrung der mit Ihnen abgeschlossenen Vertr\u00e4ge. Zu diesem Zweck k\u00f6nnen wir Ihre personenbezogenen Daten an diejenigen H\u00e4ndler \u00fcbertragen, mit denen Sie \u00fcber die App Vertr\u00e4ge abgeschlossen haben (siehe Nutzungsbedingungen).<\/p>\n<\/div><\/div>\n\n\n<\/div><\/div>\n\n\n<div class=\"su-spoiler su-spoiler-style-default su-spoiler-icon-chevron su-spoiler-closed\" data-scroll-offset=\"0\" data-anchor-in-url=\"no\"><div class=\"su-spoiler-title\" tabindex=\"0\" role=\"button\"><span class=\"su-spoiler-icon\"><\/span>Ihre Rechte in Bezug auf die Verarbeitung personenbezogener Daten<\/div><div class=\"su-spoiler-content su-u-clearfix su-u-trim\">\n\n\n\n<div class=\"wp-block-group\"><div class=\"wp-block-group__inner-container is-layout-constrained wp-block-group-is-layout-constrained\">\n<p>Sie haben das Recht, \u00fcber die Verarbeitung Ihrer personenbezogenen Daten, die Zwecke der Nutzung der personenbezogenen Daten sowie die Kategorien und Quellen der Daten informiert zu werden. Sie haben au\u00dferdem das Recht, Kopien und Ausz\u00fcge der verarbeiteten personenbezogenen Daten zu erhalten. Sie haben das Recht, Berichtigung oder Vervollst\u00e4ndigung der Daten zu verlangen, wenn sich herausstellt, dass die verarbeiteten personenbezogenen Daten falsch oder unvollst\u00e4ndig sind. Gegebenenfalls haben Sie das Recht, eine Einschr\u00e4nkung der Verarbeitung personenbezogener Daten zu verlangen oder der Verarbeitung personenbezogener Daten zu widersprechen. Sie haben das Recht, die \u00dcbermittlung der verarbeiteten personenbezogenen Daten zu verlangen. Sie haben das Recht, die L\u00f6schung von Daten zu verlangen, es sei denn, das Recht und die Pflicht zur Verarbeitung der Daten ergeben sich aus der Gesetzgebung. Bitte beachten Sie, dass Sie durch die Beendigung der Verarbeitung personenbezogener Daten unsere Dienste m\u00f6glicherweise nicht mehr nutzen k\u00f6nnen.<\/p>\n\n\n\n<p>Weitere Informationen zu den Rechten der Personen, der Daten erfasst werden, finden Sie in der allgemeinen Datenschutzerkl\u00e4rung von Astro Baltics. Astro Baltics antwortet auf Einw\u00e4nde und Anfragen sp\u00e4testens innerhalb eines Monats.<\/p>\n\n\n\n<p>Wir verarbeiten Ihre personenbezogenen Daten im Einklang mit Ihren Rechten und Freiheiten. Wenn Sie glauben, dass Ihre Rechte bei der Verarbeitung Ihrer personenbezogenen Daten verletzt wurden, oder Sie m\u00f6chten, dass Astro Baltics die Verarbeitung Ihrer personenbezogenen Daten einstellt, kontaktieren Sie uns bitte unter info@cloudics.eu, um die Uneinigkeiten durch Verhandlungen zu l\u00f6sen. Im Streitfall haben Sie das Recht, bei der Datenschutzbeh\u00f6rde (Tatari&nbsp;39, 10134&nbsp;Tallinn; Website www.aki.ee) oder vor Gericht Beschwerde einzureichen.<\/p>\n<\/div><\/div>\n\n\n<\/div><\/div>\n\n\n<div class=\"su-spoiler su-spoiler-style-default su-spoiler-icon-chevron su-spoiler-closed\" data-scroll-offset=\"0\" data-anchor-in-url=\"no\"><div class=\"su-spoiler-title\" tabindex=\"0\" role=\"button\"><span class=\"su-spoiler-icon\"><\/span>Datenschutzrichtlinien Dritter<\/div><div class=\"su-spoiler-content su-u-clearfix su-u-trim\">\n\n\n\n<p>Wir sind nicht verantwortlich f\u00fcr die Verarbeitung personenbezogener Daten durch Dritte oder f\u00fcr die Datenschutzrichtlinien Dritter oder deren Inhalte. Wir empfehlen Ihnen, sich mit den Datenschutzrichtlinien Dritter (einschlie\u00dflich H\u00e4ndler, Lieferdienstanbieter usw.) vor dem Abschluss von Vertr\u00e4gen mit diesen vertraut zu machen, um sicherzustellen, dass sie Ihre Erwartungen erf\u00fcllen und Ihre Rechte sch\u00fctzen.<\/p>\n\n\n<\/div><\/div>\n\n\n<div class=\"su-spoiler su-spoiler-style-default su-spoiler-icon-chevron su-spoiler-closed\" data-scroll-offset=\"0\" data-anchor-in-url=\"no\"><div class=\"su-spoiler-title\" tabindex=\"0\" role=\"button\"><span class=\"su-spoiler-icon\"><\/span>\u00c4nderungen der Datenschutzerkl\u00e4rung<\/div><div class=\"su-spoiler-content su-u-clearfix su-u-trim\">\n\n\n\n<p>Wir \u00fcberpr\u00fcfen die Datenschutzerkl\u00e4rung regelm\u00e4\u00dfig und k\u00f6nnen Bedingungen nach Bedarf \u00e4ndern, hinzuf\u00fcgen oder entfernen. Wenn wir die Datenschutzerkl\u00e4rung in einer Weise \u00e4ndern, welche die Nutzung Ihrer personenbezogenen Daten erheblich beeinflusst, werden wir Sie \u00fcber unsere Website oder die Cloudics-App informieren. Wir empfehlen Ihnen, unsere Datenschutzerkl\u00e4rung regelm\u00e4\u00dfig zu \u00fcberpr\u00fcfen, um bei \u00c4nderungen auf dem Laufenden zu bleiben.<\/p>\n\n\n<\/div><\/div>\n\n\n<\/div>\n<\/div><\/div>\n","protected":false},"excerpt":{"rendered":"<p>CLOUDICS-APP DATENSCHUTZERKL\u00c4RUNG Willkommen in der Cloudics-App! Die folgende Datenschutzerkl\u00e4rung gilt, wenn Sie die Cloudics-App nutzen und\/oder unsere Website besuchen&nbsp;https:\/\/cloudics.com&nbsp;(\u201eWebsite\u201c). Verantwortlicher Ihrer personenbezogenen Daten ist Astro Baltics O\u00dc (\u201eAstro Baltics\u201c oder \u201ewir\u201c), Registernummer 10386779, legale Adresse Raatuse 20, Stadt Tartu, Kreis Tartu, 51009. Diese Datenschutzerkl\u00e4rung soll erkl\u00e4ren, wie wir personenbezogene Daten \u00fcber die mobile App und [&hellip;]<\/p>\n","protected":false},"author":1,"featured_media":0,"parent":0,"menu_order":0,"comment_status":"closed","ping_status":"closed","template":"template_b2c.php","meta":{"footnotes":""},"class_list":["post-330","page","type-page","status-publish","hentry"],"yoast_head":"<!-- This site is optimized with the Yoast SEO plugin v27.3 - https:\/\/yoast.com\/product\/yoast-seo-wordpress\/ -->\n<title>Cloudics App Datenschutzerkl\u00e4rung<\/title>\n<meta name=\"description\" content=\"Die folgende Datenschutzerkl\u00e4rung gilt, wenn Sie die Cloudics-App nutzen und\/oder unsere Website besuchen\u00a0https:\/\/cloudics.com.\" \/>\n<meta name=\"robots\" content=\"index, follow, max-snippet:-1, max-image-preview:large, max-video-preview:-1\" \/>\n<link rel=\"canonical\" href=\"https:\/\/cloudics.com\/de\/datenschutzerklaerung\/\" \/>\n<meta property=\"og:locale\" content=\"de_DE\" \/>\n<meta property=\"og:type\" content=\"article\" \/>\n<meta property=\"og:title\" content=\"Cloudics App Datenschutzerkl\u00e4rung\" \/>\n<meta property=\"og:description\" content=\"Die folgende Datenschutzerkl\u00e4rung gilt, wenn Sie die Cloudics-App nutzen und\/oder unsere Website besuchen\u00a0https:\/\/cloudics.com.\" \/>\n<meta property=\"og:url\" content=\"https:\/\/cloudics.com\/de\/datenschutzerklaerung\/\" \/>\n<meta property=\"og:site_name\" content=\"Cloudics\" \/>\n<meta property=\"article:publisher\" content=\"https:\/\/www.facebook.com\/Cloudics\" \/>\n<meta property=\"article:modified_time\" content=\"2025-08-14T11:56:13+00:00\" \/>\n<meta name=\"twitter:card\" content=\"summary_large_image\" \/>\n<meta name=\"twitter:site\" content=\"@Cloudics_com\" \/>\n<meta name=\"twitter:label1\" content=\"Gesch\u00e4tzte Lesezeit\" \/>\n\t<meta name=\"twitter:data1\" content=\"5 Minuten\" \/>\n<script type=\"application\/ld+json\" class=\"yoast-schema-graph\">{\"@context\":\"https:\\\/\\\/schema.org\",\"@graph\":[{\"@type\":\"WebPage\",\"@id\":\"https:\\\/\\\/cloudics.com\\\/de\\\/datenschutzerklaerung\\\/\",\"url\":\"https:\\\/\\\/cloudics.com\\\/de\\\/datenschutzerklaerung\\\/\",\"name\":\"Cloudics App Datenschutzerkl\u00e4rung\",\"isPartOf\":{\"@id\":\"https:\\\/\\\/cloudics.com\\\/en\\\/#website\"},\"datePublished\":\"2020-07-10T11:08:37+00:00\",\"dateModified\":\"2025-08-14T11:56:13+00:00\",\"description\":\"Die folgende Datenschutzerkl\u00e4rung gilt, wenn Sie die Cloudics-App nutzen und\\\/oder unsere Website besuchen\u00a0https:\\\/\\\/cloudics.com.\",\"inLanguage\":\"de\",\"potentialAction\":[{\"@type\":\"ReadAction\",\"target\":[\"https:\\\/\\\/cloudics.com\\\/de\\\/datenschutzerklaerung\\\/\"]}]},{\"@type\":\"WebSite\",\"@id\":\"https:\\\/\\\/cloudics.com\\\/en\\\/#website\",\"url\":\"https:\\\/\\\/cloudics.com\\\/en\\\/\",\"name\":\"Cloudics\",\"description\":\"\",\"publisher\":{\"@id\":\"https:\\\/\\\/cloudics.com\\\/en\\\/#organization\"},\"potentialAction\":[{\"@type\":\"SearchAction\",\"target\":{\"@type\":\"EntryPoint\",\"urlTemplate\":\"https:\\\/\\\/cloudics.com\\\/en\\\/?s={search_term_string}\"},\"query-input\":{\"@type\":\"PropertyValueSpecification\",\"valueRequired\":true,\"valueName\":\"search_term_string\"}}],\"inLanguage\":\"de\"},{\"@type\":\"Organization\",\"@id\":\"https:\\\/\\\/cloudics.com\\\/en\\\/#organization\",\"name\":\"Cloudics\",\"url\":\"https:\\\/\\\/cloudics.com\\\/en\\\/\",\"logo\":{\"@type\":\"ImageObject\",\"inLanguage\":\"de\",\"@id\":\"https:\\\/\\\/cloudics.com\\\/en\\\/#\\\/schema\\\/logo\\\/image\\\/\",\"url\":\"https:\\\/\\\/cloudics.com\\\/wp-content\\\/uploads\\\/2022\\\/12\\\/logo_sign_b.png\",\"contentUrl\":\"https:\\\/\\\/cloudics.com\\\/wp-content\\\/uploads\\\/2022\\\/12\\\/logo_sign_b.png\",\"width\":163,\"height\":133,\"caption\":\"Cloudics\"},\"image\":{\"@id\":\"https:\\\/\\\/cloudics.com\\\/en\\\/#\\\/schema\\\/logo\\\/image\\\/\"},\"sameAs\":[\"https:\\\/\\\/www.facebook.com\\\/Cloudics\",\"https:\\\/\\\/x.com\\\/Cloudics_com\",\"https:\\\/\\\/www.linkedin.com\\\/company\\\/cloudics\",\"https:\\\/\\\/www.instagram.com\\\/cloudics_com\"]}]}<\/script>\n<!-- \/ Yoast SEO plugin. -->","yoast_head_json":{"title":"Cloudics App Datenschutzerkl\u00e4rung","description":"Die folgende Datenschutzerkl\u00e4rung gilt, wenn Sie die Cloudics-App nutzen und\/oder unsere Website besuchen\u00a0https:\/\/cloudics.com.","robots":{"index":"index","follow":"follow","max-snippet":"max-snippet:-1","max-image-preview":"max-image-preview:large","max-video-preview":"max-video-preview:-1"},"canonical":"https:\/\/cloudics.com\/de\/datenschutzerklaerung\/","og_locale":"de_DE","og_type":"article","og_title":"Cloudics App Datenschutzerkl\u00e4rung","og_description":"Die folgende Datenschutzerkl\u00e4rung gilt, wenn Sie die Cloudics-App nutzen und\/oder unsere Website besuchen\u00a0https:\/\/cloudics.com.","og_url":"https:\/\/cloudics.com\/de\/datenschutzerklaerung\/","og_site_name":"Cloudics","article_publisher":"https:\/\/www.facebook.com\/Cloudics","article_modified_time":"2025-08-14T11:56:13+00:00","twitter_card":"summary_large_image","twitter_site":"@Cloudics_com","twitter_misc":{"Gesch\u00e4tzte Lesezeit":"5 Minuten"},"schema":{"@context":"https:\/\/schema.org","@graph":[{"@type":"WebPage","@id":"https:\/\/cloudics.com\/de\/datenschutzerklaerung\/","url":"https:\/\/cloudics.com\/de\/datenschutzerklaerung\/","name":"Cloudics App Datenschutzerkl\u00e4rung","isPartOf":{"@id":"https:\/\/cloudics.com\/en\/#website"},"datePublished":"2020-07-10T11:08:37+00:00","dateModified":"2025-08-14T11:56:13+00:00","description":"Die folgende Datenschutzerkl\u00e4rung gilt, wenn Sie die Cloudics-App nutzen und\/oder unsere Website besuchen\u00a0https:\/\/cloudics.com.","inLanguage":"de","potentialAction":[{"@type":"ReadAction","target":["https:\/\/cloudics.com\/de\/datenschutzerklaerung\/"]}]},{"@type":"WebSite","@id":"https:\/\/cloudics.com\/en\/#website","url":"https:\/\/cloudics.com\/en\/","name":"Cloudics","description":"","publisher":{"@id":"https:\/\/cloudics.com\/en\/#organization"},"potentialAction":[{"@type":"SearchAction","target":{"@type":"EntryPoint","urlTemplate":"https:\/\/cloudics.com\/en\/?s={search_term_string}"},"query-input":{"@type":"PropertyValueSpecification","valueRequired":true,"valueName":"search_term_string"}}],"inLanguage":"de"},{"@type":"Organization","@id":"https:\/\/cloudics.com\/en\/#organization","name":"Cloudics","url":"https:\/\/cloudics.com\/en\/","logo":{"@type":"ImageObject","inLanguage":"de","@id":"https:\/\/cloudics.com\/en\/#\/schema\/logo\/image\/","url":"https:\/\/cloudics.com\/wp-content\/uploads\/2022\/12\/logo_sign_b.png","contentUrl":"https:\/\/cloudics.com\/wp-content\/uploads\/2022\/12\/logo_sign_b.png","width":163,"height":133,"caption":"Cloudics"},"image":{"@id":"https:\/\/cloudics.com\/en\/#\/schema\/logo\/image\/"},"sameAs":["https:\/\/www.facebook.com\/Cloudics","https:\/\/x.com\/Cloudics_com","https:\/\/www.linkedin.com\/company\/cloudics","https:\/\/www.instagram.com\/cloudics_com"]}]}},"_links":{"self":[{"href":"https:\/\/cloudics.com\/de\/wp-json\/wp\/v2\/pages\/330","targetHints":{"allow":["GET"]}}],"collection":[{"href":"https:\/\/cloudics.com\/de\/wp-json\/wp\/v2\/pages"}],"about":[{"href":"https:\/\/cloudics.com\/de\/wp-json\/wp\/v2\/types\/page"}],"author":[{"embeddable":true,"href":"https:\/\/cloudics.com\/de\/wp-json\/wp\/v2\/users\/1"}],"replies":[{"embeddable":true,"href":"https:\/\/cloudics.com\/de\/wp-json\/wp\/v2\/comments?post=330"}],"version-history":[{"count":12,"href":"https:\/\/cloudics.com\/de\/wp-json\/wp\/v2\/pages\/330\/revisions"}],"predecessor-version":[{"id":25577,"href":"https:\/\/cloudics.com\/de\/wp-json\/wp\/v2\/pages\/330\/revisions\/25577"}],"wp:attachment":[{"href":"https:\/\/cloudics.com\/de\/wp-json\/wp\/v2\/media?parent=330"}],"curies":[{"name":"wp","href":"https:\/\/api.w.org\/{rel}","templated":true}]}}