{"id":10511,"date":"2022-11-02T16:45:02","date_gmt":"2022-11-02T13:45:02","guid":{"rendered":"https:\/\/cloudics.com\/?page_id=10511"},"modified":"2025-08-18T11:20:28","modified_gmt":"2025-08-18T08:20:28","slug":"seguridad-de-la-cuenta","status":"publish","type":"page","link":"https:\/\/cloudics.com\/es\/seguridad-de-la-cuenta\/","title":{"rendered":"Seguridad de la cuenta"},"content":{"rendered":"\n<div id=\"general_info\" class=\"wp-block-group wrap\"><div class=\"wp-block-group__inner-container is-layout-flow wp-block-group-is-layout-flow\">\n<h2 class=\"wp-block-heading druk\">CIERRE DE LA SESI\u00d3N DE SU CUENTA EN TODOS LOS DISPOSITIVOS<\/h2>\n\n\n\n<p>Esta funci\u00f3n permite cerrar la sesi\u00f3n en todos los dispositivos a la vez, con lo que se bloquean las transacciones adicionales de Cloudics. Si cierra la sesi\u00f3n, nadie m\u00e1s podr\u00e1 utilizar su cuenta, pero, una vez que se conecte de nuevo, podr\u00e1 seguir utilizando Cloudics.<br><br>Recibir\u00e1 un correo electr\u00f3nico con m\u00e1s instrucciones.<\/p>\n\n\n\n<p><\/p>\n\n\n\n<div id=\"logout_form\" class=\"form-group\">\n            <label for=\"accountBlockEmail\">Direcci\u00f3n de correo electr\u00f3nico<\/label>\n            <p><input type=\"email\" class=\"form-control\" id=\"accountBlockEmail\" placeholder=\"Direcci\u00f3n de correo electr\u00f3nico\"><\/p>\n\n<button type=\"submit\" id=\"email-submit\">Enviar<\/button>\n            <p id=\"error-text\"><\/p>\n            <p id=\"success-text\"><\/p>\n<\/div>\n\n\n\n<script>\r\njQuery(document).on(\"click\", \"#email-submit\", function(e) {\r\n  e.preventDefault();\r\n  \r\n  var email = jQuery(\"#accountBlockEmail\").val(),\r\n      error = jQuery('#error-text'),\r\n      success = jQuery('#success-text');\r\n  \r\n  error.hide();\r\n  success.hide();\r\n  \r\n  if(email.length < 6 || !email.includes('@') || !email.includes('.')) {\r\n    error.text('Please enter a valid email!');\r\n    error.show();\r\n  } else {\r\n    jQuery.post({\r\n      url: \"https:\/\/cloudics.com\/wp-content\/themes\/CloudicsTheme\/js\/libs\/app.php\",\r\n      data: {\r\n        email : email,\r\n      },\r\n      success: function(data) {\r\n        console.log(data);\r\n        if(!data.error) {\r\n          success.text('Email successfully sent! Please follow instructions received in your email!');\r\n          success.show();\r\n        } else {\r\n          error.text('Unable to send the email! Please try again later!');\r\n          error.show();\r\n        }\r\n      },\r\n      dataType: \"json\"\r\n    });\r\n  }\r\n});\r\n<\/script>\n<\/div><\/div>\n","protected":false},"excerpt":{"rendered":"<p>CIERRE DE LA SESI\u00d3N DE SU CUENTA EN TODOS LOS DISPOSITIVOS Esta funci\u00f3n permite cerrar la sesi\u00f3n en todos los dispositivos a la vez, con lo que se bloquean las transacciones adicionales de Cloudics. Si cierra la sesi\u00f3n, nadie m\u00e1s podr\u00e1 utilizar su cuenta, pero, una vez que se conecte de nuevo, podr\u00e1 seguir utilizando [&hellip;]<\/p>\n","protected":false},"author":1,"featured_media":0,"parent":0,"menu_order":0,"comment_status":"closed","ping_status":"closed","template":"template_b2c.php","meta":{"footnotes":""},"class_list":["post-10511","page","type-page","status-publish","hentry"],"yoast_head":"<!-- This site is optimized with the Yoast SEO plugin v27.4 - https:\/\/yoast.com\/product\/yoast-seo-wordpress\/ -->\n<title>Seguridad de la cuenta - Cloudics<\/title>\n<meta name=\"description\" content=\"Esta funci\u00f3n permite cerrar la sesi\u00f3n en todos los dispositivos a la vez, con lo que se bloquean las transacciones adicionales de Cloudics.\" \/>\n<meta name=\"robots\" content=\"index, follow, max-snippet:-1, max-image-preview:large, max-video-preview:-1\" \/>\n<link rel=\"canonical\" href=\"https:\/\/cloudics.com\/es\/seguridad-de-la-cuenta\/\" \/>\n<meta property=\"og:locale\" content=\"es_ES\" \/>\n<meta property=\"og:type\" content=\"article\" \/>\n<meta property=\"og:title\" content=\"Seguridad de la cuenta - Cloudics\" \/>\n<meta property=\"og:description\" content=\"Esta funci\u00f3n permite cerrar la sesi\u00f3n en todos los dispositivos a la vez, con lo que se bloquean las transacciones adicionales de Cloudics.\" \/>\n<meta property=\"og:url\" content=\"https:\/\/cloudics.com\/es\/seguridad-de-la-cuenta\/\" \/>\n<meta property=\"og:site_name\" content=\"Cloudics\" \/>\n<meta property=\"article:publisher\" content=\"https:\/\/www.facebook.com\/Cloudics\" \/>\n<meta property=\"article:modified_time\" content=\"2025-08-18T08:20:28+00:00\" \/>\n<meta name=\"twitter:card\" content=\"summary_large_image\" \/>\n<meta name=\"twitter:site\" content=\"@Cloudics_com\" \/>\n<meta name=\"twitter:label1\" content=\"Tiempo de lectura\" \/>\n\t<meta name=\"twitter:data1\" content=\"1 minuto\" \/>\n<script type=\"application\/ld+json\" class=\"yoast-schema-graph\">{\"@context\":\"https:\\\/\\\/schema.org\",\"@graph\":[{\"@type\":\"WebPage\",\"@id\":\"https:\\\/\\\/cloudics.com\\\/es\\\/seguridad-de-la-cuenta\\\/\",\"url\":\"https:\\\/\\\/cloudics.com\\\/es\\\/seguridad-de-la-cuenta\\\/\",\"name\":\"Seguridad de la cuenta - Cloudics\",\"isPartOf\":{\"@id\":\"https:\\\/\\\/cloudics.com\\\/en\\\/#website\"},\"datePublished\":\"2022-11-02T13:45:02+00:00\",\"dateModified\":\"2025-08-18T08:20:28+00:00\",\"description\":\"Esta funci\u00f3n permite cerrar la sesi\u00f3n en todos los dispositivos a la vez, con lo que se bloquean las transacciones adicionales de Cloudics.\",\"inLanguage\":\"es\",\"potentialAction\":[{\"@type\":\"ReadAction\",\"target\":[\"https:\\\/\\\/cloudics.com\\\/es\\\/seguridad-de-la-cuenta\\\/\"]}]},{\"@type\":\"WebSite\",\"@id\":\"https:\\\/\\\/cloudics.com\\\/en\\\/#website\",\"url\":\"https:\\\/\\\/cloudics.com\\\/en\\\/\",\"name\":\"Cloudics\",\"description\":\"\",\"publisher\":{\"@id\":\"https:\\\/\\\/cloudics.com\\\/en\\\/#organization\"},\"potentialAction\":[{\"@type\":\"SearchAction\",\"target\":{\"@type\":\"EntryPoint\",\"urlTemplate\":\"https:\\\/\\\/cloudics.com\\\/en\\\/?s={search_term_string}\"},\"query-input\":{\"@type\":\"PropertyValueSpecification\",\"valueRequired\":true,\"valueName\":\"search_term_string\"}}],\"inLanguage\":\"es\"},{\"@type\":\"Organization\",\"@id\":\"https:\\\/\\\/cloudics.com\\\/en\\\/#organization\",\"name\":\"Cloudics\",\"url\":\"https:\\\/\\\/cloudics.com\\\/en\\\/\",\"logo\":{\"@type\":\"ImageObject\",\"inLanguage\":\"es\",\"@id\":\"https:\\\/\\\/cloudics.com\\\/en\\\/#\\\/schema\\\/logo\\\/image\\\/\",\"url\":\"https:\\\/\\\/cloudics.com\\\/wp-content\\\/uploads\\\/2022\\\/12\\\/logo_sign_b.png\",\"contentUrl\":\"https:\\\/\\\/cloudics.com\\\/wp-content\\\/uploads\\\/2022\\\/12\\\/logo_sign_b.png\",\"width\":163,\"height\":133,\"caption\":\"Cloudics\"},\"image\":{\"@id\":\"https:\\\/\\\/cloudics.com\\\/en\\\/#\\\/schema\\\/logo\\\/image\\\/\"},\"sameAs\":[\"https:\\\/\\\/www.facebook.com\\\/Cloudics\",\"https:\\\/\\\/x.com\\\/Cloudics_com\",\"https:\\\/\\\/www.linkedin.com\\\/company\\\/cloudics\",\"https:\\\/\\\/www.instagram.com\\\/cloudics_com\"]}]}<\/script>\n<!-- \/ Yoast SEO plugin. -->","yoast_head_json":{"title":"Seguridad de la cuenta - Cloudics","description":"Esta funci\u00f3n permite cerrar la sesi\u00f3n en todos los dispositivos a la vez, con lo que se bloquean las transacciones adicionales de Cloudics.","robots":{"index":"index","follow":"follow","max-snippet":"max-snippet:-1","max-image-preview":"max-image-preview:large","max-video-preview":"max-video-preview:-1"},"canonical":"https:\/\/cloudics.com\/es\/seguridad-de-la-cuenta\/","og_locale":"es_ES","og_type":"article","og_title":"Seguridad de la cuenta - Cloudics","og_description":"Esta funci\u00f3n permite cerrar la sesi\u00f3n en todos los dispositivos a la vez, con lo que se bloquean las transacciones adicionales de Cloudics.","og_url":"https:\/\/cloudics.com\/es\/seguridad-de-la-cuenta\/","og_site_name":"Cloudics","article_publisher":"https:\/\/www.facebook.com\/Cloudics","article_modified_time":"2025-08-18T08:20:28+00:00","twitter_card":"summary_large_image","twitter_site":"@Cloudics_com","twitter_misc":{"Tiempo de lectura":"1 minuto"},"schema":{"@context":"https:\/\/schema.org","@graph":[{"@type":"WebPage","@id":"https:\/\/cloudics.com\/es\/seguridad-de-la-cuenta\/","url":"https:\/\/cloudics.com\/es\/seguridad-de-la-cuenta\/","name":"Seguridad de la cuenta - Cloudics","isPartOf":{"@id":"https:\/\/cloudics.com\/en\/#website"},"datePublished":"2022-11-02T13:45:02+00:00","dateModified":"2025-08-18T08:20:28+00:00","description":"Esta funci\u00f3n permite cerrar la sesi\u00f3n en todos los dispositivos a la vez, con lo que se bloquean las transacciones adicionales de Cloudics.","inLanguage":"es","potentialAction":[{"@type":"ReadAction","target":["https:\/\/cloudics.com\/es\/seguridad-de-la-cuenta\/"]}]},{"@type":"WebSite","@id":"https:\/\/cloudics.com\/en\/#website","url":"https:\/\/cloudics.com\/en\/","name":"Cloudics","description":"","publisher":{"@id":"https:\/\/cloudics.com\/en\/#organization"},"potentialAction":[{"@type":"SearchAction","target":{"@type":"EntryPoint","urlTemplate":"https:\/\/cloudics.com\/en\/?s={search_term_string}"},"query-input":{"@type":"PropertyValueSpecification","valueRequired":true,"valueName":"search_term_string"}}],"inLanguage":"es"},{"@type":"Organization","@id":"https:\/\/cloudics.com\/en\/#organization","name":"Cloudics","url":"https:\/\/cloudics.com\/en\/","logo":{"@type":"ImageObject","inLanguage":"es","@id":"https:\/\/cloudics.com\/en\/#\/schema\/logo\/image\/","url":"https:\/\/cloudics.com\/wp-content\/uploads\/2022\/12\/logo_sign_b.png","contentUrl":"https:\/\/cloudics.com\/wp-content\/uploads\/2022\/12\/logo_sign_b.png","width":163,"height":133,"caption":"Cloudics"},"image":{"@id":"https:\/\/cloudics.com\/en\/#\/schema\/logo\/image\/"},"sameAs":["https:\/\/www.facebook.com\/Cloudics","https:\/\/x.com\/Cloudics_com","https:\/\/www.linkedin.com\/company\/cloudics","https:\/\/www.instagram.com\/cloudics_com"]}]}},"_links":{"self":[{"href":"https:\/\/cloudics.com\/es\/wp-json\/wp\/v2\/pages\/10511","targetHints":{"allow":["GET"]}}],"collection":[{"href":"https:\/\/cloudics.com\/es\/wp-json\/wp\/v2\/pages"}],"about":[{"href":"https:\/\/cloudics.com\/es\/wp-json\/wp\/v2\/types\/page"}],"author":[{"embeddable":true,"href":"https:\/\/cloudics.com\/es\/wp-json\/wp\/v2\/users\/1"}],"replies":[{"embeddable":true,"href":"https:\/\/cloudics.com\/es\/wp-json\/wp\/v2\/comments?post=10511"}],"version-history":[{"count":7,"href":"https:\/\/cloudics.com\/es\/wp-json\/wp\/v2\/pages\/10511\/revisions"}],"predecessor-version":[{"id":25618,"href":"https:\/\/cloudics.com\/es\/wp-json\/wp\/v2\/pages\/10511\/revisions\/25618"}],"wp:attachment":[{"href":"https:\/\/cloudics.com\/es\/wp-json\/wp\/v2\/media?parent=10511"}],"curies":[{"name":"wp","href":"https:\/\/api.w.org\/{rel}","templated":true}]}}