{"id":10543,"date":"2022-11-02T16:48:18","date_gmt":"2022-11-02T13:48:18","guid":{"rendered":"https:\/\/cloudics.com\/?page_id=10543"},"modified":"2025-08-14T15:06:13","modified_gmt":"2025-08-14T12:06:13","slug":"politica-de-privacidad","status":"publish","type":"page","link":"https:\/\/cloudics.com\/es\/politica-de-privacidad\/","title":{"rendered":"Pol\u00edtica de privacidad"},"content":{"rendered":"\n<div id=\"general_info\" class=\"wp-block-group wrap\"><div class=\"wp-block-group__inner-container is-layout-flow wp-block-group-is-layout-flow\">\n<h2 class=\"wp-block-heading has-text-align-center druk has-black-color has-text-color has-link-color wp-elements-0b5b7d1059e18402fef9404fa48ed425\">POL\u00cdTICA DE PRIVACIDAD DE LA APLICACI\u00d3N CLOUDICS<\/h2>\n\n\n\n<p>\u00a1Le damos la bienvenida a Cloudics App!<\/p>\n\n\n\n<p>La siguiente pol\u00edtica de privacidad se aplica cuando utiliza la aplicaci\u00f3n Cloudics y\/o visita nuestro sitio web&nbsp;<a href=\"https:\/\/cloudics.com\/es\/\" target=\"_blank\" rel=\"noreferrer noopener\">https:\/\/cloudics.com<\/a>&nbsp;(\u201csitio web\u201d). El responsable del tratamiento de sus datos personales es Astro Baltics O\u00dc (\u201cAstro Baltics\u201d o \u201cnosotros\u201d), c\u00f3digo de registro 10386779, direcci\u00f3n legal Raatuse 20, Ciudad de Tartu, Condado de Tartu, 51009. La presente pol\u00edtica de privacidad pretende explicar c\u00f3mo tratamos (recopilamos y utilizamos) los datos personales mediante la aplicaci\u00f3n m\u00f3vil y nuestro sitio web. Lea tambi\u00e9n la pol\u00edtica general de privacidad de Astro Baltics.<\/p>\n\n\n\n<p>Su privacidad es muy importante para nosotros y por eso hemos facilitado aqu\u00ed toda la informaci\u00f3n relativa a sus datos personales. Tratamos los datos personales de acuerdo con la legislaci\u00f3n aplicable, incluido el Reglamento General de Protecci\u00f3n de Datos. En todo asunto no regulado por la presente pol\u00edtica de privacidad, se aplicar\u00e1 la legislaci\u00f3n en vigor.<\/p>\n\n\n\n<div style=\"height:20px\" aria-hidden=\"true\" class=\"wp-block-spacer\"><\/div>\n\n\n<div class=\"su-accordion su-u-trim\">\n\n\n<div class=\"su-spoiler su-spoiler-style-default su-spoiler-icon-chevron\" data-scroll-offset=\"0\" data-anchor-in-url=\"no\"><div class=\"su-spoiler-title\" tabindex=\"0\" role=\"button\"><span class=\"su-spoiler-icon\"><\/span>\u00bfQu\u00e9 recopilamos?<\/div><div class=\"su-spoiler-content su-u-clearfix su-u-trim\">\n\n\n\n<div class=\"wp-block-group\"><div class=\"wp-block-group__inner-container is-layout-constrained wp-block-group-is-layout-constrained\">\n<p>Recopilamos datos personales sobre usted cuando crea una cuenta de usuario para utilizar la aplicaci\u00f3n Cloudics. Dependiendo del acuerdo de cooperaci\u00f3n que Astro Baltics haya suscrito con un determinado proveedor de servicios, podemos recopilar y almacenar los siguientes datos:<\/p>\n\n\n\n<ul class=\"wp-block-list\">\n<li>nombre;<\/li>\n\n\n\n<li>fecha de nacimiento;<\/li>\n\n\n\n<li>datos de contacto (como direcci\u00f3n de correo electr\u00f3nico, n\u00famero de tel\u00e9fono, direcci\u00f3n postal);<\/li>\n\n\n\n<li>informaci\u00f3n sobre su dispositivo (tipo de dispositivo utilizado);<\/li>\n\n\n\n<li>informaci\u00f3n sobre su veh\u00edculo (en caso de uso en la aplicaci\u00f3n de repostaje para identificar la matr\u00edcula);<\/li>\n\n\n\n<li>ubicaci\u00f3n (en caso de uso en la aplicaci\u00f3n de repostaje);<\/li>\n\n\n\n<li>notificaciones y comentarios que usted proporcione (por correo electr\u00f3nico, tel\u00e9fono, aplicaci\u00f3n Cloudics, redes sociales u otro canal, incluidos sus comentarios en la aplicaci\u00f3n Cloudics).<\/li>\n<\/ul>\n\n\n\n<p>Tambi\u00e9n recopilamos datos mientras utiliza la aplicaci\u00f3n Cloudics. En particular, recopilamos informaci\u00f3n sobre las transacciones efectuadas a trav\u00e9s de la aplicaci\u00f3n Cloudics.<\/p>\n\n\n\n<p>Tenga en cuenta que la informaci\u00f3n de su tarjeta bancaria (datos de pago confidenciales) no se almacena en los servidores de la aplicaci\u00f3n Cloudics. La informaci\u00f3n de la tarjeta bancaria se env\u00eda directamente al proveedor de servicios de pago de su pa\u00eds (como EveryPay, SIX Payment Services, seg\u00fan la zona geogr\u00e1fica).<\/p>\n<\/div><\/div>\n\n\n<\/div><\/div>\n\n\n<div class=\"su-spoiler su-spoiler-style-default su-spoiler-icon-chevron su-spoiler-closed\" data-scroll-offset=\"0\" data-anchor-in-url=\"no\"><div class=\"su-spoiler-title\" tabindex=\"0\" role=\"button\"><span class=\"su-spoiler-icon\"><\/span>\u00bfQu\u00e9 hacemos con los datos que recopilamos?<\/div><div class=\"su-spoiler-content su-u-clearfix su-u-trim\">\n\n\n\n<p>El tratamiento de sus datos personales tiene como fin ofrecerle una soluci\u00f3n de pago f\u00e1cil de usar y sin errores. Si no se facilitan los datos personales, no es posible utilizar el servicio de la aplicaci\u00f3n Cloudics (excepto cuando los datos personales se tratan contando con su consentimiento).<\/p>\n\n\n\n<p>Tratamos sus datos personales principalmente para la preparaci\u00f3n, conclusi\u00f3n y ejecuci\u00f3n de los acuerdos, pero tambi\u00e9n para la resoluci\u00f3n de posibles litigios derivados de los acuerdos. A trav\u00e9s de la aplicaci\u00f3n Cloudics, tambi\u00e9n puede celebrar acuerdos con terceros (acuerdos de venta, acuerdos de servicios de mensajer\u00eda). Los datos tambi\u00e9n se recopilan a trav\u00e9s de la aplicaci\u00f3n Cloudics para la celebraci\u00f3n de estos acuerdos.<\/p>\n\n\n\n<p>Podemos tratar sus datos personales contando con su consentimiento. Por ejemplo, en la aplicaci\u00f3n de repostaje, es posible consentir el posicionamiento de su dispositivo para identificar convenientemente su ubicaci\u00f3n en la estaci\u00f3n de servicio. Con su consentimiento, tambi\u00e9n es posible utilizar informaci\u00f3n sobre su veh\u00edculo e identificar su matr\u00edcula en la estaci\u00f3n de servicio. Tambi\u00e9n podemos tratar sus datos personales en otros casos contando con su consentimiento. La finalidad del tratamiento se especificar\u00e1 durante el proceso de consentimiento. Cualquier consentimiento dado para el tratamiento es voluntario y usted tiene derecho a retirarlo en cualquier momento. La retirada de su consentimiento no afecta a la legalidad del tratamiento basado en su consentimiento previo.<\/p>\n\n\n\n<p>Tratamos sus datos personales para cumplir con las obligaciones legales. Estas obligaciones se derivan principalmente del Reglamento General de Protecci\u00f3n de Datos, la Ley de Protecci\u00f3n de Datos Personales, la Ley de Obligaciones y otras legislaciones aplicables. Por ejemplo, Astro Baltics tiene la obligaci\u00f3n de cumplir con las normas fiscales y contables, por lo que necesita tratar y utilizar sus datos personales para cumplir con estas normas. Esto puede incluir la transferencia de sus datos personales a las autoridades fiscales y otras autoridades, as\u00ed como a un auditor.<\/p>\n\n\n\n<p>Tratamos sus datos personales para los intereses leg\u00edtimos de Astro Baltics, incluidos tanto los intereses comerciales como los de seguridad (detecci\u00f3n y prevenci\u00f3n del fraude, prevenci\u00f3n contra software malintencionado). Tambi\u00e9n podemos utilizar los datos recopilados para personalizar el sitio web y la aplicaci\u00f3n m\u00f3vil de Cloudics bas\u00e1ndonos en sus comentarios.<\/p>\n\n\n<\/div><\/div>\n\n\n<div class=\"su-spoiler su-spoiler-style-default su-spoiler-icon-chevron su-spoiler-closed\" data-scroll-offset=\"0\" data-anchor-in-url=\"no\"><div class=\"su-spoiler-title\" tabindex=\"0\" role=\"button\"><span class=\"su-spoiler-icon\"><\/span>Confidencialidad y seguridad<\/div><div class=\"su-spoiler-content su-u-clearfix su-u-trim\">\n\n\n\n<p>Utilizamos medidas t\u00e9cnicas y organizativas para proteger los datos personales que recibimos contra la p\u00e9rdida, el uso indebido y la alteraci\u00f3n no autorizada, as\u00ed como para garantizar la confidencialidad de los datos. Revisamos peri\u00f3dicamente nuestros procedimientos de seguridad y estudiamos la posibilidad de introducir nuevas tecnolog\u00edas y m\u00e9todos de seguridad m\u00e1s adecuados. Utilizamos una moderna tecnolog\u00eda de cifrado de datos para transmitir los datos utilizados en las p\u00e1ginas de acceso. Para conocer los periodos de conservaci\u00f3n de los datos personales, consulte la pol\u00edtica general de privacidad de Astro Baltics.<\/p>\n\n\n\n<p>Astro Baltics puede revelar datos personales a los responsables y encargados del tratamiento de los datos que necesiten acceder a los datos para prestar servicios a Astro Baltics. Solo transferiremos sus datos personales en la medida y forma necesarias para alcanzar los objetivos enumerados en la pol\u00edtica de privacidad, incluidas la preparaci\u00f3n y ejecuci\u00f3n de los acuerdos celebrados con usted. Para ello, podemos transferir sus datos personales a los comerciantes con los que celebre acuerdos a trav\u00e9s de la aplicaci\u00f3n (consulte las condiciones de uso).<\/p>\n\n\n<\/div><\/div>\n\n\n<div class=\"su-spoiler su-spoiler-style-default su-spoiler-icon-chevron su-spoiler-closed\" data-scroll-offset=\"0\" data-anchor-in-url=\"no\"><div class=\"su-spoiler-title\" tabindex=\"0\" role=\"button\"><span class=\"su-spoiler-icon\"><\/span>Sus derechos en relaci\u00f3n con el tratamiento de datos personales<\/div><div class=\"su-spoiler-content su-u-clearfix su-u-trim\">\n\n\n\n<div class=\"wp-block-group\"><div class=\"wp-block-group__inner-container is-layout-constrained wp-block-group-is-layout-constrained\">\n<p>Tiene derecho a que se le informe sobre el tratamiento de los datos personales que le conciernen, los fines del uso de los datos personales y las categor\u00edas y fuentes de los datos. Tambi\u00e9n tiene derecho a recibir copias y extractos de los datos personales tratados. Tiene derecho a solicitar que se rectifiquen o completen los datos si le parece que los datos personales que se est\u00e1n tratando son incorrectos o est\u00e1n incompletos. En su caso, tiene derecho a solicitar la limitaci\u00f3n del tratamiento de los datos personales o a oponerse a su tratamiento. Tiene derecho a solicitar la transferencia de los datos personales que se est\u00e9n tratando. Tiene derecho a solicitar la supresi\u00f3n de los datos, a menos que el derecho y la obligaci\u00f3n de tratarlos se deriven de la legislaci\u00f3n. Tenga en cuenta que la finalizaci\u00f3n del tratamiento de los datos personales puede impedirle utilizar nuestros servicios.<\/p>\n\n\n\n<p>Para m\u00e1s informaci\u00f3n sobre los derechos de los interesados, consulte la pol\u00edtica general de privacidad de Astro Baltics. Astro Baltics responder\u00e1 a las objeciones y solicitudes en el plazo m\u00e1ximo de un mes.<\/p>\n\n\n\n<p>Trataremos sus datos personales en consonancia con sus derechos y libertades. Si cree que se han violado sus derechos en el tratamiento de sus datos personales o si desea que Astro Baltics ponga fin al tratamiento de sus datos personales, p\u00f3ngase en contacto con nosotros en info@cloudics.eu para resolver el desacuerdo mediante negociaciones. En caso de controversias, tiene derecho a presentar una reclamaci\u00f3n ante la Inspecci\u00f3n de Protecci\u00f3n de Datos (Tatari 39, 10134 Tallin; sitio web www.aki.ee) o ante un tribunal.<\/p>\n<\/div><\/div>\n\n\n<\/div><\/div>\n\n\n<div class=\"su-spoiler su-spoiler-style-default su-spoiler-icon-chevron su-spoiler-closed\" data-scroll-offset=\"0\" data-anchor-in-url=\"no\"><div class=\"su-spoiler-title\" tabindex=\"0\" role=\"button\"><span class=\"su-spoiler-icon\"><\/span>Pol\u00edticas de privacidad de terceros<\/div><div class=\"su-spoiler-content su-u-clearfix su-u-trim\">\n\n\n\n<p>No nos hacemos responsables del tratamiento de datos personales por parte de terceros ni de las pol\u00edticas de privacidad de estos o de su contenido. Le recomendamos que revise las pol\u00edticas de privacidad de terceros (incluidos los comerciantes, los proveedores de servicios de mensajer\u00eda, etc.) antes de formalizar acuerdos con ellos para asegurarse de que cumplen sus expectativas y protegen sus derechos.<\/p>\n\n\n<\/div><\/div>\n\n\n<div class=\"su-spoiler su-spoiler-style-default su-spoiler-icon-chevron su-spoiler-closed\" data-scroll-offset=\"0\" data-anchor-in-url=\"no\"><div class=\"su-spoiler-title\" tabindex=\"0\" role=\"button\"><span class=\"su-spoiler-icon\"><\/span>Cambios en la pol\u00edtica de privacidad<\/div><div class=\"su-spoiler-content su-u-clearfix su-u-trim\">\n\n\n\n<p>Revisamos la pol\u00edtica de privacidad con regularidad, por lo que podemos cambiar, a\u00f1adir o eliminar condiciones seg\u00fan sea necesario. Si cambiamos la pol\u00edtica de privacidad de forma que afecte significativamente al uso de sus datos personales, se lo notificaremos a trav\u00e9s de nuestro sitio web o de la aplicaci\u00f3n Cloudics. Le recomendamos que revise con regularidad nuestra pol\u00edtica de privacidad para estar al d\u00eda de cualquier cambio.<\/p>\n\n\n<\/div><\/div>\n\n\n<\/div>\n<\/div><\/div>\n","protected":false},"excerpt":{"rendered":"<p>POL\u00cdTICA DE PRIVACIDAD DE LA APLICACI\u00d3N CLOUDICS \u00a1Le damos la bienvenida a Cloudics App! La siguiente pol\u00edtica de privacidad se aplica cuando utiliza la aplicaci\u00f3n Cloudics y\/o visita nuestro sitio web&nbsp;https:\/\/cloudics.com&nbsp;(\u201csitio web\u201d). El responsable del tratamiento de sus datos personales es Astro Baltics O\u00dc (\u201cAstro Baltics\u201d o \u201cnosotros\u201d), c\u00f3digo de registro 10386779, direcci\u00f3n legal Raatuse [&hellip;]<\/p>\n","protected":false},"author":1,"featured_media":0,"parent":0,"menu_order":0,"comment_status":"closed","ping_status":"closed","template":"template_b2c.php","meta":{"footnotes":""},"class_list":["post-10543","page","type-page","status-publish","hentry"],"yoast_head":"<!-- This site is optimized with the Yoast SEO plugin v27.3 - https:\/\/yoast.com\/product\/yoast-seo-wordpress\/ -->\n<title>Pol\u00edtica de privacidad - Cloudics<\/title>\n<meta name=\"description\" content=\"La siguiente pol\u00edtica de privacidad se aplica cuando utiliza la aplicaci\u00f3n Cloudics y\/o visita nuestro sitio web https:\/\/cloudics.com.\" \/>\n<meta name=\"robots\" content=\"index, follow, max-snippet:-1, max-image-preview:large, max-video-preview:-1\" \/>\n<link rel=\"canonical\" href=\"https:\/\/cloudics.com\/es\/politica-de-privacidad\/\" \/>\n<meta property=\"og:locale\" content=\"es_ES\" \/>\n<meta property=\"og:type\" content=\"article\" \/>\n<meta property=\"og:title\" content=\"Pol\u00edtica de privacidad - Cloudics\" \/>\n<meta property=\"og:description\" content=\"La siguiente pol\u00edtica de privacidad se aplica cuando utiliza la aplicaci\u00f3n Cloudics y\/o visita nuestro sitio web https:\/\/cloudics.com.\" \/>\n<meta property=\"og:url\" content=\"https:\/\/cloudics.com\/es\/politica-de-privacidad\/\" \/>\n<meta property=\"og:site_name\" content=\"Cloudics\" \/>\n<meta property=\"article:publisher\" content=\"https:\/\/www.facebook.com\/Cloudics\" \/>\n<meta property=\"article:modified_time\" content=\"2025-08-14T12:06:13+00:00\" \/>\n<meta name=\"twitter:card\" content=\"summary_large_image\" \/>\n<meta name=\"twitter:site\" content=\"@Cloudics_com\" \/>\n<meta name=\"twitter:label1\" content=\"Tiempo de lectura\" \/>\n\t<meta name=\"twitter:data1\" content=\"6 minutos\" \/>\n<script type=\"application\/ld+json\" class=\"yoast-schema-graph\">{\"@context\":\"https:\\\/\\\/schema.org\",\"@graph\":[{\"@type\":\"WebPage\",\"@id\":\"https:\\\/\\\/cloudics.com\\\/es\\\/politica-de-privacidad\\\/\",\"url\":\"https:\\\/\\\/cloudics.com\\\/es\\\/politica-de-privacidad\\\/\",\"name\":\"Pol\u00edtica de privacidad - Cloudics\",\"isPartOf\":{\"@id\":\"https:\\\/\\\/cloudics.com\\\/en\\\/#website\"},\"datePublished\":\"2022-11-02T13:48:18+00:00\",\"dateModified\":\"2025-08-14T12:06:13+00:00\",\"description\":\"La siguiente pol\u00edtica de privacidad se aplica cuando utiliza la aplicaci\u00f3n Cloudics y\\\/o visita nuestro sitio web https:\\\/\\\/cloudics.com.\",\"inLanguage\":\"es\",\"potentialAction\":[{\"@type\":\"ReadAction\",\"target\":[\"https:\\\/\\\/cloudics.com\\\/es\\\/politica-de-privacidad\\\/\"]}]},{\"@type\":\"WebSite\",\"@id\":\"https:\\\/\\\/cloudics.com\\\/en\\\/#website\",\"url\":\"https:\\\/\\\/cloudics.com\\\/en\\\/\",\"name\":\"Cloudics\",\"description\":\"\",\"publisher\":{\"@id\":\"https:\\\/\\\/cloudics.com\\\/en\\\/#organization\"},\"potentialAction\":[{\"@type\":\"SearchAction\",\"target\":{\"@type\":\"EntryPoint\",\"urlTemplate\":\"https:\\\/\\\/cloudics.com\\\/en\\\/?s={search_term_string}\"},\"query-input\":{\"@type\":\"PropertyValueSpecification\",\"valueRequired\":true,\"valueName\":\"search_term_string\"}}],\"inLanguage\":\"es\"},{\"@type\":\"Organization\",\"@id\":\"https:\\\/\\\/cloudics.com\\\/en\\\/#organization\",\"name\":\"Cloudics\",\"url\":\"https:\\\/\\\/cloudics.com\\\/en\\\/\",\"logo\":{\"@type\":\"ImageObject\",\"inLanguage\":\"es\",\"@id\":\"https:\\\/\\\/cloudics.com\\\/en\\\/#\\\/schema\\\/logo\\\/image\\\/\",\"url\":\"https:\\\/\\\/cloudics.com\\\/wp-content\\\/uploads\\\/2022\\\/12\\\/logo_sign_b.png\",\"contentUrl\":\"https:\\\/\\\/cloudics.com\\\/wp-content\\\/uploads\\\/2022\\\/12\\\/logo_sign_b.png\",\"width\":163,\"height\":133,\"caption\":\"Cloudics\"},\"image\":{\"@id\":\"https:\\\/\\\/cloudics.com\\\/en\\\/#\\\/schema\\\/logo\\\/image\\\/\"},\"sameAs\":[\"https:\\\/\\\/www.facebook.com\\\/Cloudics\",\"https:\\\/\\\/x.com\\\/Cloudics_com\",\"https:\\\/\\\/www.linkedin.com\\\/company\\\/cloudics\",\"https:\\\/\\\/www.instagram.com\\\/cloudics_com\"]}]}<\/script>\n<!-- \/ Yoast SEO plugin. -->","yoast_head_json":{"title":"Pol\u00edtica de privacidad - Cloudics","description":"La siguiente pol\u00edtica de privacidad se aplica cuando utiliza la aplicaci\u00f3n Cloudics y\/o visita nuestro sitio web https:\/\/cloudics.com.","robots":{"index":"index","follow":"follow","max-snippet":"max-snippet:-1","max-image-preview":"max-image-preview:large","max-video-preview":"max-video-preview:-1"},"canonical":"https:\/\/cloudics.com\/es\/politica-de-privacidad\/","og_locale":"es_ES","og_type":"article","og_title":"Pol\u00edtica de privacidad - Cloudics","og_description":"La siguiente pol\u00edtica de privacidad se aplica cuando utiliza la aplicaci\u00f3n Cloudics y\/o visita nuestro sitio web https:\/\/cloudics.com.","og_url":"https:\/\/cloudics.com\/es\/politica-de-privacidad\/","og_site_name":"Cloudics","article_publisher":"https:\/\/www.facebook.com\/Cloudics","article_modified_time":"2025-08-14T12:06:13+00:00","twitter_card":"summary_large_image","twitter_site":"@Cloudics_com","twitter_misc":{"Tiempo de lectura":"6 minutos"},"schema":{"@context":"https:\/\/schema.org","@graph":[{"@type":"WebPage","@id":"https:\/\/cloudics.com\/es\/politica-de-privacidad\/","url":"https:\/\/cloudics.com\/es\/politica-de-privacidad\/","name":"Pol\u00edtica de privacidad - Cloudics","isPartOf":{"@id":"https:\/\/cloudics.com\/en\/#website"},"datePublished":"2022-11-02T13:48:18+00:00","dateModified":"2025-08-14T12:06:13+00:00","description":"La siguiente pol\u00edtica de privacidad se aplica cuando utiliza la aplicaci\u00f3n Cloudics y\/o visita nuestro sitio web https:\/\/cloudics.com.","inLanguage":"es","potentialAction":[{"@type":"ReadAction","target":["https:\/\/cloudics.com\/es\/politica-de-privacidad\/"]}]},{"@type":"WebSite","@id":"https:\/\/cloudics.com\/en\/#website","url":"https:\/\/cloudics.com\/en\/","name":"Cloudics","description":"","publisher":{"@id":"https:\/\/cloudics.com\/en\/#organization"},"potentialAction":[{"@type":"SearchAction","target":{"@type":"EntryPoint","urlTemplate":"https:\/\/cloudics.com\/en\/?s={search_term_string}"},"query-input":{"@type":"PropertyValueSpecification","valueRequired":true,"valueName":"search_term_string"}}],"inLanguage":"es"},{"@type":"Organization","@id":"https:\/\/cloudics.com\/en\/#organization","name":"Cloudics","url":"https:\/\/cloudics.com\/en\/","logo":{"@type":"ImageObject","inLanguage":"es","@id":"https:\/\/cloudics.com\/en\/#\/schema\/logo\/image\/","url":"https:\/\/cloudics.com\/wp-content\/uploads\/2022\/12\/logo_sign_b.png","contentUrl":"https:\/\/cloudics.com\/wp-content\/uploads\/2022\/12\/logo_sign_b.png","width":163,"height":133,"caption":"Cloudics"},"image":{"@id":"https:\/\/cloudics.com\/en\/#\/schema\/logo\/image\/"},"sameAs":["https:\/\/www.facebook.com\/Cloudics","https:\/\/x.com\/Cloudics_com","https:\/\/www.linkedin.com\/company\/cloudics","https:\/\/www.instagram.com\/cloudics_com"]}]}},"_links":{"self":[{"href":"https:\/\/cloudics.com\/es\/wp-json\/wp\/v2\/pages\/10543","targetHints":{"allow":["GET"]}}],"collection":[{"href":"https:\/\/cloudics.com\/es\/wp-json\/wp\/v2\/pages"}],"about":[{"href":"https:\/\/cloudics.com\/es\/wp-json\/wp\/v2\/types\/page"}],"author":[{"embeddable":true,"href":"https:\/\/cloudics.com\/es\/wp-json\/wp\/v2\/users\/1"}],"replies":[{"embeddable":true,"href":"https:\/\/cloudics.com\/es\/wp-json\/wp\/v2\/comments?post=10543"}],"version-history":[{"count":6,"href":"https:\/\/cloudics.com\/es\/wp-json\/wp\/v2\/pages\/10543\/revisions"}],"predecessor-version":[{"id":25583,"href":"https:\/\/cloudics.com\/es\/wp-json\/wp\/v2\/pages\/10543\/revisions\/25583"}],"wp:attachment":[{"href":"https:\/\/cloudics.com\/es\/wp-json\/wp\/v2\/media?parent=10543"}],"curies":[{"name":"wp","href":"https:\/\/api.w.org\/{rel}","templated":true}]}}