{"id":150,"date":"2020-07-10T14:08:37","date_gmt":"2020-07-10T14:08:37","guid":{"rendered":"https:\/\/cloudics.com\/?page_id=150"},"modified":"2025-08-14T10:42:52","modified_gmt":"2025-08-14T07:42:52","slug":"app-privaatsuspoliitika","status":"publish","type":"page","link":"https:\/\/cloudics.com\/et\/app-privaatsuspoliitika\/","title":{"rendered":"Cloudicsi \u00e4pi privaatsuspoliitika"},"content":{"rendered":"\n<div id=\"general_info\" class=\"wp-block-group wrap\"><div class=\"wp-block-group__inner-container is-layout-flow wp-block-group-is-layout-flow\">\n<h2 class=\"wp-block-heading has-text-align-center druk has-black-color has-text-color has-link-color wp-elements-25482159df4946637ddaf22654a8cea3\">Cloudics \u00c4PI privaatsuspoliitika<\/h2>\n\n\n\n<p>Tere tulemast Cloudics \u00c4PPI!<\/p>\n\n\n\n<p>K\u00e4esolevaga on kehtestatud Cloudics \u00c4PI ja veebisaidi <a href=\"https:\/\/cloudics.com\/et\/\" target=\"_blank\" rel=\"noreferrer noopener\">https:\/\/cloudics.com<\/a> (edaspidi \u201eveebisait\u201c) kasutamisel kohalduvad privaatsustingimused. Teie isikuandmete vastutav t\u00f6\u00f6tleja on Astro Baltics O\u00dc (edaspidi \u201eAstro Baltics\u201c v\u00f5i \u201emeie\u201c, registrikood 10386779, juriidiline aadress Tartumaa, Tartu, Tartu linn, Raatuse tn&nbsp;20, 51009). See privaatsuseeskiri on m\u00f5eldud seletuseks, mis kirjeldab, kuidas me mobiilirakenduse ja meie veebisaidi kaudu isikuandmeid t\u00f6\u00f6tleme (sh kogume ja kasutame). Palun tutvuge ka Astro Baltics \u00fcldise privaatsuspoliitikaga aadressil <a href=\"https:\/\/www.astrobaltics.eu\/privaatsuspoliitika\/\">https:\/\/www.astrobaltics.eu\/privaatsuspoliitika\/<\/a>.<\/p>\n\n\n\n<p>Teie privaatsus on meile v\u00e4ga oluline ja seet\u00f5ttu oleme siin v\u00e4lja toonud kogu info, mis puudutab Teie isikuandmeid! T\u00f6\u00f6tleme isikuandmeid koosk\u00f5las kehtivate \u00f5igusaktidega, seal hulgas isikuandmete kaitse \u00fcldm\u00e4\u00e4rusega. Privaatsustingimustes reguleerimata k\u00fcsimustes juhindume kehtivatest \u00f5igusaktidest.<\/p>\n\n\n\n<div style=\"height:20px\" aria-hidden=\"true\" class=\"wp-block-spacer\"><\/div>\n\n\n<div class=\"su-accordion su-u-trim\">\n\n\n<div class=\"su-spoiler su-spoiler-style-default su-spoiler-icon-chevron\" data-scroll-offset=\"0\" data-anchor-in-url=\"no\"><div class=\"su-spoiler-title\" tabindex=\"0\" role=\"button\"><span class=\"su-spoiler-icon\"><\/span>Mida me kogume?<\/div><div class=\"su-spoiler-content su-u-clearfix su-u-trim\">\n\n\n\n<div class=\"wp-block-group\"><div class=\"wp-block-group__inner-container is-layout-constrained wp-block-group-is-layout-constrained\">\n<p>Kogume Teie kohta isikuandmeid kasutajakonto loomisel Cloudics \u00c4PI kasutamiseks. S\u00f5ltuvalt koost\u00f6\u00f6lepingust, mis Astro Baltics on s\u00f5lminud teenust osutava ettev\u00f5ttega, v\u00f5ime koguda ja salvestada j\u00e4rgmisi andmeid:<\/p>\n\n\n\n<ul class=\"wp-block-list\">\n<li>nimi;<\/li>\n\n\n\n<li>s\u00fcnnikuup\u00e4ev;<\/li>\n\n\n\n<li>kontaktandmed (n\u00e4iteks e-posti aadress, telefoninumber, aadress);<\/li>\n\n\n\n<li>seadme teave (kasutatava seadme t\u00fc\u00fcp);<\/li>\n\n\n\n<li>teave s\u00f5iduki kohta (v\u00f5imalik kasutada tankimisrakenduse numbrim\u00e4rgi tuvastuseks);<\/li>\n\n\n\n<li>asukoht (v\u00f5imalik kasutada tankimisrakenduses);<\/li>\n\n\n\n<li>Teie edastatud teated ja tagasiside (e-posti, telefoni, Cloudics \u00c4PI, sotsiaalmeedia v\u00f5i muu kanali vahendusel, sh Teie tagasiside Cloudics \u00c4PILE).<\/li>\n<\/ul>\n\n\n\n<p>Samuti kogume andmeid Cloudics \u00c4PI kasutamise ajal. Eelk\u00f5ige kogume kasutamise k\u00e4igus teavet Cloudics \u00c4PI vahendusel sooritatud tehingute kohta.<\/p>\n\n\n\n<p>Juhime t\u00e4helepanu, et Teie pangakaartide andmeid (tundlikud makseandmed) ei salvestata Cloudics \u00c4PI serverites. Pangakaartide andmed saadetakse otse makseteenuse pakkujale sinu riigis (olenevalt regioonist n\u00e4iteks EveryPay, SIX Payment Services).<\/p>\n<\/div><\/div>\n\n\n<\/div><\/div>\n\n\n<div class=\"su-spoiler su-spoiler-style-default su-spoiler-icon-chevron su-spoiler-closed\" data-scroll-offset=\"0\" data-anchor-in-url=\"no\"><div class=\"su-spoiler-title\" tabindex=\"0\" role=\"button\"><span class=\"su-spoiler-icon\"><\/span>Mida me kogutud andmetega teeme?<\/div><div class=\"su-spoiler-content su-u-clearfix su-u-trim\">\n\n\n\n<div class=\"wp-block-group\"><div class=\"wp-block-group__inner-container is-layout-constrained wp-block-group-is-layout-constrained\">\n<p>Teie esitatud isikuandmeid t\u00f6\u00f6deldaks selleks, et pakkuda Teile kasutajas\u00f5bralikku ja veakindlat maksmislahendust. Isikuandmete esitamata j\u00e4tmisel ei ole v\u00f5imalik Cloudics \u00c4PI teenust kasutada (va n\u00f5usoleku alusel t\u00f6\u00f6deldavad isikuandmed).<\/p>\n\n\n\n<p>T\u00f6\u00f6tleme Teie isikuandmeid peamiselt lepingute ettevalmistamiseks, s\u00f5lmimiseks ja t\u00e4itmiseks, kuid ka v\u00f5imalike lepingust tulenevate vaidluste lahendamiseks. Cloudics \u00c4PI vahendusel on Teil v\u00f5imalik s\u00f5lmida lepinguid ka kolmandate isikutega (m\u00fc\u00fcgilepingud, kullerteenuse lepingud). Cloudics \u00c4PI vahendusel kogutakse andmeid ka nende lepingute s\u00f5lmimiseks.<\/p>\n\n\n\n<p>V\u00f5ime Teie isikuandmeid t\u00f6\u00f6delda n\u00f5usoleku alusel. N\u00e4iteks on tankimisrakenduses mugavamalt tangitavas tanklas asumise autoriseerimiseks v\u00f5imalik anda n\u00f5usolek seadme asukoha kasutamiseks. Samuti on Teie n\u00f5usolekul v\u00f5imalik kasutada teavet Teie s\u00f5iduki kohta ja tuvastada tanklas s\u00f5iduki numbrim\u00e4rk. V\u00f5ime Teie isikuandmeid t\u00f6\u00f6delda ka muul juhul n\u00f5usoleku alusel. T\u00f6\u00f6tlemise eesm\u00e4rk t\u00e4psustatakse n\u00f5usoleku andmise protsessi k\u00e4igus. Iga t\u00f6\u00f6tlemiseks antud n\u00f5usolek on vabatahtlik ja Teil on \u00f5igus antud n\u00f5usolek igal hetkel tagasi v\u00f5tta. N\u00f5usoleku tagasiv\u00f5tmine ei m\u00f5juta enne tagasiv\u00f5tmist n\u00f5usoleku alusel toimunud t\u00f6\u00f6tlemise seaduslikkust.<\/p>\n\n\n\n<p>T\u00f6\u00f6tleme Teie isikuandmeid \u00f5igusaktidest tulenevate kohustuste t\u00e4itmiseks. Kohustused tulenevad peamiselt isikuandmete kaitse \u00fcldm\u00e4\u00e4rusest, isikuandmete kaitse seadusest, v\u00f5la\u00f5igusseadusest ja teistest kohalduvatest \u00f5igusaktidest. N\u00e4iteks on Astro Balticsil maksuaruandluse ja raamatupidamise kohustus, mille t\u00e4itmiseks t\u00f6\u00f6deldakse ja kasutatakse Teie isikuandmeid. Sealhulgas v\u00f5idakse edastada Teie isikuandmeid maksuhaldurile, teistele ametiasutustele ja audiitorile.<\/p>\n\n\n\n<p>T\u00f6\u00f6tleme Teie isikuandmeid tulenevalt Astro Baltics \u00f5igustatud huvist, sealhulgas nii \u00e4ritegevuse huvides kui ka turvalisuse (pettuste avastamine ja ennetamine, pahavara t\u00f5kestamine) huvides. Samuti v\u00f5ime kogutud andmeid kasutada Cloudics \u00c4PI veebisaidi ja mobiilirakenduse kohandamiseks vastavalt Teie tagasisidele.<\/p>\n<\/div><\/div>\n\n\n<\/div><\/div>\n\n\n<div class=\"su-spoiler su-spoiler-style-default su-spoiler-icon-chevron su-spoiler-closed\" data-scroll-offset=\"0\" data-anchor-in-url=\"no\"><div class=\"su-spoiler-title\" tabindex=\"0\" role=\"button\"><span class=\"su-spoiler-icon\"><\/span>Konfidentsiaalsus ja turvalisus<\/div><div class=\"su-spoiler-content su-u-clearfix su-u-trim\">\n\n\n\n<div class=\"wp-block-group\"><div class=\"wp-block-group__inner-container is-layout-constrained wp-block-group-is-layout-constrained\">\n<p>Kasutame tehnilisi ja organisatsioonilisi abin\u00f5usid, et kaitsta saadud isiklikku teavet kadumise, v\u00e4\u00e4rkasutamise ja volitamata muutmise eest ning tagada andmete konfidentsiaalsust. Vaatame oma turvaprotseduure regulaarselt \u00fcle ja kaalume sobivama uue turvatehnoloogia ja -meetodite kasutuselev\u00f5ttu. Kasutame sisse logimise lehtedel kasutatavate andmete edastamisel t\u00e4nap\u00e4evast andmete kr\u00fcptimistehnoloogiat. Isikuandmete s\u00e4ilitamise t\u00e4htaegade kohta, vaadake palun Astro Baltics \u00fcldist Privaatsuspoliitikat aadressil <a href=\"https:\/\/www.astrobaltics.eu\/privaatsuspoliitika\/\">https:\/\/www.astrobaltics.eu\/privaatsuspoliitika\/<\/a>.<\/p>\n\n\n\n<p>Astro Baltics v\u00f5ib avaldada isikuandmeid volitatud ja vastutavatele t\u00f6\u00f6tlejatele, kellel on andmetele ligip\u00e4\u00e4su vaja Astro Balticsile teenuse osutamiseks. Edastame Teie isikuandmeid ainult ulatuses ja vormis, mis on vajalik privaatsustingimustes loetletud eesm\u00e4rkide t\u00e4itmiseks, sealhulgas Teiega s\u00f5lmitavate lepingute ettevalmistamiseks ja t\u00e4itmiseks. Selleks v\u00f5ime edastada Teie isikuandmeid Kaupmeestele, kellega Teie \u00c4PI vahendusel lepinguid s\u00f5lmite (vt Kasutustingimused aadressil <a href=\"https:\/\/www.cloudics.com\/kasutustingimused\/\">https:\/\/www.cloudics.com\/kasutustingimused\/<\/a>).<\/p>\n<\/div><\/div>\n\n\n<\/div><\/div>\n\n\n<div class=\"su-spoiler su-spoiler-style-default su-spoiler-icon-chevron su-spoiler-closed\" data-scroll-offset=\"0\" data-anchor-in-url=\"no\"><div class=\"su-spoiler-title\" tabindex=\"0\" role=\"button\"><span class=\"su-spoiler-icon\"><\/span>Teie \u00f5igused seoses isikuandmete t\u00f6\u00f6tlemisega<\/div><div class=\"su-spoiler-content su-u-clearfix su-u-trim\">\n\n\n\n<div class=\"wp-block-group\"><div class=\"wp-block-group__inner-container is-layout-constrained wp-block-group-is-layout-constrained\">\n<p>Teil on \u00f5igus saada teavet Teid puudutavate isikuandmete t\u00f6\u00f6tlemise, nende kasutamise eesm\u00e4rkide, liikide ja allikate kohta. Samuti on Teil \u00f5igus saada koopiaid ja v\u00e4ljav\u00f5tteid t\u00f6\u00f6deldavatest isikuandmetest. Teil on \u00f5igus n\u00f5uda andmete parandamist v\u00f5i t\u00e4iendamist, kui selgub, et t\u00f6\u00f6deldavad isikuandmed on eba\u00f5iged v\u00f5i ebat\u00e4psed. Asjakohasel juhul on Teil \u00f5igus n\u00f5uda isikuandmete t\u00f6\u00f6tlemise piiramist v\u00f5i esitada vastuv\u00e4ide selliste isikuandmete t\u00f6\u00f6tlemisele. Teil on \u00f5igus n\u00f5uda t\u00f6\u00f6deldavate isikuandmete \u00fclekandmist. Teil on \u00f5igus n\u00f5uda andmete kustutamist, v\u00e4lja arvatud kui andmete t\u00f6\u00f6tlemise \u00f5igus ja kohustus tuleneb \u00f5igusaktidest. Juhime t\u00e4helepanu, et isikuandmete t\u00f6\u00f6tlemise l\u00f5petamine v\u00f5ib takistada Teile teenuse osutamist.<\/p>\n\n\n\n<p>T\u00e4psemalt saate andmesubjekti \u00f5igustest lugeda ka Astro Baltics \u00fcldisest Privaatsuspoliitikast aadressil <a href=\"https:\/\/www.astrobaltics.eu\/privaatsuspoliitika\/\">https:\/\/www.astrobaltics.eu\/privaatsuspoliitika\/<\/a>. Astro Balticas vastab esitatud vastuv\u00e4idetele ja n\u00f5uetele hiljemalt \u00fche kuu jooksul.<\/p>\n\n\n\n<p>T\u00f6\u00f6tleme Teie isikuandmeid tasakaalus Teie \u00f5iguste ja vabadustega. Kui Te olete seisukohal, et isikuandmete t\u00f6\u00f6tlemisel on Teie \u00f5igusi rikutud v\u00f5i Te soovite, et Astro Baltics l\u00f5petaks Teie isikuandmete t\u00f6\u00f6tlemise, v\u00f5tke palun \u00fchendust kontaktaadressil info@cloudics.com, p\u00fc\u00fcame lahkarvamused lahendada l\u00e4bir\u00e4\u00e4kimiste teel. Vaidluse korral on Teil \u00f5igus p\u00f6\u00f6rduda Andmekaitse Inspektsiooni (Tatari&nbsp;39, 10134 Tallinn; veebileht www.aki.ee) v\u00f5i p\u00e4deva kohtu poole.<\/p>\n<\/div><\/div>\n\n\n<\/div><\/div>\n\n\n<div class=\"su-spoiler su-spoiler-style-default su-spoiler-icon-chevron su-spoiler-closed\" data-scroll-offset=\"0\" data-anchor-in-url=\"no\"><div class=\"su-spoiler-title\" tabindex=\"0\" role=\"button\"><span class=\"su-spoiler-icon\"><\/span>Kolmandate osapoolte privaatsuseeskirjad<\/div><div class=\"su-spoiler-content su-u-clearfix su-u-trim\">\n\n\n\n<p>Me ei vastuta kolmandate osapoolte isikuandmete t\u00f6\u00f6tlemise, privaatsuseeskirjade ega nende sisu eest. Enda \u00f5iguste kaitsmiseks soovitame kolmandate osapoolte (sh Kaupmeeste, kullerteenuse osutajate jne) privaatsuseeskirjad \u00fcle vaadata enne lepingute s\u00f5lmimist, veendumaks, et need vastavad Teie ootustele.<\/p>\n\n\n<\/div><\/div>\n\n\n<div class=\"su-spoiler su-spoiler-style-default su-spoiler-icon-chevron su-spoiler-closed\" data-scroll-offset=\"0\" data-anchor-in-url=\"no\"><div class=\"su-spoiler-title\" tabindex=\"0\" role=\"button\"><span class=\"su-spoiler-icon\"><\/span>Edasised muudatused privaatsuspoliitikas<\/div><div class=\"su-spoiler-content su-u-clearfix su-u-trim\">\n\n\n\n<p>Vaatame privaatsuspoliitikat regulaarselt \u00fcle ja v\u00f5ime vajadusp\u00f5hiselt tingimusi muuta, lisada v\u00f5i eemaldada. Kui muudame privaatsuspoliitikat viisil, mis m\u00f5jutab Teie isikuandmete kasutamist, teavitame Teid sellest l\u00e4bi meie kodulehe v\u00f5i Cloudics \u00c4PI. Soovitame perioodiliselt meie privaatsuspoliitika \u00fcle vaadata, et oleksite alati muudatustega kursis.<\/p>\n\n\n<\/div><\/div>\n\n\n<\/div>\n<\/div><\/div>\n","protected":false},"excerpt":{"rendered":"<p>Cloudics \u00c4PI privaatsuspoliitika Tere tulemast Cloudics \u00c4PPI! K\u00e4esolevaga on kehtestatud Cloudics \u00c4PI ja veebisaidi https:\/\/cloudics.com (edaspidi \u201eveebisait\u201c) kasutamisel kohalduvad privaatsustingimused. Teie isikuandmete vastutav t\u00f6\u00f6tleja on Astro Baltics O\u00dc (edaspidi \u201eAstro Baltics\u201c v\u00f5i \u201emeie\u201c, registrikood 10386779, juriidiline aadress Tartumaa, Tartu, Tartu linn, Raatuse tn&nbsp;20, 51009). See privaatsuseeskiri on m\u00f5eldud seletuseks, mis kirjeldab, kuidas me mobiilirakenduse ja [&hellip;]<\/p>\n","protected":false},"author":1,"featured_media":0,"parent":0,"menu_order":0,"comment_status":"closed","ping_status":"closed","template":"template_b2c.php","meta":{"footnotes":""},"class_list":["post-150","page","type-page","status-publish","hentry"],"yoast_head":"<!-- This site is optimized with the Yoast SEO plugin v27.3 - https:\/\/yoast.com\/product\/yoast-seo-wordpress\/ -->\n<title>Privaatsuspoliitika<\/title>\n<meta name=\"description\" content=\"K\u00e4esolevaga on kehtestatud Cloudics \u00c4PI ja veebisaidi https:\/\/cloudics.com kasutamisel kohalduvad privaatsustingimused.\" \/>\n<meta name=\"robots\" content=\"index, follow, max-snippet:-1, max-image-preview:large, max-video-preview:-1\" \/>\n<link rel=\"canonical\" href=\"https:\/\/cloudics.com\/et\/app-privaatsuspoliitika\/\" \/>\n<meta property=\"og:locale\" content=\"et_EE\" \/>\n<meta property=\"og:type\" content=\"article\" \/>\n<meta property=\"og:title\" content=\"Privaatsuspoliitika\" \/>\n<meta property=\"og:description\" content=\"K\u00e4esolevaga on kehtestatud Cloudics \u00c4PI ja veebisaidi https:\/\/cloudics.com kasutamisel kohalduvad privaatsustingimused.\" \/>\n<meta property=\"og:url\" content=\"https:\/\/cloudics.com\/et\/app-privaatsuspoliitika\/\" \/>\n<meta property=\"og:site_name\" content=\"Cloudics\" \/>\n<meta property=\"article:publisher\" content=\"https:\/\/www.facebook.com\/Cloudics\" \/>\n<meta property=\"article:modified_time\" content=\"2025-08-14T07:42:52+00:00\" \/>\n<meta name=\"twitter:card\" content=\"summary_large_image\" \/>\n<meta name=\"twitter:site\" content=\"@Cloudics_com\" \/>\n<meta name=\"twitter:label1\" content=\"Est. reading time\" \/>\n\t<meta name=\"twitter:data1\" content=\"4 minutit\" \/>\n<script type=\"application\/ld+json\" class=\"yoast-schema-graph\">{\"@context\":\"https:\\\/\\\/schema.org\",\"@graph\":[{\"@type\":\"WebPage\",\"@id\":\"https:\\\/\\\/cloudics.com\\\/et\\\/app-privaatsuspoliitika\\\/\",\"url\":\"https:\\\/\\\/cloudics.com\\\/et\\\/app-privaatsuspoliitika\\\/\",\"name\":\"Privaatsuspoliitika\",\"isPartOf\":{\"@id\":\"https:\\\/\\\/cloudics.com\\\/en\\\/#website\"},\"datePublished\":\"2020-07-10T14:08:37+00:00\",\"dateModified\":\"2025-08-14T07:42:52+00:00\",\"description\":\"K\u00e4esolevaga on kehtestatud Cloudics \u00c4PI ja veebisaidi https:\\\/\\\/cloudics.com kasutamisel kohalduvad privaatsustingimused.\",\"inLanguage\":\"et\",\"potentialAction\":[{\"@type\":\"ReadAction\",\"target\":[\"https:\\\/\\\/cloudics.com\\\/et\\\/app-privaatsuspoliitika\\\/\"]}]},{\"@type\":\"WebSite\",\"@id\":\"https:\\\/\\\/cloudics.com\\\/en\\\/#website\",\"url\":\"https:\\\/\\\/cloudics.com\\\/en\\\/\",\"name\":\"Cloudics\",\"description\":\"\",\"publisher\":{\"@id\":\"https:\\\/\\\/cloudics.com\\\/en\\\/#organization\"},\"potentialAction\":[{\"@type\":\"SearchAction\",\"target\":{\"@type\":\"EntryPoint\",\"urlTemplate\":\"https:\\\/\\\/cloudics.com\\\/en\\\/?s={search_term_string}\"},\"query-input\":{\"@type\":\"PropertyValueSpecification\",\"valueRequired\":true,\"valueName\":\"search_term_string\"}}],\"inLanguage\":\"et\"},{\"@type\":\"Organization\",\"@id\":\"https:\\\/\\\/cloudics.com\\\/en\\\/#organization\",\"name\":\"Cloudics\",\"url\":\"https:\\\/\\\/cloudics.com\\\/en\\\/\",\"logo\":{\"@type\":\"ImageObject\",\"inLanguage\":\"et\",\"@id\":\"https:\\\/\\\/cloudics.com\\\/en\\\/#\\\/schema\\\/logo\\\/image\\\/\",\"url\":\"https:\\\/\\\/cloudics.com\\\/wp-content\\\/uploads\\\/2022\\\/12\\\/logo_sign_b.png\",\"contentUrl\":\"https:\\\/\\\/cloudics.com\\\/wp-content\\\/uploads\\\/2022\\\/12\\\/logo_sign_b.png\",\"width\":163,\"height\":133,\"caption\":\"Cloudics\"},\"image\":{\"@id\":\"https:\\\/\\\/cloudics.com\\\/en\\\/#\\\/schema\\\/logo\\\/image\\\/\"},\"sameAs\":[\"https:\\\/\\\/www.facebook.com\\\/Cloudics\",\"https:\\\/\\\/x.com\\\/Cloudics_com\",\"https:\\\/\\\/www.linkedin.com\\\/company\\\/cloudics\",\"https:\\\/\\\/www.instagram.com\\\/cloudics_com\"]}]}<\/script>\n<!-- \/ Yoast SEO plugin. -->","yoast_head_json":{"title":"Privaatsuspoliitika","description":"K\u00e4esolevaga on kehtestatud Cloudics \u00c4PI ja veebisaidi https:\/\/cloudics.com kasutamisel kohalduvad privaatsustingimused.","robots":{"index":"index","follow":"follow","max-snippet":"max-snippet:-1","max-image-preview":"max-image-preview:large","max-video-preview":"max-video-preview:-1"},"canonical":"https:\/\/cloudics.com\/et\/app-privaatsuspoliitika\/","og_locale":"et_EE","og_type":"article","og_title":"Privaatsuspoliitika","og_description":"K\u00e4esolevaga on kehtestatud Cloudics \u00c4PI ja veebisaidi https:\/\/cloudics.com kasutamisel kohalduvad privaatsustingimused.","og_url":"https:\/\/cloudics.com\/et\/app-privaatsuspoliitika\/","og_site_name":"Cloudics","article_publisher":"https:\/\/www.facebook.com\/Cloudics","article_modified_time":"2025-08-14T07:42:52+00:00","twitter_card":"summary_large_image","twitter_site":"@Cloudics_com","twitter_misc":{"Est. reading time":"4 minutit"},"schema":{"@context":"https:\/\/schema.org","@graph":[{"@type":"WebPage","@id":"https:\/\/cloudics.com\/et\/app-privaatsuspoliitika\/","url":"https:\/\/cloudics.com\/et\/app-privaatsuspoliitika\/","name":"Privaatsuspoliitika","isPartOf":{"@id":"https:\/\/cloudics.com\/en\/#website"},"datePublished":"2020-07-10T14:08:37+00:00","dateModified":"2025-08-14T07:42:52+00:00","description":"K\u00e4esolevaga on kehtestatud Cloudics \u00c4PI ja veebisaidi https:\/\/cloudics.com kasutamisel kohalduvad privaatsustingimused.","inLanguage":"et","potentialAction":[{"@type":"ReadAction","target":["https:\/\/cloudics.com\/et\/app-privaatsuspoliitika\/"]}]},{"@type":"WebSite","@id":"https:\/\/cloudics.com\/en\/#website","url":"https:\/\/cloudics.com\/en\/","name":"Cloudics","description":"","publisher":{"@id":"https:\/\/cloudics.com\/en\/#organization"},"potentialAction":[{"@type":"SearchAction","target":{"@type":"EntryPoint","urlTemplate":"https:\/\/cloudics.com\/en\/?s={search_term_string}"},"query-input":{"@type":"PropertyValueSpecification","valueRequired":true,"valueName":"search_term_string"}}],"inLanguage":"et"},{"@type":"Organization","@id":"https:\/\/cloudics.com\/en\/#organization","name":"Cloudics","url":"https:\/\/cloudics.com\/en\/","logo":{"@type":"ImageObject","inLanguage":"et","@id":"https:\/\/cloudics.com\/en\/#\/schema\/logo\/image\/","url":"https:\/\/cloudics.com\/wp-content\/uploads\/2022\/12\/logo_sign_b.png","contentUrl":"https:\/\/cloudics.com\/wp-content\/uploads\/2022\/12\/logo_sign_b.png","width":163,"height":133,"caption":"Cloudics"},"image":{"@id":"https:\/\/cloudics.com\/en\/#\/schema\/logo\/image\/"},"sameAs":["https:\/\/www.facebook.com\/Cloudics","https:\/\/x.com\/Cloudics_com","https:\/\/www.linkedin.com\/company\/cloudics","https:\/\/www.instagram.com\/cloudics_com"]}]}},"_links":{"self":[{"href":"https:\/\/cloudics.com\/et\/wp-json\/wp\/v2\/pages\/150","targetHints":{"allow":["GET"]}}],"collection":[{"href":"https:\/\/cloudics.com\/et\/wp-json\/wp\/v2\/pages"}],"about":[{"href":"https:\/\/cloudics.com\/et\/wp-json\/wp\/v2\/types\/page"}],"author":[{"embeddable":true,"href":"https:\/\/cloudics.com\/et\/wp-json\/wp\/v2\/users\/1"}],"replies":[{"embeddable":true,"href":"https:\/\/cloudics.com\/et\/wp-json\/wp\/v2\/comments?post=150"}],"version-history":[{"count":24,"href":"https:\/\/cloudics.com\/et\/wp-json\/wp\/v2\/pages\/150\/revisions"}],"predecessor-version":[{"id":25570,"href":"https:\/\/cloudics.com\/et\/wp-json\/wp\/v2\/pages\/150\/revisions\/25570"}],"wp:attachment":[{"href":"https:\/\/cloudics.com\/et\/wp-json\/wp\/v2\/media?parent=150"}],"curies":[{"name":"wp","href":"https:\/\/api.w.org\/{rel}","templated":true}]}}