{"id":154,"date":"2020-07-10T14:09:17","date_gmt":"2020-07-10T14:09:17","guid":{"rendered":"https:\/\/cloudics.com\/?page_id=154"},"modified":"2025-08-30T10:43:35","modified_gmt":"2025-08-30T07:43:35","slug":"kkk","status":"publish","type":"page","link":"https:\/\/cloudics.com\/et\/kkk\/","title":{"rendered":"KKK"},"content":{"rendered":"\n<div id=\"general_info\" class=\"wp-block-group wrap\"><div class=\"wp-block-group__inner-container is-layout-flow wp-block-group-is-layout-flow\">\n<h2 class=\"wp-block-heading has-text-align-center druk has-black-color has-text-color\">KKK<\/h2>\n\n\n<div class=\"su-accordion su-u-trim\">\n\n\n<div class=\"su-spoiler su-spoiler-style-default su-spoiler-icon-chevron\" data-scroll-offset=\"0\" data-anchor-in-url=\"no\"><div class=\"su-spoiler-title\" tabindex=\"0\" role=\"button\"><span class=\"su-spoiler-icon\"><\/span>Mis on Cloudics \u00e4pp?<\/div><div class=\"su-spoiler-content su-u-clearfix su-u-trim\">\n\n\n\n<p>Cloudics \u00e4pp on mobiilirakendus, mis koosneb mitmest p\u00f5himoodulist:<\/p>\n\n\n\n<ul class=\"wp-block-list\">\n<li>Tankimine \u2013 Cloudicsiga liitunud tanklates tankimise alustamine ja selle eest maksmine Cloudics \u00e4pis<\/li>\n\n\n\n<li>Elektrilaadimine \u2013 Cloudicsiga liitunud laadimisjaamades laadimise alustamine ja selle eest maksmine Cloudicsi \u00e4pis<\/li>\n\n\n\n<li>Ettetellimine \u2013 Cloudicsiga liitunud kaupmeeste toodete ette tellimine ja nende eest maksmine Cloudics \u00e4pis<\/li>\n\n\n\n<li>Pood \u2013 Cloudicsiga liitunud kaupmeeste m\u00fc\u00fcgipunktides nutipoodlemine ehk toodete ostukorvi skaneerimine ja nende eest maksmine Cloudics \u00e4pis<\/li>\n<\/ul>\n\n\n<\/div><\/div>\n\n\n<div class=\"su-spoiler su-spoiler-style-default su-spoiler-icon-chevron su-spoiler-closed\" data-scroll-offset=\"0\" data-anchor-in-url=\"no\"><div class=\"su-spoiler-title\" tabindex=\"0\" role=\"button\"><span class=\"su-spoiler-icon\"><\/span>Kus ma saan Cloudics \u00e4ppi kasutada?<\/div><div class=\"su-spoiler-content su-u-clearfix su-u-trim\">\n\n\n\n<p>Cloudics \u00e4ppi saab kasutada k\u00f5ikide meie partnerite tanklates ja m\u00fc\u00fcgipunktides, mis on m\u00e4rgistatud Cloudicsi logoga. Cloudics \u00e4pi p\u00f5himoodulite kasutamise v\u00f5imalus v\u00f5ib asukohtade ja partnerite l\u00f5ikes erineda. Vaata kaarti aadressil <a href=\"https:\/\/cloudics.com\/et\/app\/#kaart\">https:\/\/cloudics.com\/<\/a>.<\/p>\n\n\n<\/div><\/div>\n\n\n<div class=\"su-spoiler su-spoiler-style-default su-spoiler-icon-chevron su-spoiler-closed\" data-scroll-offset=\"0\" data-anchor-in-url=\"no\"><div class=\"su-spoiler-title\" tabindex=\"0\" role=\"button\"><span class=\"su-spoiler-icon\"><\/span>Kuidas ma saan Cloudics \u00e4ppi kasutada?<\/div><div class=\"su-spoiler-content su-u-clearfix su-u-trim\">\n\n\n\n<p>Kui sa soovid Cloudics \u00e4ppi kasutada tankimisel, elektrilaadimisel, ettetellimisel v\u00f5i nutipoodlemisel, siis lae alla Cloudicsi \u00e4pp, registreeru kasutajaks ning lisa rakendusse sobiv makseviis. Kasutamist saad alustada kohe! Cloudicsi rakendus on k\u00e4ttesaadav App Store\u2019is ja Google Play\u2019s!<\/p>\n\n\n<\/div><\/div>\n\n\n<div class=\"su-spoiler su-spoiler-style-default su-spoiler-icon-chevron su-spoiler-closed\" data-scroll-offset=\"0\" data-anchor-in-url=\"no\"><div class=\"su-spoiler-title\" tabindex=\"0\" role=\"button\"><span class=\"su-spoiler-icon\"><\/span>Milliseid kaarte ma saan Cloudics \u00e4ppi lisada?<\/div><div class=\"su-spoiler-content su-u-clearfix su-u-trim\">\n\n\n\n<p>Cloudics \u00e4pp t\u00f6\u00f6tab erinevate krediitkaartidega (nt Mastercard ja Visa), maksekaartidega ning partnerite sooduskaartidega.<\/p>\n\n\n<\/div><\/div>\n\n\n<div class=\"su-spoiler su-spoiler-style-default su-spoiler-icon-chevron su-spoiler-closed\" data-scroll-offset=\"0\" data-anchor-in-url=\"no\"><div class=\"su-spoiler-title\" tabindex=\"0\" role=\"button\"><span class=\"su-spoiler-icon\"><\/span>Kas Cloudics \u00e4pi kasutamine on turvaline?<\/div><div class=\"su-spoiler-content su-u-clearfix su-u-trim\">\n\n\n\n<p>Meie eesm\u00e4rk on muuta meie rakendus kasutajate jaoks v\u00f5imalikult turvaliseks. Kasutame usaldusv\u00e4\u00e4rseid makseteenuse pakkujaid ning kaitseme makseprotsesse ja kasutajate isiklikke andmeid spetsiaalse PIN-koodiga, mille kasutaja saab ise luua. Kogu isiklik teave on kr\u00fcpteeritud kujul.<\/p>\n\n\n<\/div><\/div>\n\n\n<div class=\"su-spoiler su-spoiler-style-default su-spoiler-icon-chevron su-spoiler-closed\" data-scroll-offset=\"0\" data-anchor-in-url=\"no\"><div class=\"su-spoiler-title\" tabindex=\"0\" role=\"button\"><span class=\"su-spoiler-icon\"><\/span>Mida teha, kui ma kaotan oma seadme?<\/div><div class=\"su-spoiler-content su-u-clearfix su-u-trim\">\n\n\n\n<p>Juhul, kui oled kaotanud oma seadme, saad oma Cloudicsi konto k\u00f5igist seadmetest korraga v\u00e4lja logida <a href=\"https:\/\/cloudics.com\/konto-turvalisus\/\" target=\"_blank\" rel=\"noreferrer noopener\">siin<\/a>. See tagab, et keegi teine ei saa sinu Cloudicsi kontot kasutada. Kui logid uuesti sisse, saad oma konto kasutamist j\u00e4tkata.<\/p>\n\n\n<\/div><\/div>\n\n\n<div class=\"su-spoiler su-spoiler-style-default su-spoiler-icon-chevron su-spoiler-closed\" data-scroll-offset=\"0\" data-anchor-in-url=\"no\"><div class=\"su-spoiler-title\" tabindex=\"0\" role=\"button\"><span class=\"su-spoiler-icon\"><\/span>Miks Cloudics \u00e4pp n\u00f5uab seadme asukoha lubamist?<\/div><div class=\"su-spoiler-content su-u-clearfix su-u-trim\">\n\n\n\n<p>Tankimise, elektrilaadimise ja ostlemise funktsioonide pakkumiseks peame veenduma, et kasutaja on \u00f5iges Cloudicsi asukohas (tanklas, laadimisjaamas v\u00f5i m\u00fc\u00fcgipunktis, kus saab Cloudicsit kasutada). Mugavaim viis enda identifitseerimiseks on kasutada asukoha tuvastust. Kui asukoha tuvastamine pole lubatud, siis on v\u00f5imalik tuvastada ennast, skaneerides pumbal v\u00f5i m\u00fc\u00fcgipunktis olevat QR-koodi. Cloudics \u00e4pp ei j\u00e4lgi ega kasuta kasutaja asukohta muul eesm\u00e4rgil.<\/p>\n\n\n<\/div><\/div>\n\n\n<div class=\"su-spoiler su-spoiler-style-default su-spoiler-icon-chevron su-spoiler-closed\" data-scroll-offset=\"0\" data-anchor-in-url=\"no\"><div class=\"su-spoiler-title\" tabindex=\"0\" role=\"button\"><span class=\"su-spoiler-icon\"><\/span>Miks Cloudics \u00e4pp n\u00f5uab seadme salvestusruumi luba?<\/div><div class=\"su-spoiler-content su-u-clearfix su-u-trim\">\n\n\n\n<p>Salvestusruumi luba on vajalik, et salvestada t\u0161ekke kasutaja seadmesse. Kui t\u0161ekkide allalaadimine pole vajalik saab Cloudics \u00e4pi jaoks salvestusruumi keelata.<\/p>\n\n\n<\/div><\/div>\n\n\n<div class=\"su-spoiler su-spoiler-style-default su-spoiler-icon-chevron su-spoiler-closed\" data-scroll-offset=\"0\" data-anchor-in-url=\"no\"><div class=\"su-spoiler-title\" tabindex=\"0\" role=\"button\"><span class=\"su-spoiler-icon\"><\/span>Miks Cloudics \u00e4pp n\u00f5uab seadme kaamera luba?<\/div><div class=\"su-spoiler-content su-u-clearfix su-u-trim\">\n\n\n\n<p>Kaamera kasutamine on vajalik:<br>1. kui kasutaja soovib ennast Cloudicsi tanklas v\u00f5i m\u00fc\u00fcgipunktis identifitseerida QR-koodi abil;<br>2. kui kasutaja soovib kasutada \u201ePood\u201c moodulit, siis on kaamerat vaja kasutada toodete ribakoodide skaneerimiseks.<br>Kaamerat ei kasutata muudes olukordades.<\/p>\n\n\n<\/div><\/div>\n\n\n<div class=\"su-spoiler su-spoiler-style-default su-spoiler-icon-chevron su-spoiler-closed\" data-scroll-offset=\"0\" data-anchor-in-url=\"no\"><div class=\"su-spoiler-title\" tabindex=\"0\" role=\"button\"><span class=\"su-spoiler-icon\"><\/span>Miks Cloudics \u00e4pp n\u00f5uab seadme teavituste luba?<\/div><div class=\"su-spoiler-content su-u-clearfix su-u-trim\">\n\n\n\n<p>Teavituste luba on oluline, et Cloudics \u00e4pp t\u00f6\u00f6taks korralikult. Kui alustada tankimist, siis pump suhtleb kasutaja seadmega l\u00e4bi vaikivate teavituste (n\u00e4iteks et anda rakendusele teada, kui tankimine on l\u00f5petatud). Kui kasutada ettetellimise funktsiooni, siis on teavituste abil v\u00f5imalik saada infot tellimuse erinevate seisundite kohta (nt tellimuse kinnitamine, tagasil\u00fckkamine, t\u00e4itmine jne). Kui teavitused Cloudics \u00e4pi jaoks keelata, siis rakendus v\u00f5ib valesti k\u00e4ituda.<\/p>\n\n\n<\/div><\/div>\n\n\n<div class=\"su-spoiler su-spoiler-style-default su-spoiler-icon-chevron su-spoiler-closed\" data-scroll-offset=\"0\" data-anchor-in-url=\"no\"><div class=\"su-spoiler-title\" tabindex=\"0\" role=\"button\"><span class=\"su-spoiler-icon\"><\/span>Mida t\u00e4hendab Lisa PINi turvalisus minu Seaded all?<\/div><div class=\"su-spoiler-content su-u-clearfix su-u-trim\">\n\n\n\n<p>Lisa PINi turvalisus v\u00f5imaldab kasutajal valida, kas kaitsta oma tankimisprotsessi kohandatud PIN koodiga. Soovitame seda valikut kasutada, kuid kui kasutaja seade on juba kaitstud PIN-koodi v\u00f5i s\u00f5rmej\u00e4ljega, siis v\u00f5ib selle s\u00e4tte mugavuse huvides keelata.<\/p>\n\n\n<\/div><\/div>\n\n\n<div class=\"su-spoiler su-spoiler-style-default su-spoiler-icon-chevron su-spoiler-closed\" data-scroll-offset=\"0\" data-anchor-in-url=\"no\"><div class=\"su-spoiler-title\" tabindex=\"0\" role=\"button\"><span class=\"su-spoiler-icon\"><\/span>Kust ma n\u00e4en oma t\u0161ekke?<\/div><div class=\"su-spoiler-content su-u-clearfix su-u-trim\">\n\n\n\n<p>T\u0161ekid salvestatakse p\u00e4rast tehingut Cloudics \u00e4ppi. Neid on v\u00f5imalik vaadata Cloudics \u00e4pi avalehel, valides \u201eKviitungid\u201c. T\u0161ekid on vaatesse jagatud moodulite j\u00e4rgi. T\u0161ekki saab vaadata, alla laadida (kui on antud seadme salvestusruumi luba) ning edastada e-kirjaga.<\/p>\n\n\n<\/div><\/div>\n\n\n<\/div>\n\n\n\n<h2 class=\"wp-block-heading has-text-align-center has-black-color has-text-color\">CLOUDICS<br>ETTETELLIMINE<\/h2>\n\n\n<div class=\"su-accordion su-u-trim\">\n\n\n<div class=\"su-spoiler su-spoiler-style-default su-spoiler-icon-chevron\" data-scroll-offset=\"0\" data-anchor-in-url=\"no\"><div class=\"su-spoiler-title\" tabindex=\"0\" role=\"button\"><span class=\"su-spoiler-icon\"><\/span>Kuidas ma tean, et kaupmees on mu tellimuse k\u00e4tte saanud?<\/div><div class=\"su-spoiler-content su-u-clearfix su-u-trim\">\n\n\n\n<p>Kui tellimus on esitatud, siis registreeritakse tellimus kaupmehe majandustarkvaras. Kui teenindaja on selle \u00fcle vaadanud, siis kinnitab ta tellimuse ja kasutaja n\u00e4eb Cloudics \u00e4pis vastavat teavitust (kui teavitused on lubatud) ning esitatud tellimuse vaade \u00e4pis muutub.<\/p>\n\n\n<\/div><\/div>\n\n\n<div class=\"su-spoiler su-spoiler-style-default su-spoiler-icon-chevron su-spoiler-closed\" data-scroll-offset=\"0\" data-anchor-in-url=\"no\"><div class=\"su-spoiler-title\" tabindex=\"0\" role=\"button\"><span class=\"su-spoiler-icon\"><\/span>Kaupmees l\u00fckkas mu tellimuse tagasi, kuidas ma raha tagasi saan?<\/div><div class=\"su-spoiler-content su-u-clearfix su-u-trim\">\n\n\n\n<p>Kui kaupmees l\u00fckkab tellimuse tagasi, siis tagastatakse kasutajale ostusumma vastavalt <a href=\"https:\/\/cloudics.com\/kasutustingimused\/\">Cloudics \u00e4pi kasutustingimustele<\/a>. <\/p>\n\n\n<\/div><\/div>\n\n\n<div class=\"su-spoiler su-spoiler-style-default su-spoiler-icon-chevron su-spoiler-closed\" data-scroll-offset=\"0\" data-anchor-in-url=\"no\"><div class=\"su-spoiler-title\" tabindex=\"0\" role=\"button\"><span class=\"su-spoiler-icon\"><\/span>Kuidas ma saan esitatud tellimuse t\u00fchistada?<\/div><div class=\"su-spoiler-content su-u-clearfix su-u-trim\">\n\n\n\n<p>Kui tellimus on esitatud, siis Cloudics \u00e4pist seda t\u00fchistada ei saa. T\u00fchistamiseks on v\u00f5imalik v\u00f5tta kaupmehega otse \u00fchendust telefoni teel. T\u00fchistamise tingimused v\u00f5ivad olla kirjeldatud ka kaupmehe kasutustingimustes. Tingimused leiad kaupmehe kodulehelt.<\/p>\n\n\n<\/div><\/div>\n\n\n<\/div>\n\n\n\n<h2 class=\"wp-block-heading has-text-align-center has-black-color has-text-color\">CLOUDICS<br>POOD<\/h2>\n\n\n<div class=\"su-accordion su-u-trim\">\n\n\n<div class=\"su-spoiler su-spoiler-style-default su-spoiler-icon-chevron\" data-scroll-offset=\"0\" data-anchor-in-url=\"no\"><div class=\"su-spoiler-title\" tabindex=\"0\" role=\"button\"><span class=\"su-spoiler-icon\"><\/span>Miks Cloudics \u00e4pp ei leia toodet?<\/div><div class=\"su-spoiler-content su-u-clearfix su-u-trim\">\n\n\n\n<p>Kui skaneerid Cloudics \u00e4piga toote ribakoodi ja \u00e4pp teavitab, et \u201eTundmatu ribakood\u201c, siis pole toodet sisestatud kaupmehe majandustarkvarasse. Sellisel juhul p\u00f6\u00f6rdu kaupluses teenindaja poole.<\/p>\n\n\n<\/div><\/div>\n\n\n<div class=\"su-spoiler su-spoiler-style-default su-spoiler-icon-chevron su-spoiler-closed\" data-scroll-offset=\"0\" data-anchor-in-url=\"no\"><div class=\"su-spoiler-title\" tabindex=\"0\" role=\"button\"><span class=\"su-spoiler-icon\"><\/span>Tootel pole ribakoodi. Kuidas ma saan seda Cloudics \u00e4piga osta?<\/div><div class=\"su-spoiler-content su-u-clearfix su-u-trim\">\n\n\n\n<p>Cloudics \u00e4piga saab osta ainult tooteid, millel on ribakood. Ribakoodita toodete ostmiseks p\u00f6\u00f6rdu kaupluse teenindaja poole.<\/p>\n\n\n<\/div><\/div>\n\n\n<div class=\"su-spoiler su-spoiler-style-default su-spoiler-icon-chevron su-spoiler-closed\" data-scroll-offset=\"0\" data-anchor-in-url=\"no\"><div class=\"su-spoiler-title\" tabindex=\"0\" role=\"button\"><span class=\"su-spoiler-icon\"><\/span>Miks ma ei n\u00e4e tootel soodushinda?<\/div><div class=\"su-spoiler-content su-u-clearfix su-u-trim\">\n\n\n\n<p>P\u00e4rast skaneerimist n\u00e4eb toodetel soodushinda, kui oled Cloudics \u00e4ppi lisanud vastava kaupmehe sooduskaardi ning see on aktiveeritud skaneerimise alguses. Sooduskaart peab olema ka kehtiv ning kaupmehe poolt peab olema kehtiv soodustus kaubale. Sooduskaarte saad hallata \u201eKaardid\u201c vaates, valides \u201eSooduskaardid\u201c.<\/p>\n\n\n<\/div><\/div>\n\n\n<\/div>\n<\/div><\/div>\n","protected":false},"excerpt":{"rendered":"<p>KKK CLOUDICSETTETELLIMINE CLOUDICSPOOD<\/p>\n","protected":false},"author":1,"featured_media":0,"parent":0,"menu_order":0,"comment_status":"closed","ping_status":"closed","template":"template_b2c.php","meta":{"footnotes":""},"class_list":["post-154","page","type-page","status-publish","hentry"],"yoast_head":"<!-- This site is optimized with the Yoast SEO plugin v27.4 - https:\/\/yoast.com\/product\/yoast-seo-wordpress\/ -->\n<title>KKK | Cloudics<\/title>\n<meta name=\"description\" content=\"Siit leiad vastused korduma kippuvatele k\u00fcsimustele, mis v\u00f5ivad Cloudicsi mobiilirakenduse osas tekkida.\" \/>\n<meta name=\"robots\" content=\"index, follow, max-snippet:-1, max-image-preview:large, max-video-preview:-1\" \/>\n<link rel=\"canonical\" href=\"https:\/\/cloudics.com\/et\/kkk\/\" \/>\n<meta property=\"og:locale\" content=\"et_EE\" \/>\n<meta property=\"og:type\" content=\"article\" \/>\n<meta property=\"og:title\" content=\"KKK | Cloudics\" \/>\n<meta property=\"og:description\" content=\"Siit leiad vastused korduma kippuvatele k\u00fcsimustele, mis v\u00f5ivad Cloudicsi mobiilirakenduse osas tekkida.\" \/>\n<meta property=\"og:url\" content=\"https:\/\/cloudics.com\/et\/kkk\/\" \/>\n<meta property=\"og:site_name\" content=\"Cloudics\" \/>\n<meta property=\"article:publisher\" content=\"https:\/\/www.facebook.com\/Cloudics\" \/>\n<meta property=\"article:modified_time\" content=\"2025-08-30T07:43:35+00:00\" \/>\n<meta name=\"twitter:card\" content=\"summary_large_image\" \/>\n<meta name=\"twitter:site\" content=\"@Cloudics_com\" \/>\n<meta name=\"twitter:label1\" content=\"Est. reading time\" \/>\n\t<meta name=\"twitter:data1\" content=\"4 minutit\" \/>\n<script type=\"application\/ld+json\" class=\"yoast-schema-graph\">{\"@context\":\"https:\\\/\\\/schema.org\",\"@graph\":[{\"@type\":\"WebPage\",\"@id\":\"https:\\\/\\\/cloudics.com\\\/et\\\/kkk\\\/\",\"url\":\"https:\\\/\\\/cloudics.com\\\/et\\\/kkk\\\/\",\"name\":\"KKK | Cloudics\",\"isPartOf\":{\"@id\":\"https:\\\/\\\/cloudics.com\\\/en\\\/#website\"},\"datePublished\":\"2020-07-10T14:09:17+00:00\",\"dateModified\":\"2025-08-30T07:43:35+00:00\",\"description\":\"Siit leiad vastused korduma kippuvatele k\u00fcsimustele, mis v\u00f5ivad Cloudicsi mobiilirakenduse osas tekkida.\",\"inLanguage\":\"et\",\"potentialAction\":[{\"@type\":\"ReadAction\",\"target\":[\"https:\\\/\\\/cloudics.com\\\/et\\\/kkk\\\/\"]}]},{\"@type\":\"WebSite\",\"@id\":\"https:\\\/\\\/cloudics.com\\\/en\\\/#website\",\"url\":\"https:\\\/\\\/cloudics.com\\\/en\\\/\",\"name\":\"Cloudics\",\"description\":\"\",\"publisher\":{\"@id\":\"https:\\\/\\\/cloudics.com\\\/en\\\/#organization\"},\"potentialAction\":[{\"@type\":\"SearchAction\",\"target\":{\"@type\":\"EntryPoint\",\"urlTemplate\":\"https:\\\/\\\/cloudics.com\\\/en\\\/?s={search_term_string}\"},\"query-input\":{\"@type\":\"PropertyValueSpecification\",\"valueRequired\":true,\"valueName\":\"search_term_string\"}}],\"inLanguage\":\"et\"},{\"@type\":\"Organization\",\"@id\":\"https:\\\/\\\/cloudics.com\\\/en\\\/#organization\",\"name\":\"Cloudics\",\"url\":\"https:\\\/\\\/cloudics.com\\\/en\\\/\",\"logo\":{\"@type\":\"ImageObject\",\"inLanguage\":\"et\",\"@id\":\"https:\\\/\\\/cloudics.com\\\/en\\\/#\\\/schema\\\/logo\\\/image\\\/\",\"url\":\"https:\\\/\\\/cloudics.com\\\/wp-content\\\/uploads\\\/2022\\\/12\\\/logo_sign_b.png\",\"contentUrl\":\"https:\\\/\\\/cloudics.com\\\/wp-content\\\/uploads\\\/2022\\\/12\\\/logo_sign_b.png\",\"width\":163,\"height\":133,\"caption\":\"Cloudics\"},\"image\":{\"@id\":\"https:\\\/\\\/cloudics.com\\\/en\\\/#\\\/schema\\\/logo\\\/image\\\/\"},\"sameAs\":[\"https:\\\/\\\/www.facebook.com\\\/Cloudics\",\"https:\\\/\\\/x.com\\\/Cloudics_com\",\"https:\\\/\\\/www.linkedin.com\\\/company\\\/cloudics\",\"https:\\\/\\\/www.instagram.com\\\/cloudics_com\"]}]}<\/script>\n<!-- \/ Yoast SEO plugin. -->","yoast_head_json":{"title":"KKK | Cloudics","description":"Siit leiad vastused korduma kippuvatele k\u00fcsimustele, mis v\u00f5ivad Cloudicsi mobiilirakenduse osas tekkida.","robots":{"index":"index","follow":"follow","max-snippet":"max-snippet:-1","max-image-preview":"max-image-preview:large","max-video-preview":"max-video-preview:-1"},"canonical":"https:\/\/cloudics.com\/et\/kkk\/","og_locale":"et_EE","og_type":"article","og_title":"KKK | Cloudics","og_description":"Siit leiad vastused korduma kippuvatele k\u00fcsimustele, mis v\u00f5ivad Cloudicsi mobiilirakenduse osas tekkida.","og_url":"https:\/\/cloudics.com\/et\/kkk\/","og_site_name":"Cloudics","article_publisher":"https:\/\/www.facebook.com\/Cloudics","article_modified_time":"2025-08-30T07:43:35+00:00","twitter_card":"summary_large_image","twitter_site":"@Cloudics_com","twitter_misc":{"Est. reading time":"4 minutit"},"schema":{"@context":"https:\/\/schema.org","@graph":[{"@type":"WebPage","@id":"https:\/\/cloudics.com\/et\/kkk\/","url":"https:\/\/cloudics.com\/et\/kkk\/","name":"KKK | Cloudics","isPartOf":{"@id":"https:\/\/cloudics.com\/en\/#website"},"datePublished":"2020-07-10T14:09:17+00:00","dateModified":"2025-08-30T07:43:35+00:00","description":"Siit leiad vastused korduma kippuvatele k\u00fcsimustele, mis v\u00f5ivad Cloudicsi mobiilirakenduse osas tekkida.","inLanguage":"et","potentialAction":[{"@type":"ReadAction","target":["https:\/\/cloudics.com\/et\/kkk\/"]}]},{"@type":"WebSite","@id":"https:\/\/cloudics.com\/en\/#website","url":"https:\/\/cloudics.com\/en\/","name":"Cloudics","description":"","publisher":{"@id":"https:\/\/cloudics.com\/en\/#organization"},"potentialAction":[{"@type":"SearchAction","target":{"@type":"EntryPoint","urlTemplate":"https:\/\/cloudics.com\/en\/?s={search_term_string}"},"query-input":{"@type":"PropertyValueSpecification","valueRequired":true,"valueName":"search_term_string"}}],"inLanguage":"et"},{"@type":"Organization","@id":"https:\/\/cloudics.com\/en\/#organization","name":"Cloudics","url":"https:\/\/cloudics.com\/en\/","logo":{"@type":"ImageObject","inLanguage":"et","@id":"https:\/\/cloudics.com\/en\/#\/schema\/logo\/image\/","url":"https:\/\/cloudics.com\/wp-content\/uploads\/2022\/12\/logo_sign_b.png","contentUrl":"https:\/\/cloudics.com\/wp-content\/uploads\/2022\/12\/logo_sign_b.png","width":163,"height":133,"caption":"Cloudics"},"image":{"@id":"https:\/\/cloudics.com\/en\/#\/schema\/logo\/image\/"},"sameAs":["https:\/\/www.facebook.com\/Cloudics","https:\/\/x.com\/Cloudics_com","https:\/\/www.linkedin.com\/company\/cloudics","https:\/\/www.instagram.com\/cloudics_com"]}]}},"_links":{"self":[{"href":"https:\/\/cloudics.com\/et\/wp-json\/wp\/v2\/pages\/154","targetHints":{"allow":["GET"]}}],"collection":[{"href":"https:\/\/cloudics.com\/et\/wp-json\/wp\/v2\/pages"}],"about":[{"href":"https:\/\/cloudics.com\/et\/wp-json\/wp\/v2\/types\/page"}],"author":[{"embeddable":true,"href":"https:\/\/cloudics.com\/et\/wp-json\/wp\/v2\/users\/1"}],"replies":[{"embeddable":true,"href":"https:\/\/cloudics.com\/et\/wp-json\/wp\/v2\/comments?post=154"}],"version-history":[{"count":24,"href":"https:\/\/cloudics.com\/et\/wp-json\/wp\/v2\/pages\/154\/revisions"}],"predecessor-version":[{"id":26028,"href":"https:\/\/cloudics.com\/et\/wp-json\/wp\/v2\/pages\/154\/revisions\/26028"}],"wp:attachment":[{"href":"https:\/\/cloudics.com\/et\/wp-json\/wp\/v2\/media?parent=154"}],"curies":[{"name":"wp","href":"https:\/\/api.w.org\/{rel}","templated":true}]}}