{"id":18213,"date":"2023-05-10T11:16:46","date_gmt":"2023-05-10T08:16:46","guid":{"rendered":"https:\/\/cloudics.com\/?page_id=18213"},"modified":"2025-12-09T18:35:14","modified_gmt":"2025-12-09T15:35:14","slug":"demo","status":"publish","type":"page","link":"https:\/\/cloudics.com\/et\/poodlemine\/demo\/","title":{"rendered":"Cloudics DEMO &#8211; Poodlemine"},"content":{"rendered":"\n<div class=\"wp-block-group wrap simple_columns\"><div class=\"wp-block-group__inner-container is-layout-constrained wp-block-group-is-layout-constrained\">\n<div class=\"wp-block-group headline_container\"><div class=\"wp-block-group__inner-container is-layout-constrained wp-block-group-is-layout-constrained\">\n<h2 class=\"wp-block-heading has-text-align-center\">Registreeru<br>DEMOLE<\/h2>\n<\/div><\/div>\n\n\n\n<div class=\"wp-block-columns is-layout-flex wp-container-core-columns-is-layout-9d6595d7 wp-block-columns-is-layout-flex\">\n<div class=\"wp-block-column is-layout-flow wp-block-column-is-layout-flow\"><\/div>\n\n\n\n<div class=\"wp-block-column is-layout-flow wp-block-column-is-layout-flow\">\n<h6 class=\"wp-block-heading has-text-align-center has-text-color has-link-color wp-elements-383ef261d23162043f325530111035e9\" style=\"color:#0078d8\">1<\/h6>\n\n\n\n<p class=\"has-text-align-center\"><strong>Kohtumise kokkuleppimine<\/strong> v\u00f5tke meiega \u00fchendust ja lepime kokku sobiva aja veebikohtumiseks.<\/p>\n<\/div>\n\n\n\n<div class=\"wp-block-column is-layout-flow wp-block-column-is-layout-flow\">\n<h6 class=\"wp-block-heading has-text-align-center has-text-color has-link-color wp-elements-e7d1e349d62a13406b1bb2bbb4e564d2\" style=\"color:#0078d8\">2<\/h6>\n\n\n\n<p class=\"has-text-align-center\"><strong>Personaalne tutvumine <\/strong>alustame sissejuhatava k\u00f5nega ja demonstreerime Cloudicsi funktsioone<\/p>\n<\/div>\n\n\n\n<div class=\"wp-block-column is-layout-flow wp-block-column-is-layout-flow\">\n<h6 class=\"wp-block-heading has-text-align-center has-text-color has-link-color wp-elements-9bf00a8f5e58f974e8bfd51a8945fc0d\" style=\"color:#0078d8\">3<\/h6>\n\n\n\n<p class=\"has-text-align-center\"><strong>Ligip\u00e4\u00e4s tervele platvorile <\/strong>anname v\u00f5imaluse testida mobiilirakendust, halduskeskkonda ja teisi funktsioone.<\/p>\n<\/div>\n\n\n\n<div class=\"wp-block-column is-layout-flow wp-block-column-is-layout-flow\"><\/div>\n<\/div>\n\n\n\n<div style=\"height:50px\" aria-hidden=\"true\" class=\"wp-block-spacer\"><\/div>\n\n\n\n<p class=\"has-text-align-center green has-text-color has-link-color wp-elements-42d54c777b77bc43f4e386bec96ef3c9\" style=\"color:#0078d8\"><a href=\"#pos_cta\">Registreeru demole <span class=\"wp-rich-text-font-awesome-icon wp-font-awesome-icon\"><svg aria-hidden=\"true\" focusable=\"false\" data-prefix=\"fas\" data-icon=\"arrow-right\" class=\"svg-inline--fa fa-arrow-right \" role=\"img\" xmlns=\"http:\/\/www.w3.org\/2000\/svg\" viewBox=\"0 0 448 512\"><path fill=\"currentColor\" d=\"M438.6 278.6c12.5-12.5 12.5-32.8 0-45.3l-160-160c-12.5-12.5-32.8-12.5-45.3 0s-12.5 32.8 0 45.3L338.8 224 32 224c-17.7 0-32 14.3-32 32s14.3 32 32 32l306.7 0L233.4 393.4c-12.5 12.5-12.5 32.8 0 45.3s32.8 12.5 45.3 0l160-160z\"><\/path><\/svg><\/span><\/a><\/p>\n<\/div><\/div>\n\n\n\n<div id=\"demo_how_video\" class=\"wp-block-group wrap\"><div class=\"wp-block-group__inner-container is-layout-constrained wp-block-group-is-layout-constrained\">\n<figure class=\"wp-block-image size-large bg_img\"><img loading=\"lazy\" decoding=\"async\" width=\"1390\" height=\"1114\" src=\"https:\/\/cloudics.com\/wp-content\/uploads\/2025\/09\/border.svg\" alt=\"\" class=\"wp-image-26278\"\/><\/figure>\n\n\n\n<figure class=\"wp-block-embed is-type-video is-provider-youtube wp-block-embed-youtube wp-embed-aspect-16-9 wp-has-aspect-ratio\"><div class=\"wp-block-embed__wrapper\">\n<iframe loading=\"lazy\" title=\"Cloudics Kaubandus [Nutipoodlemine] - Kuidas see t\u00f6\u00f6tab?\" width=\"500\" height=\"281\" src=\"https:\/\/www.youtube.com\/embed\/eKLzamYS4nk?start=2&#038;feature=oembed\" frameborder=\"0\" allow=\"accelerometer; autoplay; clipboard-write; encrypted-media; gyroscope; picture-in-picture; web-share\" referrerpolicy=\"strict-origin-when-cross-origin\" allowfullscreen><\/iframe>\n<\/div><\/figure>\n\n\n\n<div class=\"wp-block-group headline_container\"><div class=\"wp-block-group__inner-container is-layout-constrained wp-block-group-is-layout-constrained\">\n<h2 class=\"wp-block-heading has-text-align-center has-black-color has-text-color\">Kuidas Cloudics t\u00f6\u00f6tab?<\/h2>\n\n\n\n<p class=\"has-text-align-center\">Cloudicsi poodlemismoodul v\u00f5imaldab teie klientidel skaneerida tooteid poes v\u00f5i neid ette tellida. Rakendus vahetab informatsiooni Cloudicsi veebip\u00f5hise halduskeskkonnaga ning kogu lahendus on integreeritav teie olemasoleva majandustarkvaraga.<\/p>\n<\/div><\/div>\n\n\n\n<div style=\"height:20px\" aria-hidden=\"true\" class=\"wp-block-spacer\"><\/div>\n\n\n<div class=\"wp-block-image\">\n<figure data-wp-context=\"{&quot;imageId&quot;:&quot;69ea4f20d2a50&quot;}\" data-wp-interactive=\"core\/image\" data-wp-key=\"69ea4f20d2a50\" class=\"aligncenter size-large wp-lightbox-container\"><img loading=\"lazy\" decoding=\"async\" width=\"749\" height=\"216\" data-wp-class--hide=\"state.isContentHidden\" data-wp-class--show=\"state.isContentVisible\" data-wp-init=\"callbacks.setButtonStyles\" data-wp-on--click=\"actions.showLightbox\" data-wp-on--load=\"callbacks.setButtonStyles\" data-wp-on-window--resize=\"callbacks.setButtonStyles\" src=\"https:\/\/cloudics.com\/wp-content\/uploads\/2025\/09\/Group-22671.svg\" alt=\"\" class=\"wp-image-26298\"\/><button\n\t\t\tclass=\"lightbox-trigger\"\n\t\t\ttype=\"button\"\n\t\t\taria-haspopup=\"dialog\"\n\t\t\taria-label=\"Enlarge\"\n\t\t\tdata-wp-init=\"callbacks.initTriggerButton\"\n\t\t\tdata-wp-on--click=\"actions.showLightbox\"\n\t\t\tdata-wp-style--right=\"state.imageButtonRight\"\n\t\t\tdata-wp-style--top=\"state.imageButtonTop\"\n\t\t>\n\t\t\t<svg xmlns=\"http:\/\/www.w3.org\/2000\/svg\" width=\"12\" height=\"12\" fill=\"none\" viewBox=\"0 0 12 12\">\n\t\t\t\t<path fill=\"#fff\" d=\"M2 0a2 2 0 0 0-2 2v2h1.5V2a.5.5 0 0 1 .5-.5h2V0H2Zm2 10.5H2a.5.5 0 0 1-.5-.5V8H0v2a2 2 0 0 0 2 2h2v-1.5ZM8 12v-1.5h2a.5.5 0 0 0 .5-.5V8H12v2a2 2 0 0 1-2 2H8Zm2-12a2 2 0 0 1 2 2v2h-1.5V2a.5.5 0 0 0-.5-.5H8V0h2Z\" \/>\n\t\t\t<\/svg>\n\t\t<\/button><\/figure>\n<\/div><\/div><\/div>\n\n\n\n<div class=\"wp-block-columns wrap simple_columns is-layout-flex wp-container-core-columns-is-layout-9d6595d7 wp-block-columns-is-layout-flex\">\n<div class=\"wp-block-column is-layout-flow wp-block-column-is-layout-flow\"><div class=\"wp-block-image\">\n<figure class=\"aligncenter size-large\"><img loading=\"lazy\" decoding=\"async\" width=\"110\" height=\"111\" src=\"https:\/\/cloudics.com\/wp-content\/uploads\/2025\/09\/Group-37.svg\" alt=\"\" class=\"wp-image-26256\"\/><\/figure>\n<\/div>\n\n\n<h4 class=\"wp-block-heading has-text-align-center\">REAALAJAS \u00dcLEVAADE<\/h4>\n\n\n\n<p class=\"has-text-align-center\">tellimustest, ostudest ja toodetest<\/p>\n<\/div>\n\n\n\n<div class=\"wp-block-column is-layout-flow wp-block-column-is-layout-flow\"><div class=\"wp-block-image\">\n<figure class=\"aligncenter size-large\"><img loading=\"lazy\" decoding=\"async\" width=\"110\" height=\"111\" src=\"https:\/\/cloudics.com\/wp-content\/uploads\/2025\/09\/Group-22605.svg\" alt=\"\" class=\"wp-image-26208\"\/><\/figure>\n<\/div>\n\n\n<h4 class=\"wp-block-heading has-text-align-center\">PREEMIAPROGRAMM<\/h4>\n\n\n\n<p class=\"has-text-align-center\">t\u00e4iustab klientide ostukogemust<\/p>\n<\/div>\n\n\n\n<div class=\"wp-block-column is-layout-flow wp-block-column-is-layout-flow\"><div class=\"wp-block-image\">\n<figure class=\"aligncenter size-large\"><img loading=\"lazy\" decoding=\"async\" width=\"110\" height=\"111\" src=\"https:\/\/cloudics.com\/wp-content\/uploads\/2025\/09\/Group-22607.svg\" alt=\"\" class=\"wp-image-26206\"\/><\/figure>\n<\/div>\n\n\n<h4 class=\"wp-block-heading has-text-align-center\">EFEKTIIVNE<\/h4>\n\n\n\n<p class=\"has-text-align-center\">inventari ja protsesside juhtimine<\/p>\n<\/div>\n\n\n\n<div class=\"wp-block-column is-layout-flow wp-block-column-is-layout-flow\"><div class=\"wp-block-image\">\n<figure class=\"aligncenter size-large\"><img loading=\"lazy\" decoding=\"async\" width=\"110\" height=\"111\" src=\"https:\/\/cloudics.com\/wp-content\/uploads\/2025\/09\/Group-22604.svg\" alt=\"\" class=\"wp-image-26209\"\/><\/figure>\n<\/div>\n\n\n<h4 class=\"wp-block-heading has-text-align-center\">SUUREM M\u00dc\u00dcGITULU<\/h4>\n\n\n\n<p class=\"has-text-align-center\">t\u00e4nu l\u00fchemale ooteajale ja lisam\u00fc\u00fcgile<\/p>\n<\/div>\n<\/div>\n\n\n\n<div id=\"pos_cta\" class=\"wp-block-group wrap\"><div class=\"wp-block-group__inner-container is-layout-constrained wp-block-group-is-layout-constrained\">\n<h2 class=\"wp-block-heading has-text-align-center has-black-color has-text-color has-link-color wp-elements-4aa32c54abef1808215d56b4de523bee\">REGISTREERU<br>TASUTA DEMOLE<\/h2>\n\n\n\n<p class=\"has-text-align-center has-black-color has-text-color has-link-color wp-elements-698b23640c898df2d6fafe07bdf2b288\">Vastame Teile 24 tunni jooksul.<\/p>\n\n\n\n<div class=\"wpcf7 no-js\" id=\"wpcf7-f21355-o1\" lang=\"en-US\" dir=\"ltr\" data-wpcf7-id=\"21355\">\n<div class=\"screen-reader-response\"><p role=\"status\" aria-live=\"polite\" aria-atomic=\"true\"><\/p> <ul><\/ul><\/div>\n<form action=\"\/et\/wp-json\/wp\/v2\/pages\/18213#wpcf7-f21355-o1\" method=\"post\" class=\"wpcf7-form init\" aria-label=\"Contact form\" novalidate=\"novalidate\" data-status=\"init\">\n<fieldset class=\"hidden-fields-container\"><input type=\"hidden\" name=\"_wpcf7\" value=\"21355\" \/><input type=\"hidden\" name=\"_wpcf7_version\" value=\"6.1.5\" \/><input type=\"hidden\" name=\"_wpcf7_locale\" value=\"en_US\" \/><input type=\"hidden\" name=\"_wpcf7_unit_tag\" value=\"wpcf7-f21355-o1\" \/><input type=\"hidden\" name=\"_wpcf7_container_post\" value=\"0\" \/><input type=\"hidden\" name=\"_wpcf7_posted_data_hash\" value=\"\" \/><input type=\"hidden\" name=\"_wpcf7_recaptcha_response\" value=\"\" \/>\n<\/fieldset>\n<ul>\n\t<li>\n\t\t<p><label> Eesnimi*<br \/>\n<span class=\"wpcf7-form-control-wrap\" data-name=\"your-name\"><input size=\"40\" maxlength=\"400\" class=\"wpcf7-form-control wpcf7-text wpcf7-validates-as-required\" aria-required=\"true\" aria-invalid=\"false\" value=\"\" type=\"text\" name=\"your-name\" \/><\/span> <\/label>\n\t\t<\/p>\n\t<\/li>\n\t<li>\n\t\t<p><label> Perekonnanimi*<br \/>\n<span class=\"wpcf7-form-control-wrap\" data-name=\"last-name\"><input size=\"40\" maxlength=\"400\" class=\"wpcf7-form-control wpcf7-text wpcf7-validates-as-required\" aria-required=\"true\" aria-invalid=\"false\" value=\"\" type=\"text\" name=\"last-name\" \/><\/span> <\/label>\n\t\t<\/p>\n\t<\/li>\n\t<li>\n\t\t<p><label> Ettev\u00f5te nimi*<br \/>\n<span class=\"wpcf7-form-control-wrap\" data-name=\"your-company\"><input size=\"40\" maxlength=\"400\" class=\"wpcf7-form-control wpcf7-text wpcf7-validates-as-required\" aria-required=\"true\" aria-invalid=\"false\" value=\"\" type=\"text\" name=\"your-company\" \/><\/span> <\/label>\n\t\t<\/p>\n\t<\/li>\n\t<li>\n\t\t<p><label> E-mail*<br \/>\n<span class=\"wpcf7-form-control-wrap\" data-name=\"your-email\"><input size=\"40\" maxlength=\"400\" class=\"wpcf7-form-control wpcf7-email wpcf7-validates-as-required wpcf7-text wpcf7-validates-as-email\" aria-required=\"true\" aria-invalid=\"false\" value=\"\" type=\"email\" name=\"your-email\" \/><\/span> <\/label>\n\t\t<\/p>\n\t<\/li>\n<\/ul>\n<p><label> S\u00f5num*<br \/>\n<span class=\"wpcf7-form-control-wrap\" data-name=\"your-message\"><textarea cols=\"40\" rows=\"3\" maxlength=\"2000\" class=\"wpcf7-form-control wpcf7-textarea wpcf7-validates-as-required\" aria-required=\"true\" aria-invalid=\"false\" name=\"your-message\"><\/textarea><\/span> <\/label>\n<\/p>\n\n\n\n<!-- Hidden input field for page class -->\n<p><input type=\"hidden\" name=\"page-class\" value=\"<?php echo esc_attr( implode(' ', get_body_class()) ); ? \/>\">\n<\/p><!-- Hidden input field for page URL set using JavaScript -->\n<p><input type=\"hidden\" name=\"page-url\" id=\"page-url\" \/>\n<\/p>\n<div class=\"privcyCheck\">\n\t<p><span class=\"wpcf7-form-control-wrap\" data-name=\"privacy\"><span class=\"wpcf7-form-control wpcf7-checkbox wpcf7-validates-as-required\"><span class=\"wpcf7-list-item first last\"><input type=\"checkbox\" name=\"privacy[]\" value=\"Olen tutvunud\" \/><span class=\"wpcf7-list-item-label\">Olen tutvunud<\/span><\/span><\/span><\/span><a href=\"privaatsuspoliitika\/\"> privaatsustingimustega<\/a>\n\t<\/p>\n<\/div>\n<div class=\"submit_container\">\n\t<p><input class=\"wpcf7-form-control wpcf7-submit has-spinner submit\" type=\"submit\" value=\"Saada\" \/>\n\t<\/p>\n<\/div>\n<p><script>\ndocument.addEventListener('DOMContentLoaded', function() {\n function getCurrentPageURL() {\n return window.location.href;\n }\n\n var currentPageURL = getCurrentPageURL();\n document.getElementById('page-url').value = currentPageURL;\n});\n<\/script>\n<\/p><input type='hidden' class='wpcf7-pum' value='{\"closepopup\":false,\"closedelay\":0,\"openpopup\":false,\"openpopup_id\":0}' \/><div class=\"wpcf7-response-output\" aria-hidden=\"true\"><\/div>\n<\/form>\n<\/div>\n\n<\/div><\/div>\n","protected":false},"excerpt":{"rendered":"<p>RegistreeruDEMOLE 1 Kohtumise kokkuleppimine v\u00f5tke meiega \u00fchendust ja lepime kokku sobiva aja veebikohtumiseks. 2 Personaalne tutvumine alustame sissejuhatava k\u00f5nega ja demonstreerime Cloudicsi funktsioone 3 Ligip\u00e4\u00e4s tervele platvorile anname v\u00f5imaluse testida mobiilirakendust, halduskeskkonda ja teisi funktsioone. Registreeru demole Kuidas Cloudics t\u00f6\u00f6tab? Cloudicsi poodlemismoodul v\u00f5imaldab teie klientidel skaneerida tooteid poes v\u00f5i neid ette tellida. Rakendus vahetab informatsiooni [&hellip;]<\/p>\n","protected":false},"author":1,"featured_media":25692,"parent":17470,"menu_order":0,"comment_status":"closed","ping_status":"closed","template":"","meta":{"footnotes":""},"class_list":["post-18213","page","type-page","status-publish","has-post-thumbnail","hentry"],"yoast_head":"<!-- This site is optimized with the Yoast SEO plugin v27.4 - https:\/\/yoast.com\/product\/yoast-seo-wordpress\/ -->\n<title>Cloudics | Tarkvaraplatform kaupmehele | Broneeri 30-minutiline demo<\/title>\n<meta name=\"description\" content=\"Broneeri personaalne demo. Tutvustame Cloudicsi kaubanduslahendusi. N\u00e4itame, kuidas t\u00f6\u00f6tab skaneeri &amp; maksa, ettetellimine ja lojaalsusv\u00f5imalused.\" \/>\n<meta name=\"robots\" content=\"index, follow, max-snippet:-1, max-image-preview:large, max-video-preview:-1\" \/>\n<link rel=\"canonical\" href=\"https:\/\/cloudics.com\/et\/poodlemine\/demo\/\" \/>\n<meta property=\"og:locale\" content=\"et_EE\" \/>\n<meta property=\"og:type\" content=\"article\" \/>\n<meta property=\"og:title\" content=\"Cloudics | Tarkvaraplatform kaupmehele | Broneeri 30-minutiline demo\" \/>\n<meta property=\"og:description\" content=\"Broneeri personaalne demo. Tutvustame Cloudicsi kaubanduslahendusi. N\u00e4itame, kuidas t\u00f6\u00f6tab skaneeri &amp; maksa, ettetellimine ja lojaalsusv\u00f5imalused.\" \/>\n<meta property=\"og:url\" content=\"https:\/\/cloudics.com\/et\/poodlemine\/demo\/\" \/>\n<meta property=\"og:site_name\" content=\"Cloudics\" \/>\n<meta property=\"article:publisher\" content=\"https:\/\/www.facebook.com\/Cloudics\" \/>\n<meta property=\"article:modified_time\" content=\"2025-12-09T15:35:14+00:00\" \/>\n<meta property=\"og:image\" content=\"https:\/\/cloudics.com\/wp-content\/uploads\/2025\/08\/Featured-image-shopping-1024x683.png\" \/>\n\t<meta property=\"og:image:width\" content=\"1024\" \/>\n\t<meta property=\"og:image:height\" content=\"683\" \/>\n\t<meta property=\"og:image:type\" content=\"image\/png\" \/>\n<meta name=\"twitter:card\" content=\"summary_large_image\" \/>\n<meta name=\"twitter:site\" content=\"@Cloudics_com\" \/>\n<meta name=\"twitter:label1\" content=\"Est. reading time\" \/>\n\t<meta name=\"twitter:data1\" content=\"2 minutit\" \/>\n<script type=\"application\/ld+json\" class=\"yoast-schema-graph\">{\"@context\":\"https:\\\/\\\/schema.org\",\"@graph\":[{\"@type\":\"WebPage\",\"@id\":\"https:\\\/\\\/cloudics.com\\\/et\\\/poodlemine\\\/demo\\\/\",\"url\":\"https:\\\/\\\/cloudics.com\\\/et\\\/poodlemine\\\/demo\\\/\",\"name\":\"Cloudics | Tarkvaraplatform kaupmehele | Broneeri 30-minutiline demo\",\"isPartOf\":{\"@id\":\"https:\\\/\\\/cloudics.com\\\/en\\\/#website\"},\"primaryImageOfPage\":{\"@id\":\"https:\\\/\\\/cloudics.com\\\/et\\\/poodlemine\\\/demo\\\/#primaryimage\"},\"image\":{\"@id\":\"https:\\\/\\\/cloudics.com\\\/et\\\/poodlemine\\\/demo\\\/#primaryimage\"},\"thumbnailUrl\":\"https:\\\/\\\/cloudics.com\\\/wp-content\\\/uploads\\\/2025\\\/08\\\/Featured-image-shopping.png\",\"datePublished\":\"2023-05-10T08:16:46+00:00\",\"dateModified\":\"2025-12-09T15:35:14+00:00\",\"description\":\"Broneeri personaalne demo. Tutvustame Cloudicsi kaubanduslahendusi. N\u00e4itame, kuidas t\u00f6\u00f6tab skaneeri & maksa, ettetellimine ja lojaalsusv\u00f5imalused.\",\"breadcrumb\":{\"@id\":\"https:\\\/\\\/cloudics.com\\\/et\\\/poodlemine\\\/demo\\\/#breadcrumb\"},\"inLanguage\":\"et\",\"potentialAction\":[{\"@type\":\"ReadAction\",\"target\":[\"https:\\\/\\\/cloudics.com\\\/et\\\/poodlemine\\\/demo\\\/\"]}]},{\"@type\":\"ImageObject\",\"inLanguage\":\"et\",\"@id\":\"https:\\\/\\\/cloudics.com\\\/et\\\/poodlemine\\\/demo\\\/#primaryimage\",\"url\":\"https:\\\/\\\/cloudics.com\\\/wp-content\\\/uploads\\\/2025\\\/08\\\/Featured-image-shopping.png\",\"contentUrl\":\"https:\\\/\\\/cloudics.com\\\/wp-content\\\/uploads\\\/2025\\\/08\\\/Featured-image-shopping.png\",\"width\":1714,\"height\":1143},{\"@type\":\"BreadcrumbList\",\"@id\":\"https:\\\/\\\/cloudics.com\\\/et\\\/poodlemine\\\/demo\\\/#breadcrumb\",\"itemListElement\":[{\"@type\":\"ListItem\",\"position\":1,\"name\":\"Cloudics B2B Poodlemine\",\"item\":\"https:\\\/\\\/cloudics.com\\\/et\\\/poodlemine\\\/\"},{\"@type\":\"ListItem\",\"position\":2,\"name\":\"Cloudics DEMO &#8211; Poodlemine\"}]},{\"@type\":\"WebSite\",\"@id\":\"https:\\\/\\\/cloudics.com\\\/en\\\/#website\",\"url\":\"https:\\\/\\\/cloudics.com\\\/en\\\/\",\"name\":\"Cloudics\",\"description\":\"\",\"publisher\":{\"@id\":\"https:\\\/\\\/cloudics.com\\\/en\\\/#organization\"},\"potentialAction\":[{\"@type\":\"SearchAction\",\"target\":{\"@type\":\"EntryPoint\",\"urlTemplate\":\"https:\\\/\\\/cloudics.com\\\/en\\\/?s={search_term_string}\"},\"query-input\":{\"@type\":\"PropertyValueSpecification\",\"valueRequired\":true,\"valueName\":\"search_term_string\"}}],\"inLanguage\":\"et\"},{\"@type\":\"Organization\",\"@id\":\"https:\\\/\\\/cloudics.com\\\/en\\\/#organization\",\"name\":\"Cloudics\",\"url\":\"https:\\\/\\\/cloudics.com\\\/en\\\/\",\"logo\":{\"@type\":\"ImageObject\",\"inLanguage\":\"et\",\"@id\":\"https:\\\/\\\/cloudics.com\\\/en\\\/#\\\/schema\\\/logo\\\/image\\\/\",\"url\":\"https:\\\/\\\/cloudics.com\\\/wp-content\\\/uploads\\\/2022\\\/12\\\/logo_sign_b.png\",\"contentUrl\":\"https:\\\/\\\/cloudics.com\\\/wp-content\\\/uploads\\\/2022\\\/12\\\/logo_sign_b.png\",\"width\":163,\"height\":133,\"caption\":\"Cloudics\"},\"image\":{\"@id\":\"https:\\\/\\\/cloudics.com\\\/en\\\/#\\\/schema\\\/logo\\\/image\\\/\"},\"sameAs\":[\"https:\\\/\\\/www.facebook.com\\\/Cloudics\",\"https:\\\/\\\/x.com\\\/Cloudics_com\",\"https:\\\/\\\/www.linkedin.com\\\/company\\\/cloudics\",\"https:\\\/\\\/www.instagram.com\\\/cloudics_com\"]}]}<\/script>\n<!-- \/ Yoast SEO plugin. -->","yoast_head_json":{"title":"Cloudics | Tarkvaraplatform kaupmehele | Broneeri 30-minutiline demo","description":"Broneeri personaalne demo. Tutvustame Cloudicsi kaubanduslahendusi. N\u00e4itame, kuidas t\u00f6\u00f6tab skaneeri & maksa, ettetellimine ja lojaalsusv\u00f5imalused.","robots":{"index":"index","follow":"follow","max-snippet":"max-snippet:-1","max-image-preview":"max-image-preview:large","max-video-preview":"max-video-preview:-1"},"canonical":"https:\/\/cloudics.com\/et\/poodlemine\/demo\/","og_locale":"et_EE","og_type":"article","og_title":"Cloudics | Tarkvaraplatform kaupmehele | Broneeri 30-minutiline demo","og_description":"Broneeri personaalne demo. Tutvustame Cloudicsi kaubanduslahendusi. N\u00e4itame, kuidas t\u00f6\u00f6tab skaneeri & maksa, ettetellimine ja lojaalsusv\u00f5imalused.","og_url":"https:\/\/cloudics.com\/et\/poodlemine\/demo\/","og_site_name":"Cloudics","article_publisher":"https:\/\/www.facebook.com\/Cloudics","article_modified_time":"2025-12-09T15:35:14+00:00","og_image":[{"width":1024,"height":683,"url":"https:\/\/cloudics.com\/wp-content\/uploads\/2025\/08\/Featured-image-shopping-1024x683.png","type":"image\/png"}],"twitter_card":"summary_large_image","twitter_site":"@Cloudics_com","twitter_misc":{"Est. reading time":"2 minutit"},"schema":{"@context":"https:\/\/schema.org","@graph":[{"@type":"WebPage","@id":"https:\/\/cloudics.com\/et\/poodlemine\/demo\/","url":"https:\/\/cloudics.com\/et\/poodlemine\/demo\/","name":"Cloudics | Tarkvaraplatform kaupmehele | Broneeri 30-minutiline demo","isPartOf":{"@id":"https:\/\/cloudics.com\/en\/#website"},"primaryImageOfPage":{"@id":"https:\/\/cloudics.com\/et\/poodlemine\/demo\/#primaryimage"},"image":{"@id":"https:\/\/cloudics.com\/et\/poodlemine\/demo\/#primaryimage"},"thumbnailUrl":"https:\/\/cloudics.com\/wp-content\/uploads\/2025\/08\/Featured-image-shopping.png","datePublished":"2023-05-10T08:16:46+00:00","dateModified":"2025-12-09T15:35:14+00:00","description":"Broneeri personaalne demo. Tutvustame Cloudicsi kaubanduslahendusi. N\u00e4itame, kuidas t\u00f6\u00f6tab skaneeri & maksa, ettetellimine ja lojaalsusv\u00f5imalused.","breadcrumb":{"@id":"https:\/\/cloudics.com\/et\/poodlemine\/demo\/#breadcrumb"},"inLanguage":"et","potentialAction":[{"@type":"ReadAction","target":["https:\/\/cloudics.com\/et\/poodlemine\/demo\/"]}]},{"@type":"ImageObject","inLanguage":"et","@id":"https:\/\/cloudics.com\/et\/poodlemine\/demo\/#primaryimage","url":"https:\/\/cloudics.com\/wp-content\/uploads\/2025\/08\/Featured-image-shopping.png","contentUrl":"https:\/\/cloudics.com\/wp-content\/uploads\/2025\/08\/Featured-image-shopping.png","width":1714,"height":1143},{"@type":"BreadcrumbList","@id":"https:\/\/cloudics.com\/et\/poodlemine\/demo\/#breadcrumb","itemListElement":[{"@type":"ListItem","position":1,"name":"Cloudics B2B Poodlemine","item":"https:\/\/cloudics.com\/et\/poodlemine\/"},{"@type":"ListItem","position":2,"name":"Cloudics DEMO &#8211; Poodlemine"}]},{"@type":"WebSite","@id":"https:\/\/cloudics.com\/en\/#website","url":"https:\/\/cloudics.com\/en\/","name":"Cloudics","description":"","publisher":{"@id":"https:\/\/cloudics.com\/en\/#organization"},"potentialAction":[{"@type":"SearchAction","target":{"@type":"EntryPoint","urlTemplate":"https:\/\/cloudics.com\/en\/?s={search_term_string}"},"query-input":{"@type":"PropertyValueSpecification","valueRequired":true,"valueName":"search_term_string"}}],"inLanguage":"et"},{"@type":"Organization","@id":"https:\/\/cloudics.com\/en\/#organization","name":"Cloudics","url":"https:\/\/cloudics.com\/en\/","logo":{"@type":"ImageObject","inLanguage":"et","@id":"https:\/\/cloudics.com\/en\/#\/schema\/logo\/image\/","url":"https:\/\/cloudics.com\/wp-content\/uploads\/2022\/12\/logo_sign_b.png","contentUrl":"https:\/\/cloudics.com\/wp-content\/uploads\/2022\/12\/logo_sign_b.png","width":163,"height":133,"caption":"Cloudics"},"image":{"@id":"https:\/\/cloudics.com\/en\/#\/schema\/logo\/image\/"},"sameAs":["https:\/\/www.facebook.com\/Cloudics","https:\/\/x.com\/Cloudics_com","https:\/\/www.linkedin.com\/company\/cloudics","https:\/\/www.instagram.com\/cloudics_com"]}]}},"_links":{"self":[{"href":"https:\/\/cloudics.com\/et\/wp-json\/wp\/v2\/pages\/18213","targetHints":{"allow":["GET"]}}],"collection":[{"href":"https:\/\/cloudics.com\/et\/wp-json\/wp\/v2\/pages"}],"about":[{"href":"https:\/\/cloudics.com\/et\/wp-json\/wp\/v2\/types\/page"}],"author":[{"embeddable":true,"href":"https:\/\/cloudics.com\/et\/wp-json\/wp\/v2\/users\/1"}],"replies":[{"embeddable":true,"href":"https:\/\/cloudics.com\/et\/wp-json\/wp\/v2\/comments?post=18213"}],"version-history":[{"count":25,"href":"https:\/\/cloudics.com\/et\/wp-json\/wp\/v2\/pages\/18213\/revisions"}],"predecessor-version":[{"id":26299,"href":"https:\/\/cloudics.com\/et\/wp-json\/wp\/v2\/pages\/18213\/revisions\/26299"}],"up":[{"embeddable":true,"href":"https:\/\/cloudics.com\/et\/wp-json\/wp\/v2\/pages\/17470"}],"wp:featuredmedia":[{"embeddable":true,"href":"https:\/\/cloudics.com\/et\/wp-json\/wp\/v2\/media\/25692"}],"wp:attachment":[{"href":"https:\/\/cloudics.com\/et\/wp-json\/wp\/v2\/media?parent=18213"}],"curies":[{"name":"wp","href":"https:\/\/api.w.org\/{rel}","templated":true}]}}