{"id":19275,"date":"2023-08-31T15:46:36","date_gmt":"2023-08-31T12:46:36","guid":{"rendered":"https:\/\/cloudics.com\/?page_id=19275"},"modified":"2026-01-13T12:35:09","modified_gmt":"2026-01-13T09:35:09","slug":"demo","status":"publish","type":"page","link":"https:\/\/cloudics.com\/et\/elektrilaadimine\/demo\/","title":{"rendered":"Cloudics DEMO \u2013 Elektrilaadimine"},"content":{"rendered":"\n<div class=\"wp-block-group wrap simple_columns\"><div class=\"wp-block-group__inner-container is-layout-constrained wp-block-group-is-layout-constrained\">\n<div class=\"wp-block-group headline_container\"><div class=\"wp-block-group__inner-container is-layout-constrained wp-block-group-is-layout-constrained\">\n<h2 class=\"wp-block-heading has-text-align-center\">Registreeru<br>DEMOLE<\/h2>\n<\/div><\/div>\n\n\n\n<div class=\"wp-block-columns is-layout-flex wp-container-core-columns-is-layout-9d6595d7 wp-block-columns-is-layout-flex\">\n<div class=\"wp-block-column is-layout-flow wp-block-column-is-layout-flow\"><\/div>\n\n\n\n<div class=\"wp-block-column is-layout-flow wp-block-column-is-layout-flow\">\n<h6 class=\"wp-block-heading has-text-align-center has-text-color has-link-color wp-elements-383ef261d23162043f325530111035e9\" style=\"color:#0078d8\">1<\/h6>\n\n\n\n<p class=\"has-text-align-center\"><strong>Kohtumise kokkuleppimine<\/strong> v\u00f5tke meiega \u00fchendust ja lepime kokku sobiva aja veebikohtumiseks.<\/p>\n<\/div>\n\n\n\n<div class=\"wp-block-column is-layout-flow wp-block-column-is-layout-flow\">\n<h6 class=\"wp-block-heading has-text-align-center has-text-color has-link-color wp-elements-e7d1e349d62a13406b1bb2bbb4e564d2\" style=\"color:#0078d8\">2<\/h6>\n\n\n\n<p class=\"has-text-align-center\"><strong>Personaalne tutvumine <\/strong>alustame sissejuhatava k\u00f5nega ja demonstreerime Cloudicsi funktsioone<\/p>\n<\/div>\n\n\n\n<div class=\"wp-block-column is-layout-flow wp-block-column-is-layout-flow\">\n<h6 class=\"wp-block-heading has-text-align-center has-text-color has-link-color wp-elements-9bf00a8f5e58f974e8bfd51a8945fc0d\" style=\"color:#0078d8\">3<\/h6>\n\n\n\n<p class=\"has-text-align-center\"><strong>Ligip\u00e4\u00e4s tervele platvorile <\/strong>anname v\u00f5imaluse testida mobiilirakendust, halduskeskkonda ja teisi funktsioone.<\/p>\n<\/div>\n\n\n\n<div class=\"wp-block-column is-layout-flow wp-block-column-is-layout-flow\"><\/div>\n<\/div>\n\n\n\n<div style=\"height:50px\" aria-hidden=\"true\" class=\"wp-block-spacer\"><\/div>\n\n\n\n<p class=\"has-text-align-center green has-text-color has-link-color wp-elements-42d54c777b77bc43f4e386bec96ef3c9\" style=\"color:#0078d8\"><a href=\"#pos_cta\">Registreeru demole <span class=\"wp-rich-text-font-awesome-icon wp-font-awesome-icon\"><svg aria-hidden=\"true\" focusable=\"false\" data-prefix=\"fas\" data-icon=\"arrow-right\" class=\"svg-inline--fa fa-arrow-right \" role=\"img\" xmlns=\"http:\/\/www.w3.org\/2000\/svg\" viewBox=\"0 0 448 512\"><path fill=\"currentColor\" d=\"M438.6 278.6c12.5-12.5 12.5-32.8 0-45.3l-160-160c-12.5-12.5-32.8-12.5-45.3 0s-12.5 32.8 0 45.3L338.8 224 32 224c-17.7 0-32 14.3-32 32s14.3 32 32 32l306.7 0L233.4 393.4c-12.5 12.5-12.5 32.8 0 45.3s32.8 12.5 45.3 0l160-160z\"><\/path><\/svg><\/span><\/a><\/p>\n<\/div><\/div>\n\n\n\n<div id=\"demo_how_video\" class=\"wp-block-group wrap\"><div class=\"wp-block-group__inner-container is-layout-constrained wp-block-group-is-layout-constrained\">\n<figure class=\"wp-block-image size-large bg_img\"><img loading=\"lazy\" decoding=\"async\" width=\"1390\" height=\"1114\" src=\"https:\/\/cloudics.com\/wp-content\/uploads\/2025\/09\/border.svg\" alt=\"\" class=\"wp-image-26278\"\/><\/figure>\n\n\n\n<div>\n  <script async src=\"https:\/\/js.storylane.io\/js\/v2\/storylane.js\"><\/script>\n  \n  <div class=\"sl-embed-container\" style=\"position:relative;display:flex;align-items:center;justify-content:center;border: 1px solid rgba(63,95,172,0.35);box-shadow: 0px 0px 18px rgba(26, 19, 72, 0.15);border-radius:10px\">\n    <div class=\"sl-preview-heading\" style=\"position:absolute;inset:0;display:flex;flex-direction:column;align-items:center;justify-content:center;background-color:transparent;z-index:999999;font-family:Poppins, Arial, sans-serif;font-size:clamp(20px, 2.664vw, 28px);font-weight:500;line-height:normal;text-align:center;border-radius:10px;\">\n    \n      <button onclick=\"Storylane.Play({type: 'preview_embed',demo_type: 'image', width: 1264, height: 834, element: this, demo_url: 'https:\/\/cloudics.storylane.io\/demo\/w30clewhxvas?embed=inline_overlay'})\" class=\"sl-preview-cta\" style=\"background-color:#0078d8;border:none;border-radius:8px;box-shadow:0px 0px 15px rgba(26, 19, 72, 0.45);color:#FFFFFF;display:inline-block;font-family:Poppins, Arial, sans-serif;font-size:clamp(16px, 1.599vw, 20px);font-weight:600;height:clamp(40px, 3.996vw, 50px);line-height:1.2;padding:0 clamp(15px, 1.776vw, 20px);text-overflow:ellipsis;transform:translateZ(0);transition:background 0.4s;white-space:nowrap;width:auto;z-index:999999;cursor:pointer\">VAATA DEMO<\/button>\n      <\/div>\n    <div class=\"sl-embed\" data-sl-demo-type=\"image\" style=\"position:relative;padding-bottom:calc(65.98% + 0px);width:100%;height:0;transform:scale(1);overflow:hidden;\">\n      <div class=\"sl-preview\" style=\"width:100%;height:100%;z-index:99999;position:absolute;background:url('https:\/\/storylane-prod-uploads.s3.us-east-2.amazonaws.com\/company\/company_c121e5a8-d33e-4311-8ba2-3e0298d74a40\/project\/project_02036528-4ae2-4654-bdba-948f4abb3dc8\/page\/page_6cfb49cb-5861-4a18-ae64-67f96447dd2e.png') no-repeat;background-size:100% 100%;border-radius:inherit;filter:blur(1px)\"><\/div>\n      <iframe class=\"sl-demo\" src=\"\" name=\"sl-embed\" allow=\"fullscreen\" allowfullscreen style=\"display:none;position:absolute;top:0;left:0;width:100%;height:100%;border:none;\"><\/iframe>\n    <\/div>\n    <iframe class=\"sl-demo\" src=\"\" name=\"sl-embed\" allow=\"fullscreen\" allowfullscreen style=\"display:none;position:absolute;top:0;left:0;width:100%;height:100%;border:none;\"><\/iframe>\n  <\/div>\n<\/div>\n\n\n\n<div class=\"wp-block-group headline_container\"><div class=\"wp-block-group__inner-container is-layout-constrained wp-block-group-is-layout-constrained\">\n<h2 class=\"wp-block-heading has-text-align-center has-black-color has-text-color\">Kuidas Cloudics t\u00f6\u00f6tab?<\/h2>\n\n\n\n<p class=\"has-text-align-center\">Cloudicsi platvorm koosneb kahest p\u00f5hikomponendist: laadimispunktide halduss\u00fcsteemist ja mobiilirakendusest. Halduss\u00fcsteem (CSMS) v\u00f5imaldab kuvada reaalajas laadimispunktide andmeid ning neid distantsilt hallata. Samuti \u00fchendab CSMS teie laadijad Cloudicsi mobiilirakendusega ja muudab v\u00f5imalikuks integratsiooni teiste laadimisplatvormidega.<\/p>\n<\/div><\/div>\n\n\n<div class=\"wp-block-image\">\n<figure data-wp-context=\"{&quot;imageId&quot;:&quot;69ea4b07c5a5f&quot;}\" data-wp-interactive=\"core\/image\" data-wp-key=\"69ea4b07c5a5f\" class=\"aligncenter size-full is-resized wp-lightbox-container\"><img loading=\"lazy\" decoding=\"async\" width=\"1967\" height=\"1026\" data-wp-class--hide=\"state.isContentHidden\" data-wp-class--show=\"state.isContentVisible\" data-wp-init=\"callbacks.setButtonStyles\" data-wp-on--click=\"actions.showLightbox\" data-wp-on--load=\"callbacks.setButtonStyles\" data-wp-on-window--resize=\"callbacks.setButtonStyles\" src=\"https:\/\/cloudics.com\/wp-content\/uploads\/2026\/01\/CSMS-scheme-new-EST.png\" alt=\"CSMS skeem\" class=\"wp-image-27099\" style=\"width:785px\" srcset=\"https:\/\/cloudics.com\/wp-content\/uploads\/2026\/01\/CSMS-scheme-new-EST.png 1967w, https:\/\/cloudics.com\/wp-content\/uploads\/2026\/01\/CSMS-scheme-new-EST-300x156.png 300w, https:\/\/cloudics.com\/wp-content\/uploads\/2026\/01\/CSMS-scheme-new-EST-1024x534.png 1024w, https:\/\/cloudics.com\/wp-content\/uploads\/2026\/01\/CSMS-scheme-new-EST-768x401.png 768w, https:\/\/cloudics.com\/wp-content\/uploads\/2026\/01\/CSMS-scheme-new-EST-1536x801.png 1536w\" sizes=\"auto, (max-width: 1967px) 100vw, 1967px\" \/><button\n\t\t\tclass=\"lightbox-trigger\"\n\t\t\ttype=\"button\"\n\t\t\taria-haspopup=\"dialog\"\n\t\t\taria-label=\"Enlarge\"\n\t\t\tdata-wp-init=\"callbacks.initTriggerButton\"\n\t\t\tdata-wp-on--click=\"actions.showLightbox\"\n\t\t\tdata-wp-style--right=\"state.imageButtonRight\"\n\t\t\tdata-wp-style--top=\"state.imageButtonTop\"\n\t\t>\n\t\t\t<svg xmlns=\"http:\/\/www.w3.org\/2000\/svg\" width=\"12\" height=\"12\" fill=\"none\" viewBox=\"0 0 12 12\">\n\t\t\t\t<path fill=\"#fff\" d=\"M2 0a2 2 0 0 0-2 2v2h1.5V2a.5.5 0 0 1 .5-.5h2V0H2Zm2 10.5H2a.5.5 0 0 1-.5-.5V8H0v2a2 2 0 0 0 2 2h2v-1.5ZM8 12v-1.5h2a.5.5 0 0 0 .5-.5V8H12v2a2 2 0 0 1-2 2H8Zm2-12a2 2 0 0 1 2 2v2h-1.5V2a.5.5 0 0 0-.5-.5H8V0h2Z\" \/>\n\t\t\t<\/svg>\n\t\t<\/button><\/figure>\n<\/div><\/div><\/div>\n\n\n\n<div class=\"wp-block-columns wrap simple_columns is-layout-flex wp-container-core-columns-is-layout-9d6595d7 wp-block-columns-is-layout-flex\">\n<div class=\"wp-block-column is-layout-flow wp-block-column-is-layout-flow\"><div class=\"wp-block-image\">\n<figure class=\"aligncenter size-large\"><img loading=\"lazy\" decoding=\"async\" width=\"110\" height=\"111\" src=\"https:\/\/cloudics.com\/wp-content\/uploads\/2025\/09\/Group-37.svg\" alt=\"\" class=\"wp-image-26256\"\/><\/figure>\n<\/div>\n\n\n<h4 class=\"wp-block-heading has-text-align-center\">\u00dchildub iga laadijaga<\/h4>\n\n\n\n<p class=\"has-text-align-center\">Cloudicsi platvormi saab \u00fchendada k\u00f5igi Euroopas saadaolevate elektrilaadijatega.<\/p>\n<\/div>\n\n\n\n<div class=\"wp-block-column is-layout-flow wp-block-column-is-layout-flow\"><div class=\"wp-block-image\">\n<figure class=\"aligncenter size-large\"><img loading=\"lazy\" decoding=\"async\" width=\"110\" height=\"111\" src=\"https:\/\/cloudics.com\/wp-content\/uploads\/2025\/09\/Group-22605.svg\" alt=\"\" class=\"wp-image-26208\"\/><\/figure>\n<\/div>\n\n\n<h4 class=\"wp-block-heading has-text-align-center\">Oma br\u00e4ndi lahendus<\/h4>\n\n\n\n<p class=\"has-text-align-center\">Garanteerige klientidele parim laadimiskogemus teie oma br\u00e4ndi v\u00e4limusega mobiilirakendusega.<\/p>\n<\/div>\n\n\n\n<div class=\"wp-block-column is-layout-flow wp-block-column-is-layout-flow\"><div class=\"wp-block-image\">\n<figure class=\"aligncenter size-large\"><img loading=\"lazy\" decoding=\"async\" width=\"110\" height=\"111\" src=\"https:\/\/cloudics.com\/wp-content\/uploads\/2025\/09\/Group-22607.svg\" alt=\"\" class=\"wp-image-26206\"\/><\/figure>\n<\/div>\n\n\n<h4 class=\"wp-block-heading has-text-align-center\">Paindlik<br> hinnastus<\/h4>\n\n\n\n<p class=\"has-text-align-center\">Lahendust on v\u00f5imalik kohandada vastavalt ettev\u00f5tte individuaalsetele vajadustele ja kasvuetapile.<\/p>\n<\/div>\n\n\n\n<div class=\"wp-block-column is-layout-flow wp-block-column-is-layout-flow\"><div class=\"wp-block-image\">\n<figure class=\"aligncenter size-large\"><img loading=\"lazy\" decoding=\"async\" width=\"110\" height=\"111\" src=\"https:\/\/cloudics.com\/wp-content\/uploads\/2025\/09\/Group-22604.svg\" alt=\"\" class=\"wp-image-26209\"\/><\/figure>\n<\/div>\n\n\n<h4 class=\"wp-block-heading has-text-align-center\">Kohandatud teie vajaduste j\u00e4rgi<\/h4>\n\n\n\n<p class=\"has-text-align-center\">Cloudicsi meeskond toetab teid alates juurutusprotsessist kuni lahenduse lansseerimise ja toimimiseni.<\/p>\n<\/div>\n<\/div>\n\n\n\n<div id=\"pos_cta\" class=\"wp-block-group wrap\"><div class=\"wp-block-group__inner-container is-layout-constrained wp-block-group-is-layout-constrained\">\n<h2 class=\"wp-block-heading has-text-align-center has-black-color has-text-color has-link-color wp-elements-4aa32c54abef1808215d56b4de523bee\">REGISTREERU<br>TASUTA DEMOLE<\/h2>\n\n\n\n<p class=\"has-text-align-center has-black-color has-text-color has-link-color wp-elements-698b23640c898df2d6fafe07bdf2b288\">Vastame Teile 24 tunni jooksul.<\/p>\n\n\n\n<div class=\"wpcf7 no-js\" id=\"wpcf7-f21355-o1\" lang=\"en-US\" dir=\"ltr\" data-wpcf7-id=\"21355\">\n<div class=\"screen-reader-response\"><p role=\"status\" aria-live=\"polite\" aria-atomic=\"true\"><\/p> <ul><\/ul><\/div>\n<form action=\"\/et\/wp-json\/wp\/v2\/pages\/19275#wpcf7-f21355-o1\" method=\"post\" class=\"wpcf7-form init\" aria-label=\"Contact form\" novalidate=\"novalidate\" data-status=\"init\">\n<fieldset class=\"hidden-fields-container\"><input type=\"hidden\" name=\"_wpcf7\" value=\"21355\" \/><input type=\"hidden\" name=\"_wpcf7_version\" value=\"6.1.5\" \/><input type=\"hidden\" name=\"_wpcf7_locale\" value=\"en_US\" \/><input type=\"hidden\" name=\"_wpcf7_unit_tag\" value=\"wpcf7-f21355-o1\" \/><input type=\"hidden\" name=\"_wpcf7_container_post\" value=\"0\" \/><input type=\"hidden\" name=\"_wpcf7_posted_data_hash\" value=\"\" \/><input type=\"hidden\" name=\"_wpcf7_recaptcha_response\" value=\"\" \/>\n<\/fieldset>\n<ul>\n\t<li>\n\t\t<p><label> Eesnimi*<br \/>\n<span class=\"wpcf7-form-control-wrap\" data-name=\"your-name\"><input size=\"40\" maxlength=\"400\" class=\"wpcf7-form-control wpcf7-text wpcf7-validates-as-required\" aria-required=\"true\" aria-invalid=\"false\" value=\"\" type=\"text\" name=\"your-name\" \/><\/span> <\/label>\n\t\t<\/p>\n\t<\/li>\n\t<li>\n\t\t<p><label> Perekonnanimi*<br \/>\n<span class=\"wpcf7-form-control-wrap\" data-name=\"last-name\"><input size=\"40\" maxlength=\"400\" class=\"wpcf7-form-control wpcf7-text wpcf7-validates-as-required\" aria-required=\"true\" aria-invalid=\"false\" value=\"\" type=\"text\" name=\"last-name\" \/><\/span> <\/label>\n\t\t<\/p>\n\t<\/li>\n\t<li>\n\t\t<p><label> Ettev\u00f5te nimi*<br \/>\n<span class=\"wpcf7-form-control-wrap\" data-name=\"your-company\"><input size=\"40\" maxlength=\"400\" class=\"wpcf7-form-control wpcf7-text wpcf7-validates-as-required\" aria-required=\"true\" aria-invalid=\"false\" value=\"\" type=\"text\" name=\"your-company\" \/><\/span> <\/label>\n\t\t<\/p>\n\t<\/li>\n\t<li>\n\t\t<p><label> E-mail*<br \/>\n<span class=\"wpcf7-form-control-wrap\" data-name=\"your-email\"><input size=\"40\" maxlength=\"400\" class=\"wpcf7-form-control wpcf7-email wpcf7-validates-as-required wpcf7-text wpcf7-validates-as-email\" aria-required=\"true\" aria-invalid=\"false\" value=\"\" type=\"email\" name=\"your-email\" \/><\/span> <\/label>\n\t\t<\/p>\n\t<\/li>\n<\/ul>\n<p><label> S\u00f5num*<br \/>\n<span class=\"wpcf7-form-control-wrap\" data-name=\"your-message\"><textarea cols=\"40\" rows=\"3\" maxlength=\"2000\" class=\"wpcf7-form-control wpcf7-textarea wpcf7-validates-as-required\" aria-required=\"true\" aria-invalid=\"false\" name=\"your-message\"><\/textarea><\/span> <\/label>\n<\/p>\n\n\n\n<!-- Hidden input field for page class -->\n<p><input type=\"hidden\" name=\"page-class\" value=\"<?php echo esc_attr( implode(' ', get_body_class()) ); ? \/>\">\n<\/p><!-- Hidden input field for page URL set using JavaScript -->\n<p><input type=\"hidden\" name=\"page-url\" id=\"page-url\" \/>\n<\/p>\n<div class=\"privcyCheck\">\n\t<p><span class=\"wpcf7-form-control-wrap\" data-name=\"privacy\"><span class=\"wpcf7-form-control wpcf7-checkbox wpcf7-validates-as-required\"><span class=\"wpcf7-list-item first last\"><input type=\"checkbox\" name=\"privacy[]\" value=\"Olen tutvunud\" \/><span class=\"wpcf7-list-item-label\">Olen tutvunud<\/span><\/span><\/span><\/span><a href=\"privaatsuspoliitika\/\"> privaatsustingimustega<\/a>\n\t<\/p>\n<\/div>\n<div class=\"submit_container\">\n\t<p><input class=\"wpcf7-form-control wpcf7-submit has-spinner submit\" type=\"submit\" value=\"Saada\" \/>\n\t<\/p>\n<\/div>\n<p><script>\ndocument.addEventListener('DOMContentLoaded', function() {\n function getCurrentPageURL() {\n return window.location.href;\n }\n\n var currentPageURL = getCurrentPageURL();\n document.getElementById('page-url').value = currentPageURL;\n});\n<\/script>\n<\/p><input type='hidden' class='wpcf7-pum' value='{\"closepopup\":false,\"closedelay\":0,\"openpopup\":false,\"openpopup_id\":0}' \/><div class=\"wpcf7-response-output\" aria-hidden=\"true\"><\/div>\n<\/form>\n<\/div>\n\n<\/div><\/div>\n","protected":false},"excerpt":{"rendered":"<p>RegistreeruDEMOLE 1 Kohtumise kokkuleppimine v\u00f5tke meiega \u00fchendust ja lepime kokku sobiva aja veebikohtumiseks. 2 Personaalne tutvumine alustame sissejuhatava k\u00f5nega ja demonstreerime Cloudicsi funktsioone 3 Ligip\u00e4\u00e4s tervele platvorile anname v\u00f5imaluse testida mobiilirakendust, halduskeskkonda ja teisi funktsioone. Registreeru demole VAATA DEMO Kuidas Cloudics t\u00f6\u00f6tab? Cloudicsi platvorm koosneb kahest p\u00f5hikomponendist: laadimispunktide halduss\u00fcsteemist ja mobiilirakendusest. Halduss\u00fcsteem (CSMS) v\u00f5imaldab kuvada [&hellip;]<\/p>\n","protected":false},"author":1,"featured_media":25694,"parent":19123,"menu_order":0,"comment_status":"closed","ping_status":"closed","template":"","meta":{"footnotes":""},"class_list":["post-19275","page","type-page","status-publish","has-post-thumbnail","hentry"],"yoast_head":"<!-- This site is optimized with the Yoast SEO plugin v27.4 - https:\/\/yoast.com\/product\/yoast-seo-wordpress\/ -->\n<title>Cloudics | Tasuta 30-minutiline demo meie elektrilaadijate platvormist<\/title>\n<meta name=\"description\" content=\"Broneeri tasuta demo ja vaata, kuidas Cloudics aitab sul laadimisv\u00f5rgustikku paremini hallata. N\u00e4itame lahendust vastavalt sinu \u00e4riloogikale.\" \/>\n<meta name=\"robots\" content=\"index, follow, max-snippet:-1, max-image-preview:large, max-video-preview:-1\" \/>\n<link rel=\"canonical\" href=\"https:\/\/cloudics.com\/et\/elektrilaadimine\/demo\/\" \/>\n<meta property=\"og:locale\" content=\"et_EE\" \/>\n<meta property=\"og:type\" content=\"article\" \/>\n<meta property=\"og:title\" content=\"Cloudics | Tasuta 30-minutiline demo meie elektrilaadijate platvormist\" \/>\n<meta property=\"og:description\" content=\"Broneeri tasuta demo ja vaata, kuidas Cloudics aitab sul laadimisv\u00f5rgustikku paremini hallata. N\u00e4itame lahendust vastavalt sinu \u00e4riloogikale.\" \/>\n<meta property=\"og:url\" content=\"https:\/\/cloudics.com\/et\/elektrilaadimine\/demo\/\" \/>\n<meta property=\"og:site_name\" content=\"Cloudics\" \/>\n<meta property=\"article:publisher\" content=\"https:\/\/www.facebook.com\/Cloudics\" \/>\n<meta property=\"article:modified_time\" content=\"2026-01-13T09:35:09+00:00\" \/>\n<meta property=\"og:image\" content=\"https:\/\/cloudics.com\/wp-content\/uploads\/2025\/08\/Featured-image-EV-1024x683.png\" \/>\n\t<meta property=\"og:image:width\" content=\"1024\" \/>\n\t<meta property=\"og:image:height\" content=\"683\" \/>\n\t<meta property=\"og:image:type\" content=\"image\/png\" \/>\n<meta name=\"twitter:card\" content=\"summary_large_image\" \/>\n<meta name=\"twitter:site\" content=\"@Cloudics_com\" \/>\n<meta name=\"twitter:label1\" content=\"Est. reading time\" \/>\n\t<meta name=\"twitter:data1\" content=\"3 minutit\" \/>\n<script type=\"application\/ld+json\" class=\"yoast-schema-graph\">{\"@context\":\"https:\\\/\\\/schema.org\",\"@graph\":[{\"@type\":\"WebPage\",\"@id\":\"https:\\\/\\\/cloudics.com\\\/et\\\/elektrilaadimine\\\/demo\\\/\",\"url\":\"https:\\\/\\\/cloudics.com\\\/et\\\/elektrilaadimine\\\/demo\\\/\",\"name\":\"Cloudics | Tasuta 30-minutiline demo meie elektrilaadijate platvormist\",\"isPartOf\":{\"@id\":\"https:\\\/\\\/cloudics.com\\\/en\\\/#website\"},\"primaryImageOfPage\":{\"@id\":\"https:\\\/\\\/cloudics.com\\\/et\\\/elektrilaadimine\\\/demo\\\/#primaryimage\"},\"image\":{\"@id\":\"https:\\\/\\\/cloudics.com\\\/et\\\/elektrilaadimine\\\/demo\\\/#primaryimage\"},\"thumbnailUrl\":\"https:\\\/\\\/cloudics.com\\\/wp-content\\\/uploads\\\/2025\\\/08\\\/Featured-image-EV.png\",\"datePublished\":\"2023-08-31T12:46:36+00:00\",\"dateModified\":\"2026-01-13T09:35:09+00:00\",\"description\":\"Broneeri tasuta demo ja vaata, kuidas Cloudics aitab sul laadimisv\u00f5rgustikku paremini hallata. N\u00e4itame lahendust vastavalt sinu \u00e4riloogikale.\",\"breadcrumb\":{\"@id\":\"https:\\\/\\\/cloudics.com\\\/et\\\/elektrilaadimine\\\/demo\\\/#breadcrumb\"},\"inLanguage\":\"et\",\"potentialAction\":[{\"@type\":\"ReadAction\",\"target\":[\"https:\\\/\\\/cloudics.com\\\/et\\\/elektrilaadimine\\\/demo\\\/\"]}]},{\"@type\":\"ImageObject\",\"inLanguage\":\"et\",\"@id\":\"https:\\\/\\\/cloudics.com\\\/et\\\/elektrilaadimine\\\/demo\\\/#primaryimage\",\"url\":\"https:\\\/\\\/cloudics.com\\\/wp-content\\\/uploads\\\/2025\\\/08\\\/Featured-image-EV.png\",\"contentUrl\":\"https:\\\/\\\/cloudics.com\\\/wp-content\\\/uploads\\\/2025\\\/08\\\/Featured-image-EV.png\",\"width\":1714,\"height\":1143},{\"@type\":\"BreadcrumbList\",\"@id\":\"https:\\\/\\\/cloudics.com\\\/et\\\/elektrilaadimine\\\/demo\\\/#breadcrumb\",\"itemListElement\":[{\"@type\":\"ListItem\",\"position\":1,\"name\":\"Cloudics B2B Elektrilaadimine\",\"item\":\"https:\\\/\\\/cloudics.com\\\/et\\\/elektrilaadimine\\\/\"},{\"@type\":\"ListItem\",\"position\":2,\"name\":\"Cloudics DEMO \u2013 Elektrilaadimine\"}]},{\"@type\":\"WebSite\",\"@id\":\"https:\\\/\\\/cloudics.com\\\/en\\\/#website\",\"url\":\"https:\\\/\\\/cloudics.com\\\/en\\\/\",\"name\":\"Cloudics\",\"description\":\"\",\"publisher\":{\"@id\":\"https:\\\/\\\/cloudics.com\\\/en\\\/#organization\"},\"potentialAction\":[{\"@type\":\"SearchAction\",\"target\":{\"@type\":\"EntryPoint\",\"urlTemplate\":\"https:\\\/\\\/cloudics.com\\\/en\\\/?s={search_term_string}\"},\"query-input\":{\"@type\":\"PropertyValueSpecification\",\"valueRequired\":true,\"valueName\":\"search_term_string\"}}],\"inLanguage\":\"et\"},{\"@type\":\"Organization\",\"@id\":\"https:\\\/\\\/cloudics.com\\\/en\\\/#organization\",\"name\":\"Cloudics\",\"url\":\"https:\\\/\\\/cloudics.com\\\/en\\\/\",\"logo\":{\"@type\":\"ImageObject\",\"inLanguage\":\"et\",\"@id\":\"https:\\\/\\\/cloudics.com\\\/en\\\/#\\\/schema\\\/logo\\\/image\\\/\",\"url\":\"https:\\\/\\\/cloudics.com\\\/wp-content\\\/uploads\\\/2022\\\/12\\\/logo_sign_b.png\",\"contentUrl\":\"https:\\\/\\\/cloudics.com\\\/wp-content\\\/uploads\\\/2022\\\/12\\\/logo_sign_b.png\",\"width\":163,\"height\":133,\"caption\":\"Cloudics\"},\"image\":{\"@id\":\"https:\\\/\\\/cloudics.com\\\/en\\\/#\\\/schema\\\/logo\\\/image\\\/\"},\"sameAs\":[\"https:\\\/\\\/www.facebook.com\\\/Cloudics\",\"https:\\\/\\\/x.com\\\/Cloudics_com\",\"https:\\\/\\\/www.linkedin.com\\\/company\\\/cloudics\",\"https:\\\/\\\/www.instagram.com\\\/cloudics_com\"]}]}<\/script>\n<!-- \/ Yoast SEO plugin. -->","yoast_head_json":{"title":"Cloudics | Tasuta 30-minutiline demo meie elektrilaadijate platvormist","description":"Broneeri tasuta demo ja vaata, kuidas Cloudics aitab sul laadimisv\u00f5rgustikku paremini hallata. N\u00e4itame lahendust vastavalt sinu \u00e4riloogikale.","robots":{"index":"index","follow":"follow","max-snippet":"max-snippet:-1","max-image-preview":"max-image-preview:large","max-video-preview":"max-video-preview:-1"},"canonical":"https:\/\/cloudics.com\/et\/elektrilaadimine\/demo\/","og_locale":"et_EE","og_type":"article","og_title":"Cloudics | Tasuta 30-minutiline demo meie elektrilaadijate platvormist","og_description":"Broneeri tasuta demo ja vaata, kuidas Cloudics aitab sul laadimisv\u00f5rgustikku paremini hallata. N\u00e4itame lahendust vastavalt sinu \u00e4riloogikale.","og_url":"https:\/\/cloudics.com\/et\/elektrilaadimine\/demo\/","og_site_name":"Cloudics","article_publisher":"https:\/\/www.facebook.com\/Cloudics","article_modified_time":"2026-01-13T09:35:09+00:00","og_image":[{"width":1024,"height":683,"url":"https:\/\/cloudics.com\/wp-content\/uploads\/2025\/08\/Featured-image-EV-1024x683.png","type":"image\/png"}],"twitter_card":"summary_large_image","twitter_site":"@Cloudics_com","twitter_misc":{"Est. reading time":"3 minutit"},"schema":{"@context":"https:\/\/schema.org","@graph":[{"@type":"WebPage","@id":"https:\/\/cloudics.com\/et\/elektrilaadimine\/demo\/","url":"https:\/\/cloudics.com\/et\/elektrilaadimine\/demo\/","name":"Cloudics | Tasuta 30-minutiline demo meie elektrilaadijate platvormist","isPartOf":{"@id":"https:\/\/cloudics.com\/en\/#website"},"primaryImageOfPage":{"@id":"https:\/\/cloudics.com\/et\/elektrilaadimine\/demo\/#primaryimage"},"image":{"@id":"https:\/\/cloudics.com\/et\/elektrilaadimine\/demo\/#primaryimage"},"thumbnailUrl":"https:\/\/cloudics.com\/wp-content\/uploads\/2025\/08\/Featured-image-EV.png","datePublished":"2023-08-31T12:46:36+00:00","dateModified":"2026-01-13T09:35:09+00:00","description":"Broneeri tasuta demo ja vaata, kuidas Cloudics aitab sul laadimisv\u00f5rgustikku paremini hallata. N\u00e4itame lahendust vastavalt sinu \u00e4riloogikale.","breadcrumb":{"@id":"https:\/\/cloudics.com\/et\/elektrilaadimine\/demo\/#breadcrumb"},"inLanguage":"et","potentialAction":[{"@type":"ReadAction","target":["https:\/\/cloudics.com\/et\/elektrilaadimine\/demo\/"]}]},{"@type":"ImageObject","inLanguage":"et","@id":"https:\/\/cloudics.com\/et\/elektrilaadimine\/demo\/#primaryimage","url":"https:\/\/cloudics.com\/wp-content\/uploads\/2025\/08\/Featured-image-EV.png","contentUrl":"https:\/\/cloudics.com\/wp-content\/uploads\/2025\/08\/Featured-image-EV.png","width":1714,"height":1143},{"@type":"BreadcrumbList","@id":"https:\/\/cloudics.com\/et\/elektrilaadimine\/demo\/#breadcrumb","itemListElement":[{"@type":"ListItem","position":1,"name":"Cloudics B2B Elektrilaadimine","item":"https:\/\/cloudics.com\/et\/elektrilaadimine\/"},{"@type":"ListItem","position":2,"name":"Cloudics DEMO \u2013 Elektrilaadimine"}]},{"@type":"WebSite","@id":"https:\/\/cloudics.com\/en\/#website","url":"https:\/\/cloudics.com\/en\/","name":"Cloudics","description":"","publisher":{"@id":"https:\/\/cloudics.com\/en\/#organization"},"potentialAction":[{"@type":"SearchAction","target":{"@type":"EntryPoint","urlTemplate":"https:\/\/cloudics.com\/en\/?s={search_term_string}"},"query-input":{"@type":"PropertyValueSpecification","valueRequired":true,"valueName":"search_term_string"}}],"inLanguage":"et"},{"@type":"Organization","@id":"https:\/\/cloudics.com\/en\/#organization","name":"Cloudics","url":"https:\/\/cloudics.com\/en\/","logo":{"@type":"ImageObject","inLanguage":"et","@id":"https:\/\/cloudics.com\/en\/#\/schema\/logo\/image\/","url":"https:\/\/cloudics.com\/wp-content\/uploads\/2022\/12\/logo_sign_b.png","contentUrl":"https:\/\/cloudics.com\/wp-content\/uploads\/2022\/12\/logo_sign_b.png","width":163,"height":133,"caption":"Cloudics"},"image":{"@id":"https:\/\/cloudics.com\/en\/#\/schema\/logo\/image\/"},"sameAs":["https:\/\/www.facebook.com\/Cloudics","https:\/\/x.com\/Cloudics_com","https:\/\/www.linkedin.com\/company\/cloudics","https:\/\/www.instagram.com\/cloudics_com"]}]}},"_links":{"self":[{"href":"https:\/\/cloudics.com\/et\/wp-json\/wp\/v2\/pages\/19275","targetHints":{"allow":["GET"]}}],"collection":[{"href":"https:\/\/cloudics.com\/et\/wp-json\/wp\/v2\/pages"}],"about":[{"href":"https:\/\/cloudics.com\/et\/wp-json\/wp\/v2\/types\/page"}],"author":[{"embeddable":true,"href":"https:\/\/cloudics.com\/et\/wp-json\/wp\/v2\/users\/1"}],"replies":[{"embeddable":true,"href":"https:\/\/cloudics.com\/et\/wp-json\/wp\/v2\/comments?post=19275"}],"version-history":[{"count":50,"href":"https:\/\/cloudics.com\/et\/wp-json\/wp\/v2\/pages\/19275\/revisions"}],"predecessor-version":[{"id":27101,"href":"https:\/\/cloudics.com\/et\/wp-json\/wp\/v2\/pages\/19275\/revisions\/27101"}],"up":[{"embeddable":true,"href":"https:\/\/cloudics.com\/et\/wp-json\/wp\/v2\/pages\/19123"}],"wp:featuredmedia":[{"embeddable":true,"href":"https:\/\/cloudics.com\/et\/wp-json\/wp\/v2\/media\/25694"}],"wp:attachment":[{"href":"https:\/\/cloudics.com\/et\/wp-json\/wp\/v2\/media?parent=19275"}],"curies":[{"name":"wp","href":"https:\/\/api.w.org\/{rel}","templated":true}]}}