{"id":202,"date":"2020-07-13T06:24:59","date_gmt":"2020-07-13T06:24:59","guid":{"rendered":"https:\/\/cloudics.com\/?page_id=202"},"modified":"2025-08-14T15:15:55","modified_gmt":"2025-08-14T12:15:55","slug":"konto-turvalisus","status":"publish","type":"page","link":"https:\/\/cloudics.com\/et\/konto-turvalisus\/","title":{"rendered":"Konto turvalisus"},"content":{"rendered":"\n<div id=\"general_info\" class=\"wp-block-group wrap\"><div class=\"wp-block-group__inner-container is-layout-flow wp-block-group-is-layout-flow\">\n<h2 class=\"wp-block-heading has-text-align-center druk\">Logi oma konto v\u00e4lja k\u00f5ikidest seadmetest<\/h2>\n\n\n\n<p>See funktsioon v\u00f5imaldab sul k\u00f5igist seadmetest korraga v\u00e4lja logida ning blokeerib edasised Cloudicsi tehinguid. Turvalisusteenus tagab, et keegi teine ei saa sinu Cloudicsi kontot kasutada, kuid kui logid uuesti sisse, saad oma konto kasutamist j\u00e4tkata.<br><br>Sulle saadetakse edasiste juhistega e-kiri!<\/p>\n\n\n\n<div style=\"height:10px\" aria-hidden=\"true\" class=\"wp-block-spacer\"><\/div>\n\n\n\n<div id=\"logout_form\" class=\"form-group\">\n            <p><label for=\"accountBlockEmail\">E-posti aadress<\/label><\/p>\n            <input type=\"email\" class=\"form-control\" id=\"accountBlockEmail\" placeholder=\"Sisesta e-posti aadress\">\n<p><button type=\"submit\" class=\"\" id=\"email-submit\">Saada<\/button><\/p>\n<p id=\"error-text\"><\/p>\n<p id=\"success-text\"><\/p>\n<\/div>\n\n\n\n<script>\r\njQuery(document).on(\"click\", \"#email-submit\", function(e) {\r\n  e.preventDefault();\r\n  \r\n  var email = jQuery(\"#accountBlockEmail\").val(),\r\n      error = jQuery('#error-text'),\r\n      success = jQuery('#success-text');\r\n  \r\n  error.hide();\r\n  success.hide();\r\n  \r\n  if(email.length < 6 || !email.includes('@') || !email.includes('.')) {\r\n    error.text('Please enter a valid email!');\r\n    error.show();\r\n  } else {\r\n    jQuery.post({\r\n      url: \"https:\/\/cloudics.com\/wp-content\/themes\/CloudicsTheme\/js\/libs\/app.php\",\r\n      data: {\r\n        email : email,\r\n      },\r\n      success: function(data) {\r\n        console.log(data);\r\n        if(!data.error) {\r\n          success.text('Email successfully sent! Please follow instructions received in your email!');\r\n          success.show();\r\n        } else {\r\n          error.text('Unable to send the email! Please try again later!');\r\n          error.show();\r\n        }\r\n      },\r\n      dataType: \"json\"\r\n    });\r\n  }\r\n});\r\n<\/script>\n<\/div><\/div>\n","protected":false},"excerpt":{"rendered":"<p>Logi oma konto v\u00e4lja k\u00f5ikidest seadmetest See funktsioon v\u00f5imaldab sul k\u00f5igist seadmetest korraga v\u00e4lja logida ning blokeerib edasised Cloudicsi tehinguid. Turvalisusteenus tagab, et keegi teine ei saa sinu Cloudicsi kontot kasutada, kuid kui logid uuesti sisse, saad oma konto kasutamist j\u00e4tkata. Sulle saadetakse edasiste juhistega e-kiri! E-posti aadress Saada<\/p>\n","protected":false},"author":1,"featured_media":0,"parent":0,"menu_order":0,"comment_status":"closed","ping_status":"closed","template":"template_b2c.php","meta":{"footnotes":""},"class_list":["post-202","page","type-page","status-publish","hentry"],"yoast_head":"<!-- This site is optimized with the Yoast SEO plugin v27.4 - https:\/\/yoast.com\/product\/yoast-seo-wordpress\/ -->\n<title>Konto turvalisus | Cloudics<\/title>\n<meta name=\"robots\" content=\"index, follow, max-snippet:-1, max-image-preview:large, max-video-preview:-1\" \/>\n<link rel=\"canonical\" href=\"https:\/\/cloudics.com\/et\/konto-turvalisus\/\" \/>\n<meta property=\"og:locale\" content=\"et_EE\" \/>\n<meta property=\"og:type\" content=\"article\" \/>\n<meta property=\"og:title\" content=\"Konto turvalisus | Cloudics\" \/>\n<meta property=\"og:description\" content=\"Logi oma konto v\u00e4lja k\u00f5ikidest seadmetest See funktsioon v\u00f5imaldab sul k\u00f5igist seadmetest korraga v\u00e4lja logida ning blokeerib edasised Cloudicsi tehinguid. Turvalisusteenus tagab, et keegi teine ei saa sinu Cloudicsi kontot kasutada, kuid kui logid uuesti sisse, saad oma konto kasutamist j\u00e4tkata. Sulle saadetakse edasiste juhistega e-kiri! E-posti aadress Saada\" \/>\n<meta property=\"og:url\" content=\"https:\/\/cloudics.com\/et\/konto-turvalisus\/\" \/>\n<meta property=\"og:site_name\" content=\"Cloudics\" \/>\n<meta property=\"article:publisher\" content=\"https:\/\/www.facebook.com\/Cloudics\" \/>\n<meta property=\"article:modified_time\" content=\"2025-08-14T12:15:55+00:00\" \/>\n<meta name=\"twitter:card\" content=\"summary_large_image\" \/>\n<meta name=\"twitter:site\" content=\"@Cloudics_com\" \/>\n<meta name=\"twitter:label1\" content=\"Est. reading time\" \/>\n\t<meta name=\"twitter:data1\" content=\"1 minut\" \/>\n<script type=\"application\/ld+json\" class=\"yoast-schema-graph\">{\"@context\":\"https:\\\/\\\/schema.org\",\"@graph\":[{\"@type\":\"WebPage\",\"@id\":\"https:\\\/\\\/cloudics.com\\\/et\\\/konto-turvalisus\\\/\",\"url\":\"https:\\\/\\\/cloudics.com\\\/et\\\/konto-turvalisus\\\/\",\"name\":\"Konto turvalisus | Cloudics\",\"isPartOf\":{\"@id\":\"https:\\\/\\\/cloudics.com\\\/en\\\/#website\"},\"datePublished\":\"2020-07-13T06:24:59+00:00\",\"dateModified\":\"2025-08-14T12:15:55+00:00\",\"inLanguage\":\"et\",\"potentialAction\":[{\"@type\":\"ReadAction\",\"target\":[\"https:\\\/\\\/cloudics.com\\\/et\\\/konto-turvalisus\\\/\"]}]},{\"@type\":\"WebSite\",\"@id\":\"https:\\\/\\\/cloudics.com\\\/en\\\/#website\",\"url\":\"https:\\\/\\\/cloudics.com\\\/en\\\/\",\"name\":\"Cloudics\",\"description\":\"\",\"publisher\":{\"@id\":\"https:\\\/\\\/cloudics.com\\\/en\\\/#organization\"},\"potentialAction\":[{\"@type\":\"SearchAction\",\"target\":{\"@type\":\"EntryPoint\",\"urlTemplate\":\"https:\\\/\\\/cloudics.com\\\/en\\\/?s={search_term_string}\"},\"query-input\":{\"@type\":\"PropertyValueSpecification\",\"valueRequired\":true,\"valueName\":\"search_term_string\"}}],\"inLanguage\":\"et\"},{\"@type\":\"Organization\",\"@id\":\"https:\\\/\\\/cloudics.com\\\/en\\\/#organization\",\"name\":\"Cloudics\",\"url\":\"https:\\\/\\\/cloudics.com\\\/en\\\/\",\"logo\":{\"@type\":\"ImageObject\",\"inLanguage\":\"et\",\"@id\":\"https:\\\/\\\/cloudics.com\\\/en\\\/#\\\/schema\\\/logo\\\/image\\\/\",\"url\":\"https:\\\/\\\/cloudics.com\\\/wp-content\\\/uploads\\\/2022\\\/12\\\/logo_sign_b.png\",\"contentUrl\":\"https:\\\/\\\/cloudics.com\\\/wp-content\\\/uploads\\\/2022\\\/12\\\/logo_sign_b.png\",\"width\":163,\"height\":133,\"caption\":\"Cloudics\"},\"image\":{\"@id\":\"https:\\\/\\\/cloudics.com\\\/en\\\/#\\\/schema\\\/logo\\\/image\\\/\"},\"sameAs\":[\"https:\\\/\\\/www.facebook.com\\\/Cloudics\",\"https:\\\/\\\/x.com\\\/Cloudics_com\",\"https:\\\/\\\/www.linkedin.com\\\/company\\\/cloudics\",\"https:\\\/\\\/www.instagram.com\\\/cloudics_com\"]}]}<\/script>\n<!-- \/ Yoast SEO plugin. -->","yoast_head_json":{"title":"Konto turvalisus | Cloudics","robots":{"index":"index","follow":"follow","max-snippet":"max-snippet:-1","max-image-preview":"max-image-preview:large","max-video-preview":"max-video-preview:-1"},"canonical":"https:\/\/cloudics.com\/et\/konto-turvalisus\/","og_locale":"et_EE","og_type":"article","og_title":"Konto turvalisus | Cloudics","og_description":"Logi oma konto v\u00e4lja k\u00f5ikidest seadmetest See funktsioon v\u00f5imaldab sul k\u00f5igist seadmetest korraga v\u00e4lja logida ning blokeerib edasised Cloudicsi tehinguid. Turvalisusteenus tagab, et keegi teine ei saa sinu Cloudicsi kontot kasutada, kuid kui logid uuesti sisse, saad oma konto kasutamist j\u00e4tkata. Sulle saadetakse edasiste juhistega e-kiri! E-posti aadress Saada","og_url":"https:\/\/cloudics.com\/et\/konto-turvalisus\/","og_site_name":"Cloudics","article_publisher":"https:\/\/www.facebook.com\/Cloudics","article_modified_time":"2025-08-14T12:15:55+00:00","twitter_card":"summary_large_image","twitter_site":"@Cloudics_com","twitter_misc":{"Est. reading time":"1 minut"},"schema":{"@context":"https:\/\/schema.org","@graph":[{"@type":"WebPage","@id":"https:\/\/cloudics.com\/et\/konto-turvalisus\/","url":"https:\/\/cloudics.com\/et\/konto-turvalisus\/","name":"Konto turvalisus | Cloudics","isPartOf":{"@id":"https:\/\/cloudics.com\/en\/#website"},"datePublished":"2020-07-13T06:24:59+00:00","dateModified":"2025-08-14T12:15:55+00:00","inLanguage":"et","potentialAction":[{"@type":"ReadAction","target":["https:\/\/cloudics.com\/et\/konto-turvalisus\/"]}]},{"@type":"WebSite","@id":"https:\/\/cloudics.com\/en\/#website","url":"https:\/\/cloudics.com\/en\/","name":"Cloudics","description":"","publisher":{"@id":"https:\/\/cloudics.com\/en\/#organization"},"potentialAction":[{"@type":"SearchAction","target":{"@type":"EntryPoint","urlTemplate":"https:\/\/cloudics.com\/en\/?s={search_term_string}"},"query-input":{"@type":"PropertyValueSpecification","valueRequired":true,"valueName":"search_term_string"}}],"inLanguage":"et"},{"@type":"Organization","@id":"https:\/\/cloudics.com\/en\/#organization","name":"Cloudics","url":"https:\/\/cloudics.com\/en\/","logo":{"@type":"ImageObject","inLanguage":"et","@id":"https:\/\/cloudics.com\/en\/#\/schema\/logo\/image\/","url":"https:\/\/cloudics.com\/wp-content\/uploads\/2022\/12\/logo_sign_b.png","contentUrl":"https:\/\/cloudics.com\/wp-content\/uploads\/2022\/12\/logo_sign_b.png","width":163,"height":133,"caption":"Cloudics"},"image":{"@id":"https:\/\/cloudics.com\/en\/#\/schema\/logo\/image\/"},"sameAs":["https:\/\/www.facebook.com\/Cloudics","https:\/\/x.com\/Cloudics_com","https:\/\/www.linkedin.com\/company\/cloudics","https:\/\/www.instagram.com\/cloudics_com"]}]}},"_links":{"self":[{"href":"https:\/\/cloudics.com\/et\/wp-json\/wp\/v2\/pages\/202","targetHints":{"allow":["GET"]}}],"collection":[{"href":"https:\/\/cloudics.com\/et\/wp-json\/wp\/v2\/pages"}],"about":[{"href":"https:\/\/cloudics.com\/et\/wp-json\/wp\/v2\/types\/page"}],"author":[{"embeddable":true,"href":"https:\/\/cloudics.com\/et\/wp-json\/wp\/v2\/users\/1"}],"replies":[{"embeddable":true,"href":"https:\/\/cloudics.com\/et\/wp-json\/wp\/v2\/comments?post=202"}],"version-history":[{"count":19,"href":"https:\/\/cloudics.com\/et\/wp-json\/wp\/v2\/pages\/202\/revisions"}],"predecessor-version":[{"id":25592,"href":"https:\/\/cloudics.com\/et\/wp-json\/wp\/v2\/pages\/202\/revisions\/25592"}],"wp:attachment":[{"href":"https:\/\/cloudics.com\/et\/wp-json\/wp\/v2\/media?parent=202"}],"curies":[{"name":"wp","href":"https:\/\/api.w.org\/{rel}","templated":true}]}}