{"id":23204,"date":"2024-11-12T13:04:53","date_gmt":"2024-11-12T10:04:53","guid":{"rendered":"https:\/\/cloudics.com\/?page_id=23204"},"modified":"2025-09-05T16:04:47","modified_gmt":"2025-09-05T13:04:47","slug":"litsentsitingimused","status":"publish","type":"page","link":"https:\/\/cloudics.com\/et\/litsentsitingimused\/","title":{"rendered":"Litsentsitingimused"},"content":{"rendered":"\n<div id=\"general_info\" class=\"wp-block-group wrap\"><div class=\"wp-block-group__inner-container is-layout-flow wp-block-group-is-layout-flow\">\n<h2 class=\"wp-block-heading has-text-align-center has-black-color has-text-color has-link-color wp-elements-244883b90547a30053454a1a74767466\">Litsentsitingimused<\/h2>\n\n\n\n<div style=\"height:20px\" aria-hidden=\"true\" class=\"wp-block-spacer\"><\/div>\n\n\n\n<p><strong>TARKVARA CLOUDICS LIHTLITSENTSI TINGIMUSED 2020<\/strong><\/p>\n\n\n\n<p>Litsentsi v\u00e4ljastaja: Astro Baltics O\u00dc, registrikoodiga 10386779, aadressiga Raatuse 20 TARTU 51009, Eesti (edaspidi: AB). <\/p>\n\n\n\n<p>Kui f\u00fc\u00fcsiline isik, \u00e4ri\u00fching, organisatsioon v\u00f5i asutus (edaspidi: Klient) laeb alla, installeerib, kopeerib, k\u00e4ivitab, avab v\u00f5i muul viisil kasutab AB majandustarkvara Cloudics (edaspidi: Tarkvara), siis kohustub Klient j\u00e4rgima j\u00e4rgmisi Tarkvara lihtlitsentsi tingimusi (edaspidi: Tingimused):<\/p>\n\n\n\n<p><\/p>\n\n\n\n<h4 class=\"wp-block-heading\">1. Lihtlitsentsi andmine<\/h4>\n\n\n\n<p>1.1. AB annab Kliendile isikliku, all-litsentseerimatu lihtlitsentsi  Tarkvara otstarbekohasel (funktsionaalsel) viisil kasutamiseks Eesti  territooriumil k\u00e4esolevates Tingimustes s\u00e4testatud tingimustel ja  ulatuses (edaspidi: <strong>Litsents<\/strong>), Klient aga kohustub maksma selle eest tasu (edaspidi: <strong>Litsentsitasu<\/strong>). <\/p>\n\n\n\n<p>1.2. Litsentsi objektiks oleva Tarkvara spetsifikatsioon ning Litsentsi  t\u00e4psed tingimused (sh arvutite v\u00f5i seadmete arv, asukoht, litsentsi  kehtivusperiood, maksetingimused jne.) on kirjeldatud AB poolt Kliendile  esitatud Litsentsitasu arvel (edaspidi: <strong>Arve<\/strong>). <\/p>\n\n\n\n<p>1.3. Litsents kehtib ning Kliendile Litsentsist tulenevad \u00f5igused  Tarkvara kasutamiseks tekivad alates hetkest, mil Klient on Arve  t\u00e4ielikult tasunud. Ilma Litsentsi eest t\u00e4ielikult tasumata pole  Kliendil \u00f5igust Tarkvara kasutada, v\u00e4lja arvatud juhul, kui AB-ga on  kirjalikult kokku lepitud teisiti. <\/p>\n\n\n\n<p>1.4. Litsents kehtib ainult Arvel m\u00e4rgitud perioodi jooksul. Kui Arvel  ei ole m\u00e4rgitud teisiti, kehtib Kliendile antav Litsents \u00fche kalendrikuu  alates arve v\u00e4ljastamisest. <\/p>\n\n\n\n<p>1.5. Litsents antakse AB poolt Arve v\u00e4ljastamise ajal kehtivale Tarkvara  versioonile. Tarkvara litsentseeritakse standardtarkvara p\u00f5him\u00f5ttel  ning Tarkvara erilahenduste vastavuse tagamine Kliendi soovidele on  Kliendi kohustus. <\/p>\n\n\n\n<p><\/p>\n\n\n\n<h4 class=\"wp-block-heading\">2. Litsentsi ulatus<\/h4>\n\n\n\n<p>2.1 Kliendil ei ole lubatud: <\/p>\n\n\n\n<p>2.1.1. Tarkvara mis tahes viisil levitada (sh kinkimise, m\u00fc\u00fcgi,  rentimise, laenutamise vms teel) v\u00f5i \u00fcldsusele suunata (sh kolmandatele  isikutele edastamise v\u00f5i k\u00e4ttesaadavaks tegemise teel), v\u00e4lja arvatud  juhul, kui vastav \u00f5igus tuleneb seadusest v\u00f5i kui selleks on AB eelnev  kirjalik n\u00f5usolek; <\/p>\n\n\n\n<p>2.1.2. Tarkvara reprodutseerida, t\u00f5lkida, kohandada v\u00f5i muul viisil  \u00fcmber t\u00f6\u00f6tada ega saadud tulemusi reprodutseerida, v\u00e4lja arvatud (i)  ulatuses, milles see on m\u00e4\u00e4ratud AB poolt etteantud juhendmaterjalides;  v\u00f5i (ii) muudel juhtudel AB eelneval kirjalikul loal; <\/p>\n\n\n\n<p>2.1.3. Tarkvara p\u00f6\u00f6rdprojekteerida (dekompileerida), p\u00f6\u00f6rdassembleerida  ega \u00fcksk\u00f5ik millisel muul viisil \u00fcritada taastada selle l\u00e4hteteksti,  v\u00e4lja arvatud seadusega otseselt lubatud juhul ja tingimustel; <\/p>\n\n\n\n<p>2.1.4. muuta ega lahti murda Tarkvara litsentsiv\u00f5tit ning muid Tarkvara koosseisus olevaid kr\u00fcpteeringuga kaitstud algoritme; <\/p>\n\n\n\n<p>2.1.5. anda Tarkvara suhtes all-litsentse ega anda k\u00e4esolevast  litsentsilepingust tulenev Tarkvara kasutus\u00f5igus \u00fcle kolmanda(te)le  isiku(te)le. <\/p>\n\n\n\n<p><\/p>\n\n\n\n<h4 class=\"wp-block-heading\">3. Intellektuaalse omandi \u00f5iguste kuuluvus<\/h4>\n\n\n\n<p>3.1. K\u00f5ik varalised \u00f5igused Tarkvara suhtes kuuluvad ja j\u00e4\u00e4vad AB-le.  K\u00e4esoleva Litsentsiga saab Klient \u00fcksnes loa Tarkvara tavap\u00e4rasel viisil  kasutamiseks. <\/p>\n\n\n\n<p>3.2. Kliendile v\u00f5idakse anda luba ja juurdep\u00e4\u00e4s Tarkvaras muudatuste  tegemiseks, kuid see ei t\u00e4henda mitte mingil moel ega ulatuses  intellektuaalse omandi \u00f5iguste \u00fcleandmist Kliendile. K\u00f5ikide Kliendi  poolt Tarkvaras tehtud muudatuste ja lisade suhtes tekkivad varalised  autori\u00f5igused kuuluvad AB-le. <\/p>\n\n\n\n<p><\/p>\n\n\n\n<h4 class=\"wp-block-heading\">4. Kliendi kohustused ja vastutus seoses Tarkvara kasutamisega <\/h4>\n\n\n\n<p>4.1. Klient kohustub tagama, et Tarkvara ei kasutata viisil, mis on vastuolus Eesti Vabariigi \u00f5igusaktidega. <\/p>\n\n\n\n<p>4.2. Kliendil on kohustus teha Tarkvarast varukoopiaid (nn  arhiivikoopia), kuid varukoopiaid on \u00f5igus kasutada ainult juhul, kui  see on vajalik Tarkvara kasutamiseks v\u00f5i kadunud, h\u00e4vinud v\u00f5i  kasutusk\u00f5lbmatuks muutunud Tarkvara taastamiseks. Klient on kohustatud  looma tingimused, mis v\u00e4listavad varukoopiate kasutamise muudel  eesm\u00e4rkidel. <\/p>\n\n\n\n<p>4.3. Kliendil on kohustus tagada tingimused, mis v\u00e4listavad Tarkvara  kasutamise lubatust suuremal arvul arvutitel v\u00f5i seadmetel ning mis  ennetavalt hoiavad \u00e4ra Kliendi t\u00f6\u00f6tajate ja kolmandate isikute poolt AB  intellektuaalse omandi v\u00f5imalikud rikkumised. <\/p>\n\n\n\n<p>4.4. Kliendil on kohustus k\u00f5ik Tarkvara muudatused, kohandused ja\/v\u00f5i  vigade parandused, mis on vajalikud Tarkvara eesm\u00e4rgip\u00e4raseks ja  k\u00e4esolevate Tingimustega lubatud kasutamiseks, tellima ainult AB-lt v\u00f5i  tema poolt volitatud isikult, tellimuse hetkel kehtivate tingimuste  alusel AB-lt v\u00f5i tema poolt volitatud isikult, tellimuse hetkel  kehtivate tingimuste alusel. <\/p>\n\n\n\n<p>4.5. Kui Klient rikub jaotistes 2 v\u00f5i 4 sisalduvaid piiranguid v\u00f5i  kohustusi, on AB-l \u00f5igus n\u00f5uda leppetrahvi kuni litsentsitasu  k\u00fcmnekordses m\u00e4\u00e4ras. Eelnev ei piira AB \u00f5igust kasutada  \u00f5iguskaitsevahendeid, sh n\u00f5uda leppetrahvi \u00fcletavas m\u00e4\u00e4ras kahju  h\u00fcvitamist. <\/p>\n\n\n\n<p><\/p>\n\n\n\n<h4 class=\"wp-block-heading\">5. Vead tarkvara t\u00f6\u00f6s <\/h4>\n\n\n\n<p>5.1. Klient on kohustatud AB-le viivitamatult teatama igast Tarkvara  t\u00f6\u00f6s ilmnenud rikkest, kahjustusest ja muust ebaharilikust asjaolust  ning v\u00f5tma tarvitusele abin\u00f5ud sellest tulenevate v\u00f5imalike kahjude  v\u00e4ltimiseks ja v\u00e4hendamiseks. <\/p>\n\n\n\n<p>5.2. AB kohustub k\u00f5rvaldama Tarkvaras ilmnenud vead vastavalt AB  arendusplaanidele ja garantiitingimustele. Kuni vea k\u00f5rvaldamiseni  n\u00f5ustatakse Klienti, kuidas veast hoiduda. <\/p>\n\n\n\n<p>5.3. AB ei kanna vastutust mistahes otsese v\u00f5i kaudse kahju eest, mis on  p\u00f5hjustatud Tarkvara kasutamisest. AB h\u00fcvituskohustus piirdub vaid  Tarkvaras ilmnenud vea parandamisega. AB ei vastuta vigade eest, mis on  tingitud Kliendi arvutite, seadmete v\u00f5i arvutiv\u00f5rgu puudulikust v\u00f5i  ebakorrektsest t\u00f6\u00f6tamisest, administreerimisest v\u00f5i hooldamisest. <\/p>\n\n\n\n<p><\/p>\n\n\n\n<h4 class=\"wp-block-heading\">6. Konfidentsiaalsus <\/h4>\n\n\n\n<p>6.1. Klient ja AB hoiavad konfidentsiaalsena k\u00e4esolevate Tingimuste  t\u00e4itmise raames neile teatavaks saanud informatsiooni teise poole  \u00e4ritegevuse ja muude selliste asjaolude kohta, mille saladuses  hoidmiseks on teisel poolel m\u00f5istlikult etten\u00e4htav huvi, v\u00e4lja arvatud  \u00fcldiselt teadaolev v\u00f5i avalikult k\u00e4ttesaadav informatsioon. <\/p>\n\n\n\n<p>6.2.Klient ja AB ei avalda konfidentsiaalset informatsiooni ilma teise  poole kirjaliku n\u00f5usolekuta kolmandatele isikutele, v\u00e4lja arvatud  seadusest tulenevatel juhtudel. <\/p>\n\n\n\n<p>6.3. Klient on teadlik, et AB tegeleb Tarkvara arendamisega, mist\u00f5ttu  k\u00e4esolevate Tingimustega kaasnevate kohustuste t\u00e4itmisel saadud Tarkvara  arendusideed on vabad ega kuulu konfidentsiaalse informatsiooni alla. <\/p>\n\n\n\n<p><\/p>\n\n\n\n<h4 class=\"wp-block-heading\">7. Litsentsi l\u00f5petamine <\/h4>\n\n\n\n<p>7.1 AB-l on \u00f5igus Litsents \u00fchepoolselt erakorraliselt l\u00f5petada, kui:<br>a) Klient j\u00e4tab Litsentsitasu t\u00e4htajaks maksmata ning viivitus on  kestnud kauem kui 30 (kolmk\u00fcmmend) kalendrip\u00e4eva;<br>b) Kliendi suhtes  algatatakse pankroti- v\u00f5i likvideerimismenetlus;<br>c) Klient rikub  jaotistes 2 v\u00f5i 4 s\u00e4testatud mis tahes kohustust. <\/p>\n\n\n\n<p>7.2 Litsentsi erakorralise l\u00f5petamise kohta edastab AB Kliendile  kirjaliku teate. Litsents l\u00f5peb sellisel juhul p\u00e4rast 20 (kahek\u00fcmne)  kalendrip\u00e4eva m\u00f6\u00f6dumist kirjaliku teate edastamisest. <\/p>\n\n\n\n<p>7.3 Litsentsi l\u00f5ppemine ei vabasta pooli selliste k\u00e4esolevate Tingimuste  s\u00e4tete ja nendest tulenevate kohustuste t\u00e4itmisest, mis oma iseloomu  arvestades on m\u00f5eldud edasi kestma ka p\u00e4rast Litsentsi l\u00f5ppemist,  sealhulgas konfidentsiaalsuskohustus ning vaidluste lahendamise kord.  Litsentsi \u00fchepoolse l\u00f5petamise korral ei tagasta AB Kliendile Tarkvara  kasutamisega seonduvalt juba tasutud summasid. <\/p>\n\n\n\n<p><\/p>\n\n\n\n<h4 class=\"wp-block-heading\">8. Vaidluste lahendamine <\/h4>\n\n\n\n<p>8.1 Klient t\u00f5endab Litsentsi olemasolu ja kehtivust AB poolt esitatud ja  Kliendi poolt tasutud arve v\u00f5i AB poolt v\u00e4ljastatud ja kehtiva Tarkvara  Litsentsi kasutamise akti alusel. <\/p>\n\n\n\n<p>8.2 Pooled annavad endast parima, et lahendada k\u00e4esolevate Tingimuste  v\u00f5i nende t\u00e4itmisega seonduvad vaidlused ja lahkarvamused l\u00e4bir\u00e4\u00e4kimiste  teel. Kokkuleppe mittesaavutamisel antakse vaidlus lahendada Tartu  Maakohtule. <\/p>\n\n\n\n<p><\/p>\n\n\n\n<h4 class=\"wp-block-heading\">9. Litsentsitingimuste kehtivus <\/h4>\n\n\n\n<p>9.1. K\u00e4esolevad Tarkvara lihtlitsentsi tingimused kehtivad alates 01.07.2020 v\u00e4ljastatud Tarkvara versioonide suhtes. <\/p>\n\n\n\n<p>9.2. Tarkvara uuematele versioonidele v\u00f5ivad kehtida uued  litsentsitingimused. Klient n\u00f5ustub ja kinnitab, et kui ta kasutab  versiooniuuenduste \u00f5igust, siis asenduvad k\u00e4esolevad Tingimused  versiooniuuenduse ajal kehtivate litsentsitingimustega. <\/p>\n<\/div><\/div>\n","protected":false},"excerpt":{"rendered":"<p>Litsentsitingimused TARKVARA CLOUDICS LIHTLITSENTSI TINGIMUSED 2020 Litsentsi v\u00e4ljastaja: Astro Baltics O\u00dc, registrikoodiga 10386779, aadressiga Raatuse 20 TARTU 51009, Eesti (edaspidi: AB). Kui f\u00fc\u00fcsiline isik, \u00e4ri\u00fching, organisatsioon v\u00f5i asutus (edaspidi: Klient) laeb alla, installeerib, kopeerib, k\u00e4ivitab, avab v\u00f5i muul viisil kasutab AB majandustarkvara Cloudics (edaspidi: Tarkvara), siis kohustub Klient j\u00e4rgima j\u00e4rgmisi Tarkvara lihtlitsentsi tingimusi (edaspidi: Tingimused): [&hellip;]<\/p>\n","protected":false},"author":1,"featured_media":0,"parent":0,"menu_order":0,"comment_status":"closed","ping_status":"closed","template":"template_b2c.php","meta":{"footnotes":""},"class_list":["post-23204","page","type-page","status-publish","hentry"],"yoast_head":"<!-- This site is optimized with the Yoast SEO plugin v27.3 - https:\/\/yoast.com\/product\/yoast-seo-wordpress\/ -->\n<title>Litsentsitingimused - Cloudics<\/title>\n<meta name=\"description\" content=\"J\u00e4rgnevalt on kirjeldatud tarkvaraplatvormi Cloudics lihtlitsentsi tingimused, sealhulgas m\u00f5lema osapoole \u00f5igused ja kohustused.\" \/>\n<meta name=\"robots\" content=\"index, follow, max-snippet:-1, max-image-preview:large, max-video-preview:-1\" \/>\n<link rel=\"canonical\" href=\"https:\/\/cloudics.com\/et\/litsentsitingimused\/\" \/>\n<meta property=\"og:locale\" content=\"et_EE\" \/>\n<meta property=\"og:type\" content=\"article\" \/>\n<meta property=\"og:title\" content=\"Litsentsitingimused - Cloudics\" \/>\n<meta property=\"og:description\" content=\"J\u00e4rgnevalt on kirjeldatud tarkvaraplatvormi Cloudics lihtlitsentsi tingimused, sealhulgas m\u00f5lema osapoole \u00f5igused ja kohustused.\" \/>\n<meta property=\"og:url\" content=\"https:\/\/cloudics.com\/et\/litsentsitingimused\/\" \/>\n<meta property=\"og:site_name\" content=\"Cloudics\" \/>\n<meta property=\"article:publisher\" content=\"https:\/\/www.facebook.com\/Cloudics\" \/>\n<meta property=\"article:modified_time\" content=\"2025-09-05T13:04:47+00:00\" \/>\n<meta name=\"twitter:card\" content=\"summary_large_image\" \/>\n<meta name=\"twitter:site\" content=\"@Cloudics_com\" \/>\n<meta name=\"twitter:label1\" content=\"Est. reading time\" \/>\n\t<meta name=\"twitter:data1\" content=\"6 minutit\" \/>\n<script type=\"application\/ld+json\" class=\"yoast-schema-graph\">{\"@context\":\"https:\\\/\\\/schema.org\",\"@graph\":[{\"@type\":\"WebPage\",\"@id\":\"https:\\\/\\\/cloudics.com\\\/et\\\/litsentsitingimused\\\/\",\"url\":\"https:\\\/\\\/cloudics.com\\\/et\\\/litsentsitingimused\\\/\",\"name\":\"Litsentsitingimused - Cloudics\",\"isPartOf\":{\"@id\":\"https:\\\/\\\/cloudics.com\\\/en\\\/#website\"},\"datePublished\":\"2024-11-12T10:04:53+00:00\",\"dateModified\":\"2025-09-05T13:04:47+00:00\",\"description\":\"J\u00e4rgnevalt on kirjeldatud tarkvaraplatvormi Cloudics lihtlitsentsi tingimused, sealhulgas m\u00f5lema osapoole \u00f5igused ja kohustused.\",\"inLanguage\":\"et\",\"potentialAction\":[{\"@type\":\"ReadAction\",\"target\":[\"https:\\\/\\\/cloudics.com\\\/et\\\/litsentsitingimused\\\/\"]}]},{\"@type\":\"WebSite\",\"@id\":\"https:\\\/\\\/cloudics.com\\\/en\\\/#website\",\"url\":\"https:\\\/\\\/cloudics.com\\\/en\\\/\",\"name\":\"Cloudics\",\"description\":\"\",\"publisher\":{\"@id\":\"https:\\\/\\\/cloudics.com\\\/en\\\/#organization\"},\"potentialAction\":[{\"@type\":\"SearchAction\",\"target\":{\"@type\":\"EntryPoint\",\"urlTemplate\":\"https:\\\/\\\/cloudics.com\\\/en\\\/?s={search_term_string}\"},\"query-input\":{\"@type\":\"PropertyValueSpecification\",\"valueRequired\":true,\"valueName\":\"search_term_string\"}}],\"inLanguage\":\"et\"},{\"@type\":\"Organization\",\"@id\":\"https:\\\/\\\/cloudics.com\\\/en\\\/#organization\",\"name\":\"Cloudics\",\"url\":\"https:\\\/\\\/cloudics.com\\\/en\\\/\",\"logo\":{\"@type\":\"ImageObject\",\"inLanguage\":\"et\",\"@id\":\"https:\\\/\\\/cloudics.com\\\/en\\\/#\\\/schema\\\/logo\\\/image\\\/\",\"url\":\"https:\\\/\\\/cloudics.com\\\/wp-content\\\/uploads\\\/2022\\\/12\\\/logo_sign_b.png\",\"contentUrl\":\"https:\\\/\\\/cloudics.com\\\/wp-content\\\/uploads\\\/2022\\\/12\\\/logo_sign_b.png\",\"width\":163,\"height\":133,\"caption\":\"Cloudics\"},\"image\":{\"@id\":\"https:\\\/\\\/cloudics.com\\\/en\\\/#\\\/schema\\\/logo\\\/image\\\/\"},\"sameAs\":[\"https:\\\/\\\/www.facebook.com\\\/Cloudics\",\"https:\\\/\\\/x.com\\\/Cloudics_com\",\"https:\\\/\\\/www.linkedin.com\\\/company\\\/cloudics\",\"https:\\\/\\\/www.instagram.com\\\/cloudics_com\"]}]}<\/script>\n<!-- \/ Yoast SEO plugin. -->","yoast_head_json":{"title":"Litsentsitingimused - Cloudics","description":"J\u00e4rgnevalt on kirjeldatud tarkvaraplatvormi Cloudics lihtlitsentsi tingimused, sealhulgas m\u00f5lema osapoole \u00f5igused ja kohustused.","robots":{"index":"index","follow":"follow","max-snippet":"max-snippet:-1","max-image-preview":"max-image-preview:large","max-video-preview":"max-video-preview:-1"},"canonical":"https:\/\/cloudics.com\/et\/litsentsitingimused\/","og_locale":"et_EE","og_type":"article","og_title":"Litsentsitingimused - Cloudics","og_description":"J\u00e4rgnevalt on kirjeldatud tarkvaraplatvormi Cloudics lihtlitsentsi tingimused, sealhulgas m\u00f5lema osapoole \u00f5igused ja kohustused.","og_url":"https:\/\/cloudics.com\/et\/litsentsitingimused\/","og_site_name":"Cloudics","article_publisher":"https:\/\/www.facebook.com\/Cloudics","article_modified_time":"2025-09-05T13:04:47+00:00","twitter_card":"summary_large_image","twitter_site":"@Cloudics_com","twitter_misc":{"Est. reading time":"6 minutit"},"schema":{"@context":"https:\/\/schema.org","@graph":[{"@type":"WebPage","@id":"https:\/\/cloudics.com\/et\/litsentsitingimused\/","url":"https:\/\/cloudics.com\/et\/litsentsitingimused\/","name":"Litsentsitingimused - Cloudics","isPartOf":{"@id":"https:\/\/cloudics.com\/en\/#website"},"datePublished":"2024-11-12T10:04:53+00:00","dateModified":"2025-09-05T13:04:47+00:00","description":"J\u00e4rgnevalt on kirjeldatud tarkvaraplatvormi Cloudics lihtlitsentsi tingimused, sealhulgas m\u00f5lema osapoole \u00f5igused ja kohustused.","inLanguage":"et","potentialAction":[{"@type":"ReadAction","target":["https:\/\/cloudics.com\/et\/litsentsitingimused\/"]}]},{"@type":"WebSite","@id":"https:\/\/cloudics.com\/en\/#website","url":"https:\/\/cloudics.com\/en\/","name":"Cloudics","description":"","publisher":{"@id":"https:\/\/cloudics.com\/en\/#organization"},"potentialAction":[{"@type":"SearchAction","target":{"@type":"EntryPoint","urlTemplate":"https:\/\/cloudics.com\/en\/?s={search_term_string}"},"query-input":{"@type":"PropertyValueSpecification","valueRequired":true,"valueName":"search_term_string"}}],"inLanguage":"et"},{"@type":"Organization","@id":"https:\/\/cloudics.com\/en\/#organization","name":"Cloudics","url":"https:\/\/cloudics.com\/en\/","logo":{"@type":"ImageObject","inLanguage":"et","@id":"https:\/\/cloudics.com\/en\/#\/schema\/logo\/image\/","url":"https:\/\/cloudics.com\/wp-content\/uploads\/2022\/12\/logo_sign_b.png","contentUrl":"https:\/\/cloudics.com\/wp-content\/uploads\/2022\/12\/logo_sign_b.png","width":163,"height":133,"caption":"Cloudics"},"image":{"@id":"https:\/\/cloudics.com\/en\/#\/schema\/logo\/image\/"},"sameAs":["https:\/\/www.facebook.com\/Cloudics","https:\/\/x.com\/Cloudics_com","https:\/\/www.linkedin.com\/company\/cloudics","https:\/\/www.instagram.com\/cloudics_com"]}]}},"_links":{"self":[{"href":"https:\/\/cloudics.com\/et\/wp-json\/wp\/v2\/pages\/23204","targetHints":{"allow":["GET"]}}],"collection":[{"href":"https:\/\/cloudics.com\/et\/wp-json\/wp\/v2\/pages"}],"about":[{"href":"https:\/\/cloudics.com\/et\/wp-json\/wp\/v2\/types\/page"}],"author":[{"embeddable":true,"href":"https:\/\/cloudics.com\/et\/wp-json\/wp\/v2\/users\/1"}],"replies":[{"embeddable":true,"href":"https:\/\/cloudics.com\/et\/wp-json\/wp\/v2\/comments?post=23204"}],"version-history":[{"count":9,"href":"https:\/\/cloudics.com\/et\/wp-json\/wp\/v2\/pages\/23204\/revisions"}],"predecessor-version":[{"id":25585,"href":"https:\/\/cloudics.com\/et\/wp-json\/wp\/v2\/pages\/23204\/revisions\/25585"}],"wp:attachment":[{"href":"https:\/\/cloudics.com\/et\/wp-json\/wp\/v2\/media?parent=23204"}],"curies":[{"name":"wp","href":"https:\/\/api.w.org\/{rel}","templated":true}]}}