{"id":25645,"date":"2025-08-19T08:05:54","date_gmt":"2025-08-19T05:05:54","guid":{"rendered":"https:\/\/cloudics.com\/?page_id=25645"},"modified":"2025-12-09T19:25:53","modified_gmt":"2025-12-09T16:25:53","slug":"kontakt","status":"publish","type":"page","link":"https:\/\/cloudics.com\/et\/kontakt\/","title":{"rendered":"Kontakt"},"content":{"rendered":"\n<div id=\"contact_section\" class=\"wp-block-group wrap\"><div class=\"wp-block-group__inner-container is-layout-constrained wp-block-group-is-layout-constrained\">\n<div class=\"wp-block-columns is-layout-flex wp-container-core-columns-is-layout-9d6595d7 wp-block-columns-is-layout-flex\">\n<div class=\"wp-block-column is-layout-flow wp-block-column-is-layout-flow\">\n<div class=\"wp-block-group headline_container\"><div class=\"wp-block-group__inner-container is-layout-constrained wp-block-group-is-layout-constrained\">\n<h2 class=\"wp-block-heading has-text-align-left\">v\u00f5ta meiega \u00fchendust<\/h2>\n\n\n\n<p class=\"has-text-align-left\">Oleme sinu jaoks olemas. Kirjuta meie kasutajatoele ning vastame sulle esimesel v\u00f5imalusel.<\/p>\n<\/div><\/div>\n\n\n\n<div class=\"wpcf7 no-js\" id=\"wpcf7-f21355-o1\" lang=\"en-US\" dir=\"ltr\" data-wpcf7-id=\"21355\">\n<div class=\"screen-reader-response\"><p role=\"status\" aria-live=\"polite\" aria-atomic=\"true\"><\/p> <ul><\/ul><\/div>\n<form action=\"\/et\/wp-json\/wp\/v2\/pages\/25645#wpcf7-f21355-o1\" method=\"post\" class=\"wpcf7-form init\" aria-label=\"Contact form\" novalidate=\"novalidate\" data-status=\"init\">\n<fieldset class=\"hidden-fields-container\"><input type=\"hidden\" name=\"_wpcf7\" value=\"21355\" \/><input type=\"hidden\" name=\"_wpcf7_version\" value=\"6.1.5\" \/><input type=\"hidden\" name=\"_wpcf7_locale\" value=\"en_US\" \/><input type=\"hidden\" name=\"_wpcf7_unit_tag\" value=\"wpcf7-f21355-o1\" \/><input type=\"hidden\" name=\"_wpcf7_container_post\" value=\"0\" \/><input type=\"hidden\" name=\"_wpcf7_posted_data_hash\" value=\"\" \/><input type=\"hidden\" name=\"_wpcf7_recaptcha_response\" value=\"\" \/>\n<\/fieldset>\n<ul>\n\t<li>\n\t\t<p><label> Eesnimi*<br \/>\n<span class=\"wpcf7-form-control-wrap\" data-name=\"your-name\"><input size=\"40\" maxlength=\"400\" class=\"wpcf7-form-control wpcf7-text wpcf7-validates-as-required\" aria-required=\"true\" aria-invalid=\"false\" value=\"\" type=\"text\" name=\"your-name\" \/><\/span> <\/label>\n\t\t<\/p>\n\t<\/li>\n\t<li>\n\t\t<p><label> Perekonnanimi*<br \/>\n<span class=\"wpcf7-form-control-wrap\" data-name=\"last-name\"><input size=\"40\" maxlength=\"400\" class=\"wpcf7-form-control wpcf7-text wpcf7-validates-as-required\" aria-required=\"true\" aria-invalid=\"false\" value=\"\" type=\"text\" name=\"last-name\" \/><\/span> <\/label>\n\t\t<\/p>\n\t<\/li>\n\t<li>\n\t\t<p><label> Ettev\u00f5te nimi*<br \/>\n<span class=\"wpcf7-form-control-wrap\" data-name=\"your-company\"><input size=\"40\" maxlength=\"400\" class=\"wpcf7-form-control wpcf7-text wpcf7-validates-as-required\" aria-required=\"true\" aria-invalid=\"false\" value=\"\" type=\"text\" name=\"your-company\" \/><\/span> <\/label>\n\t\t<\/p>\n\t<\/li>\n\t<li>\n\t\t<p><label> E-mail*<br \/>\n<span class=\"wpcf7-form-control-wrap\" data-name=\"your-email\"><input size=\"40\" maxlength=\"400\" class=\"wpcf7-form-control wpcf7-email wpcf7-validates-as-required wpcf7-text wpcf7-validates-as-email\" aria-required=\"true\" aria-invalid=\"false\" value=\"\" type=\"email\" name=\"your-email\" \/><\/span> <\/label>\n\t\t<\/p>\n\t<\/li>\n<\/ul>\n<p><label> S\u00f5num*<br \/>\n<span class=\"wpcf7-form-control-wrap\" data-name=\"your-message\"><textarea cols=\"40\" rows=\"3\" maxlength=\"2000\" class=\"wpcf7-form-control wpcf7-textarea wpcf7-validates-as-required\" aria-required=\"true\" aria-invalid=\"false\" name=\"your-message\"><\/textarea><\/span> <\/label>\n<\/p>\n\n\n\n<!-- Hidden input field for page class -->\n<p><input type=\"hidden\" name=\"page-class\" value=\"<?php echo esc_attr( implode(' ', get_body_class()) ); ? \/>\">\n<\/p><!-- Hidden input field for page URL set using JavaScript -->\n<p><input type=\"hidden\" name=\"page-url\" id=\"page-url\" \/>\n<\/p>\n<div class=\"privcyCheck\">\n\t<p><span class=\"wpcf7-form-control-wrap\" data-name=\"privacy\"><span class=\"wpcf7-form-control wpcf7-checkbox wpcf7-validates-as-required\"><span class=\"wpcf7-list-item first last\"><input type=\"checkbox\" name=\"privacy[]\" value=\"Olen tutvunud\" \/><span class=\"wpcf7-list-item-label\">Olen tutvunud<\/span><\/span><\/span><\/span><a href=\"privaatsuspoliitika\/\"> privaatsustingimustega<\/a>\n\t<\/p>\n<\/div>\n<div class=\"submit_container\">\n\t<p><input class=\"wpcf7-form-control wpcf7-submit has-spinner submit\" type=\"submit\" value=\"Saada\" \/>\n\t<\/p>\n<\/div>\n<p><script>\ndocument.addEventListener('DOMContentLoaded', function() {\n function getCurrentPageURL() {\n return window.location.href;\n }\n\n var currentPageURL = getCurrentPageURL();\n document.getElementById('page-url').value = currentPageURL;\n});\n<\/script>\n<\/p><input type='hidden' class='wpcf7-pum' value='{\"closepopup\":false,\"closedelay\":0,\"openpopup\":false,\"openpopup_id\":0}' \/><div class=\"wpcf7-response-output\" aria-hidden=\"true\"><\/div>\n<\/form>\n<\/div>\n\n\n\n\n<div class=\"wp-block-columns contact_info is-layout-flex wp-container-core-columns-is-layout-9d6595d7 wp-block-columns-is-layout-flex\">\n<div class=\"wp-block-column is-layout-flow wp-block-column-is-layout-flow\"><div class=\"wp-block-image\">\n<figure class=\"aligncenter size-large\"><img loading=\"lazy\" decoding=\"async\" width=\"40\" height=\"39\" src=\"https:\/\/cloudics.com\/wp-content\/uploads\/2025\/08\/info.svg\" alt=\"\" class=\"wp-image-25794\"\/><\/figure>\n<\/div>\n\n\n<p class=\"has-text-align-center\"><a href=\"mailto:info@cloudics.com\">info@cloudics.com<\/a><br><a href=\"tel:+3726280000\">+372 628 0000<\/a><\/p>\n<\/div>\n\n\n\n<div class=\"wp-block-column is-layout-flow wp-block-column-is-layout-flow\"><div class=\"wp-block-image\">\n<figure class=\"aligncenter size-large\"><img loading=\"lazy\" decoding=\"async\" width=\"33\" height=\"40\" src=\"https:\/\/cloudics.com\/wp-content\/uploads\/2025\/08\/loc.svg\" alt=\"\" class=\"wp-image-25795\"\/><\/figure>\n<\/div>\n\n\n<p class=\"has-text-align-center\"><strong>Tallinn<\/strong> 11415, Peterburi tee 2f<br><strong>Tartu<\/strong> 51009, Raatuse 20<\/p>\n<\/div>\n\n\n\n<div class=\"wp-block-column is-layout-flow wp-block-column-is-layout-flow\"><div class=\"wp-block-image\">\n<figure class=\"aligncenter size-large\"><img loading=\"lazy\" decoding=\"async\" width=\"40\" height=\"40\" src=\"https:\/\/cloudics.com\/wp-content\/uploads\/2025\/08\/cloud.svg\" alt=\"\" class=\"wp-image-25796\"\/><\/figure>\n<\/div>\n\n\n<p class=\"has-text-align-center\">Cloudics on <br><a href=\"https:\/\/astrobaltics.eu\">Astro Balticsi<\/a> kaubam\u00e4rk<\/p>\n<\/div>\n<\/div>\n<\/div>\n\n\n\n<div class=\"wp-block-column is-layout-flow wp-block-column-is-layout-flow\"><div class=\"wp-block-image\">\n<figure class=\"alignright size-full\"><img loading=\"lazy\" decoding=\"async\" width=\"654\" height=\"660\" src=\"https:\/\/cloudics.com\/wp-content\/uploads\/2025\/09\/Group-22677.png\" alt=\"\" class=\"wp-image-26650\" srcset=\"https:\/\/cloudics.com\/wp-content\/uploads\/2025\/09\/Group-22677.png 654w, https:\/\/cloudics.com\/wp-content\/uploads\/2025\/09\/Group-22677-297x300.png 297w, https:\/\/cloudics.com\/wp-content\/uploads\/2025\/09\/Group-22677-150x150.png 150w\" sizes=\"auto, (max-width: 654px) 100vw, 654px\" \/><\/figure>\n<\/div><\/div>\n<\/div>\n<\/div><\/div>\n","protected":false},"excerpt":{"rendered":"<p>v\u00f5ta meiega \u00fchendust Oleme sinu jaoks olemas. Kirjuta meie kasutajatoele ning vastame sulle esimesel v\u00f5imalusel. info@cloudics.com+372 628 0000 Tallinn 11415, Peterburi tee 2fTartu 51009, Raatuse 20 Cloudics on Astro Balticsi kaubam\u00e4rk<\/p>\n","protected":false},"author":1,"featured_media":27014,"parent":0,"menu_order":0,"comment_status":"closed","ping_status":"closed","template":"","meta":{"footnotes":""},"class_list":["post-25645","page","type-page","status-publish","has-post-thumbnail","hentry"],"yoast_head":"<!-- This site is optimized with the Yoast SEO plugin v27.4 - https:\/\/yoast.com\/product\/yoast-seo-wordpress\/ -->\n<title>Cloudics | V\u00f5ta meiega \u00fchendust | Teeme sinu \u00e4ri lihtsamaks!<\/title>\n<meta name=\"description\" content=\"Tekkis k\u00fcsimusi Cloudicsi v\u00f5i meie tarkvaraplatvormi kohta? V\u00f5ta meiega \u00fchendust ja vastame sulle esimesel v\u00f5imalusel.\" \/>\n<meta name=\"robots\" content=\"index, follow, max-snippet:-1, max-image-preview:large, max-video-preview:-1\" \/>\n<link rel=\"canonical\" href=\"https:\/\/cloudics.com\/et\/kontakt\/\" \/>\n<meta property=\"og:locale\" content=\"et_EE\" \/>\n<meta property=\"og:type\" content=\"article\" \/>\n<meta property=\"og:title\" content=\"Cloudics | V\u00f5ta meiega \u00fchendust | Teeme sinu \u00e4ri lihtsamaks!\" \/>\n<meta property=\"og:description\" content=\"Tekkis k\u00fcsimusi Cloudicsi v\u00f5i meie tarkvaraplatvormi kohta? V\u00f5ta meiega \u00fchendust ja vastame sulle esimesel v\u00f5imalusel.\" \/>\n<meta property=\"og:url\" content=\"https:\/\/cloudics.com\/et\/kontakt\/\" \/>\n<meta property=\"og:site_name\" content=\"Cloudics\" \/>\n<meta property=\"article:publisher\" content=\"https:\/\/www.facebook.com\/Cloudics\" \/>\n<meta property=\"article:modified_time\" content=\"2025-12-09T16:25:53+00:00\" \/>\n<meta property=\"og:image\" content=\"https:\/\/cloudics.com\/wp-content\/uploads\/2025\/12\/contact_img.png\" \/>\n\t<meta property=\"og:image:width\" content=\"579\" \/>\n\t<meta property=\"og:image:height\" content=\"584\" \/>\n\t<meta property=\"og:image:type\" content=\"image\/png\" \/>\n<meta name=\"twitter:card\" content=\"summary_large_image\" \/>\n<meta name=\"twitter:site\" content=\"@Cloudics_com\" \/>\n<meta name=\"twitter:label1\" content=\"Est. reading time\" \/>\n\t<meta name=\"twitter:data1\" content=\"2 minutit\" \/>\n<script type=\"application\/ld+json\" class=\"yoast-schema-graph\">{\"@context\":\"https:\\\/\\\/schema.org\",\"@graph\":[{\"@type\":\"WebPage\",\"@id\":\"https:\\\/\\\/cloudics.com\\\/et\\\/kontakt\\\/\",\"url\":\"https:\\\/\\\/cloudics.com\\\/et\\\/kontakt\\\/\",\"name\":\"Cloudics | V\u00f5ta meiega \u00fchendust | Teeme sinu \u00e4ri lihtsamaks!\",\"isPartOf\":{\"@id\":\"https:\\\/\\\/cloudics.com\\\/en\\\/#website\"},\"primaryImageOfPage\":{\"@id\":\"https:\\\/\\\/cloudics.com\\\/et\\\/kontakt\\\/#primaryimage\"},\"image\":{\"@id\":\"https:\\\/\\\/cloudics.com\\\/et\\\/kontakt\\\/#primaryimage\"},\"thumbnailUrl\":\"https:\\\/\\\/cloudics.com\\\/wp-content\\\/uploads\\\/2025\\\/12\\\/contact_img.png\",\"datePublished\":\"2025-08-19T05:05:54+00:00\",\"dateModified\":\"2025-12-09T16:25:53+00:00\",\"description\":\"Tekkis k\u00fcsimusi Cloudicsi v\u00f5i meie tarkvaraplatvormi kohta? V\u00f5ta meiega \u00fchendust ja vastame sulle esimesel v\u00f5imalusel.\",\"inLanguage\":\"et\",\"potentialAction\":[{\"@type\":\"ReadAction\",\"target\":[\"https:\\\/\\\/cloudics.com\\\/et\\\/kontakt\\\/\"]}]},{\"@type\":\"ImageObject\",\"inLanguage\":\"et\",\"@id\":\"https:\\\/\\\/cloudics.com\\\/et\\\/kontakt\\\/#primaryimage\",\"url\":\"https:\\\/\\\/cloudics.com\\\/wp-content\\\/uploads\\\/2025\\\/12\\\/contact_img.png\",\"contentUrl\":\"https:\\\/\\\/cloudics.com\\\/wp-content\\\/uploads\\\/2025\\\/12\\\/contact_img.png\",\"width\":579,\"height\":584,\"caption\":\"Naine laeb oma elektriautot.\"},{\"@type\":\"WebSite\",\"@id\":\"https:\\\/\\\/cloudics.com\\\/en\\\/#website\",\"url\":\"https:\\\/\\\/cloudics.com\\\/en\\\/\",\"name\":\"Cloudics\",\"description\":\"\",\"publisher\":{\"@id\":\"https:\\\/\\\/cloudics.com\\\/en\\\/#organization\"},\"potentialAction\":[{\"@type\":\"SearchAction\",\"target\":{\"@type\":\"EntryPoint\",\"urlTemplate\":\"https:\\\/\\\/cloudics.com\\\/en\\\/?s={search_term_string}\"},\"query-input\":{\"@type\":\"PropertyValueSpecification\",\"valueRequired\":true,\"valueName\":\"search_term_string\"}}],\"inLanguage\":\"et\"},{\"@type\":\"Organization\",\"@id\":\"https:\\\/\\\/cloudics.com\\\/en\\\/#organization\",\"name\":\"Cloudics\",\"url\":\"https:\\\/\\\/cloudics.com\\\/en\\\/\",\"logo\":{\"@type\":\"ImageObject\",\"inLanguage\":\"et\",\"@id\":\"https:\\\/\\\/cloudics.com\\\/en\\\/#\\\/schema\\\/logo\\\/image\\\/\",\"url\":\"https:\\\/\\\/cloudics.com\\\/wp-content\\\/uploads\\\/2022\\\/12\\\/logo_sign_b.png\",\"contentUrl\":\"https:\\\/\\\/cloudics.com\\\/wp-content\\\/uploads\\\/2022\\\/12\\\/logo_sign_b.png\",\"width\":163,\"height\":133,\"caption\":\"Cloudics\"},\"image\":{\"@id\":\"https:\\\/\\\/cloudics.com\\\/en\\\/#\\\/schema\\\/logo\\\/image\\\/\"},\"sameAs\":[\"https:\\\/\\\/www.facebook.com\\\/Cloudics\",\"https:\\\/\\\/x.com\\\/Cloudics_com\",\"https:\\\/\\\/www.linkedin.com\\\/company\\\/cloudics\",\"https:\\\/\\\/www.instagram.com\\\/cloudics_com\"]}]}<\/script>\n<!-- \/ Yoast SEO plugin. -->","yoast_head_json":{"title":"Cloudics | V\u00f5ta meiega \u00fchendust | Teeme sinu \u00e4ri lihtsamaks!","description":"Tekkis k\u00fcsimusi Cloudicsi v\u00f5i meie tarkvaraplatvormi kohta? V\u00f5ta meiega \u00fchendust ja vastame sulle esimesel v\u00f5imalusel.","robots":{"index":"index","follow":"follow","max-snippet":"max-snippet:-1","max-image-preview":"max-image-preview:large","max-video-preview":"max-video-preview:-1"},"canonical":"https:\/\/cloudics.com\/et\/kontakt\/","og_locale":"et_EE","og_type":"article","og_title":"Cloudics | V\u00f5ta meiega \u00fchendust | Teeme sinu \u00e4ri lihtsamaks!","og_description":"Tekkis k\u00fcsimusi Cloudicsi v\u00f5i meie tarkvaraplatvormi kohta? V\u00f5ta meiega \u00fchendust ja vastame sulle esimesel v\u00f5imalusel.","og_url":"https:\/\/cloudics.com\/et\/kontakt\/","og_site_name":"Cloudics","article_publisher":"https:\/\/www.facebook.com\/Cloudics","article_modified_time":"2025-12-09T16:25:53+00:00","og_image":[{"width":579,"height":584,"url":"https:\/\/cloudics.com\/wp-content\/uploads\/2025\/12\/contact_img.png","type":"image\/png"}],"twitter_card":"summary_large_image","twitter_site":"@Cloudics_com","twitter_misc":{"Est. reading time":"2 minutit"},"schema":{"@context":"https:\/\/schema.org","@graph":[{"@type":"WebPage","@id":"https:\/\/cloudics.com\/et\/kontakt\/","url":"https:\/\/cloudics.com\/et\/kontakt\/","name":"Cloudics | V\u00f5ta meiega \u00fchendust | Teeme sinu \u00e4ri lihtsamaks!","isPartOf":{"@id":"https:\/\/cloudics.com\/en\/#website"},"primaryImageOfPage":{"@id":"https:\/\/cloudics.com\/et\/kontakt\/#primaryimage"},"image":{"@id":"https:\/\/cloudics.com\/et\/kontakt\/#primaryimage"},"thumbnailUrl":"https:\/\/cloudics.com\/wp-content\/uploads\/2025\/12\/contact_img.png","datePublished":"2025-08-19T05:05:54+00:00","dateModified":"2025-12-09T16:25:53+00:00","description":"Tekkis k\u00fcsimusi Cloudicsi v\u00f5i meie tarkvaraplatvormi kohta? V\u00f5ta meiega \u00fchendust ja vastame sulle esimesel v\u00f5imalusel.","inLanguage":"et","potentialAction":[{"@type":"ReadAction","target":["https:\/\/cloudics.com\/et\/kontakt\/"]}]},{"@type":"ImageObject","inLanguage":"et","@id":"https:\/\/cloudics.com\/et\/kontakt\/#primaryimage","url":"https:\/\/cloudics.com\/wp-content\/uploads\/2025\/12\/contact_img.png","contentUrl":"https:\/\/cloudics.com\/wp-content\/uploads\/2025\/12\/contact_img.png","width":579,"height":584,"caption":"Naine laeb oma elektriautot."},{"@type":"WebSite","@id":"https:\/\/cloudics.com\/en\/#website","url":"https:\/\/cloudics.com\/en\/","name":"Cloudics","description":"","publisher":{"@id":"https:\/\/cloudics.com\/en\/#organization"},"potentialAction":[{"@type":"SearchAction","target":{"@type":"EntryPoint","urlTemplate":"https:\/\/cloudics.com\/en\/?s={search_term_string}"},"query-input":{"@type":"PropertyValueSpecification","valueRequired":true,"valueName":"search_term_string"}}],"inLanguage":"et"},{"@type":"Organization","@id":"https:\/\/cloudics.com\/en\/#organization","name":"Cloudics","url":"https:\/\/cloudics.com\/en\/","logo":{"@type":"ImageObject","inLanguage":"et","@id":"https:\/\/cloudics.com\/en\/#\/schema\/logo\/image\/","url":"https:\/\/cloudics.com\/wp-content\/uploads\/2022\/12\/logo_sign_b.png","contentUrl":"https:\/\/cloudics.com\/wp-content\/uploads\/2022\/12\/logo_sign_b.png","width":163,"height":133,"caption":"Cloudics"},"image":{"@id":"https:\/\/cloudics.com\/en\/#\/schema\/logo\/image\/"},"sameAs":["https:\/\/www.facebook.com\/Cloudics","https:\/\/x.com\/Cloudics_com","https:\/\/www.linkedin.com\/company\/cloudics","https:\/\/www.instagram.com\/cloudics_com"]}]}},"_links":{"self":[{"href":"https:\/\/cloudics.com\/et\/wp-json\/wp\/v2\/pages\/25645","targetHints":{"allow":["GET"]}}],"collection":[{"href":"https:\/\/cloudics.com\/et\/wp-json\/wp\/v2\/pages"}],"about":[{"href":"https:\/\/cloudics.com\/et\/wp-json\/wp\/v2\/types\/page"}],"author":[{"embeddable":true,"href":"https:\/\/cloudics.com\/et\/wp-json\/wp\/v2\/users\/1"}],"replies":[{"embeddable":true,"href":"https:\/\/cloudics.com\/et\/wp-json\/wp\/v2\/comments?post=25645"}],"version-history":[{"count":14,"href":"https:\/\/cloudics.com\/et\/wp-json\/wp\/v2\/pages\/25645\/revisions"}],"predecessor-version":[{"id":26656,"href":"https:\/\/cloudics.com\/et\/wp-json\/wp\/v2\/pages\/25645\/revisions\/26656"}],"wp:featuredmedia":[{"embeddable":true,"href":"https:\/\/cloudics.com\/et\/wp-json\/wp\/v2\/media\/27014"}],"wp:attachment":[{"href":"https:\/\/cloudics.com\/et\/wp-json\/wp\/v2\/media?parent=25645"}],"curies":[{"name":"wp","href":"https:\/\/api.w.org\/{rel}","templated":true}]}}