{"id":25670,"date":"2025-08-20T07:35:43","date_gmt":"2025-08-20T04:35:43","guid":{"rendered":"https:\/\/cloudics.com\/?page_id=25670"},"modified":"2026-03-30T12:14:34","modified_gmt":"2026-03-30T09:14:34","slug":"valdkonnad","status":"publish","type":"page","link":"https:\/\/cloudics.com\/et\/kassasysteem\/valdkonnad\/","title":{"rendered":"Cloudics POS \u2013 Valdkonnad"},"content":{"rendered":"\n<div class=\"wp-block-group\"><div class=\"wp-block-group__inner-container is-layout-constrained wp-block-group-is-layout-constrained\">\n<div id=\"pos_service\" class=\"wp-block-group wrap\"><div class=\"wp-block-group__inner-container is-layout-constrained wp-block-group-is-layout-constrained\">\n<div class=\"wp-block-group headline_container\"><div class=\"wp-block-group__inner-container is-layout-constrained wp-block-group-is-layout-constrained\">\n<h2 class=\"wp-block-heading has-text-align-center\">\u00dcks kassa k\u00f5ikjal<\/h2>\n\n\n\n<p class=\"has-text-align-center\">Anname sulle digitaalsed t\u00f6\u00f6riistad, et sina saaksid s\u00e4ilitada oma unikaalsuse ning keskenduda sellele, mis on oluline &#8211; oma \u00e4ri kasvatamisele.<\/p>\n<\/div><\/div>\n\n\n\n<div style=\"height:40px\" aria-hidden=\"true\" class=\"wp-block-spacer\"><\/div>\n\n\n<div class=\"wp-block-image\">\n<figure class=\"aligncenter size-large\"><img loading=\"lazy\" decoding=\"async\" width=\"1024\" height=\"683\" src=\"https:\/\/cloudics.com\/wp-content\/uploads\/2025\/04\/Mask-Group-185-1024x683.png\" alt=\"\" class=\"wp-image-23689\" srcset=\"https:\/\/cloudics.com\/wp-content\/uploads\/2025\/04\/Mask-Group-185-1024x683.png 1024w, https:\/\/cloudics.com\/wp-content\/uploads\/2025\/04\/Mask-Group-185-300x200.png 300w, https:\/\/cloudics.com\/wp-content\/uploads\/2025\/04\/Mask-Group-185-768x512.png 768w, https:\/\/cloudics.com\/wp-content\/uploads\/2025\/04\/Mask-Group-185.png 1309w\" sizes=\"auto, (max-width: 1024px) 100vw, 1024px\" \/><\/figure>\n<\/div>\n\n\n<div class=\"wp-block-group text_container second\"><div class=\"wp-block-group__inner-container is-layout-constrained wp-block-group-is-layout-constrained\">\n<h2 class=\"wp-block-heading has-text-align-center\">TEENINDUS<\/h2>\n\n\n\n<p class=\"has-text-align-center\">Keskendu sellele, mis on oluline &#8211; klientide teenindamisele. Mugav kasutajate haldamine, lihtne halduskeskkond ja ei mingeid koolituskulusid &#8211; hakka kasutama 30 minutiga.<\/p>\n\n\n\n<div style=\"height:20px\" aria-hidden=\"true\" class=\"wp-block-spacer\"><\/div>\n\n\n\n<p class=\"has-text-align-center tags has-text-color has-link-color wp-elements-ea994881a82cfdd1ce4036aaa1e3ee29\" style=\"color:#1270d2\">#juuksurid #hotellid #spad #iluteenindus #tatoveerijad #lillepoed<\/p>\n\n\n\n<figure class=\"wp-block-image size-large bg_img\"><img loading=\"lazy\" decoding=\"async\" width=\"750\" height=\"500\" src=\"https:\/\/cloudics.com\/wp-content\/uploads\/2025\/04\/Group-10499.svg\" alt=\"\" class=\"wp-image-23683\"\/><\/figure>\n<\/div><\/div>\n<\/div><\/div>\n\n\n\n<div class=\"wp-block-columns wrap is-layout-flex wp-container-core-columns-is-layout-9d6595d7 wp-block-columns-is-layout-flex\" id=\"pos_arealeft\">\n<div class=\"wp-block-column is-layout-flow wp-block-column-is-layout-flow\">\n<div class=\"wp-block-group text_container\"><div class=\"wp-block-group__inner-container is-layout-constrained wp-block-group-is-layout-constrained\">\n<h2 class=\"wp-block-heading has-text-align-center\">TOITLUSTUS<\/h2>\n\n\n\n<p class=\"has-text-align-center\">V\u00f5ta vastu makseid, halda k\u00f5iki tehinguid \u00fchest kohast ja reaalajas, paku laitmatut teenindust ja tee andmetele toetuvaid tarku otsuseid.<\/p>\n\n\n\n<div style=\"height:20px\" aria-hidden=\"true\" class=\"wp-block-spacer\"><\/div>\n\n\n\n<p class=\"has-text-align-center has-text-color has-link-color wp-elements-ace1938ac554a6bc499a00b4d8649d64\" style=\"color:#ffaa00\">#kohvikud #baarid #pagarid #toiduk\u00e4rud #laadam\u00fc\u00fck<\/p>\n<\/div><\/div>\n\n\n\n<figure class=\"wp-block-image size-large bg_img\"><img loading=\"lazy\" decoding=\"async\" width=\"750\" height=\"500\" src=\"https:\/\/cloudics.com\/wp-content\/uploads\/2025\/04\/Group-10513.svg\" alt=\"\" class=\"wp-image-23685\"\/><\/figure>\n<\/div>\n\n\n\n<div class=\"wp-block-column is-layout-flow wp-block-column-is-layout-flow\">\n<figure class=\"wp-block-image size-full\"><img loading=\"lazy\" decoding=\"async\" width=\"862\" height=\"862\" src=\"https:\/\/cloudics.com\/wp-content\/uploads\/2025\/04\/Mask-Group-163.png\" alt=\"\" class=\"wp-image-23687\" srcset=\"https:\/\/cloudics.com\/wp-content\/uploads\/2025\/04\/Mask-Group-163.png 862w, https:\/\/cloudics.com\/wp-content\/uploads\/2025\/04\/Mask-Group-163-300x300.png 300w, https:\/\/cloudics.com\/wp-content\/uploads\/2025\/04\/Mask-Group-163-150x150.png 150w, https:\/\/cloudics.com\/wp-content\/uploads\/2025\/04\/Mask-Group-163-768x768.png 768w\" sizes=\"auto, (max-width: 862px) 100vw, 862px\" \/><\/figure>\n<\/div>\n<\/div>\n\n\n\n<div class=\"wp-block-columns wrap is-layout-flex wp-container-core-columns-is-layout-9d6595d7 wp-block-columns-is-layout-flex\" id=\"pos_arearight\">\n<div class=\"wp-block-column is-layout-flow wp-block-column-is-layout-flow\">\n<figure class=\"wp-block-image size-full\"><img loading=\"lazy\" decoding=\"async\" width=\"862\" height=\"862\" src=\"https:\/\/cloudics.com\/wp-content\/uploads\/2025\/04\/Mask-Group-166.png\" alt=\"\" class=\"wp-image-23688\" srcset=\"https:\/\/cloudics.com\/wp-content\/uploads\/2025\/04\/Mask-Group-166.png 862w, https:\/\/cloudics.com\/wp-content\/uploads\/2025\/04\/Mask-Group-166-300x300.png 300w, https:\/\/cloudics.com\/wp-content\/uploads\/2025\/04\/Mask-Group-166-150x150.png 150w, https:\/\/cloudics.com\/wp-content\/uploads\/2025\/04\/Mask-Group-166-768x768.png 768w\" sizes=\"auto, (max-width: 862px) 100vw, 862px\" \/><\/figure>\n<\/div>\n\n\n\n<div class=\"wp-block-column is-layout-flow wp-block-column-is-layout-flow\">\n<div class=\"wp-block-group text_container\"><div class=\"wp-block-group__inner-container is-layout-constrained wp-block-group-is-layout-constrained\">\n<h2 class=\"wp-block-heading has-text-align-center\">MEELELAHUTUS<\/h2>\n\n\n\n<p class=\"has-text-align-center\">Paku tipptasemel klienditeenindust. Halda kasutajaid ja v\u00f5ta kiirelt vastu makseid. Selge ja lihtsa m\u00fc\u00fcgiprotsessiga saad teenindada kuni 3x rohkem kliente.<\/p>\n\n\n\n<div style=\"height:20px\" aria-hidden=\"true\" class=\"wp-block-spacer\"><\/div>\n\n\n\n<p class=\"has-text-align-center has-text-color has-link-color wp-elements-e4591f9215666471be293e41195684f4\" style=\"color:#1270d2\">#bowling #piljard #baarid #kinod #muuseumid #galeriid<\/p>\n<\/div><\/div>\n\n\n\n<figure class=\"wp-block-image size-large bg_img\"><img loading=\"lazy\" decoding=\"async\" width=\"750\" height=\"500\" src=\"https:\/\/cloudics.com\/wp-content\/uploads\/2025\/04\/Group-10499.svg\" alt=\"\" class=\"wp-image-23683\"\/><\/figure>\n<\/div>\n<\/div>\n\n\n\n<div class=\"wp-block-columns wrap is-layout-flex wp-container-core-columns-is-layout-9d6595d7 wp-block-columns-is-layout-flex\" id=\"pos_arealeft\">\n<div class=\"wp-block-column is-layout-flow wp-block-column-is-layout-flow\">\n<div class=\"wp-block-group text_container\"><div class=\"wp-block-group__inner-container is-layout-constrained wp-block-group-is-layout-constrained\">\n<h2 class=\"wp-block-heading has-text-align-center\">JAEM\u00dc\u00dcK<\/h2>\n\n\n\n<p class=\"has-text-align-center\">Haara endale strateegiline m\u00fc\u00fcgieelis ja laienda oma \u00e4ri mitmesse asukohta. Saa \u00fclevaade m\u00fc\u00fckidest igal pool, halda ladu mugavalt \u00fchest kohast ning kasuta m\u00fc\u00fcgiks juba olemasolevaid seadmeid.<\/p>\n\n\n\n<div style=\"height:20px\" aria-hidden=\"true\" class=\"wp-block-spacer\"><\/div>\n\n\n\n<p class=\"has-text-align-center has-text-color has-link-color wp-elements-a4c5c5c428ed8e4bf027010795fabf74\" style=\"color:#20ba4f\">#riidepoed #raamatupoed #staadionim\u00fc\u00fck #laadam\u00fc\u00fck<\/p>\n<\/div><\/div>\n\n\n\n<figure class=\"wp-block-image size-large bg_img\"><img loading=\"lazy\" decoding=\"async\" width=\"750\" height=\"500\" src=\"https:\/\/cloudics.com\/wp-content\/uploads\/2025\/04\/Group-10510.svg\" alt=\"\" class=\"wp-image-23684\"\/><\/figure>\n<\/div>\n\n\n\n<div class=\"wp-block-column is-layout-flow wp-block-column-is-layout-flow\">\n<figure class=\"wp-block-image size-full\"><img loading=\"lazy\" decoding=\"async\" width=\"862\" height=\"862\" src=\"https:\/\/cloudics.com\/wp-content\/uploads\/2025\/04\/goldtime-2.png\" alt=\"\" class=\"wp-image-24138\" srcset=\"https:\/\/cloudics.com\/wp-content\/uploads\/2025\/04\/goldtime-2.png 862w, https:\/\/cloudics.com\/wp-content\/uploads\/2025\/04\/goldtime-2-300x300.png 300w, https:\/\/cloudics.com\/wp-content\/uploads\/2025\/04\/goldtime-2-150x150.png 150w, https:\/\/cloudics.com\/wp-content\/uploads\/2025\/04\/goldtime-2-768x768.png 768w\" sizes=\"auto, (max-width: 862px) 100vw, 862px\" \/><\/figure>\n<\/div>\n<\/div>\n<\/div><\/div>\n\n\n\n<div id=\"pos_cta\" class=\"wp-block-group wrap\"><div class=\"wp-block-group__inner-container is-layout-constrained wp-block-group-is-layout-constrained\">\n<h2 class=\"wp-block-heading has-text-align-center has-black-color has-text-color has-link-color wp-elements-d8f548da2402438f6be8d9777a1d9124\">Valmis alustama?<\/h2>\n\n\n\n<p class=\"has-text-align-center has-black-color has-text-color has-link-color wp-elements-ea454404309063dc6e168ea8a9047674\">Intuitiivne kassas\u00fcsteem, mis muudab sinu \u00e4ritegemise lihtsaks.<\/p>\n\n\n\n<p class=\"has-text-align-center has-text-color has-link-color wp-elements-23555c7784ab3081a46559155cd55a22\" style=\"color:#20ba50\"><a href=\"https:\/\/cloudics.com\/et\/hind\/\">Alusta Cloudicsiga <span class=\"wp-rich-text-font-awesome-icon wp-font-awesome-icon\"><svg aria-hidden=\"true\" focusable=\"false\" data-prefix=\"fas\" data-icon=\"arrow-right\" class=\"svg-inline--fa fa-arrow-right \" role=\"img\" xmlns=\"http:\/\/www.w3.org\/2000\/svg\" viewBox=\"0 0 448 512\"><path fill=\"currentColor\" d=\"M438.6 278.6c12.5-12.5 12.5-32.8 0-45.3l-160-160c-12.5-12.5-32.8-12.5-45.3 0s-12.5 32.8 0 45.3L338.8 224 32 224c-17.7 0-32 14.3-32 32s14.3 32 32 32l306.7 0L233.4 393.4c-12.5 12.5-12.5 32.8 0 45.3s32.8 12.5 45.3 0l160-160z\"><\/path><\/svg><\/span><\/a><\/p>\n<\/div><\/div>\n","protected":false},"excerpt":{"rendered":"<p>\u00dcks kassa k\u00f5ikjal Anname sulle digitaalsed t\u00f6\u00f6riistad, et sina saaksid s\u00e4ilitada oma unikaalsuse ning keskenduda sellele, mis on oluline &#8211; oma \u00e4ri kasvatamisele. TEENINDUS Keskendu sellele, mis on oluline &#8211; klientide teenindamisele. Mugav kasutajate haldamine, lihtne halduskeskkond ja ei mingeid koolituskulusid &#8211; hakka kasutama 30 minutiga. #juuksurid #hotellid #spad #iluteenindus #tatoveerijad #lillepoed TOITLUSTUS V\u00f5ta vastu [&hellip;]<\/p>\n","protected":false},"author":1,"featured_media":24178,"parent":23546,"menu_order":0,"comment_status":"closed","ping_status":"closed","template":"","meta":{"footnotes":""},"class_list":["post-25670","page","type-page","status-publish","has-post-thumbnail","hentry"],"yoast_head":"<!-- This site is optimized with the Yoast SEO plugin v27.4 - https:\/\/yoast.com\/product\/yoast-seo-wordpress\/ -->\n<title>Cloudics kassas\u00fcsteem | Sobib sinu \u00e4rivaldkonnaga | Hind alates 49 \u20ac \/ kuu<\/title>\n<meta name=\"description\" content=\"Sinu strateegiline m\u00fc\u00fcgieelis. V\u00f5ta vastu makseid, halda ladu mugavalt \u00fchest kohast ning kasuta m\u00fc\u00fcmiseks juba olemasolevaid seadmeid.\" \/>\n<meta name=\"robots\" content=\"index, follow, max-snippet:-1, max-image-preview:large, max-video-preview:-1\" \/>\n<link rel=\"canonical\" href=\"https:\/\/cloudics.com\/et\/kassasysteem\/valdkonnad\/\" \/>\n<meta property=\"og:locale\" content=\"et_EE\" \/>\n<meta property=\"og:type\" content=\"article\" \/>\n<meta property=\"og:title\" content=\"Cloudics kassas\u00fcsteem | Sobib sinu \u00e4rivaldkonnaga | Hind alates 49 \u20ac \/ kuu\" \/>\n<meta property=\"og:description\" content=\"Sinu strateegiline m\u00fc\u00fcgieelis. V\u00f5ta vastu makseid, halda ladu mugavalt \u00fchest kohast ning kasuta m\u00fc\u00fcmiseks juba olemasolevaid seadmeid.\" \/>\n<meta property=\"og:url\" content=\"https:\/\/cloudics.com\/et\/kassasysteem\/valdkonnad\/\" \/>\n<meta property=\"og:site_name\" content=\"Cloudics\" \/>\n<meta property=\"article:publisher\" content=\"https:\/\/www.facebook.com\/Cloudics\" \/>\n<meta property=\"article:modified_time\" content=\"2026-03-30T09:14:34+00:00\" \/>\n<meta property=\"og:image\" content=\"https:\/\/cloudics.com\/wp-content\/uploads\/2025\/04\/POS_valdkonnad.png\" \/>\n\t<meta property=\"og:image:width\" content=\"1182\" \/>\n\t<meta property=\"og:image:height\" content=\"788\" \/>\n\t<meta property=\"og:image:type\" content=\"image\/png\" \/>\n<meta name=\"twitter:card\" content=\"summary_large_image\" \/>\n<meta name=\"twitter:site\" content=\"@Cloudics_com\" \/>\n<meta name=\"twitter:label1\" content=\"Est. reading time\" \/>\n\t<meta name=\"twitter:data1\" content=\"3 minutit\" \/>\n<script type=\"application\/ld+json\" class=\"yoast-schema-graph\">{\"@context\":\"https:\\\/\\\/schema.org\",\"@graph\":[{\"@type\":\"WebPage\",\"@id\":\"https:\\\/\\\/cloudics.com\\\/et\\\/kassasysteem\\\/valdkonnad\\\/\",\"url\":\"https:\\\/\\\/cloudics.com\\\/et\\\/kassasysteem\\\/valdkonnad\\\/\",\"name\":\"Cloudics kassas\u00fcsteem | Sobib sinu \u00e4rivaldkonnaga | Hind alates 49 \u20ac \\\/ kuu\",\"isPartOf\":{\"@id\":\"https:\\\/\\\/cloudics.com\\\/en\\\/#website\"},\"primaryImageOfPage\":{\"@id\":\"https:\\\/\\\/cloudics.com\\\/et\\\/kassasysteem\\\/valdkonnad\\\/#primaryimage\"},\"image\":{\"@id\":\"https:\\\/\\\/cloudics.com\\\/et\\\/kassasysteem\\\/valdkonnad\\\/#primaryimage\"},\"thumbnailUrl\":\"https:\\\/\\\/cloudics.com\\\/wp-content\\\/uploads\\\/2025\\\/04\\\/POS_valdkonnad.png\",\"datePublished\":\"2025-08-20T04:35:43+00:00\",\"dateModified\":\"2026-03-30T09:14:34+00:00\",\"description\":\"Sinu strateegiline m\u00fc\u00fcgieelis. V\u00f5ta vastu makseid, halda ladu mugavalt \u00fchest kohast ning kasuta m\u00fc\u00fcmiseks juba olemasolevaid seadmeid.\",\"breadcrumb\":{\"@id\":\"https:\\\/\\\/cloudics.com\\\/et\\\/kassasysteem\\\/valdkonnad\\\/#breadcrumb\"},\"inLanguage\":\"et\",\"potentialAction\":[{\"@type\":\"ReadAction\",\"target\":[\"https:\\\/\\\/cloudics.com\\\/et\\\/kassasysteem\\\/valdkonnad\\\/\"]}]},{\"@type\":\"ImageObject\",\"inLanguage\":\"et\",\"@id\":\"https:\\\/\\\/cloudics.com\\\/et\\\/kassasysteem\\\/valdkonnad\\\/#primaryimage\",\"url\":\"https:\\\/\\\/cloudics.com\\\/wp-content\\\/uploads\\\/2025\\\/04\\\/POS_valdkonnad.png\",\"contentUrl\":\"https:\\\/\\\/cloudics.com\\\/wp-content\\\/uploads\\\/2025\\\/04\\\/POS_valdkonnad.png\",\"width\":1182,\"height\":788,\"caption\":\"Cloudics POS valdkonnad\"},{\"@type\":\"BreadcrumbList\",\"@id\":\"https:\\\/\\\/cloudics.com\\\/et\\\/kassasysteem\\\/valdkonnad\\\/#breadcrumb\",\"itemListElement\":[{\"@type\":\"ListItem\",\"position\":1,\"name\":\"Cloudics POS &#8211; Avaleht\",\"item\":\"https:\\\/\\\/cloudics.com\\\/et\\\/kassasysteem\\\/\"},{\"@type\":\"ListItem\",\"position\":2,\"name\":\"Cloudics POS \u2013 Valdkonnad\"}]},{\"@type\":\"WebSite\",\"@id\":\"https:\\\/\\\/cloudics.com\\\/en\\\/#website\",\"url\":\"https:\\\/\\\/cloudics.com\\\/en\\\/\",\"name\":\"Cloudics\",\"description\":\"\",\"publisher\":{\"@id\":\"https:\\\/\\\/cloudics.com\\\/en\\\/#organization\"},\"potentialAction\":[{\"@type\":\"SearchAction\",\"target\":{\"@type\":\"EntryPoint\",\"urlTemplate\":\"https:\\\/\\\/cloudics.com\\\/en\\\/?s={search_term_string}\"},\"query-input\":{\"@type\":\"PropertyValueSpecification\",\"valueRequired\":true,\"valueName\":\"search_term_string\"}}],\"inLanguage\":\"et\"},{\"@type\":\"Organization\",\"@id\":\"https:\\\/\\\/cloudics.com\\\/en\\\/#organization\",\"name\":\"Cloudics\",\"url\":\"https:\\\/\\\/cloudics.com\\\/en\\\/\",\"logo\":{\"@type\":\"ImageObject\",\"inLanguage\":\"et\",\"@id\":\"https:\\\/\\\/cloudics.com\\\/en\\\/#\\\/schema\\\/logo\\\/image\\\/\",\"url\":\"https:\\\/\\\/cloudics.com\\\/wp-content\\\/uploads\\\/2022\\\/12\\\/logo_sign_b.png\",\"contentUrl\":\"https:\\\/\\\/cloudics.com\\\/wp-content\\\/uploads\\\/2022\\\/12\\\/logo_sign_b.png\",\"width\":163,\"height\":133,\"caption\":\"Cloudics\"},\"image\":{\"@id\":\"https:\\\/\\\/cloudics.com\\\/en\\\/#\\\/schema\\\/logo\\\/image\\\/\"},\"sameAs\":[\"https:\\\/\\\/www.facebook.com\\\/Cloudics\",\"https:\\\/\\\/x.com\\\/Cloudics_com\",\"https:\\\/\\\/www.linkedin.com\\\/company\\\/cloudics\",\"https:\\\/\\\/www.instagram.com\\\/cloudics_com\"]}]}<\/script>\n<!-- \/ Yoast SEO plugin. -->","yoast_head_json":{"title":"Cloudics kassas\u00fcsteem | Sobib sinu \u00e4rivaldkonnaga | Hind alates 49 \u20ac \/ kuu","description":"Sinu strateegiline m\u00fc\u00fcgieelis. V\u00f5ta vastu makseid, halda ladu mugavalt \u00fchest kohast ning kasuta m\u00fc\u00fcmiseks juba olemasolevaid seadmeid.","robots":{"index":"index","follow":"follow","max-snippet":"max-snippet:-1","max-image-preview":"max-image-preview:large","max-video-preview":"max-video-preview:-1"},"canonical":"https:\/\/cloudics.com\/et\/kassasysteem\/valdkonnad\/","og_locale":"et_EE","og_type":"article","og_title":"Cloudics kassas\u00fcsteem | Sobib sinu \u00e4rivaldkonnaga | Hind alates 49 \u20ac \/ kuu","og_description":"Sinu strateegiline m\u00fc\u00fcgieelis. V\u00f5ta vastu makseid, halda ladu mugavalt \u00fchest kohast ning kasuta m\u00fc\u00fcmiseks juba olemasolevaid seadmeid.","og_url":"https:\/\/cloudics.com\/et\/kassasysteem\/valdkonnad\/","og_site_name":"Cloudics","article_publisher":"https:\/\/www.facebook.com\/Cloudics","article_modified_time":"2026-03-30T09:14:34+00:00","og_image":[{"width":1182,"height":788,"url":"https:\/\/cloudics.com\/wp-content\/uploads\/2025\/04\/POS_valdkonnad.png","type":"image\/png"}],"twitter_card":"summary_large_image","twitter_site":"@Cloudics_com","twitter_misc":{"Est. reading time":"3 minutit"},"schema":{"@context":"https:\/\/schema.org","@graph":[{"@type":"WebPage","@id":"https:\/\/cloudics.com\/et\/kassasysteem\/valdkonnad\/","url":"https:\/\/cloudics.com\/et\/kassasysteem\/valdkonnad\/","name":"Cloudics kassas\u00fcsteem | Sobib sinu \u00e4rivaldkonnaga | Hind alates 49 \u20ac \/ kuu","isPartOf":{"@id":"https:\/\/cloudics.com\/en\/#website"},"primaryImageOfPage":{"@id":"https:\/\/cloudics.com\/et\/kassasysteem\/valdkonnad\/#primaryimage"},"image":{"@id":"https:\/\/cloudics.com\/et\/kassasysteem\/valdkonnad\/#primaryimage"},"thumbnailUrl":"https:\/\/cloudics.com\/wp-content\/uploads\/2025\/04\/POS_valdkonnad.png","datePublished":"2025-08-20T04:35:43+00:00","dateModified":"2026-03-30T09:14:34+00:00","description":"Sinu strateegiline m\u00fc\u00fcgieelis. V\u00f5ta vastu makseid, halda ladu mugavalt \u00fchest kohast ning kasuta m\u00fc\u00fcmiseks juba olemasolevaid seadmeid.","breadcrumb":{"@id":"https:\/\/cloudics.com\/et\/kassasysteem\/valdkonnad\/#breadcrumb"},"inLanguage":"et","potentialAction":[{"@type":"ReadAction","target":["https:\/\/cloudics.com\/et\/kassasysteem\/valdkonnad\/"]}]},{"@type":"ImageObject","inLanguage":"et","@id":"https:\/\/cloudics.com\/et\/kassasysteem\/valdkonnad\/#primaryimage","url":"https:\/\/cloudics.com\/wp-content\/uploads\/2025\/04\/POS_valdkonnad.png","contentUrl":"https:\/\/cloudics.com\/wp-content\/uploads\/2025\/04\/POS_valdkonnad.png","width":1182,"height":788,"caption":"Cloudics POS valdkonnad"},{"@type":"BreadcrumbList","@id":"https:\/\/cloudics.com\/et\/kassasysteem\/valdkonnad\/#breadcrumb","itemListElement":[{"@type":"ListItem","position":1,"name":"Cloudics POS &#8211; Avaleht","item":"https:\/\/cloudics.com\/et\/kassasysteem\/"},{"@type":"ListItem","position":2,"name":"Cloudics POS \u2013 Valdkonnad"}]},{"@type":"WebSite","@id":"https:\/\/cloudics.com\/en\/#website","url":"https:\/\/cloudics.com\/en\/","name":"Cloudics","description":"","publisher":{"@id":"https:\/\/cloudics.com\/en\/#organization"},"potentialAction":[{"@type":"SearchAction","target":{"@type":"EntryPoint","urlTemplate":"https:\/\/cloudics.com\/en\/?s={search_term_string}"},"query-input":{"@type":"PropertyValueSpecification","valueRequired":true,"valueName":"search_term_string"}}],"inLanguage":"et"},{"@type":"Organization","@id":"https:\/\/cloudics.com\/en\/#organization","name":"Cloudics","url":"https:\/\/cloudics.com\/en\/","logo":{"@type":"ImageObject","inLanguage":"et","@id":"https:\/\/cloudics.com\/en\/#\/schema\/logo\/image\/","url":"https:\/\/cloudics.com\/wp-content\/uploads\/2022\/12\/logo_sign_b.png","contentUrl":"https:\/\/cloudics.com\/wp-content\/uploads\/2022\/12\/logo_sign_b.png","width":163,"height":133,"caption":"Cloudics"},"image":{"@id":"https:\/\/cloudics.com\/en\/#\/schema\/logo\/image\/"},"sameAs":["https:\/\/www.facebook.com\/Cloudics","https:\/\/x.com\/Cloudics_com","https:\/\/www.linkedin.com\/company\/cloudics","https:\/\/www.instagram.com\/cloudics_com"]}]}},"_links":{"self":[{"href":"https:\/\/cloudics.com\/et\/wp-json\/wp\/v2\/pages\/25670","targetHints":{"allow":["GET"]}}],"collection":[{"href":"https:\/\/cloudics.com\/et\/wp-json\/wp\/v2\/pages"}],"about":[{"href":"https:\/\/cloudics.com\/et\/wp-json\/wp\/v2\/types\/page"}],"author":[{"embeddable":true,"href":"https:\/\/cloudics.com\/et\/wp-json\/wp\/v2\/users\/1"}],"replies":[{"embeddable":true,"href":"https:\/\/cloudics.com\/et\/wp-json\/wp\/v2\/comments?post=25670"}],"version-history":[{"count":2,"href":"https:\/\/cloudics.com\/et\/wp-json\/wp\/v2\/pages\/25670\/revisions"}],"predecessor-version":[{"id":25673,"href":"https:\/\/cloudics.com\/et\/wp-json\/wp\/v2\/pages\/25670\/revisions\/25673"}],"up":[{"embeddable":true,"href":"https:\/\/cloudics.com\/et\/wp-json\/wp\/v2\/pages\/23546"}],"wp:featuredmedia":[{"embeddable":true,"href":"https:\/\/cloudics.com\/et\/wp-json\/wp\/v2\/media\/24178"}],"wp:attachment":[{"href":"https:\/\/cloudics.com\/et\/wp-json\/wp\/v2\/media?parent=25670"}],"curies":[{"name":"wp","href":"https:\/\/api.w.org\/{rel}","templated":true}]}}