{"id":25677,"date":"2025-08-20T07:40:51","date_gmt":"2025-08-20T04:40:51","guid":{"rendered":"https:\/\/cloudics.com\/?page_id=25677"},"modified":"2025-08-21T12:49:10","modified_gmt":"2025-08-21T09:49:10","slug":"kasutajatugi","status":"publish","type":"page","link":"https:\/\/cloudics.com\/et\/kassasysteem\/kasutajatugi\/","title":{"rendered":"Cloudics POS \u2013 Kasutajatugi"},"content":{"rendered":"\n<div id=\"pos_support\" class=\"wp-block-group wrap\"><div class=\"wp-block-group__inner-container is-layout-constrained wp-block-group-is-layout-constrained\">\n<div class=\"wp-block-group headline_container\"><div class=\"wp-block-group__inner-container is-layout-constrained wp-block-group-is-layout-constrained\">\n<h2 class=\"wp-block-heading has-text-align-center\">KUULAME JA<br>PAKUME LAHENDUSI<\/h2>\n\n\n\n<p class=\"has-text-align-center\">Oleme sinu jaoks olemas. Kirjuta meie kasutajatoele ning vastame sulle esimesel v\u00f5imalusel.<\/p>\n<\/div><\/div>\n\n\n\n<div style=\"height:50px\" aria-hidden=\"true\" class=\"wp-block-spacer\"><\/div>\n\n\n\n<div class=\"wp-block-columns three_columns_design is-layout-flex wp-container-core-columns-is-layout-9d6595d7 wp-block-columns-is-layout-flex\">\n<div class=\"wp-block-column is-layout-flow wp-block-column-is-layout-flow\">\n<figure class=\"wp-block-image size-full bg_img\"><img loading=\"lazy\" decoding=\"async\" width=\"707\" height=\"598\" src=\"https:\/\/cloudics.com\/wp-content\/uploads\/2025\/04\/Group-10749.png\" alt=\"\" class=\"wp-image-23885\" srcset=\"https:\/\/cloudics.com\/wp-content\/uploads\/2025\/04\/Group-10749.png 707w, https:\/\/cloudics.com\/wp-content\/uploads\/2025\/04\/Group-10749-300x254.png 300w\" sizes=\"auto, (max-width: 707px) 100vw, 707px\" \/><\/figure>\n<\/div>\n\n\n\n<div class=\"wp-block-column is-layout-flow wp-block-column-is-layout-flow\">\n<figure class=\"wp-block-image size-large bg_img\"><img loading=\"lazy\" decoding=\"async\" width=\"808\" height=\"585\" src=\"https:\/\/cloudics.com\/wp-content\/uploads\/2025\/04\/Path-7387.svg\" alt=\"\" class=\"wp-image-23783\"\/><\/figure>\n\n\n\n<div class=\"wp-block-group\"><div class=\"wp-block-group__inner-container is-layout-constrained wp-block-group-is-layout-constrained\">\n<div class=\"wpcf7 no-js\" id=\"wpcf7-f23787-o1\" lang=\"en-US\" dir=\"ltr\" data-wpcf7-id=\"23787\">\n<div class=\"screen-reader-response\"><p role=\"status\" aria-live=\"polite\" aria-atomic=\"true\"><\/p> <ul><\/ul><\/div>\n<form action=\"\/et\/wp-json\/wp\/v2\/pages\/25677#wpcf7-f23787-o1\" method=\"post\" class=\"wpcf7-form init\" aria-label=\"Contact form\" enctype=\"multipart\/form-data\" novalidate=\"novalidate\" data-status=\"init\">\n<fieldset class=\"hidden-fields-container\"><input type=\"hidden\" name=\"_wpcf7\" value=\"23787\" \/><input type=\"hidden\" name=\"_wpcf7_version\" value=\"6.1.5\" \/><input type=\"hidden\" name=\"_wpcf7_locale\" value=\"en_US\" \/><input type=\"hidden\" name=\"_wpcf7_unit_tag\" value=\"wpcf7-f23787-o1\" \/><input type=\"hidden\" name=\"_wpcf7_container_post\" value=\"0\" \/><input type=\"hidden\" name=\"_wpcf7_posted_data_hash\" value=\"\" \/><input type=\"hidden\" name=\"_wpcf7_recaptcha_response\" value=\"\" \/>\n<\/fieldset>\n<ul>\n\t<li>\n\t\t<p><label> Nimi*<br \/>\n<span class=\"wpcf7-form-control-wrap\" data-name=\"your-name\"><input size=\"40\" maxlength=\"400\" class=\"wpcf7-form-control wpcf7-text wpcf7-validates-as-required\" aria-required=\"true\" aria-invalid=\"false\" value=\"\" type=\"text\" name=\"your-name\" \/><\/span> <\/label>\n\t\t<\/p>\n\t<\/li>\n\t<li>\n\t\t<p><label> E-posti aadress*<br \/>\n<span class=\"wpcf7-form-control-wrap\" data-name=\"email\"><input size=\"40\" maxlength=\"400\" class=\"wpcf7-form-control wpcf7-email wpcf7-validates-as-required wpcf7-text wpcf7-validates-as-email\" aria-required=\"true\" aria-invalid=\"false\" value=\"\" type=\"email\" name=\"email\" \/><\/span> <\/label>\n\t\t<\/p>\n\t<\/li>\n\t<li>\n\t\t<p><label> Telefoninumber*<br \/>\n<span class=\"wpcf7-form-control-wrap\" data-name=\"phone\"><input size=\"40\" maxlength=\"400\" class=\"wpcf7-form-control wpcf7-text wpcf7-validates-as-required\" aria-required=\"true\" aria-invalid=\"false\" value=\"\" type=\"text\" name=\"phone\" \/><\/span> <\/label>\n\t\t<\/p>\n\t<\/li>\n\t<li>\n\t\t<p><label> Ettev\u00f5te*<br \/>\n<span class=\"wpcf7-form-control-wrap\" data-name=\"company\"><input size=\"40\" maxlength=\"400\" class=\"wpcf7-form-control wpcf7-text wpcf7-validates-as-required\" aria-required=\"true\" aria-invalid=\"false\" value=\"\" type=\"text\" name=\"company\" \/><\/span> <\/label>\n\t\t<\/p>\n\t<\/li>\n<\/ul>\n<p><label> S\u00f5num*<br \/>\n<span class=\"wpcf7-form-control-wrap\" data-name=\"message\"><textarea cols=\"40\" rows=\"10\" maxlength=\"2000\" class=\"wpcf7-form-control wpcf7-textarea wpcf7-validates-as-required\" aria-required=\"true\" aria-invalid=\"false\" name=\"message\"><\/textarea><\/span> <\/label>\n<\/p>\n<p><label class=\"submit_file\"> Manus<br \/>\n<span class=\"wpcf7-form-control-wrap\" data-name=\"file-852\"><input size=\"40\" class=\"wpcf7-form-control wpcf7-file\" accept=\"audio\/*,video\/*,image\/*\" aria-invalid=\"false\" type=\"file\" name=\"file-852\" \/><\/span><\/label>\n<\/p>\n<div>\n<input class=\"wpcf7-form-control wpcf7-hidden\" id=\"hiddenItemId\" value=\"\" type=\"hidden\" name=\"item_id\" \/>\n<input class=\"wpcf7-form-control wpcf7-hidden\" id=\"hiddenQuantity\" value=\"\" type=\"hidden\" name=\"quantity\" \/>\n<input class=\"wpcf7-form-control wpcf7-hidden\" id=\"hiddenPrice\" value=\"\" type=\"hidden\" name=\"total_price\" \/>\n<input class=\"wpcf7-form-control wpcf7-hidden page_url\" value=\"\" type=\"hidden\" name=\"page_url\" \/>\n<\/div>\n<div class=\"privcyCheck\">\n\t<p><span class=\"wpcf7-form-control-wrap\" data-name=\"privacy-check\"><span class=\"wpcf7-form-control wpcf7-acceptance\"><span class=\"wpcf7-list-item\"><label><input type=\"checkbox\" name=\"privacy-check\" value=\"1\" id=\"formCheck\" aria-invalid=\"false\" \/><span class=\"wpcf7-list-item-label\">Olen tutvunud<a href=\"https:\/\/cloudics.com\/et\/privaatsuspoliitika\/\" target=\"_blank\" id=\"formCheckLabel\" rel=\"noopener noreferrer\"><span> privaatsuspoliitikaga<\/span><\/a><\/span><\/label><\/span><\/span><\/span>\n\t<\/p>\n<\/div>\n<div class=\"submit_container\">\n\t<p><input class=\"wpcf7-form-control wpcf7-submit has-spinner\" type=\"submit\" value=\"Saada p\u00e4ring\" \/>\n\t<\/p>\n<\/div>\n<p><script>\n document.addEventListener(\"DOMContentLoaded\", function () {\n const urlInput = document.querySelector('.page_url');\n\n if (urlInput) {\n urlInput.value = window.location.href;\n }\n });\n<\/script>\n<\/p><input type='hidden' class='wpcf7-pum' value='{\"closepopup\":false,\"closedelay\":0,\"openpopup\":false,\"openpopup_id\":0}' \/><div class=\"wpcf7-response-output\" aria-hidden=\"true\"><\/div>\n<\/form>\n<\/div>\n\n<\/div><\/div>\n<\/div>\n\n\n\n<div class=\"wp-block-column is-layout-flow wp-block-column-is-layout-flow\">\n<figure class=\"wp-block-image size-large bg_img\"><img loading=\"lazy\" decoding=\"async\" width=\"703\" height=\"469\" src=\"https:\/\/cloudics.com\/wp-content\/uploads\/2025\/04\/Path-7388.svg\" alt=\"\" class=\"wp-image-23784\"\/><\/figure>\n\n\n\n<ul class=\"wp-block-list\">\n<li><a href=\"tel:6280000\"><img loading=\"lazy\" decoding=\"async\" width=\"32\" height=\"32\" class=\"wp-image-23780\" style=\"width: 32px;\" src=\"https:\/\/cloudics.com\/wp-content\/uploads\/2025\/04\/Group-10594.svg\" alt=\"\"> +372 628 0000<\/a><\/li>\n\n\n\n<li><a href=\"mailto:\"><img loading=\"lazy\" decoding=\"async\" width=\"33\" height=\"23\" class=\"wp-image-23781\" style=\"width: 33px;\" src=\"https:\/\/cloudics.com\/wp-content\/uploads\/2025\/04\/Group-10595.svg\" alt=\"\"> info@cloudics.com<\/a><\/li>\n\n\n\n<li><img loading=\"lazy\" decoding=\"async\" width=\"29\" height=\"29\" class=\"wp-image-23782\" style=\"width: 29px;\" src=\"https:\/\/cloudics.com\/wp-content\/uploads\/2025\/04\/Group-10598.svg\" alt=\"\"> T\u00f6\u00f6aeg 09:00 &#8211; 17:00<\/li>\n<\/ul>\n<\/div>\n<\/div>\n<\/div><\/div>\n","protected":false},"excerpt":{"rendered":"<p>KUULAME JAPAKUME LAHENDUSI Oleme sinu jaoks olemas. Kirjuta meie kasutajatoele ning vastame sulle esimesel v\u00f5imalusel.<\/p>\n","protected":false},"author":1,"featured_media":24180,"parent":23546,"menu_order":0,"comment_status":"closed","ping_status":"closed","template":"","meta":{"footnotes":""},"class_list":["post-25677","page","type-page","status-publish","has-post-thumbnail","hentry"],"yoast_head":"<!-- This site is optimized with the Yoast SEO plugin v27.4 - https:\/\/yoast.com\/product\/yoast-seo-wordpress\/ -->\n<title>Cloudics POS kasutajatugi - v\u00f5ta meiega \u00fchendust!<\/title>\n<meta name=\"description\" content=\"Kuulame, m\u00f5istame ning pakume kiireid lahendusi, et sinu \u00e4ritegevus sujuks. Kirjuta ning vastame sulle esimesel esimesel v\u00f5imalusel.\" \/>\n<meta name=\"robots\" content=\"index, follow, max-snippet:-1, max-image-preview:large, max-video-preview:-1\" \/>\n<link rel=\"canonical\" href=\"https:\/\/cloudics.com\/et\/kassasysteem\/kasutajatugi\/\" \/>\n<meta property=\"og:locale\" content=\"et_EE\" \/>\n<meta property=\"og:type\" content=\"article\" \/>\n<meta property=\"og:title\" content=\"Cloudics POS kasutajatugi - v\u00f5ta meiega \u00fchendust!\" \/>\n<meta property=\"og:description\" content=\"Kuulame, m\u00f5istame ning pakume kiireid lahendusi, et sinu \u00e4ritegevus sujuks. Kirjuta ning vastame sulle esimesel esimesel v\u00f5imalusel.\" \/>\n<meta property=\"og:url\" content=\"https:\/\/cloudics.com\/et\/kassasysteem\/kasutajatugi\/\" \/>\n<meta property=\"og:site_name\" content=\"Cloudics\" \/>\n<meta property=\"article:publisher\" content=\"https:\/\/www.facebook.com\/Cloudics\" \/>\n<meta property=\"article:modified_time\" content=\"2025-08-21T09:49:10+00:00\" \/>\n<meta property=\"og:image\" content=\"https:\/\/cloudics.com\/wp-content\/uploads\/2025\/04\/POS_kasutajatugi.png\" \/>\n\t<meta property=\"og:image:width\" content=\"1182\" \/>\n\t<meta property=\"og:image:height\" content=\"788\" \/>\n\t<meta property=\"og:image:type\" content=\"image\/png\" \/>\n<meta name=\"twitter:card\" content=\"summary_large_image\" \/>\n<meta name=\"twitter:site\" content=\"@Cloudics_com\" \/>\n<meta name=\"twitter:label1\" content=\"Est. reading time\" \/>\n\t<meta name=\"twitter:data1\" content=\"2 minutit\" \/>\n<script type=\"application\/ld+json\" class=\"yoast-schema-graph\">{\"@context\":\"https:\\\/\\\/schema.org\",\"@graph\":[{\"@type\":\"WebPage\",\"@id\":\"https:\\\/\\\/cloudics.com\\\/et\\\/kassasysteem\\\/kasutajatugi\\\/\",\"url\":\"https:\\\/\\\/cloudics.com\\\/et\\\/kassasysteem\\\/kasutajatugi\\\/\",\"name\":\"Cloudics POS kasutajatugi - v\u00f5ta meiega \u00fchendust!\",\"isPartOf\":{\"@id\":\"https:\\\/\\\/cloudics.com\\\/en\\\/#website\"},\"primaryImageOfPage\":{\"@id\":\"https:\\\/\\\/cloudics.com\\\/et\\\/kassasysteem\\\/kasutajatugi\\\/#primaryimage\"},\"image\":{\"@id\":\"https:\\\/\\\/cloudics.com\\\/et\\\/kassasysteem\\\/kasutajatugi\\\/#primaryimage\"},\"thumbnailUrl\":\"https:\\\/\\\/cloudics.com\\\/wp-content\\\/uploads\\\/2025\\\/04\\\/POS_kasutajatugi.png\",\"datePublished\":\"2025-08-20T04:40:51+00:00\",\"dateModified\":\"2025-08-21T09:49:10+00:00\",\"description\":\"Kuulame, m\u00f5istame ning pakume kiireid lahendusi, et sinu \u00e4ritegevus sujuks. Kirjuta ning vastame sulle esimesel esimesel v\u00f5imalusel.\",\"breadcrumb\":{\"@id\":\"https:\\\/\\\/cloudics.com\\\/et\\\/kassasysteem\\\/kasutajatugi\\\/#breadcrumb\"},\"inLanguage\":\"et\",\"potentialAction\":[{\"@type\":\"ReadAction\",\"target\":[\"https:\\\/\\\/cloudics.com\\\/et\\\/kassasysteem\\\/kasutajatugi\\\/\"]}]},{\"@type\":\"ImageObject\",\"inLanguage\":\"et\",\"@id\":\"https:\\\/\\\/cloudics.com\\\/et\\\/kassasysteem\\\/kasutajatugi\\\/#primaryimage\",\"url\":\"https:\\\/\\\/cloudics.com\\\/wp-content\\\/uploads\\\/2025\\\/04\\\/POS_kasutajatugi.png\",\"contentUrl\":\"https:\\\/\\\/cloudics.com\\\/wp-content\\\/uploads\\\/2025\\\/04\\\/POS_kasutajatugi.png\",\"width\":1182,\"height\":788,\"caption\":\"Cloudics POS kasutajatugi\"},{\"@type\":\"BreadcrumbList\",\"@id\":\"https:\\\/\\\/cloudics.com\\\/et\\\/kassasysteem\\\/kasutajatugi\\\/#breadcrumb\",\"itemListElement\":[{\"@type\":\"ListItem\",\"position\":1,\"name\":\"Cloudics POS &#8211; Avaleht\",\"item\":\"https:\\\/\\\/cloudics.com\\\/et\\\/kassasysteem\\\/\"},{\"@type\":\"ListItem\",\"position\":2,\"name\":\"Cloudics POS \u2013 Kasutajatugi\"}]},{\"@type\":\"WebSite\",\"@id\":\"https:\\\/\\\/cloudics.com\\\/en\\\/#website\",\"url\":\"https:\\\/\\\/cloudics.com\\\/en\\\/\",\"name\":\"Cloudics\",\"description\":\"\",\"publisher\":{\"@id\":\"https:\\\/\\\/cloudics.com\\\/en\\\/#organization\"},\"potentialAction\":[{\"@type\":\"SearchAction\",\"target\":{\"@type\":\"EntryPoint\",\"urlTemplate\":\"https:\\\/\\\/cloudics.com\\\/en\\\/?s={search_term_string}\"},\"query-input\":{\"@type\":\"PropertyValueSpecification\",\"valueRequired\":true,\"valueName\":\"search_term_string\"}}],\"inLanguage\":\"et\"},{\"@type\":\"Organization\",\"@id\":\"https:\\\/\\\/cloudics.com\\\/en\\\/#organization\",\"name\":\"Cloudics\",\"url\":\"https:\\\/\\\/cloudics.com\\\/en\\\/\",\"logo\":{\"@type\":\"ImageObject\",\"inLanguage\":\"et\",\"@id\":\"https:\\\/\\\/cloudics.com\\\/en\\\/#\\\/schema\\\/logo\\\/image\\\/\",\"url\":\"https:\\\/\\\/cloudics.com\\\/wp-content\\\/uploads\\\/2022\\\/12\\\/logo_sign_b.png\",\"contentUrl\":\"https:\\\/\\\/cloudics.com\\\/wp-content\\\/uploads\\\/2022\\\/12\\\/logo_sign_b.png\",\"width\":163,\"height\":133,\"caption\":\"Cloudics\"},\"image\":{\"@id\":\"https:\\\/\\\/cloudics.com\\\/en\\\/#\\\/schema\\\/logo\\\/image\\\/\"},\"sameAs\":[\"https:\\\/\\\/www.facebook.com\\\/Cloudics\",\"https:\\\/\\\/x.com\\\/Cloudics_com\",\"https:\\\/\\\/www.linkedin.com\\\/company\\\/cloudics\",\"https:\\\/\\\/www.instagram.com\\\/cloudics_com\"]}]}<\/script>\n<!-- \/ Yoast SEO plugin. -->","yoast_head_json":{"title":"Cloudics POS kasutajatugi - v\u00f5ta meiega \u00fchendust!","description":"Kuulame, m\u00f5istame ning pakume kiireid lahendusi, et sinu \u00e4ritegevus sujuks. Kirjuta ning vastame sulle esimesel esimesel v\u00f5imalusel.","robots":{"index":"index","follow":"follow","max-snippet":"max-snippet:-1","max-image-preview":"max-image-preview:large","max-video-preview":"max-video-preview:-1"},"canonical":"https:\/\/cloudics.com\/et\/kassasysteem\/kasutajatugi\/","og_locale":"et_EE","og_type":"article","og_title":"Cloudics POS kasutajatugi - v\u00f5ta meiega \u00fchendust!","og_description":"Kuulame, m\u00f5istame ning pakume kiireid lahendusi, et sinu \u00e4ritegevus sujuks. Kirjuta ning vastame sulle esimesel esimesel v\u00f5imalusel.","og_url":"https:\/\/cloudics.com\/et\/kassasysteem\/kasutajatugi\/","og_site_name":"Cloudics","article_publisher":"https:\/\/www.facebook.com\/Cloudics","article_modified_time":"2025-08-21T09:49:10+00:00","og_image":[{"width":1182,"height":788,"url":"https:\/\/cloudics.com\/wp-content\/uploads\/2025\/04\/POS_kasutajatugi.png","type":"image\/png"}],"twitter_card":"summary_large_image","twitter_site":"@Cloudics_com","twitter_misc":{"Est. reading time":"2 minutit"},"schema":{"@context":"https:\/\/schema.org","@graph":[{"@type":"WebPage","@id":"https:\/\/cloudics.com\/et\/kassasysteem\/kasutajatugi\/","url":"https:\/\/cloudics.com\/et\/kassasysteem\/kasutajatugi\/","name":"Cloudics POS kasutajatugi - v\u00f5ta meiega \u00fchendust!","isPartOf":{"@id":"https:\/\/cloudics.com\/en\/#website"},"primaryImageOfPage":{"@id":"https:\/\/cloudics.com\/et\/kassasysteem\/kasutajatugi\/#primaryimage"},"image":{"@id":"https:\/\/cloudics.com\/et\/kassasysteem\/kasutajatugi\/#primaryimage"},"thumbnailUrl":"https:\/\/cloudics.com\/wp-content\/uploads\/2025\/04\/POS_kasutajatugi.png","datePublished":"2025-08-20T04:40:51+00:00","dateModified":"2025-08-21T09:49:10+00:00","description":"Kuulame, m\u00f5istame ning pakume kiireid lahendusi, et sinu \u00e4ritegevus sujuks. Kirjuta ning vastame sulle esimesel esimesel v\u00f5imalusel.","breadcrumb":{"@id":"https:\/\/cloudics.com\/et\/kassasysteem\/kasutajatugi\/#breadcrumb"},"inLanguage":"et","potentialAction":[{"@type":"ReadAction","target":["https:\/\/cloudics.com\/et\/kassasysteem\/kasutajatugi\/"]}]},{"@type":"ImageObject","inLanguage":"et","@id":"https:\/\/cloudics.com\/et\/kassasysteem\/kasutajatugi\/#primaryimage","url":"https:\/\/cloudics.com\/wp-content\/uploads\/2025\/04\/POS_kasutajatugi.png","contentUrl":"https:\/\/cloudics.com\/wp-content\/uploads\/2025\/04\/POS_kasutajatugi.png","width":1182,"height":788,"caption":"Cloudics POS kasutajatugi"},{"@type":"BreadcrumbList","@id":"https:\/\/cloudics.com\/et\/kassasysteem\/kasutajatugi\/#breadcrumb","itemListElement":[{"@type":"ListItem","position":1,"name":"Cloudics POS &#8211; Avaleht","item":"https:\/\/cloudics.com\/et\/kassasysteem\/"},{"@type":"ListItem","position":2,"name":"Cloudics POS \u2013 Kasutajatugi"}]},{"@type":"WebSite","@id":"https:\/\/cloudics.com\/en\/#website","url":"https:\/\/cloudics.com\/en\/","name":"Cloudics","description":"","publisher":{"@id":"https:\/\/cloudics.com\/en\/#organization"},"potentialAction":[{"@type":"SearchAction","target":{"@type":"EntryPoint","urlTemplate":"https:\/\/cloudics.com\/en\/?s={search_term_string}"},"query-input":{"@type":"PropertyValueSpecification","valueRequired":true,"valueName":"search_term_string"}}],"inLanguage":"et"},{"@type":"Organization","@id":"https:\/\/cloudics.com\/en\/#organization","name":"Cloudics","url":"https:\/\/cloudics.com\/en\/","logo":{"@type":"ImageObject","inLanguage":"et","@id":"https:\/\/cloudics.com\/en\/#\/schema\/logo\/image\/","url":"https:\/\/cloudics.com\/wp-content\/uploads\/2022\/12\/logo_sign_b.png","contentUrl":"https:\/\/cloudics.com\/wp-content\/uploads\/2022\/12\/logo_sign_b.png","width":163,"height":133,"caption":"Cloudics"},"image":{"@id":"https:\/\/cloudics.com\/en\/#\/schema\/logo\/image\/"},"sameAs":["https:\/\/www.facebook.com\/Cloudics","https:\/\/x.com\/Cloudics_com","https:\/\/www.linkedin.com\/company\/cloudics","https:\/\/www.instagram.com\/cloudics_com"]}]}},"_links":{"self":[{"href":"https:\/\/cloudics.com\/et\/wp-json\/wp\/v2\/pages\/25677","targetHints":{"allow":["GET"]}}],"collection":[{"href":"https:\/\/cloudics.com\/et\/wp-json\/wp\/v2\/pages"}],"about":[{"href":"https:\/\/cloudics.com\/et\/wp-json\/wp\/v2\/types\/page"}],"author":[{"embeddable":true,"href":"https:\/\/cloudics.com\/et\/wp-json\/wp\/v2\/users\/1"}],"replies":[{"embeddable":true,"href":"https:\/\/cloudics.com\/et\/wp-json\/wp\/v2\/comments?post=25677"}],"version-history":[{"count":2,"href":"https:\/\/cloudics.com\/et\/wp-json\/wp\/v2\/pages\/25677\/revisions"}],"predecessor-version":[{"id":25680,"href":"https:\/\/cloudics.com\/et\/wp-json\/wp\/v2\/pages\/25677\/revisions\/25680"}],"up":[{"embeddable":true,"href":"https:\/\/cloudics.com\/et\/wp-json\/wp\/v2\/pages\/23546"}],"wp:featuredmedia":[{"embeddable":true,"href":"https:\/\/cloudics.com\/et\/wp-json\/wp\/v2\/media\/24180"}],"wp:attachment":[{"href":"https:\/\/cloudics.com\/et\/wp-json\/wp\/v2\/media?parent=25677"}],"curies":[{"name":"wp","href":"https:\/\/api.w.org\/{rel}","templated":true}]}}