{"id":27380,"date":"2026-03-13T13:26:52","date_gmt":"2026-03-13T10:26:52","guid":{"rendered":"https:\/\/cloudics.com\/?page_id=27380"},"modified":"2026-04-10T16:44:07","modified_gmt":"2026-04-10T13:44:07","slug":"laadimisplatvormi-seadistamise-juhend","status":"publish","type":"page","link":"https:\/\/cloudics.com\/et\/laadimisplatvormi-seadistamise-juhend\/","title":{"rendered":"Laadimisplatvormi seadistamise juhend"},"content":{"rendered":"\n<div id=\"general_info\" class=\"wp-block-group wrap\"><div class=\"wp-block-group__inner-container is-layout-flow wp-block-group-is-layout-flow\">\n<p class=\"has-text-align-center\"><strong>Eesti<\/strong> | <a href=\"https:\/\/cloudics.com\/et\/laadimisplatvormi-seadistamise-juhend\/\" type=\"link\" id=\"https:\/\/cloudics.com\/charging-platform-setup-manual\/\">English<\/a> | <a href=\"https:\/\/cloudics.com\/ikrovimo-platformos-naudojimo-vadovas\/\" type=\"link\" id=\"https:\/\/cloudics.com\/ikrovimo-platformos-naudojimo-vadovas\/\">Lietuva<\/a><\/p>\n\n\n\n<script>\t\ndocument.querySelectorAll('a[href=\"https:\/\/cloudics.com\/et\/laadimisplatvormi-seadistamise-juhend\/\"]')\n.forEach(link => {\nlink.href = \"https:\/\/cloudics.com\/charging-platform-setup-manual\/\";\n});\n<\/script>\n\n\n\n<h2 class=\"wp-block-heading has-text-align-center has-black-color has-text-color has-link-color wp-elements-7bcfe11fda775756d056d276c0faf3a2\">Laadimisplatvormi seadistamise juhend<\/h2>\n\n\n\n<p class=\"has-text-align-center\">Siit leiad juhised uue laadija seadistamiseks Cloudicsi platvormil.<\/p>\n\n\n\n<p><strong>Cloudicsi mobiilirakendus:<\/strong><\/p>\n\n\n\n<p>iOS: <a href=\"https:\/\/apps.apple.com\/ee\/app\/cloudics\/id1486293359\">Cloudicsi App &#8211; App Store<\/a><\/p>\n\n\n\n<p>Android: <a href=\"https:\/\/play.google.com\/store\/apps\/details?id=com.cloudicsapp&amp;pcampaignid=web_share\">Cloudics &#8211; Google Play<\/a><\/p>\n\n\n\n<p><strong>Cloudicsi veebiplatvorm:<\/strong> <a href=\"https:\/\/cloudwatcher.cloudics.eu\/login\">Cloudwatcher | Log in<\/a><\/p>\n\n\n\n<p><\/p>\n\n\n\n<p><strong>1.<\/strong> <strong>Konto aktiveerimine<\/strong><\/p>\n\n\n\n<p>Video: <a href=\"https:\/\/www.youtube.com\/watch?v=Pp57z0ApAn4&amp;list=PLgfQWCR4n_iBWumOZ3SVbL0BkZYuHZHlr\">Cloudics kasutajakonto loomine<\/a><\/p>\n\n\n\n<p>Video: <a href=\"https:\/\/www.youtube.com\/watch?v=lPbqQEiBqT4&amp;list=PLgfQWCR4n_iBWumOZ3SVbL0BkZYuHZHlr&amp;index=2\">Kuidas muuta kasutamiskeelt?<\/a><\/p>\n\n\n\n<p><strong>1.1 <\/strong>Laadi alla Cloudicsi rakendus (Android, iOS) ja registreeru uue kasutajana.<\/p>\n\n\n\n<p><strong>1.2 <\/strong>Aktiveeri kasutaja, kl\u00f5psates e-postile saadetud lingi abil.<\/p>\n\n\n\n<p><strong>1.3. <\/strong>Ava brauser ning logi sisse Cloudicsi platvormile: <a href=\"https:\/\/cloudwatcher.cloudics.eu\/login\">Cloudwatcher | Log in<\/a><\/p>\n\n\n\n<p><\/p>\n\n\n\n<p><strong>2. Laadija(te) lisamine ning mksemeetodite seadistamine<\/strong><\/p>\n\n\n\n<p><strong>2.1. <\/strong>P\u00e4rast esimest sisselogimist palutakse lisada laadija(d).<\/p>\n\n\n\n<figure class=\"wp-block-video\"><video height=\"900\" style=\"aspect-ratio: 2100 \/ 900;\" width=\"2100\" controls src=\"https:\/\/cloudics.com\/wp-content\/uploads\/2026\/04\/onboarding-1-1.mp4\"><\/video><\/figure>\n\n\n\n<p><strong>2.2. <\/strong>Kui laadija(d) on lisatud, on need n\u00e4htavad Cloudicsi veebiplatvormil.<\/p>\n\n\n\n<p><strong>2.3. <\/strong>Kui laadija(d) ei ole n\u00e4htav(ad):<\/p>\n\n\n\n<ul class=\"wp-block-list\">\n<li>Taask\u00e4ivita rakendus v\u00f5i proovi kontolt v\u00e4lja logida ja uuesti sisse logida.<\/li>\n\n\n\n<li>Oota kuni 24 tundi, kuni rakendus v\u00e4rskendab asukohaandmed. <\/li>\n<\/ul>\n\n\n\n<p><\/p>\n\n\n\n<p><strong>2.4 <\/strong>RFID-kaardi lisamine: leia Cloudicsi veebiplatvormil alajaotis &#8220;Kaardid&#8221; (&#8220;Cards&#8221;), vali &#8220;Lisa RFID Kaart&#8221; (&#8220;Add RFID Card&#8221; ning j\u00e4rgi ekraanil kuvatavaid juhiseid. Lisada saab nii f\u00fc\u00fcsilisi kui virtuaalseid kaarte. Virtuaalsed kaardid on kasutatavad ainult rakendusesiseste maksete jaoks ning neid saab kasutada \u00fcksnes laadimisseansside k\u00e4ivitamiseks. <\/p>\n\n\n\n<figure class=\"wp-block-video\"><video height=\"900\" style=\"aspect-ratio: 2100 \/ 900;\" width=\"2100\" controls src=\"https:\/\/cloudics.com\/wp-content\/uploads\/2026\/04\/onboarding-2-1.mp4\"><\/video><\/figure>\n\n\n\n<p><strong>3. Laadija ligip\u00e4\u00e4su jagamine teiste kasutajaprofiilidega<\/strong> <strong>(valikuline)<\/strong><\/p>\n\n\n\n<p><strong>3.1. <\/strong>Laadija ligip\u00e4\u00e4su jagamiseks tuleb valitud kasutaja(te)le saata kutse Cloudicsi veebiplatvormi kaudu. T\u00e4iendavate kasutajate kutsumine annab neile samav\u00e4\u00e4rse ligip\u00e4\u00e4su Cloudicsi veebiplatvormile ning muudab teie laadija(d) nende rakenduses n\u00e4htavaks. Samuti saavad lisakasutajad alustada ning l\u00f5petada laadimisseansse. <\/p>\n\n\n\n<p><strong>3.2<\/strong> K\u00f5igil kutsutud kasutajatel peab olema olemasolev Cloudicsi kasutajakonto v\u00f5i tuleb see rakenduse kaudu luua. <\/p>\n\n\n\n<p><strong>3.3. <\/strong>Kutse saatmiseks leia alajaotis &#8220;Kliendid&#8221; (&#8220;Customers&#8221;) ja vali &#8220;Nimekiri&#8221; (&#8220;List&#8221;). Seej\u00e4rel kl\u00f5psa &#8220;Kutsu kasutaja&#8221; (&#8220;Invite user&#8221;) ning sisesta e-posti aadress, mida kasutati konto registreerimisel (\/millega soovitav kasutajakonto seotud on). <\/p>\n\n\n\n<p><strong>3.4. <\/strong>Laadimise alustamiseks lisa kutsutud kasutajale RFID-kaart.<\/p>\n\n\n\n<p><\/p>\n<\/div><\/div>\n","protected":false},"excerpt":{"rendered":"<p>Eesti | English | Lietuva Laadimisplatvormi seadistamise juhend Siit leiad juhised uue laadija seadistamiseks Cloudicsi platvormil. Cloudicsi mobiilirakendus: iOS: Cloudicsi App &#8211; App Store Android: Cloudics &#8211; Google Play Cloudicsi veebiplatvorm: Cloudwatcher | Log in 1. Konto aktiveerimine Video: Cloudics kasutajakonto loomine Video: Kuidas muuta kasutamiskeelt? 1.1 Laadi alla Cloudicsi rakendus (Android, iOS) ja registreeru [&hellip;]<\/p>\n","protected":false},"author":18,"featured_media":27382,"parent":0,"menu_order":0,"comment_status":"closed","ping_status":"closed","template":"","meta":{"footnotes":""},"class_list":["post-27380","page","type-page","status-publish","has-post-thumbnail","hentry"],"yoast_head":"<!-- This site is optimized with the Yoast SEO plugin v27.4 - https:\/\/yoast.com\/product\/yoast-seo-wordpress\/ -->\n<title>Laadimisplatvormi seadistamise juhend - Cloudics<\/title>\n<meta name=\"description\" content=\"Siit leiad juhised uue laadija seadistamiseks Cloudicsi platvormil.\" \/>\n<meta name=\"robots\" content=\"index, follow, max-snippet:-1, max-image-preview:large, max-video-preview:-1\" \/>\n<link rel=\"canonical\" href=\"https:\/\/cloudics.com\/et\/laadimisplatvormi-seadistamise-juhend\/\" \/>\n<meta property=\"og:locale\" content=\"et_EE\" \/>\n<meta property=\"og:type\" content=\"article\" \/>\n<meta property=\"og:title\" content=\"Laadimisplatvormi seadistamise juhend - Cloudics\" \/>\n<meta property=\"og:description\" content=\"Siit leiad juhised uue laadija seadistamiseks Cloudicsi platvormil.\" \/>\n<meta property=\"og:url\" content=\"https:\/\/cloudics.com\/et\/laadimisplatvormi-seadistamise-juhend\/\" \/>\n<meta property=\"og:site_name\" content=\"Cloudics\" \/>\n<meta property=\"article:publisher\" content=\"https:\/\/www.facebook.com\/Cloudics\" \/>\n<meta property=\"article:modified_time\" content=\"2026-04-10T13:44:07+00:00\" \/>\n<meta property=\"og:image\" content=\"https:\/\/cloudics.com\/wp-content\/uploads\/2026\/02\/EV-charging-ellips-1015x1024.png\" \/>\n\t<meta property=\"og:image:width\" content=\"1015\" \/>\n\t<meta property=\"og:image:height\" content=\"1024\" \/>\n\t<meta property=\"og:image:type\" content=\"image\/png\" \/>\n<meta name=\"twitter:card\" content=\"summary_large_image\" \/>\n<meta name=\"twitter:site\" content=\"@Cloudics_com\" \/>\n<meta name=\"twitter:label1\" content=\"Est. reading time\" \/>\n\t<meta name=\"twitter:data1\" content=\"2 minutit\" \/>\n<script type=\"application\/ld+json\" class=\"yoast-schema-graph\">{\"@context\":\"https:\\\/\\\/schema.org\",\"@graph\":[{\"@type\":\"WebPage\",\"@id\":\"https:\\\/\\\/cloudics.com\\\/et\\\/laadimisplatvormi-seadistamise-juhend\\\/\",\"url\":\"https:\\\/\\\/cloudics.com\\\/et\\\/laadimisplatvormi-seadistamise-juhend\\\/\",\"name\":\"Laadimisplatvormi seadistamise juhend - Cloudics\",\"isPartOf\":{\"@id\":\"https:\\\/\\\/cloudics.com\\\/en\\\/#website\"},\"primaryImageOfPage\":{\"@id\":\"https:\\\/\\\/cloudics.com\\\/et\\\/laadimisplatvormi-seadistamise-juhend\\\/#primaryimage\"},\"image\":{\"@id\":\"https:\\\/\\\/cloudics.com\\\/et\\\/laadimisplatvormi-seadistamise-juhend\\\/#primaryimage\"},\"thumbnailUrl\":\"https:\\\/\\\/cloudics.com\\\/wp-content\\\/uploads\\\/2026\\\/02\\\/EV-charging-ellips.png\",\"datePublished\":\"2026-03-13T10:26:52+00:00\",\"dateModified\":\"2026-04-10T13:44:07+00:00\",\"description\":\"Siit leiad juhised uue laadija seadistamiseks Cloudicsi platvormil.\",\"inLanguage\":\"et\",\"potentialAction\":[{\"@type\":\"ReadAction\",\"target\":[\"https:\\\/\\\/cloudics.com\\\/et\\\/laadimisplatvormi-seadistamise-juhend\\\/\"]}]},{\"@type\":\"ImageObject\",\"inLanguage\":\"et\",\"@id\":\"https:\\\/\\\/cloudics.com\\\/et\\\/laadimisplatvormi-seadistamise-juhend\\\/#primaryimage\",\"url\":\"https:\\\/\\\/cloudics.com\\\/wp-content\\\/uploads\\\/2026\\\/02\\\/EV-charging-ellips.png\",\"contentUrl\":\"https:\\\/\\\/cloudics.com\\\/wp-content\\\/uploads\\\/2026\\\/02\\\/EV-charging-ellips.png\",\"width\":2500,\"height\":2523,\"caption\":\"Cloudics EV charging platform\"},{\"@type\":\"WebSite\",\"@id\":\"https:\\\/\\\/cloudics.com\\\/en\\\/#website\",\"url\":\"https:\\\/\\\/cloudics.com\\\/en\\\/\",\"name\":\"Cloudics\",\"description\":\"\",\"publisher\":{\"@id\":\"https:\\\/\\\/cloudics.com\\\/en\\\/#organization\"},\"potentialAction\":[{\"@type\":\"SearchAction\",\"target\":{\"@type\":\"EntryPoint\",\"urlTemplate\":\"https:\\\/\\\/cloudics.com\\\/en\\\/?s={search_term_string}\"},\"query-input\":{\"@type\":\"PropertyValueSpecification\",\"valueRequired\":true,\"valueName\":\"search_term_string\"}}],\"inLanguage\":\"et\"},{\"@type\":\"Organization\",\"@id\":\"https:\\\/\\\/cloudics.com\\\/en\\\/#organization\",\"name\":\"Cloudics\",\"url\":\"https:\\\/\\\/cloudics.com\\\/en\\\/\",\"logo\":{\"@type\":\"ImageObject\",\"inLanguage\":\"et\",\"@id\":\"https:\\\/\\\/cloudics.com\\\/en\\\/#\\\/schema\\\/logo\\\/image\\\/\",\"url\":\"https:\\\/\\\/cloudics.com\\\/wp-content\\\/uploads\\\/2022\\\/12\\\/logo_sign_b.png\",\"contentUrl\":\"https:\\\/\\\/cloudics.com\\\/wp-content\\\/uploads\\\/2022\\\/12\\\/logo_sign_b.png\",\"width\":163,\"height\":133,\"caption\":\"Cloudics\"},\"image\":{\"@id\":\"https:\\\/\\\/cloudics.com\\\/en\\\/#\\\/schema\\\/logo\\\/image\\\/\"},\"sameAs\":[\"https:\\\/\\\/www.facebook.com\\\/Cloudics\",\"https:\\\/\\\/x.com\\\/Cloudics_com\",\"https:\\\/\\\/www.linkedin.com\\\/company\\\/cloudics\",\"https:\\\/\\\/www.instagram.com\\\/cloudics_com\"]}]}<\/script>\n<!-- \/ Yoast SEO plugin. -->","yoast_head_json":{"title":"Laadimisplatvormi seadistamise juhend - Cloudics","description":"Siit leiad juhised uue laadija seadistamiseks Cloudicsi platvormil.","robots":{"index":"index","follow":"follow","max-snippet":"max-snippet:-1","max-image-preview":"max-image-preview:large","max-video-preview":"max-video-preview:-1"},"canonical":"https:\/\/cloudics.com\/et\/laadimisplatvormi-seadistamise-juhend\/","og_locale":"et_EE","og_type":"article","og_title":"Laadimisplatvormi seadistamise juhend - Cloudics","og_description":"Siit leiad juhised uue laadija seadistamiseks Cloudicsi platvormil.","og_url":"https:\/\/cloudics.com\/et\/laadimisplatvormi-seadistamise-juhend\/","og_site_name":"Cloudics","article_publisher":"https:\/\/www.facebook.com\/Cloudics","article_modified_time":"2026-04-10T13:44:07+00:00","og_image":[{"width":1015,"height":1024,"url":"https:\/\/cloudics.com\/wp-content\/uploads\/2026\/02\/EV-charging-ellips-1015x1024.png","type":"image\/png"}],"twitter_card":"summary_large_image","twitter_site":"@Cloudics_com","twitter_misc":{"Est. reading time":"2 minutit"},"schema":{"@context":"https:\/\/schema.org","@graph":[{"@type":"WebPage","@id":"https:\/\/cloudics.com\/et\/laadimisplatvormi-seadistamise-juhend\/","url":"https:\/\/cloudics.com\/et\/laadimisplatvormi-seadistamise-juhend\/","name":"Laadimisplatvormi seadistamise juhend - Cloudics","isPartOf":{"@id":"https:\/\/cloudics.com\/en\/#website"},"primaryImageOfPage":{"@id":"https:\/\/cloudics.com\/et\/laadimisplatvormi-seadistamise-juhend\/#primaryimage"},"image":{"@id":"https:\/\/cloudics.com\/et\/laadimisplatvormi-seadistamise-juhend\/#primaryimage"},"thumbnailUrl":"https:\/\/cloudics.com\/wp-content\/uploads\/2026\/02\/EV-charging-ellips.png","datePublished":"2026-03-13T10:26:52+00:00","dateModified":"2026-04-10T13:44:07+00:00","description":"Siit leiad juhised uue laadija seadistamiseks Cloudicsi platvormil.","inLanguage":"et","potentialAction":[{"@type":"ReadAction","target":["https:\/\/cloudics.com\/et\/laadimisplatvormi-seadistamise-juhend\/"]}]},{"@type":"ImageObject","inLanguage":"et","@id":"https:\/\/cloudics.com\/et\/laadimisplatvormi-seadistamise-juhend\/#primaryimage","url":"https:\/\/cloudics.com\/wp-content\/uploads\/2026\/02\/EV-charging-ellips.png","contentUrl":"https:\/\/cloudics.com\/wp-content\/uploads\/2026\/02\/EV-charging-ellips.png","width":2500,"height":2523,"caption":"Cloudics EV charging platform"},{"@type":"WebSite","@id":"https:\/\/cloudics.com\/en\/#website","url":"https:\/\/cloudics.com\/en\/","name":"Cloudics","description":"","publisher":{"@id":"https:\/\/cloudics.com\/en\/#organization"},"potentialAction":[{"@type":"SearchAction","target":{"@type":"EntryPoint","urlTemplate":"https:\/\/cloudics.com\/en\/?s={search_term_string}"},"query-input":{"@type":"PropertyValueSpecification","valueRequired":true,"valueName":"search_term_string"}}],"inLanguage":"et"},{"@type":"Organization","@id":"https:\/\/cloudics.com\/en\/#organization","name":"Cloudics","url":"https:\/\/cloudics.com\/en\/","logo":{"@type":"ImageObject","inLanguage":"et","@id":"https:\/\/cloudics.com\/en\/#\/schema\/logo\/image\/","url":"https:\/\/cloudics.com\/wp-content\/uploads\/2022\/12\/logo_sign_b.png","contentUrl":"https:\/\/cloudics.com\/wp-content\/uploads\/2022\/12\/logo_sign_b.png","width":163,"height":133,"caption":"Cloudics"},"image":{"@id":"https:\/\/cloudics.com\/en\/#\/schema\/logo\/image\/"},"sameAs":["https:\/\/www.facebook.com\/Cloudics","https:\/\/x.com\/Cloudics_com","https:\/\/www.linkedin.com\/company\/cloudics","https:\/\/www.instagram.com\/cloudics_com"]}]}},"_links":{"self":[{"href":"https:\/\/cloudics.com\/et\/wp-json\/wp\/v2\/pages\/27380","targetHints":{"allow":["GET"]}}],"collection":[{"href":"https:\/\/cloudics.com\/et\/wp-json\/wp\/v2\/pages"}],"about":[{"href":"https:\/\/cloudics.com\/et\/wp-json\/wp\/v2\/types\/page"}],"author":[{"embeddable":true,"href":"https:\/\/cloudics.com\/et\/wp-json\/wp\/v2\/users\/18"}],"replies":[{"embeddable":true,"href":"https:\/\/cloudics.com\/et\/wp-json\/wp\/v2\/comments?post=27380"}],"version-history":[{"count":94,"href":"https:\/\/cloudics.com\/et\/wp-json\/wp\/v2\/pages\/27380\/revisions"}],"predecessor-version":[{"id":27585,"href":"https:\/\/cloudics.com\/et\/wp-json\/wp\/v2\/pages\/27380\/revisions\/27585"}],"wp:featuredmedia":[{"embeddable":true,"href":"https:\/\/cloudics.com\/et\/wp-json\/wp\/v2\/media\/27382"}],"wp:attachment":[{"href":"https:\/\/cloudics.com\/et\/wp-json\/wp\/v2\/media?parent=27380"}],"curies":[{"name":"wp","href":"https:\/\/api.w.org\/{rel}","templated":true}]}}