{"id":10477,"date":"2022-11-02T16:40:08","date_gmt":"2022-11-02T13:40:08","guid":{"rendered":"https:\/\/cloudics.com\/?page_id=10477"},"modified":"2025-08-18T11:18:40","modified_gmt":"2025-08-18T08:18:40","slug":"seguridad-de-la-cuenta","status":"publish","type":"page","link":"https:\/\/cloudics.com\/fr\/seguridad-de-la-cuenta\/","title":{"rendered":"S\u00e9curit\u00e9 du compte"},"content":{"rendered":"\n<div id=\"general_info\" class=\"wp-block-group wrap\"><div class=\"wp-block-group__inner-container is-layout-flow wp-block-group-is-layout-flow\">\n<h2 class=\"wp-block-heading druk\">SE D\u00c9CONNECTER DE VOTRE COMPTE SUR TOUS LES APPAREILS<\/h2>\n\n\n\n<p>Cette fonction vous permet de vous d\u00e9connecter sur tous les appareils en m\u00eame temps, bloquant ainsi toutes nouvelles transactions Cloudics. La d\u00e9connexion permet qu&rsquo;aucune autre personne puisse utiliser votre compte, mais une fois que vous vous reconnectez, vous pouvez continuer \u00e0 utiliser Cloudics.<br><br>Vous recevrez un e-mail avec d&rsquo;autres instructions&nbsp;!<\/p>\n\n\n\n<p><\/p>\n\n\n\n<div id=\"logout_form\" class=\"form-group\">\n            <label for=\"accountBlockEmail\">Adresse e-mail<\/label>\n            <p><input type=\"email\" class=\"form-control\" id=\"accountBlockEmail\" placeholder=\"Entrez une adresse e-mail\"><\/p>\n\n<button type=\"submit\" id=\"email-submit\">Envoyer<\/button>\n            <p id=\"error-text\"><\/p>\n            <p id=\"success-text\"><\/p>\n<\/div>\n\n\n\n<script>\r\njQuery(document).on(\"click\", \"#email-submit\", function(e) {\r\n  e.preventDefault();\r\n  \r\n  var email = jQuery(\"#accountBlockEmail\").val(),\r\n      error = jQuery('#error-text'),\r\n      success = jQuery('#success-text');\r\n  \r\n  error.hide();\r\n  success.hide();\r\n  \r\n  if(email.length < 6 || !email.includes('@') || !email.includes('.')) {\r\n    error.text('Please enter a valid email!');\r\n    error.show();\r\n  } else {\r\n    jQuery.post({\r\n      url: \"https:\/\/cloudics.com\/wp-content\/themes\/CloudicsTheme\/js\/libs\/app.php\",\r\n      data: {\r\n        email : email,\r\n      },\r\n      success: function(data) {\r\n        console.log(data);\r\n        if(!data.error) {\r\n          success.text('Email successfully sent! Please follow instructions received in your email!');\r\n          success.show();\r\n        } else {\r\n          error.text('Unable to send the email! Please try again later!');\r\n          error.show();\r\n        }\r\n      },\r\n      dataType: \"json\"\r\n    });\r\n  }\r\n});\r\n<\/script>\n<\/div><\/div>\n","protected":false},"excerpt":{"rendered":"<p>SE D\u00c9CONNECTER DE VOTRE COMPTE SUR TOUS LES APPAREILS Cette fonction vous permet de vous d\u00e9connecter sur tous les appareils en m\u00eame temps, bloquant ainsi toutes nouvelles transactions Cloudics. La d\u00e9connexion permet qu&rsquo;aucune autre personne puisse utiliser votre compte, mais une fois que vous vous reconnectez, vous pouvez continuer \u00e0 utiliser Cloudics. Vous recevrez un [&hellip;]<\/p>\n","protected":false},"author":1,"featured_media":0,"parent":0,"menu_order":0,"comment_status":"closed","ping_status":"closed","template":"template_b2c.php","meta":{"footnotes":""},"class_list":["post-10477","page","type-page","status-publish","hentry"],"yoast_head":"<!-- This site is optimized with the Yoast SEO plugin v27.4 - https:\/\/yoast.com\/product\/yoast-seo-wordpress\/ -->\n<title>S\u00e9curit\u00e9 du compte - Cloudics<\/title>\n<meta name=\"description\" content=\"Cette fonction vous permet de vous d\u00e9connecter sur tous les appareils en m\u00eame temps, bloquant ainsi toutes nouvelles transactions Cloudics.\" \/>\n<meta name=\"robots\" content=\"index, follow, max-snippet:-1, max-image-preview:large, max-video-preview:-1\" \/>\n<link rel=\"canonical\" href=\"https:\/\/cloudics.com\/fr\/seguridad-de-la-cuenta\/\" \/>\n<meta property=\"og:locale\" content=\"fr_FR\" \/>\n<meta property=\"og:type\" content=\"article\" \/>\n<meta property=\"og:title\" content=\"S\u00e9curit\u00e9 du compte - Cloudics\" \/>\n<meta property=\"og:description\" content=\"Cette fonction vous permet de vous d\u00e9connecter sur tous les appareils en m\u00eame temps, bloquant ainsi toutes nouvelles transactions Cloudics.\" \/>\n<meta property=\"og:url\" content=\"https:\/\/cloudics.com\/fr\/seguridad-de-la-cuenta\/\" \/>\n<meta property=\"og:site_name\" content=\"Cloudics\" \/>\n<meta property=\"article:publisher\" content=\"https:\/\/www.facebook.com\/Cloudics\" \/>\n<meta property=\"article:modified_time\" content=\"2025-08-18T08:18:40+00:00\" \/>\n<meta name=\"twitter:card\" content=\"summary_large_image\" \/>\n<meta name=\"twitter:site\" content=\"@Cloudics_com\" \/>\n<meta name=\"twitter:label1\" content=\"Dur\u00e9e de lecture estim\u00e9e\" \/>\n\t<meta name=\"twitter:data1\" content=\"1 minute\" \/>\n<script type=\"application\/ld+json\" class=\"yoast-schema-graph\">{\"@context\":\"https:\\\/\\\/schema.org\",\"@graph\":[{\"@type\":\"WebPage\",\"@id\":\"https:\\\/\\\/cloudics.com\\\/fr\\\/seguridad-de-la-cuenta\\\/\",\"url\":\"https:\\\/\\\/cloudics.com\\\/fr\\\/seguridad-de-la-cuenta\\\/\",\"name\":\"S\u00e9curit\u00e9 du compte - Cloudics\",\"isPartOf\":{\"@id\":\"https:\\\/\\\/cloudics.com\\\/en\\\/#website\"},\"datePublished\":\"2022-11-02T13:40:08+00:00\",\"dateModified\":\"2025-08-18T08:18:40+00:00\",\"description\":\"Cette fonction vous permet de vous d\u00e9connecter sur tous les appareils en m\u00eame temps, bloquant ainsi toutes nouvelles transactions Cloudics.\",\"inLanguage\":\"fr-FR\",\"potentialAction\":[{\"@type\":\"ReadAction\",\"target\":[\"https:\\\/\\\/cloudics.com\\\/fr\\\/seguridad-de-la-cuenta\\\/\"]}]},{\"@type\":\"WebSite\",\"@id\":\"https:\\\/\\\/cloudics.com\\\/en\\\/#website\",\"url\":\"https:\\\/\\\/cloudics.com\\\/en\\\/\",\"name\":\"Cloudics\",\"description\":\"\",\"publisher\":{\"@id\":\"https:\\\/\\\/cloudics.com\\\/en\\\/#organization\"},\"potentialAction\":[{\"@type\":\"SearchAction\",\"target\":{\"@type\":\"EntryPoint\",\"urlTemplate\":\"https:\\\/\\\/cloudics.com\\\/en\\\/?s={search_term_string}\"},\"query-input\":{\"@type\":\"PropertyValueSpecification\",\"valueRequired\":true,\"valueName\":\"search_term_string\"}}],\"inLanguage\":\"fr-FR\"},{\"@type\":\"Organization\",\"@id\":\"https:\\\/\\\/cloudics.com\\\/en\\\/#organization\",\"name\":\"Cloudics\",\"url\":\"https:\\\/\\\/cloudics.com\\\/en\\\/\",\"logo\":{\"@type\":\"ImageObject\",\"inLanguage\":\"fr-FR\",\"@id\":\"https:\\\/\\\/cloudics.com\\\/en\\\/#\\\/schema\\\/logo\\\/image\\\/\",\"url\":\"https:\\\/\\\/cloudics.com\\\/wp-content\\\/uploads\\\/2022\\\/12\\\/logo_sign_b.png\",\"contentUrl\":\"https:\\\/\\\/cloudics.com\\\/wp-content\\\/uploads\\\/2022\\\/12\\\/logo_sign_b.png\",\"width\":163,\"height\":133,\"caption\":\"Cloudics\"},\"image\":{\"@id\":\"https:\\\/\\\/cloudics.com\\\/en\\\/#\\\/schema\\\/logo\\\/image\\\/\"},\"sameAs\":[\"https:\\\/\\\/www.facebook.com\\\/Cloudics\",\"https:\\\/\\\/x.com\\\/Cloudics_com\",\"https:\\\/\\\/www.linkedin.com\\\/company\\\/cloudics\",\"https:\\\/\\\/www.instagram.com\\\/cloudics_com\"]}]}<\/script>\n<!-- \/ Yoast SEO plugin. -->","yoast_head_json":{"title":"S\u00e9curit\u00e9 du compte - Cloudics","description":"Cette fonction vous permet de vous d\u00e9connecter sur tous les appareils en m\u00eame temps, bloquant ainsi toutes nouvelles transactions Cloudics.","robots":{"index":"index","follow":"follow","max-snippet":"max-snippet:-1","max-image-preview":"max-image-preview:large","max-video-preview":"max-video-preview:-1"},"canonical":"https:\/\/cloudics.com\/fr\/seguridad-de-la-cuenta\/","og_locale":"fr_FR","og_type":"article","og_title":"S\u00e9curit\u00e9 du compte - Cloudics","og_description":"Cette fonction vous permet de vous d\u00e9connecter sur tous les appareils en m\u00eame temps, bloquant ainsi toutes nouvelles transactions Cloudics.","og_url":"https:\/\/cloudics.com\/fr\/seguridad-de-la-cuenta\/","og_site_name":"Cloudics","article_publisher":"https:\/\/www.facebook.com\/Cloudics","article_modified_time":"2025-08-18T08:18:40+00:00","twitter_card":"summary_large_image","twitter_site":"@Cloudics_com","twitter_misc":{"Dur\u00e9e de lecture estim\u00e9e":"1 minute"},"schema":{"@context":"https:\/\/schema.org","@graph":[{"@type":"WebPage","@id":"https:\/\/cloudics.com\/fr\/seguridad-de-la-cuenta\/","url":"https:\/\/cloudics.com\/fr\/seguridad-de-la-cuenta\/","name":"S\u00e9curit\u00e9 du compte - Cloudics","isPartOf":{"@id":"https:\/\/cloudics.com\/en\/#website"},"datePublished":"2022-11-02T13:40:08+00:00","dateModified":"2025-08-18T08:18:40+00:00","description":"Cette fonction vous permet de vous d\u00e9connecter sur tous les appareils en m\u00eame temps, bloquant ainsi toutes nouvelles transactions Cloudics.","inLanguage":"fr-FR","potentialAction":[{"@type":"ReadAction","target":["https:\/\/cloudics.com\/fr\/seguridad-de-la-cuenta\/"]}]},{"@type":"WebSite","@id":"https:\/\/cloudics.com\/en\/#website","url":"https:\/\/cloudics.com\/en\/","name":"Cloudics","description":"","publisher":{"@id":"https:\/\/cloudics.com\/en\/#organization"},"potentialAction":[{"@type":"SearchAction","target":{"@type":"EntryPoint","urlTemplate":"https:\/\/cloudics.com\/en\/?s={search_term_string}"},"query-input":{"@type":"PropertyValueSpecification","valueRequired":true,"valueName":"search_term_string"}}],"inLanguage":"fr-FR"},{"@type":"Organization","@id":"https:\/\/cloudics.com\/en\/#organization","name":"Cloudics","url":"https:\/\/cloudics.com\/en\/","logo":{"@type":"ImageObject","inLanguage":"fr-FR","@id":"https:\/\/cloudics.com\/en\/#\/schema\/logo\/image\/","url":"https:\/\/cloudics.com\/wp-content\/uploads\/2022\/12\/logo_sign_b.png","contentUrl":"https:\/\/cloudics.com\/wp-content\/uploads\/2022\/12\/logo_sign_b.png","width":163,"height":133,"caption":"Cloudics"},"image":{"@id":"https:\/\/cloudics.com\/en\/#\/schema\/logo\/image\/"},"sameAs":["https:\/\/www.facebook.com\/Cloudics","https:\/\/x.com\/Cloudics_com","https:\/\/www.linkedin.com\/company\/cloudics","https:\/\/www.instagram.com\/cloudics_com"]}]}},"_links":{"self":[{"href":"https:\/\/cloudics.com\/fr\/wp-json\/wp\/v2\/pages\/10477","targetHints":{"allow":["GET"]}}],"collection":[{"href":"https:\/\/cloudics.com\/fr\/wp-json\/wp\/v2\/pages"}],"about":[{"href":"https:\/\/cloudics.com\/fr\/wp-json\/wp\/v2\/types\/page"}],"author":[{"embeddable":true,"href":"https:\/\/cloudics.com\/fr\/wp-json\/wp\/v2\/users\/1"}],"replies":[{"embeddable":true,"href":"https:\/\/cloudics.com\/fr\/wp-json\/wp\/v2\/comments?post=10477"}],"version-history":[{"count":10,"href":"https:\/\/cloudics.com\/fr\/wp-json\/wp\/v2\/pages\/10477\/revisions"}],"predecessor-version":[{"id":25617,"href":"https:\/\/cloudics.com\/fr\/wp-json\/wp\/v2\/pages\/10477\/revisions\/25617"}],"wp:attachment":[{"href":"https:\/\/cloudics.com\/fr\/wp-json\/wp\/v2\/media?parent=10477"}],"curies":[{"name":"wp","href":"https:\/\/api.w.org\/{rel}","templated":true}]}}