{"id":10523,"date":"2022-11-02T16:46:36","date_gmt":"2022-11-02T13:46:36","guid":{"rendered":"https:\/\/cloudics.com\/?page_id=10523"},"modified":"2025-08-14T15:03:00","modified_gmt":"2025-08-14T12:03:00","slug":"politique-de-confidentialite","status":"publish","type":"page","link":"https:\/\/cloudics.com\/fr\/politique-de-confidentialite\/","title":{"rendered":"Politique de confidentialit\u00e9"},"content":{"rendered":"\n<div id=\"general_info\" class=\"wp-block-group wrap\"><div class=\"wp-block-group__inner-container is-layout-flow wp-block-group-is-layout-flow\">\n<h2 class=\"wp-block-heading has-text-align-center druk has-black-color has-text-color has-link-color wp-elements-4f340cb421538c10bd8bd98f49340993\">POLITIQUE DE CONFIDENTIALIT\u00c9 DE L\u2019APPLICATION CLOUDICS<\/h2>\n\n\n\n<p>Bienvenue sur l\u2019application Cloudics&nbsp;!<\/p>\n\n\n\n<p>La Politique de confidentialit\u00e9 suivante est appliqu\u00e9e lorsque vous utilisez l&rsquo;Application Cloudics et\/ou visitez notre site Web&nbsp;<a href=\"https:\/\/cloudics.com\/fr\/\" target=\"_blank\" rel=\"noreferrer noopener\">https:\/\/cloudics.com<\/a>&nbsp;(\u00ab&nbsp;Site Web&nbsp;\u00bb). Le responsable du traitement de vos donn\u00e9es \u00e0 caract\u00e8re personnel est Astro Baltics O\u00dc (\u00ab&nbsp;Astro Baltics&nbsp;\u00bb ou \u00ab&nbsp;nous&nbsp;\u00bb), num\u00e9ro d&rsquo;immatriculation 10386779, adresse l\u00e9gale Raatuse&nbsp;20, Ville de Tartu, Comt\u00e9 de Tartu, 51009. La Pr\u00e9sente politique de confidentialit\u00e9 vise \u00e0 expliquer comment nous traitons (collectons et utilisons) les donn\u00e9es \u00e0 caract\u00e8re personnel par le biais de l&rsquo;application mobile et de notre site Web. Veuillez \u00e9galement lire la Politique de confidentialit\u00e9 g\u00e9n\u00e9rale d&rsquo;Astro Baltics.<\/p>\n\n\n\n<p>Votre vie priv\u00e9e est tr\u00e8s importante pour nous et c&rsquo;est pourquoi nous avons fourni ici toutes les informations concernant vos donn\u00e9es \u00e0 caract\u00e8re personnel. Nous traitons les donn\u00e9es \u00e0 caract\u00e8re personnel conform\u00e9ment \u00e0 la l\u00e9gislation applicable, y compris le R\u00e8glement g\u00e9n\u00e9ral sur la protection des donn\u00e9es. Dans les domaines non r\u00e9glement\u00e9s par la Pr\u00e9sente politique de confidentialit\u00e9, la l\u00e9gislation applicable sera appliqu\u00e9e.<\/p>\n\n\n\n<div style=\"height:20px\" aria-hidden=\"true\" class=\"wp-block-spacer\"><\/div>\n\n\n<div class=\"su-accordion su-u-trim\">\n\n\n<div class=\"su-spoiler su-spoiler-style-default su-spoiler-icon-chevron\" data-scroll-offset=\"0\" data-anchor-in-url=\"no\"><div class=\"su-spoiler-title\" tabindex=\"0\" role=\"button\"><span class=\"su-spoiler-icon\"><\/span>Que collectons-nous ?<\/div><div class=\"su-spoiler-content su-u-clearfix su-u-trim\">\n\n\n\n<div class=\"wp-block-group\"><div class=\"wp-block-group__inner-container is-layout-constrained wp-block-group-is-layout-constrained\">\n<p>Nous recueillons des donn\u00e9es \u00e0 caract\u00e8re personnel vous concernant lorsque vous cr\u00e9ez un compte utilisateur pour utiliser l&rsquo;Application Cloudics. En fonction de l&rsquo;accord de coop\u00e9ration qu&rsquo;Astro Baltics a conclu avec un fournisseur de services particulier, nous pouvons collecter et stocker les donn\u00e9es suivantes&nbsp;:<\/p>\n\n\n\n<ul class=\"wp-block-list\">\n<li>nom&nbsp;;<\/li>\n\n\n\n<li>date de naissance&nbsp;;<\/li>\n\n\n\n<li>coordonn\u00e9es (telles que l&rsquo;adresse e-mail, le num\u00e9ro de t\u00e9l\u00e9phone, l&rsquo;adresse postale)&nbsp;;<\/li>\n\n\n\n<li>informations sur votre appareil (type d&rsquo;appareil utilis\u00e9)&nbsp;;<\/li>\n\n\n\n<li>informations sur votre v\u00e9hicule (possibilit\u00e9 d&rsquo;utilisation dans l&rsquo;application pour faire le plein afin d&rsquo;identifier la plaque d&rsquo;immatriculation)&nbsp;;<\/li>\n\n\n\n<li>emplacement (possibilit\u00e9 d&rsquo;utilisation dans l&rsquo;application pour faire le plein)&nbsp;;<\/li>\n\n\n\n<li>avis et commentaires que vous avez fournis (par e-mail, t\u00e9l\u00e9phone, Application Cloudics, r\u00e9seaux sociaux ou tout autre canal, y compris vos commentaires sur l&rsquo;Application Cloudics).<\/li>\n<\/ul>\n\n\n\n<p>Nous recueillons \u00e9galement des donn\u00e9es lorsque vous utilisez l&rsquo;Application Cloudics. Nous recueillons en particulier des informations sur les transactions effectu\u00e9es via l&rsquo;application Cloudics.<\/p>\n\n\n\n<p>Veuillez noter que les informations relatives \u00e0 votre carte bancaire (donn\u00e9es de paiement sensibles) ne sont pas stock\u00e9es sur les serveurs de l&rsquo;Application Cloudics. Les informations relatives aux cartes bancaires sont envoy\u00e9es directement au prestataire de services de paiement de votre pays (par exemple, selon la r\u00e9gion, EveryPay, SIX Payment Services).<\/p>\n<\/div><\/div>\n\n\n<\/div><\/div>\n\n\n<div class=\"su-spoiler su-spoiler-style-default su-spoiler-icon-chevron su-spoiler-closed\" data-scroll-offset=\"0\" data-anchor-in-url=\"no\"><div class=\"su-spoiler-title\" tabindex=\"0\" role=\"button\"><span class=\"su-spoiler-icon\"><\/span>Que faisons-nous des donn\u00e9es que nous collectons ?<\/div><div class=\"su-spoiler-content su-u-clearfix su-u-trim\">\n\n\n\n<div class=\"wp-block-group\"><div class=\"wp-block-group__inner-container is-layout-constrained wp-block-group-is-layout-constrained\">\n<p>Vos donn\u00e9es \u00e0 caract\u00e8re personnel seront trait\u00e9es pour vous fournir une solution de paiement facile d&rsquo;utilisation et sans erreur. Si des donn\u00e9es \u00e0 caract\u00e8re personnel ne sont pas fournies, il n&rsquo;est pas possible d&rsquo;utiliser le service de l&rsquo;Application Cloudics (sauf lorsque des donn\u00e9es \u00e0 caract\u00e8re personnel sont trait\u00e9es sur la base de votre consentement).<\/p>\n\n\n\n<p>Nous traitons vos donn\u00e9es \u00e0 caract\u00e8re personnel principalement pour la pr\u00e9paration, la conclusion et l&rsquo;ex\u00e9cution des accords, mais aussi pour la r\u00e9solution d&rsquo;\u00e9ventuels litiges d\u00e9coulant de ces accords. Vous pouvez \u00e9galement conclure des accords avec des tiers (contrats de vente, contrats de service de messagerie) par le biais de l&rsquo;Application Cloudics. Des donn\u00e9es sont \u00e9galement collect\u00e9es via l&rsquo;Application Cloudics pour la conclusion de ces accords.<\/p>\n\n\n\n<p>Nous pouvons traiter vos donn\u00e9es \u00e0 caract\u00e8re personnel sur la base de votre consentement. Par exemple, dans l&rsquo;application pour faire le plein, il est possible de consentir au positionnement de votre appareil afin d&rsquo;identifier facilement votre emplacement \u00e0 la station-service. Avec votre consentement, il est \u00e9galement possible d&rsquo;utiliser des informations sur votre v\u00e9hicule et d&rsquo;identifier la plaque d&rsquo;immatriculation du v\u00e9hicule \u00e0 la station-service. Nous pouvons \u00e9galement traiter vos donn\u00e9es \u00e0 caract\u00e8re personnel dans d&rsquo;autres cas sur la base de votre consentement. Le but du traitement sera pr\u00e9cis\u00e9 au cours du processus de consentement. Tout consentement donn\u00e9 pour le traitement est volontaire et vous avez le droit de retirer votre consentement \u00e0 tout moment. Le retrait de votre consentement n&rsquo;affecte pas la lic\u00e9it\u00e9 du traitement bas\u00e9 sur votre consentement avant son retrait.<\/p>\n\n\n\n<p>Nous traitons vos donn\u00e9es \u00e0 caract\u00e8re personnel dans le but de nous conformer aux obligations l\u00e9gales. Ces obligations d\u00e9coulent principalement du R\u00e8glement g\u00e9n\u00e9ral sur la protection des donn\u00e9es, de la Loi sur la protection des donn\u00e9es \u00e0 caract\u00e8re personnel, de la Loi sur le droit des obligations et d&rsquo;autres lois applicables. Par exemple, Astro Baltics a l&rsquo;obligation de se conformer aux r\u00e8gles de d\u00e9claration et de comptabilit\u00e9 fiscales, et doit traiter et utiliser vos donn\u00e9es \u00e0 caract\u00e8re personnel pour se conformer \u00e0 ces r\u00e8gles. Cela peut inclure le transfert de vos donn\u00e9es \u00e0 caract\u00e8re personnel aux autorit\u00e9s fiscales et \u00e0 d&rsquo;autres autorit\u00e9s, ainsi qu&rsquo;\u00e0 un auditeur.<\/p>\n\n\n\n<p>Nous traitons vos donn\u00e9es \u00e0 caract\u00e8re personnel pour les int\u00e9r\u00eats l\u00e9gitimes d&rsquo;Astro Baltics, y compris les int\u00e9r\u00eats commerciaux et les int\u00e9r\u00eats de s\u00e9curit\u00e9 (d\u00e9tection et pr\u00e9vention des fraudes, pr\u00e9vention des logiciels malveillants). Nous pouvons \u00e9galement utiliser les donn\u00e9es collect\u00e9es pour personnaliser le site Web et l&rsquo;Application mobile de Cloudics en fonction de vos commentaires.<\/p>\n<\/div><\/div>\n\n\n<\/div><\/div>\n\n\n<div class=\"su-spoiler su-spoiler-style-default su-spoiler-icon-chevron su-spoiler-closed\" data-scroll-offset=\"0\" data-anchor-in-url=\"no\"><div class=\"su-spoiler-title\" tabindex=\"0\" role=\"button\"><span class=\"su-spoiler-icon\"><\/span>Confidentialit\u00e9 et s\u00e9curit\u00e9<\/div><div class=\"su-spoiler-content su-u-clearfix su-u-trim\">\n\n\n\n<div class=\"wp-block-group\"><div class=\"wp-block-group__inner-container is-layout-constrained wp-block-group-is-layout-constrained\">\n<p>Nous utilisons des mesures techniques et organisationnelles pour prot\u00e9ger les donn\u00e9es \u00e0 caract\u00e8re personnel que nous recevons contre la perte, l&rsquo;utilisation abusive et l&rsquo;alt\u00e9ration non autoris\u00e9e, et pour assurer la confidentialit\u00e9 des donn\u00e9es. Nous r\u00e9visons r\u00e9guli\u00e8rement nos proc\u00e9dures de s\u00e9curit\u00e9 et envisageons d&rsquo;introduire de nouvelles technologies et m\u00e9thodes de s\u00e9curit\u00e9 plus appropri\u00e9es. Nous utilisons une technologie moderne de cryptage des donn\u00e9es pour transmettre les donn\u00e9es utilis\u00e9es sur les pages de connexion. Pour les p\u00e9riodes de conservation des donn\u00e9es \u00e0 caract\u00e8re personnel, veuillez consulter la Politique de confidentialit\u00e9 g\u00e9n\u00e9rale d&rsquo;Astro Baltics.<\/p>\n\n\n\n<p>Astro Baltics peut divulguer des donn\u00e9es \u00e0 caract\u00e8re personnel aux sous-traitants et aux responsables du traitement des donn\u00e9es qui ont besoin d&rsquo;y acc\u00e9der afin de fournir des services \u00e0 Astro Baltics. Nous ne transf\u00e9rerons vos donn\u00e9es \u00e0 caract\u00e8re personnel que dans la mesure et sous la forme n\u00e9cessaires pour atteindre les objectifs \u00e9num\u00e9r\u00e9s dans la Politique de confidentialit\u00e9, y compris la pr\u00e9paration et l&rsquo;ex\u00e9cution des accords conclus avec vous. \u00c0 cette fin, nous pouvons transf\u00e9rer vos donn\u00e9es \u00e0 caract\u00e8re personnel aux Commer\u00e7ants avec lesquels vous concluez des accords via l&rsquo;Application (voir les Conditions d&rsquo;utilisation).<\/p>\n<\/div><\/div>\n\n\n<\/div><\/div>\n\n\n<div class=\"su-spoiler su-spoiler-style-default su-spoiler-icon-chevron su-spoiler-closed\" data-scroll-offset=\"0\" data-anchor-in-url=\"no\"><div class=\"su-spoiler-title\" tabindex=\"0\" role=\"button\"><span class=\"su-spoiler-icon\"><\/span>Vos droits en mati\u00e8re de traitement des donn\u00e9es \u00e0 caract\u00e8re personnel<\/div><div class=\"su-spoiler-content su-u-clearfix su-u-trim\">\n\n\n\n<p>Vous avez le droit d&rsquo;\u00eatre inform\u00e9 sur le traitement des donn\u00e9es \u00e0 caract\u00e8re personnel vous concernant, les finalit\u00e9s de l&rsquo;utilisation de ces donn\u00e9es, ainsi que les cat\u00e9gories et sources des donn\u00e9es. Vous avez \u00e9galement le droit de recevoir des copies et des extraits des donn\u00e9es \u00e0 caract\u00e8re personnel trait\u00e9es. Vous avez le droit de demander que les donn\u00e9es soient corrig\u00e9es ou compl\u00e9t\u00e9es s&rsquo;il appara\u00eet que les donn\u00e9es \u00e0 caract\u00e8re personnel trait\u00e9es sont incorrectes ou incompl\u00e8tes. Le cas \u00e9ch\u00e9ant, vous avez le droit de demander une restriction du traitement des donn\u00e9es \u00e0 caract\u00e8re personnel ou de vous opposer au traitement des donn\u00e9es \u00e0 caract\u00e8re personnel. Vous avez le droit de demander le transfert des donn\u00e9es \u00e0 caract\u00e8re personnel trait\u00e9es. Vous avez le droit de demander la suppression des donn\u00e9es, sauf si le droit et l&rsquo;obligation de traiter ces donn\u00e9es d\u00e9coulent de la l\u00e9gislation. Veuillez noter que la r\u00e9siliation du traitement des donn\u00e9es \u00e0 caract\u00e8re personnel peut vous emp\u00eacher d&rsquo;utiliser nos services.<\/p>\n\n\n\n<p>Pour plus d&rsquo;informations sur les droits des personnes concern\u00e9es, veuillez vous reporter \u00e0 la Politique de confidentialit\u00e9 g\u00e9n\u00e9rale d&rsquo;Astro Baltics. Astro Baltics r\u00e9pondra aux objections et demandes dans un d\u00e9lai d&rsquo;au plus un mois.<\/p>\n\n\n\n<p>Nous traiterons vos donn\u00e9es personnelles dans le respect de vos droits et libert\u00e9s. Si vous pensez que vos droits ont \u00e9t\u00e9 viol\u00e9s lors du traitement de vos donn\u00e9es \u00e0 caract\u00e8re personnel ou si vous souhaitez qu&rsquo;Astro Baltics mette fin au traitement de vos donn\u00e9es \u00e0 caract\u00e8re personnel, veuillez nous contacter \u00e0 info@cloudics.eu pour r\u00e9soudre le d\u00e9saccord par le biais de n\u00e9gociations. En cas de litige, vous avez le droit de d\u00e9poser une plainte aupr\u00e8s de l&rsquo;Inspection de la protection des donn\u00e9es (Tatari&nbsp;39, 10134 Tallinn&nbsp;; site Web www.aki.ee) ou d&rsquo;un tribunal.<\/p>\n\n\n<\/div><\/div>\n\n\n<div class=\"su-spoiler su-spoiler-style-default su-spoiler-icon-chevron su-spoiler-closed\" data-scroll-offset=\"0\" data-anchor-in-url=\"no\"><div class=\"su-spoiler-title\" tabindex=\"0\" role=\"button\"><span class=\"su-spoiler-icon\"><\/span>Politiques de confidentialit\u00e9 des tiers<\/div><div class=\"su-spoiler-content su-u-clearfix su-u-trim\">\n\n\n\n<p>Nous ne sommes pas responsables du traitement des donn\u00e9es \u00e0 caract\u00e8re personnel par des tiers ou des politiques de confidentialit\u00e9 de tiers ou de leur contenu. Nous vous encourageons \u00e0 consulter les politiques de confidentialit\u00e9 des tiers (y compris les Commer\u00e7ants, les fournisseurs de services de messagerie, etc.) avant de conclure des accords avec eux pour vous assurer qu&rsquo;ils r\u00e9pondent \u00e0 vos attentes et prot\u00e8gent vos droits.<\/p>\n\n\n<\/div><\/div>\n\n\n<div class=\"su-spoiler su-spoiler-style-default su-spoiler-icon-chevron su-spoiler-closed\" data-scroll-offset=\"0\" data-anchor-in-url=\"no\"><div class=\"su-spoiler-title\" tabindex=\"0\" role=\"button\"><span class=\"su-spoiler-icon\"><\/span>Modifications \u00e0 la Politique de confidentialit\u00e9<\/div><div class=\"su-spoiler-content su-u-clearfix su-u-trim\">\n\n\n\n<p> Nous examinons r\u00e9guli\u00e8rement la Politique de confidentialit\u00e9 et pouvons modifier, ajouter ou supprimer des conditions au besoin. Si nous modifions la Politique de confidentialit\u00e9 d&rsquo;une mani\u00e8re qui affecte consid\u00e9rablement l&rsquo;utilisation de vos donn\u00e9es \u00e0 caract\u00e8re personnel, nous vous en informerons via notre site Web ou l&rsquo;Application Cloudics. Nous vous encourageons \u00e0 consulter p\u00e9riodiquement notre Politique de confidentialit\u00e9 pour vous tenir au courant de tout changement.<\/p>\n\n\n<\/div><\/div>\n\n\n<\/div>\n<\/div><\/div>\n","protected":false},"excerpt":{"rendered":"<p>POLITIQUE DE CONFIDENTIALIT\u00c9 DE L\u2019APPLICATION CLOUDICS Bienvenue sur l\u2019application Cloudics&nbsp;! La Politique de confidentialit\u00e9 suivante est appliqu\u00e9e lorsque vous utilisez l&rsquo;Application Cloudics et\/ou visitez notre site Web&nbsp;https:\/\/cloudics.com&nbsp;(\u00ab&nbsp;Site Web&nbsp;\u00bb). Le responsable du traitement de vos donn\u00e9es \u00e0 caract\u00e8re personnel est Astro Baltics O\u00dc (\u00ab&nbsp;Astro Baltics&nbsp;\u00bb ou \u00ab&nbsp;nous&nbsp;\u00bb), num\u00e9ro d&rsquo;immatriculation 10386779, adresse l\u00e9gale Raatuse&nbsp;20, Ville de Tartu, [&hellip;]<\/p>\n","protected":false},"author":1,"featured_media":0,"parent":0,"menu_order":0,"comment_status":"closed","ping_status":"closed","template":"template_b2c.php","meta":{"footnotes":""},"class_list":["post-10523","page","type-page","status-publish","hentry"],"yoast_head":"<!-- This site is optimized with the Yoast SEO plugin v27.3 - https:\/\/yoast.com\/product\/yoast-seo-wordpress\/ -->\n<title>Politique de confidentialit\u00e9 - Cloudics<\/title>\n<meta name=\"description\" content=\"La Politique de confidentialit\u00e9 suivante est appliqu\u00e9e lorsque vous utilisez l&#039;Application Cloudics et\/ou visitez notre site Web.\" \/>\n<meta name=\"robots\" content=\"index, follow, max-snippet:-1, max-image-preview:large, max-video-preview:-1\" \/>\n<link rel=\"canonical\" href=\"https:\/\/cloudics.com\/fr\/politique-de-confidentialite\/\" \/>\n<meta property=\"og:locale\" content=\"fr_FR\" \/>\n<meta property=\"og:type\" content=\"article\" \/>\n<meta property=\"og:title\" content=\"Politique de confidentialit\u00e9 - Cloudics\" \/>\n<meta property=\"og:description\" content=\"La Politique de confidentialit\u00e9 suivante est appliqu\u00e9e lorsque vous utilisez l&#039;Application Cloudics et\/ou visitez notre site Web.\" \/>\n<meta property=\"og:url\" content=\"https:\/\/cloudics.com\/fr\/politique-de-confidentialite\/\" \/>\n<meta property=\"og:site_name\" content=\"Cloudics\" \/>\n<meta property=\"article:publisher\" content=\"https:\/\/www.facebook.com\/Cloudics\" \/>\n<meta property=\"article:modified_time\" content=\"2025-08-14T12:03:00+00:00\" \/>\n<meta name=\"twitter:card\" content=\"summary_large_image\" \/>\n<meta name=\"twitter:site\" content=\"@Cloudics_com\" \/>\n<meta name=\"twitter:label1\" content=\"Dur\u00e9e de lecture estim\u00e9e\" \/>\n\t<meta name=\"twitter:data1\" content=\"7 minutes\" \/>\n<script type=\"application\/ld+json\" class=\"yoast-schema-graph\">{\"@context\":\"https:\\\/\\\/schema.org\",\"@graph\":[{\"@type\":\"WebPage\",\"@id\":\"https:\\\/\\\/cloudics.com\\\/fr\\\/politique-de-confidentialite\\\/\",\"url\":\"https:\\\/\\\/cloudics.com\\\/fr\\\/politique-de-confidentialite\\\/\",\"name\":\"Politique de confidentialit\u00e9 - Cloudics\",\"isPartOf\":{\"@id\":\"https:\\\/\\\/cloudics.com\\\/en\\\/#website\"},\"datePublished\":\"2022-11-02T13:46:36+00:00\",\"dateModified\":\"2025-08-14T12:03:00+00:00\",\"description\":\"La Politique de confidentialit\u00e9 suivante est appliqu\u00e9e lorsque vous utilisez l'Application Cloudics et\\\/ou visitez notre site Web.\",\"inLanguage\":\"fr-FR\",\"potentialAction\":[{\"@type\":\"ReadAction\",\"target\":[\"https:\\\/\\\/cloudics.com\\\/fr\\\/politique-de-confidentialite\\\/\"]}]},{\"@type\":\"WebSite\",\"@id\":\"https:\\\/\\\/cloudics.com\\\/en\\\/#website\",\"url\":\"https:\\\/\\\/cloudics.com\\\/en\\\/\",\"name\":\"Cloudics\",\"description\":\"\",\"publisher\":{\"@id\":\"https:\\\/\\\/cloudics.com\\\/en\\\/#organization\"},\"potentialAction\":[{\"@type\":\"SearchAction\",\"target\":{\"@type\":\"EntryPoint\",\"urlTemplate\":\"https:\\\/\\\/cloudics.com\\\/en\\\/?s={search_term_string}\"},\"query-input\":{\"@type\":\"PropertyValueSpecification\",\"valueRequired\":true,\"valueName\":\"search_term_string\"}}],\"inLanguage\":\"fr-FR\"},{\"@type\":\"Organization\",\"@id\":\"https:\\\/\\\/cloudics.com\\\/en\\\/#organization\",\"name\":\"Cloudics\",\"url\":\"https:\\\/\\\/cloudics.com\\\/en\\\/\",\"logo\":{\"@type\":\"ImageObject\",\"inLanguage\":\"fr-FR\",\"@id\":\"https:\\\/\\\/cloudics.com\\\/en\\\/#\\\/schema\\\/logo\\\/image\\\/\",\"url\":\"https:\\\/\\\/cloudics.com\\\/wp-content\\\/uploads\\\/2022\\\/12\\\/logo_sign_b.png\",\"contentUrl\":\"https:\\\/\\\/cloudics.com\\\/wp-content\\\/uploads\\\/2022\\\/12\\\/logo_sign_b.png\",\"width\":163,\"height\":133,\"caption\":\"Cloudics\"},\"image\":{\"@id\":\"https:\\\/\\\/cloudics.com\\\/en\\\/#\\\/schema\\\/logo\\\/image\\\/\"},\"sameAs\":[\"https:\\\/\\\/www.facebook.com\\\/Cloudics\",\"https:\\\/\\\/x.com\\\/Cloudics_com\",\"https:\\\/\\\/www.linkedin.com\\\/company\\\/cloudics\",\"https:\\\/\\\/www.instagram.com\\\/cloudics_com\"]}]}<\/script>\n<!-- \/ Yoast SEO plugin. -->","yoast_head_json":{"title":"Politique de confidentialit\u00e9 - Cloudics","description":"La Politique de confidentialit\u00e9 suivante est appliqu\u00e9e lorsque vous utilisez l'Application Cloudics et\/ou visitez notre site Web.","robots":{"index":"index","follow":"follow","max-snippet":"max-snippet:-1","max-image-preview":"max-image-preview:large","max-video-preview":"max-video-preview:-1"},"canonical":"https:\/\/cloudics.com\/fr\/politique-de-confidentialite\/","og_locale":"fr_FR","og_type":"article","og_title":"Politique de confidentialit\u00e9 - Cloudics","og_description":"La Politique de confidentialit\u00e9 suivante est appliqu\u00e9e lorsque vous utilisez l'Application Cloudics et\/ou visitez notre site Web.","og_url":"https:\/\/cloudics.com\/fr\/politique-de-confidentialite\/","og_site_name":"Cloudics","article_publisher":"https:\/\/www.facebook.com\/Cloudics","article_modified_time":"2025-08-14T12:03:00+00:00","twitter_card":"summary_large_image","twitter_site":"@Cloudics_com","twitter_misc":{"Dur\u00e9e de lecture estim\u00e9e":"7 minutes"},"schema":{"@context":"https:\/\/schema.org","@graph":[{"@type":"WebPage","@id":"https:\/\/cloudics.com\/fr\/politique-de-confidentialite\/","url":"https:\/\/cloudics.com\/fr\/politique-de-confidentialite\/","name":"Politique de confidentialit\u00e9 - Cloudics","isPartOf":{"@id":"https:\/\/cloudics.com\/en\/#website"},"datePublished":"2022-11-02T13:46:36+00:00","dateModified":"2025-08-14T12:03:00+00:00","description":"La Politique de confidentialit\u00e9 suivante est appliqu\u00e9e lorsque vous utilisez l'Application Cloudics et\/ou visitez notre site Web.","inLanguage":"fr-FR","potentialAction":[{"@type":"ReadAction","target":["https:\/\/cloudics.com\/fr\/politique-de-confidentialite\/"]}]},{"@type":"WebSite","@id":"https:\/\/cloudics.com\/en\/#website","url":"https:\/\/cloudics.com\/en\/","name":"Cloudics","description":"","publisher":{"@id":"https:\/\/cloudics.com\/en\/#organization"},"potentialAction":[{"@type":"SearchAction","target":{"@type":"EntryPoint","urlTemplate":"https:\/\/cloudics.com\/en\/?s={search_term_string}"},"query-input":{"@type":"PropertyValueSpecification","valueRequired":true,"valueName":"search_term_string"}}],"inLanguage":"fr-FR"},{"@type":"Organization","@id":"https:\/\/cloudics.com\/en\/#organization","name":"Cloudics","url":"https:\/\/cloudics.com\/en\/","logo":{"@type":"ImageObject","inLanguage":"fr-FR","@id":"https:\/\/cloudics.com\/en\/#\/schema\/logo\/image\/","url":"https:\/\/cloudics.com\/wp-content\/uploads\/2022\/12\/logo_sign_b.png","contentUrl":"https:\/\/cloudics.com\/wp-content\/uploads\/2022\/12\/logo_sign_b.png","width":163,"height":133,"caption":"Cloudics"},"image":{"@id":"https:\/\/cloudics.com\/en\/#\/schema\/logo\/image\/"},"sameAs":["https:\/\/www.facebook.com\/Cloudics","https:\/\/x.com\/Cloudics_com","https:\/\/www.linkedin.com\/company\/cloudics","https:\/\/www.instagram.com\/cloudics_com"]}]}},"_links":{"self":[{"href":"https:\/\/cloudics.com\/fr\/wp-json\/wp\/v2\/pages\/10523","targetHints":{"allow":["GET"]}}],"collection":[{"href":"https:\/\/cloudics.com\/fr\/wp-json\/wp\/v2\/pages"}],"about":[{"href":"https:\/\/cloudics.com\/fr\/wp-json\/wp\/v2\/types\/page"}],"author":[{"embeddable":true,"href":"https:\/\/cloudics.com\/fr\/wp-json\/wp\/v2\/users\/1"}],"replies":[{"embeddable":true,"href":"https:\/\/cloudics.com\/fr\/wp-json\/wp\/v2\/comments?post=10523"}],"version-history":[{"count":6,"href":"https:\/\/cloudics.com\/fr\/wp-json\/wp\/v2\/pages\/10523\/revisions"}],"predecessor-version":[{"id":25581,"href":"https:\/\/cloudics.com\/fr\/wp-json\/wp\/v2\/pages\/10523\/revisions\/25581"}],"wp:attachment":[{"href":"https:\/\/cloudics.com\/fr\/wp-json\/wp\/v2\/media?parent=10523"}],"curies":[{"name":"wp","href":"https:\/\/api.w.org\/{rel}","templated":true}]}}