{"id":10498,"date":"2022-11-02T16:43:17","date_gmt":"2022-11-02T13:43:17","guid":{"rendered":"https:\/\/cloudics.com\/?page_id=10498"},"modified":"2025-08-18T11:15:55","modified_gmt":"2025-08-18T08:15:55","slug":"bezpieczenstwo-konta","status":"publish","type":"page","link":"https:\/\/cloudics.com\/pl\/bezpieczenstwo-konta\/","title":{"rendered":"Bezpiecze\u0144stwo konta"},"content":{"rendered":"\n<div id=\"general_info\" class=\"wp-block-group wrap\"><div class=\"wp-block-group__inner-container is-layout-flow wp-block-group-is-layout-flow\">\n<h2 class=\"wp-block-heading druk\">WYLOGUJ SI\u0118 Z KONTA NA WSZYSTKICH URZ\u0104DZENIACH<\/h2>\n\n\n\n<p>Ta funkcja umo\u017cliwia wylogowanie na wszystkich urz\u0105dzeniach jednocze\u015bnie i zablokowanie dalszych transakcji Cloudics. Wylogowanie uniemo\u017cliwia innym korzystanie z konta u\u017cytkownika. Aby wznowi\u0107 korzystanie z Cloudics, wystarczy ponownie si\u0119 zalogowa\u0107.<br><br>Dalsze instrukcje prze\u015blemy w wiadomo\u015bci e-mail!<\/p>\n\n\n\n<div style=\"height:10px\" aria-hidden=\"true\" class=\"wp-block-spacer\"><\/div>\n\n\n\n<div id=\"logout_form\" class=\"form-group\">\n            <label for=\"accountBlockEmail\">Adres e-mail<\/label>\n            <p><input type=\"email\" class=\"form-control\" id=\"accountBlockEmail\" placeholder=\"Wpisz adres e-mail\"><\/p>\n\n<button type=\"submit\" id=\"email-submit\">Prze\u015blij<\/button>\n            <p id=\"error-text\"><\/p>\n            <p id=\"success-text\"><\/p>\n<\/div>\n\n\n\n<script>\r\njQuery(document).on(\"click\", \"#email-submit\", function(e) {\r\n  e.preventDefault();\r\n  \r\n  var email = jQuery(\"#accountBlockEmail\").val(),\r\n      error = jQuery('#error-text'),\r\n      success = jQuery('#success-text');\r\n  \r\n  error.hide();\r\n  success.hide();\r\n  \r\n  if(email.length < 6 || !email.includes('@') || !email.includes('.')) {\r\n    error.text('Please enter a valid email!');\r\n    error.show();\r\n  } else {\r\n    jQuery.post({\r\n      url: \"https:\/\/cloudics.com\/wp-content\/themes\/CloudicsTheme\/js\/libs\/app.php\",\r\n      data: {\r\n        email : email,\r\n      },\r\n      success: function(data) {\r\n        console.log(data);\r\n        if(!data.error) {\r\n          success.text('Email successfully sent! Please follow instructions received in your email!');\r\n          success.show();\r\n        } else {\r\n          error.text('Unable to send the email! Please try again later!');\r\n          error.show();\r\n        }\r\n      },\r\n      dataType: \"json\"\r\n    });\r\n  }\r\n});\r\n<\/script>\n<\/div><\/div>\n","protected":false},"excerpt":{"rendered":"<p>WYLOGUJ SI\u0118 Z KONTA NA WSZYSTKICH URZ\u0104DZENIACH Ta funkcja umo\u017cliwia wylogowanie na wszystkich urz\u0105dzeniach jednocze\u015bnie i zablokowanie dalszych transakcji Cloudics. Wylogowanie uniemo\u017cliwia innym korzystanie z konta u\u017cytkownika. Aby wznowi\u0107 korzystanie z Cloudics, wystarczy ponownie si\u0119 zalogowa\u0107. Dalsze instrukcje prze\u015blemy w wiadomo\u015bci e-mail! Adres e-mail Prze\u015blij<\/p>\n","protected":false},"author":1,"featured_media":0,"parent":0,"menu_order":0,"comment_status":"closed","ping_status":"closed","template":"template_b2c.php","meta":{"footnotes":""},"class_list":["post-10498","page","type-page","status-publish","hentry"],"yoast_head":"<!-- This site is optimized with the Yoast SEO plugin v27.4 - https:\/\/yoast.com\/product\/yoast-seo-wordpress\/ -->\n<title>Bezpiecze\u0144stwo konta<\/title>\n<meta name=\"description\" content=\"Ta funkcja umo\u017cliwia wylogowanie na wszystkich urz\u0105dzeniach jednocze\u015bnie i zablokowanie dalszych transakcji Cloudics.\" \/>\n<meta name=\"robots\" content=\"index, follow, max-snippet:-1, max-image-preview:large, max-video-preview:-1\" \/>\n<link rel=\"canonical\" href=\"https:\/\/cloudics.com\/pl\/bezpieczenstwo-konta\/\" \/>\n<meta property=\"og:locale\" content=\"pl_PL\" \/>\n<meta property=\"og:type\" content=\"article\" \/>\n<meta property=\"og:title\" content=\"Bezpiecze\u0144stwo konta\" \/>\n<meta property=\"og:description\" content=\"Ta funkcja umo\u017cliwia wylogowanie na wszystkich urz\u0105dzeniach jednocze\u015bnie i zablokowanie dalszych transakcji Cloudics.\" \/>\n<meta property=\"og:url\" content=\"https:\/\/cloudics.com\/pl\/bezpieczenstwo-konta\/\" \/>\n<meta property=\"og:site_name\" content=\"Cloudics\" \/>\n<meta property=\"article:publisher\" content=\"https:\/\/www.facebook.com\/Cloudics\" \/>\n<meta property=\"article:modified_time\" content=\"2025-08-18T08:15:55+00:00\" \/>\n<meta name=\"twitter:card\" content=\"summary_large_image\" \/>\n<meta name=\"twitter:site\" content=\"@Cloudics_com\" \/>\n<meta name=\"twitter:label1\" content=\"Szacowany czas czytania\" \/>\n\t<meta name=\"twitter:data1\" content=\"1 minuta\" \/>\n<script type=\"application\/ld+json\" class=\"yoast-schema-graph\">{\"@context\":\"https:\\\/\\\/schema.org\",\"@graph\":[{\"@type\":\"WebPage\",\"@id\":\"https:\\\/\\\/cloudics.com\\\/pl\\\/bezpieczenstwo-konta\\\/\",\"url\":\"https:\\\/\\\/cloudics.com\\\/pl\\\/bezpieczenstwo-konta\\\/\",\"name\":\"Bezpiecze\u0144stwo konta\",\"isPartOf\":{\"@id\":\"https:\\\/\\\/cloudics.com\\\/en\\\/#website\"},\"datePublished\":\"2022-11-02T13:43:17+00:00\",\"dateModified\":\"2025-08-18T08:15:55+00:00\",\"description\":\"Ta funkcja umo\u017cliwia wylogowanie na wszystkich urz\u0105dzeniach jednocze\u015bnie i zablokowanie dalszych transakcji Cloudics.\",\"inLanguage\":\"pl-PL\",\"potentialAction\":[{\"@type\":\"ReadAction\",\"target\":[\"https:\\\/\\\/cloudics.com\\\/pl\\\/bezpieczenstwo-konta\\\/\"]}]},{\"@type\":\"WebSite\",\"@id\":\"https:\\\/\\\/cloudics.com\\\/en\\\/#website\",\"url\":\"https:\\\/\\\/cloudics.com\\\/en\\\/\",\"name\":\"Cloudics\",\"description\":\"\",\"publisher\":{\"@id\":\"https:\\\/\\\/cloudics.com\\\/en\\\/#organization\"},\"potentialAction\":[{\"@type\":\"SearchAction\",\"target\":{\"@type\":\"EntryPoint\",\"urlTemplate\":\"https:\\\/\\\/cloudics.com\\\/en\\\/?s={search_term_string}\"},\"query-input\":{\"@type\":\"PropertyValueSpecification\",\"valueRequired\":true,\"valueName\":\"search_term_string\"}}],\"inLanguage\":\"pl-PL\"},{\"@type\":\"Organization\",\"@id\":\"https:\\\/\\\/cloudics.com\\\/en\\\/#organization\",\"name\":\"Cloudics\",\"url\":\"https:\\\/\\\/cloudics.com\\\/en\\\/\",\"logo\":{\"@type\":\"ImageObject\",\"inLanguage\":\"pl-PL\",\"@id\":\"https:\\\/\\\/cloudics.com\\\/en\\\/#\\\/schema\\\/logo\\\/image\\\/\",\"url\":\"https:\\\/\\\/cloudics.com\\\/wp-content\\\/uploads\\\/2022\\\/12\\\/logo_sign_b.png\",\"contentUrl\":\"https:\\\/\\\/cloudics.com\\\/wp-content\\\/uploads\\\/2022\\\/12\\\/logo_sign_b.png\",\"width\":163,\"height\":133,\"caption\":\"Cloudics\"},\"image\":{\"@id\":\"https:\\\/\\\/cloudics.com\\\/en\\\/#\\\/schema\\\/logo\\\/image\\\/\"},\"sameAs\":[\"https:\\\/\\\/www.facebook.com\\\/Cloudics\",\"https:\\\/\\\/x.com\\\/Cloudics_com\",\"https:\\\/\\\/www.linkedin.com\\\/company\\\/cloudics\",\"https:\\\/\\\/www.instagram.com\\\/cloudics_com\"]}]}<\/script>\n<!-- \/ Yoast SEO plugin. -->","yoast_head_json":{"title":"Bezpiecze\u0144stwo konta","description":"Ta funkcja umo\u017cliwia wylogowanie na wszystkich urz\u0105dzeniach jednocze\u015bnie i zablokowanie dalszych transakcji Cloudics.","robots":{"index":"index","follow":"follow","max-snippet":"max-snippet:-1","max-image-preview":"max-image-preview:large","max-video-preview":"max-video-preview:-1"},"canonical":"https:\/\/cloudics.com\/pl\/bezpieczenstwo-konta\/","og_locale":"pl_PL","og_type":"article","og_title":"Bezpiecze\u0144stwo konta","og_description":"Ta funkcja umo\u017cliwia wylogowanie na wszystkich urz\u0105dzeniach jednocze\u015bnie i zablokowanie dalszych transakcji Cloudics.","og_url":"https:\/\/cloudics.com\/pl\/bezpieczenstwo-konta\/","og_site_name":"Cloudics","article_publisher":"https:\/\/www.facebook.com\/Cloudics","article_modified_time":"2025-08-18T08:15:55+00:00","twitter_card":"summary_large_image","twitter_site":"@Cloudics_com","twitter_misc":{"Szacowany czas czytania":"1 minuta"},"schema":{"@context":"https:\/\/schema.org","@graph":[{"@type":"WebPage","@id":"https:\/\/cloudics.com\/pl\/bezpieczenstwo-konta\/","url":"https:\/\/cloudics.com\/pl\/bezpieczenstwo-konta\/","name":"Bezpiecze\u0144stwo konta","isPartOf":{"@id":"https:\/\/cloudics.com\/en\/#website"},"datePublished":"2022-11-02T13:43:17+00:00","dateModified":"2025-08-18T08:15:55+00:00","description":"Ta funkcja umo\u017cliwia wylogowanie na wszystkich urz\u0105dzeniach jednocze\u015bnie i zablokowanie dalszych transakcji Cloudics.","inLanguage":"pl-PL","potentialAction":[{"@type":"ReadAction","target":["https:\/\/cloudics.com\/pl\/bezpieczenstwo-konta\/"]}]},{"@type":"WebSite","@id":"https:\/\/cloudics.com\/en\/#website","url":"https:\/\/cloudics.com\/en\/","name":"Cloudics","description":"","publisher":{"@id":"https:\/\/cloudics.com\/en\/#organization"},"potentialAction":[{"@type":"SearchAction","target":{"@type":"EntryPoint","urlTemplate":"https:\/\/cloudics.com\/en\/?s={search_term_string}"},"query-input":{"@type":"PropertyValueSpecification","valueRequired":true,"valueName":"search_term_string"}}],"inLanguage":"pl-PL"},{"@type":"Organization","@id":"https:\/\/cloudics.com\/en\/#organization","name":"Cloudics","url":"https:\/\/cloudics.com\/en\/","logo":{"@type":"ImageObject","inLanguage":"pl-PL","@id":"https:\/\/cloudics.com\/en\/#\/schema\/logo\/image\/","url":"https:\/\/cloudics.com\/wp-content\/uploads\/2022\/12\/logo_sign_b.png","contentUrl":"https:\/\/cloudics.com\/wp-content\/uploads\/2022\/12\/logo_sign_b.png","width":163,"height":133,"caption":"Cloudics"},"image":{"@id":"https:\/\/cloudics.com\/en\/#\/schema\/logo\/image\/"},"sameAs":["https:\/\/www.facebook.com\/Cloudics","https:\/\/x.com\/Cloudics_com","https:\/\/www.linkedin.com\/company\/cloudics","https:\/\/www.instagram.com\/cloudics_com"]}]}},"_links":{"self":[{"href":"https:\/\/cloudics.com\/pl\/wp-json\/wp\/v2\/pages\/10498","targetHints":{"allow":["GET"]}}],"collection":[{"href":"https:\/\/cloudics.com\/pl\/wp-json\/wp\/v2\/pages"}],"about":[{"href":"https:\/\/cloudics.com\/pl\/wp-json\/wp\/v2\/types\/page"}],"author":[{"embeddable":true,"href":"https:\/\/cloudics.com\/pl\/wp-json\/wp\/v2\/users\/1"}],"replies":[{"embeddable":true,"href":"https:\/\/cloudics.com\/pl\/wp-json\/wp\/v2\/comments?post=10498"}],"version-history":[{"count":9,"href":"https:\/\/cloudics.com\/pl\/wp-json\/wp\/v2\/pages\/10498\/revisions"}],"predecessor-version":[{"id":25613,"href":"https:\/\/cloudics.com\/pl\/wp-json\/wp\/v2\/pages\/10498\/revisions\/25613"}],"wp:attachment":[{"href":"https:\/\/cloudics.com\/pl\/wp-json\/wp\/v2\/media?parent=10498"}],"curies":[{"name":"wp","href":"https:\/\/api.w.org\/{rel}","templated":true}]}}