{"id":10533,"date":"2022-11-02T16:47:31","date_gmt":"2022-11-02T13:47:31","guid":{"rendered":"https:\/\/cloudics.com\/?page_id=10533"},"modified":"2025-08-14T10:53:46","modified_gmt":"2025-08-14T07:53:46","slug":"polityka-prywatnosci","status":"publish","type":"page","link":"https:\/\/cloudics.com\/pl\/polityka-prywatnosci\/","title":{"rendered":"Polityka prywatno\u015bci"},"content":{"rendered":"\n<div id=\"general_info\" class=\"wp-block-group wrap\"><div class=\"wp-block-group__inner-container is-layout-flow wp-block-group-is-layout-flow\">\n<h2 class=\"wp-block-heading has-text-align-center druk has-black-color has-text-color has-link-color wp-elements-cc2bac74de64c892ce1a3b09497faab5\">POLITYKA PRYWATNO\u015aCI APLIKACJI CLOUDICS<\/h2>\n\n\n\n<p>Witaj w Aplikacji Cloudics!<\/p>\n\n\n\n<p>Poni\u017csza Polityka prywatno\u015bci dotyczy korzystania z Aplikacji Cloudics i\/lub naszej strony internetowej&nbsp;<a href=\"https:\/\/cloudics.com\/pl\/\" target=\"_blank\" rel=\"noreferrer noopener\">https:\/\/cloudics.com<\/a>&nbsp;(\u201eStrony internetowej\u201d). Administratorem danych osobowych u\u017cytkownika jest Astro Baltics O\u00dc (\u201eAstro Baltics\u201d lub \u201emy\u201d), nr rej. 10386779, siedziba Raatuse 20, City of Tartu, Tartu County, 51009. Niniejsza Polityka Prywatno\u015bci ma na celu wyja\u015bnienie, jak przetwarzamy (gromadzimy i wykorzystujemy) dane osobowe w aplikacji mobilnej i na Stronie internetowej. Prosimy o zapoznanie si\u0119 r\u00f3wnie\u017c z og\u00f3ln\u0105 Polityk\u0105 prywatno\u015bci Astro Baltics.<\/p>\n\n\n\n<p>Prywatno\u015b\u0107 u\u017cytkownika jest dla nas bardzo wa\u017cna, dlatego przedstawiamy tutaj wszystkie informacje dotycz\u0105ce danych osobowych. Dane osobowe przetwarzamy zgodnie z w\u0142a\u015bciwymi przepisami prawa, w tym og\u00f3lnym rozporz\u0105dzeniem o ochronie danych. W sprawach nieuregulowanych w niniejszej Polityce prywatno\u015bci stosuje si\u0119 w\u0142a\u015bciwe przepisy prawa.<\/p>\n\n\n\n<div style=\"height:20px\" aria-hidden=\"true\" class=\"wp-block-spacer\"><\/div>\n\n\n<div class=\"su-accordion su-u-trim\">\n\n\n<div class=\"su-spoiler su-spoiler-style-default su-spoiler-icon-chevron\" data-scroll-offset=\"0\" data-anchor-in-url=\"no\"><div class=\"su-spoiler-title\" tabindex=\"0\" role=\"button\"><span class=\"su-spoiler-icon\"><\/span>Co gromadzimy?<\/div><div class=\"su-spoiler-content su-u-clearfix su-u-trim\">\n\n\n\n<div class=\"wp-block-group\"><div class=\"wp-block-group__inner-container is-layout-constrained wp-block-group-is-layout-constrained\">\n<p>Gromadzimy dane osobowe u\u017cytkownika podczas tworzenia konta s\u0142u\u017c\u0105cego do korzystania z Aplikacji Cloudics. W zale\u017cno\u015bci od umowy o wsp\u00f3\u0142prac\u0119 zawartej przez Astro Baltics z okre\u015blonym us\u0142ugodawc\u0105 mo\u017cemy gromadzi\u0107 i przechowywa\u0107 nast\u0119puj\u0105ce dane:<\/p>\n\n\n\n<ul class=\"wp-block-list\">\n<li>imi\u0119 i nazwisko;<\/li>\n\n\n\n<li>dat\u0119 urodzenia;<\/li>\n\n\n\n<li>dane kontaktowe (takie jak adres e-mail, numer telefonu, adres);<\/li>\n\n\n\n<li>informacje o urz\u0105dzeniu u\u017cytkownika (rodzaju urz\u0105dzenia, z kt\u00f3rego korzysta);<\/li>\n\n\n\n<li>informacje o poje\u017adzie u\u017cytkownika (wykorzystywane w aplikacji do tankowania w celu identyfikacji numeru rejestracyjnego);<\/li>\n\n\n\n<li>lokalizacj\u0119 (wykorzystywan\u0105 w aplikacji do tankowania)<\/li>\n\n\n\n<li>powiadomienia i komentarze od u\u017cytkownika (przekazane e-mailem, telefonicznie, w Aplikacji Cloudics, mediach spo\u0142eczno\u015bciowych lub innymi \u015brodkami, w tym komentarze dotycz\u0105ce Aplikacji Cloudics).<\/li>\n<\/ul>\n\n\n\n<p>Dane gromadzimy r\u00f3wnie\u017c podczas korzystania z Aplikacji Cloudics. W szczeg\u00f3lno\u015bci gromadzimy informacje o transakcjach dokonanych w Aplikacji Cloudics.<\/p>\n\n\n\n<p>Informujemy, \u017ce dane karty bankowej u\u017cytkownika (wra\u017cliwe dane p\u0142atnicze) nie s\u0105 przechowywane na serwerach Aplikacji Cloudics. Dane karty bankowej s\u0105 przesy\u0142ane bezpo\u015brednio do dostawcy us\u0142ug p\u0142atniczych w kraju u\u017cytkownika (takiego jak \u2013 w zale\u017cno\u015bci od regionu \u2013 EveryPay, SIX Payment Services).<\/p>\n<\/div><\/div>\n\n\n<\/div><\/div>\n\n\n<div class=\"su-spoiler su-spoiler-style-default su-spoiler-icon-chevron su-spoiler-closed\" data-scroll-offset=\"0\" data-anchor-in-url=\"no\"><div class=\"su-spoiler-title\" tabindex=\"0\" role=\"button\"><span class=\"su-spoiler-icon\"><\/span>Jak post\u0119pujemy ze zgromadzonymi danymi?<\/div><div class=\"su-spoiler-content su-u-clearfix su-u-trim\">\n\n\n\n<div class=\"wp-block-group\"><div class=\"wp-block-group__inner-container is-layout-constrained wp-block-group-is-layout-constrained\">\n<p>Dane osobowe u\u017cytkownika b\u0119d\u0105 przetwarzane w celu zapewnienia prostego i bezproblemowego korzystania z aplikacji p\u0142atniczej. W przypadku niepodania danych osobowych nie jest mo\u017cliwe korzystanie z Aplikacji Cloudics (z wyj\u0105tkiem przetwarzania danych osobowych na podstawie zgody u\u017cytkownika).<\/p>\n\n\n\n<p>Dane osobowe u\u017cytkownika przetwarzamy g\u0142\u00f3wnie w celu przygotowania, zawarcia i realizacji um\u00f3w, a tak\u017ce rozwi\u0105zywania ewentualnych spor\u00f3w wynik\u0142ych z um\u00f3w. W Aplikacji Cloudics u\u017cytkownik mo\u017ce r\u00f3wnie\u017c zawiera\u0107 umowy z osobami trzecimi (umowy sprzeda\u017cy, umowy o us\u0142ugi kurierskie). W Aplikacji Cloudics gromadzone s\u0105 tak\u017ce dane niezb\u0119dne do zawarcia tych um\u00f3w.<\/p>\n\n\n\n<p>Dane osobowe u\u017cytkownika mo\u017cemy przetwarza\u0107 na podstawie jego zgody. Na przyk\u0142ad w aplikacji do tankowania mo\u017cna wyrazi\u0107 zgod\u0119 na pozycjonowanie urz\u0105dzenia w celu wygodnego ustalenia lokalizacji na stacji paliw. Za zgod\u0105 u\u017cytkownika mo\u017cliwe jest r\u00f3wnie\u017c wykorzystywanie informacji o jego poje\u017adzie oraz identyfikacja numeru rejestracyjnego pojazdu na stacji paliw. Dane osobowe u\u017cytkownika mo\u017cemy przetwarza\u0107 te\u017c w innych przypadkach na podstawie jego zgody. Cel przetwarzania zostanie podany w chwili wyra\u017cania zgody. Wszelkie zgody na przetwarzanie s\u0105 wyra\u017cane dobrowolnie i u\u017cytkownik ma prawo je wycofa\u0107 w dowolnym momencie. Wycofanie zgody nie ma wp\u0142ywu na zgodno\u015b\u0107 z prawem przetwarzania na podstawie zgody udzielonej przed wycofaniem.<\/p>\n\n\n\n<p>Dane osobowe u\u017cytkownika przetwarzamy w celu zapewnienia zgodno\u015bci z wymogami prawnymi. Te wymogi wynikaj\u0105 g\u0142\u00f3wnie z og\u00f3lnego rozporz\u0105dzenia o ochronie danych, ustawy o ochronie danych osobowych, ustawy prawo zobowi\u0105za\u0144 i innych w\u0142a\u015bciwych przepis\u00f3w prawnych. Na przyk\u0142ad Astro Baltics ma obowi\u0105zek przestrzegania zasad dotycz\u0105cych sprawozda\u0144 podatkowych i ksi\u0119gowo\u015bci, w zwi\u0105zku z czym musi przetwarza\u0107 i wykorzystywa\u0107 dane osobowe u\u017cytkownik\u00f3w w celu zapewnienia zgodno\u015bci z tymi zasadami. Mo\u017ce to obejmowa\u0107 przekazanie danych osobowych u\u017cytkownika do organ\u00f3w podatkowych i innych, a tak\u017ce do audytora.<\/p>\n\n\n\n<p>Dane osobowe u\u017cytkownika przetwarzamy w uzasadnionym interesie Astro Baltics, w tym do cel\u00f3w interes\u00f3w biznesowych i interes\u00f3w bezpiecze\u0144stwa (wykrywania oszustw i zapobiegania im, ochrony przed z\u0142o\u015bliwym oprogramowaniem). Zgromadzone dane mo\u017cemy tak\u017ce wykorzystywa\u0107 do personalizacji strony internetowej oraz mobilnej Aplikacji Cloudics na podstawie komentarzy u\u017cytkownika.<\/p>\n<\/div><\/div>\n\n\n<\/div><\/div>\n\n\n<div class=\"su-spoiler su-spoiler-style-default su-spoiler-icon-chevron su-spoiler-closed\" data-scroll-offset=\"0\" data-anchor-in-url=\"no\"><div class=\"su-spoiler-title\" tabindex=\"0\" role=\"button\"><span class=\"su-spoiler-icon\"><\/span>Poufno\u015b\u0107 i bezpiecze\u0144stwo<\/div><div class=\"su-spoiler-content su-u-clearfix su-u-trim\">\n\n\n\n<div class=\"wp-block-group\"><div class=\"wp-block-group__inner-container is-layout-constrained wp-block-group-is-layout-constrained\">\n<p>Stosujemy \u015brodki techniczne i organizacyjne do ochrony otrzymanych danych osobowych przed utrat\u0105, niew\u0142a\u015bciwym u\u017cyciem i nieupowa\u017cnion\u0105 zmian\u0105, a tak\u017ce w celu zapewnienia poufno\u015bci danych. Regularnie kontrolujemy nasze procedury bezpiecze\u0144stwa i analizujemy wdro\u017cenie nowych, bardziej odpowiednich technologii i metod bezpiecze\u0144stwa. Korzystamy z nowoczesnej technologii szyfrowania do przesy\u0142ania danych wykorzystywanych na stronach logowania. Okresy przechowywania danych osobowych s\u0105 podane w og\u00f3lnej Polityce prywatno\u015bci Astro Baltics.<\/p>\n\n\n\n<p>Astro Baltics mo\u017ce ujawni\u0107 dane osobowe podmiotom przetwarzaj\u0105cym oraz administratorom danych, dla kt\u00f3rych dost\u0119p do danych jest niezb\u0119dny w celu \u015bwiadczenia us\u0142ug na rzecz Astro Baltics. Dane osobowe u\u017cytkownika przekazujemy jedynie w zakresie i formie niezb\u0119dnej do osi\u0105gni\u0119cia cel\u00f3w okre\u015blonych w Polityce prywatno\u015bci, w tym przygotowania i realizacji um\u00f3w zawartych z u\u017cytkownikiem. W tym celu mo\u017cemy przesy\u0142a\u0107 dane osobowe u\u017cytkownika do Sklep\u00f3w, z kt\u00f3rymi u\u017cytkownik zawar\u0142 umowy w Aplikacji (patrz&nbsp;<a href=\"https:\/\/cloudics.com\/pl\/warunki-korzystania\/\" target=\"_blank\" rel=\"noreferrer noopener\">Warunki korzystania<\/a>).<\/p>\n<\/div><\/div>\n\n\n<\/div><\/div>\n\n\n<div class=\"su-spoiler su-spoiler-style-default su-spoiler-icon-chevron su-spoiler-closed\" data-scroll-offset=\"0\" data-anchor-in-url=\"no\"><div class=\"su-spoiler-title\" tabindex=\"0\" role=\"button\"><span class=\"su-spoiler-icon\"><\/span>Prawa u\u017cytkownika w odniesieniu do przetwarzania danych osobowych<\/div><div class=\"su-spoiler-content su-u-clearfix su-u-trim\">\n\n\n\n<div class=\"wp-block-group\"><div class=\"wp-block-group__inner-container is-layout-constrained wp-block-group-is-layout-constrained\">\n<p>U\u017cytkownik ma prawo do uzyskania informacji o przetwarzaniu dotycz\u0105cych go danych osobowych, celu wykorzystania danych osobowych oraz kategoriach i \u017ar\u00f3d\u0142ach danych. Ma r\u00f3wnie\u017c prawo do otrzymania kopii i odpis\u00f3w przetwarzanych danych osobowych. Ma prawo do za\u017c\u0105dania poprawy lub uzupe\u0142nienia danych, je\u017celi oka\u017ce si\u0119, \u017ce przetwarzane dane osobowe s\u0105 nieprawid\u0142owe lub niekompletne. W uzasadnionych przypadkach ma prawo do za\u017c\u0105dania ograniczenia przetwarzania danych osobowych lub wyra\u017cenia sprzeciwu wobec przetwarzania danych osobowych. Ma prawo do za\u017c\u0105dania przekazania przetwarzanych danych osobowych. Ma prawo do za\u017c\u0105dania usuni\u0119cia danych, chyba \u017ce prawo i obowi\u0105zek przetwarzania danych wynikaj\u0105 z przepis\u00f3w prawnych. Informujemy, \u017ce zako\u0144czenie przetwarzania danych osobowych mo\u017ce uniemo\u017cliwi\u0107 u\u017cytkownikowi korzystanie z naszych us\u0142ug.<\/p>\n\n\n\n<p>Wi\u0119cej informacji o prawach podmiot\u00f3w, kt\u00f3rych dane dotycz\u0105, znajduje si\u0119 w og\u00f3lnej Polityce prywatno\u015bci Astro Baltics. Astro Baltics odpowiada na zastrze\u017cenia i \u017c\u0105dania najp\u00f3\u017aniej w ci\u0105gu miesi\u0105ca.<\/p>\n\n\n\n<p>Dane osobowe u\u017cytkownika przetwarzamy w zgodzie z jego prawami i swobodami. Je\u017celi u\u017cytkownik uwa\u017ca, \u017ce jego prawa zosta\u0142y naruszone w trakcie przetwarzania danych osobowych, lub je\u017celi chce, aby sp\u00f3\u0142ka Astro Baltics zako\u0144czy\u0142a przetwarzanie jego danych osobowych, powinien skontaktowa\u0107 si\u0119 z nami pod adresem info@cloudics.com w celu rozwi\u0105zania nieporozumienia w drodze negocjacji. W razie sporu u\u017cytkownik ma prawo do z\u0142o\u017cenia skargi do Inspektoratu Ochrony Danych Osobowych (Tatari 39, 10134 Tallinn; strona internetowa: www.aki.ee) lub do s\u0105du.<\/p>\n<\/div><\/div>\n\n\n<\/div><\/div>\n\n\n<div class=\"su-spoiler su-spoiler-style-default su-spoiler-icon-chevron su-spoiler-closed\" data-scroll-offset=\"0\" data-anchor-in-url=\"no\"><div class=\"su-spoiler-title\" tabindex=\"0\" role=\"button\"><span class=\"su-spoiler-icon\"><\/span>Polityki prywatno\u015bci os\u00f3b trzecich<\/div><div class=\"su-spoiler-content su-u-clearfix su-u-trim\">\n\n\n\n<p>Nie ponosimy odpowiedzialno\u015bci za przetwarzanie danych osobowych przez osoby trzecie ani za polityki prywatno\u015bci os\u00f3b trzecich, ani ich tre\u015b\u0107. Zach\u0119camy do zapoznania si\u0119 z politykami prywatno\u015bci os\u00f3b trzecich (w tym Sklep\u00f3w, dostawc\u00f3w us\u0142ug kurierskich itp.) przez zawarciem z nimi um\u00f3w w celu upewnienia si\u0119, \u017ce spe\u0142niaj\u0105 one oczekiwania u\u017cytkownika i chroni\u0105 jego prawa.<\/p>\n\n\n<\/div><\/div>\n\n\n<div class=\"su-spoiler su-spoiler-style-default su-spoiler-icon-chevron su-spoiler-closed\" data-scroll-offset=\"0\" data-anchor-in-url=\"no\"><div class=\"su-spoiler-title\" tabindex=\"0\" role=\"button\"><span class=\"su-spoiler-icon\"><\/span>Zmiany Polityki prywatno\u015bci<\/div><div class=\"su-spoiler-content su-u-clearfix su-u-trim\">\n\n\n\n<p>Regularnie analizujemy Polityk\u0119 prywatno\u015bci i w razie potrzeby mo\u017cemy zmienia\u0107, dodawa\u0107 lub usuwa\u0107 warunki. W przypadku zmiany Polityki prywatno\u015bci w spos\u00f3b wp\u0142ywaj\u0105cy istotnie na korzystanie z danych osobowych u\u017cytkownika powiadomimy go za po\u015brednictwem naszej Strony internetowej lub Aplikacji Cloudics. Zach\u0119camy do okresowego zapoznawania si\u0119 z nasz\u0105 Polityk\u0105 prywatno\u015bci w celu \u015bledzenia wszelkich zmian.<\/p>\n\n\n<\/div><\/div>\n\n\n<\/div>\n<\/div><\/div>\n","protected":false},"excerpt":{"rendered":"<p>POLITYKA PRYWATNO\u015aCI APLIKACJI CLOUDICS Witaj w Aplikacji Cloudics! Poni\u017csza Polityka prywatno\u015bci dotyczy korzystania z Aplikacji Cloudics i\/lub naszej strony internetowej&nbsp;https:\/\/cloudics.com&nbsp;(\u201eStrony internetowej\u201d). Administratorem danych osobowych u\u017cytkownika jest Astro Baltics O\u00dc (\u201eAstro Baltics\u201d lub \u201emy\u201d), nr rej. 10386779, siedziba Raatuse 20, City of Tartu, Tartu County, 51009. Niniejsza Polityka Prywatno\u015bci ma na celu wyja\u015bnienie, jak przetwarzamy (gromadzimy [&hellip;]<\/p>\n","protected":false},"author":1,"featured_media":0,"parent":0,"menu_order":0,"comment_status":"closed","ping_status":"closed","template":"template_b2c.php","meta":{"footnotes":""},"class_list":["post-10533","page","type-page","status-publish","hentry"],"yoast_head":"<!-- This site is optimized with the Yoast SEO plugin v27.3 - https:\/\/yoast.com\/product\/yoast-seo-wordpress\/ -->\n<title>Polityka prywatno\u015bci | Cloudics<\/title>\n<meta name=\"robots\" content=\"index, follow, max-snippet:-1, max-image-preview:large, max-video-preview:-1\" \/>\n<link rel=\"canonical\" href=\"https:\/\/cloudics.com\/pl\/polityka-prywatnosci\/\" \/>\n<meta property=\"og:locale\" content=\"pl_PL\" \/>\n<meta property=\"og:type\" content=\"article\" \/>\n<meta property=\"og:title\" content=\"Polityka prywatno\u015bci | Cloudics\" \/>\n<meta property=\"og:description\" content=\"POLITYKA PRYWATNO\u015aCI APLIKACJI CLOUDICS Witaj w Aplikacji Cloudics! Poni\u017csza Polityka prywatno\u015bci dotyczy korzystania z Aplikacji Cloudics i\/lub naszej strony internetowej&nbsp;https:\/\/cloudics.com&nbsp;(\u201eStrony internetowej\u201d). Administratorem danych osobowych u\u017cytkownika jest Astro Baltics O\u00dc (\u201eAstro Baltics\u201d lub \u201emy\u201d), nr rej. 10386779, siedziba Raatuse 20, City of Tartu, Tartu County, 51009. Niniejsza Polityka Prywatno\u015bci ma na celu wyja\u015bnienie, jak przetwarzamy (gromadzimy [&hellip;]\" \/>\n<meta property=\"og:url\" content=\"https:\/\/cloudics.com\/pl\/polityka-prywatnosci\/\" \/>\n<meta property=\"og:site_name\" content=\"Cloudics\" \/>\n<meta property=\"article:publisher\" content=\"https:\/\/www.facebook.com\/Cloudics\" \/>\n<meta property=\"article:modified_time\" content=\"2025-08-14T07:53:46+00:00\" \/>\n<meta name=\"twitter:card\" content=\"summary_large_image\" \/>\n<meta name=\"twitter:site\" content=\"@Cloudics_com\" \/>\n<meta name=\"twitter:label1\" content=\"Szacowany czas czytania\" \/>\n\t<meta name=\"twitter:data1\" content=\"5 minut\" \/>\n<script type=\"application\/ld+json\" class=\"yoast-schema-graph\">{\"@context\":\"https:\\\/\\\/schema.org\",\"@graph\":[{\"@type\":\"WebPage\",\"@id\":\"https:\\\/\\\/cloudics.com\\\/pl\\\/polityka-prywatnosci\\\/\",\"url\":\"https:\\\/\\\/cloudics.com\\\/pl\\\/polityka-prywatnosci\\\/\",\"name\":\"Polityka prywatno\u015bci | Cloudics\",\"isPartOf\":{\"@id\":\"https:\\\/\\\/cloudics.com\\\/en\\\/#website\"},\"datePublished\":\"2022-11-02T13:47:31+00:00\",\"dateModified\":\"2025-08-14T07:53:46+00:00\",\"inLanguage\":\"pl-PL\",\"potentialAction\":[{\"@type\":\"ReadAction\",\"target\":[\"https:\\\/\\\/cloudics.com\\\/pl\\\/polityka-prywatnosci\\\/\"]}]},{\"@type\":\"WebSite\",\"@id\":\"https:\\\/\\\/cloudics.com\\\/en\\\/#website\",\"url\":\"https:\\\/\\\/cloudics.com\\\/en\\\/\",\"name\":\"Cloudics\",\"description\":\"\",\"publisher\":{\"@id\":\"https:\\\/\\\/cloudics.com\\\/en\\\/#organization\"},\"potentialAction\":[{\"@type\":\"SearchAction\",\"target\":{\"@type\":\"EntryPoint\",\"urlTemplate\":\"https:\\\/\\\/cloudics.com\\\/en\\\/?s={search_term_string}\"},\"query-input\":{\"@type\":\"PropertyValueSpecification\",\"valueRequired\":true,\"valueName\":\"search_term_string\"}}],\"inLanguage\":\"pl-PL\"},{\"@type\":\"Organization\",\"@id\":\"https:\\\/\\\/cloudics.com\\\/en\\\/#organization\",\"name\":\"Cloudics\",\"url\":\"https:\\\/\\\/cloudics.com\\\/en\\\/\",\"logo\":{\"@type\":\"ImageObject\",\"inLanguage\":\"pl-PL\",\"@id\":\"https:\\\/\\\/cloudics.com\\\/en\\\/#\\\/schema\\\/logo\\\/image\\\/\",\"url\":\"https:\\\/\\\/cloudics.com\\\/wp-content\\\/uploads\\\/2022\\\/12\\\/logo_sign_b.png\",\"contentUrl\":\"https:\\\/\\\/cloudics.com\\\/wp-content\\\/uploads\\\/2022\\\/12\\\/logo_sign_b.png\",\"width\":163,\"height\":133,\"caption\":\"Cloudics\"},\"image\":{\"@id\":\"https:\\\/\\\/cloudics.com\\\/en\\\/#\\\/schema\\\/logo\\\/image\\\/\"},\"sameAs\":[\"https:\\\/\\\/www.facebook.com\\\/Cloudics\",\"https:\\\/\\\/x.com\\\/Cloudics_com\",\"https:\\\/\\\/www.linkedin.com\\\/company\\\/cloudics\",\"https:\\\/\\\/www.instagram.com\\\/cloudics_com\"]}]}<\/script>\n<!-- \/ Yoast SEO plugin. -->","yoast_head_json":{"title":"Polityka prywatno\u015bci | Cloudics","robots":{"index":"index","follow":"follow","max-snippet":"max-snippet:-1","max-image-preview":"max-image-preview:large","max-video-preview":"max-video-preview:-1"},"canonical":"https:\/\/cloudics.com\/pl\/polityka-prywatnosci\/","og_locale":"pl_PL","og_type":"article","og_title":"Polityka prywatno\u015bci | Cloudics","og_description":"POLITYKA PRYWATNO\u015aCI APLIKACJI CLOUDICS Witaj w Aplikacji Cloudics! Poni\u017csza Polityka prywatno\u015bci dotyczy korzystania z Aplikacji Cloudics i\/lub naszej strony internetowej&nbsp;https:\/\/cloudics.com&nbsp;(\u201eStrony internetowej\u201d). Administratorem danych osobowych u\u017cytkownika jest Astro Baltics O\u00dc (\u201eAstro Baltics\u201d lub \u201emy\u201d), nr rej. 10386779, siedziba Raatuse 20, City of Tartu, Tartu County, 51009. Niniejsza Polityka Prywatno\u015bci ma na celu wyja\u015bnienie, jak przetwarzamy (gromadzimy [&hellip;]","og_url":"https:\/\/cloudics.com\/pl\/polityka-prywatnosci\/","og_site_name":"Cloudics","article_publisher":"https:\/\/www.facebook.com\/Cloudics","article_modified_time":"2025-08-14T07:53:46+00:00","twitter_card":"summary_large_image","twitter_site":"@Cloudics_com","twitter_misc":{"Szacowany czas czytania":"5 minut"},"schema":{"@context":"https:\/\/schema.org","@graph":[{"@type":"WebPage","@id":"https:\/\/cloudics.com\/pl\/polityka-prywatnosci\/","url":"https:\/\/cloudics.com\/pl\/polityka-prywatnosci\/","name":"Polityka prywatno\u015bci | Cloudics","isPartOf":{"@id":"https:\/\/cloudics.com\/en\/#website"},"datePublished":"2022-11-02T13:47:31+00:00","dateModified":"2025-08-14T07:53:46+00:00","inLanguage":"pl-PL","potentialAction":[{"@type":"ReadAction","target":["https:\/\/cloudics.com\/pl\/polityka-prywatnosci\/"]}]},{"@type":"WebSite","@id":"https:\/\/cloudics.com\/en\/#website","url":"https:\/\/cloudics.com\/en\/","name":"Cloudics","description":"","publisher":{"@id":"https:\/\/cloudics.com\/en\/#organization"},"potentialAction":[{"@type":"SearchAction","target":{"@type":"EntryPoint","urlTemplate":"https:\/\/cloudics.com\/en\/?s={search_term_string}"},"query-input":{"@type":"PropertyValueSpecification","valueRequired":true,"valueName":"search_term_string"}}],"inLanguage":"pl-PL"},{"@type":"Organization","@id":"https:\/\/cloudics.com\/en\/#organization","name":"Cloudics","url":"https:\/\/cloudics.com\/en\/","logo":{"@type":"ImageObject","inLanguage":"pl-PL","@id":"https:\/\/cloudics.com\/en\/#\/schema\/logo\/image\/","url":"https:\/\/cloudics.com\/wp-content\/uploads\/2022\/12\/logo_sign_b.png","contentUrl":"https:\/\/cloudics.com\/wp-content\/uploads\/2022\/12\/logo_sign_b.png","width":163,"height":133,"caption":"Cloudics"},"image":{"@id":"https:\/\/cloudics.com\/en\/#\/schema\/logo\/image\/"},"sameAs":["https:\/\/www.facebook.com\/Cloudics","https:\/\/x.com\/Cloudics_com","https:\/\/www.linkedin.com\/company\/cloudics","https:\/\/www.instagram.com\/cloudics_com"]}]}},"_links":{"self":[{"href":"https:\/\/cloudics.com\/pl\/wp-json\/wp\/v2\/pages\/10533","targetHints":{"allow":["GET"]}}],"collection":[{"href":"https:\/\/cloudics.com\/pl\/wp-json\/wp\/v2\/pages"}],"about":[{"href":"https:\/\/cloudics.com\/pl\/wp-json\/wp\/v2\/types\/page"}],"author":[{"embeddable":true,"href":"https:\/\/cloudics.com\/pl\/wp-json\/wp\/v2\/users\/1"}],"replies":[{"embeddable":true,"href":"https:\/\/cloudics.com\/pl\/wp-json\/wp\/v2\/comments?post=10533"}],"version-history":[{"count":4,"href":"https:\/\/cloudics.com\/pl\/wp-json\/wp\/v2\/pages\/10533\/revisions"}],"predecessor-version":[{"id":25574,"href":"https:\/\/cloudics.com\/pl\/wp-json\/wp\/v2\/pages\/10533\/revisions\/25574"}],"wp:attachment":[{"href":"https:\/\/cloudics.com\/pl\/wp-json\/wp\/v2\/media?parent=10533"}],"curies":[{"name":"wp","href":"https:\/\/api.w.org\/{rel}","templated":true}]}}